{"id":5032,"date":"2024-02-14T21:25:20","date_gmt":"2024-02-14T21:25:20","guid":{"rendered":"https:\/\/ecocorner.eu\/?post_type=product&#038;p=5032"},"modified":"2026-04-16T21:15:14","modified_gmt":"2026-04-16T21:15:14","slug":"carska-gorzki-kompleks-ziolowy-brzuch-problemy-jelitowe-50ml","status":"publish","type":"product","link":"https:\/\/ecocorner.eu\/en\/product\/carska-gorzki-kompleks-ziolowy-brzuch-problemy-jelitowe-50ml\/","title":{"rendered":"CARSKA    Gorzki kompleks zio\u0142owy &#8211; brzuch ,problemy jelitowe    50ml"},"content":{"rendered":"<p><strong>METHOD OF APPLICATION<\/strong><br \/>\nStosowa\u0107 2 razy dziennie przed posi\u0142kiem. 15 kropli rozcie\u0144czy\u0107 w niewielkiej ilo\u015bci wody lub innego ch\u0142odnego p\u0142ynu. Zalecana porcja do spo\u017cycia w ci\u0105gu dnia: 30 kropli (ok. 1,2ml). Nie nale\u017cy przekracza\u0107 zalecanej porcji do spo\u017cycia w ci\u0105gu dnia.<\/p>\n<p><strong>note<\/strong><br \/>\n\u015arodki ostro\u017cno\u015bci: produkt zawiera orzechy i alkohol. Nie stosowa\u0107 w przypadku uczulenia na kt\u00f3rykolwiek ze sk\u0142adnik\u00f3w. Nie stosowa\u0107 u dzieci, kobiet w ci\u0105\u017cy i w trakcie laktacji. Niekt\u00f3re stany, choroby lub inne okoliczno\u015bci mog\u0105 stanowi\u0107 przeciwskazanie do stosowania lub wskazanie do zmiany dawkowania preparatu. Dlatego zawsze przed zastosowaniem produktu zalecamy konsultacj\u0119 z lekarzem.<\/p>\n<p>Suplement diety nie mo\u017ce by\u0107 stosowany jako substytut (zamiennik) zr\u00f3\u017cnicowanej diety. Suplement diety jest \u015brodkiem spo\u017cywczym, kt\u00f3rego celem jest uzupe\u0142nianie normalnej diety. Suplement diety nie ma w\u0142a\u015bciwo\u015bci leczniczych.<\/p>\n<p><strong>keeping<br \/>\n<\/strong>Przechowywa\u0107 w miejscu suchym i ciemnym, w spos\u00f3b niedost\u0119pny dla ma\u0142ych dzieci, w temp. 5-25\u00b0 C.<\/p>","protected":false},"excerpt":{"rendered":"<p>Carska Gorzki kompleks zio\u0142owy\u00a0&#8211; zawarto\u015b\u0107 50 ml (ok. 150 dziennych porcji)<\/p>\n<p><strong>Ingredients<\/strong><br \/>\nWyci\u0105g alkoholowy (0,2:1)\u00a0z\u0142o\u017cony z: \u0142upiny orzecha w\u0142oskiego, korzenia omanu, k\u0142\u0105cza tataraku, ziela pio\u0142unu, ziela wrotyczu, li\u015bci orzecha w\u0142oskiego, p\u0105k\u00f3w go\u017adzikowca korzennego.<\/p>\n<p>Zawarto\u015b\u0107 alkoholu etylowego w nalewce 60%.<\/p>\n<p><u>Zawarto\u015b\u0107 sk\u0142adnik\u00f3w w porcji dziennej (30 kropli (ok. 1,2 ml)):<\/u><br \/>\nOrzech w\u0142oski \u0142upina 48 mg<br \/>\nkorze\u0144 omanu 42 mg<br \/>\nk\u0142\u0105cze tataraku 42 mg<br \/>\nziele pio\u0142unu 30 mg<br \/>\nziele wrotyczu 30 mg<br \/>\nli\u015bcie orzecha w\u0142oskiego 24 mg<br \/>\np\u0105ki go\u017adzikowca korzennego 24 mg.<\/p>","protected":false},"featured_media":5033,"template":"","meta":{"ocean_post_layout":"","ocean_both_sidebars_style":"","ocean_both_sidebars_content_width":0,"ocean_both_sidebars_sidebars_width":0,"ocean_sidebar":"0","ocean_second_sidebar":"0","ocean_disable_margins":"enable","ocean_add_body_class":"","ocean_shortcode_before_top_bar":"","ocean_shortcode_after_top_bar":"","ocean_shortcode_before_header":"","ocean_shortcode_after_header":"","ocean_has_shortcode":"","ocean_shortcode_after_title":"","ocean_shortcode_before_footer_widgets":"","ocean_shortcode_after_footer_widgets":"","ocean_shortcode_before_footer_bottom":"","ocean_shortcode_after_footer_bottom":"","ocean_display_top_bar":"default","ocean_display_header":"default","ocean_header_style":"","ocean_center_header_left_menu":"0","ocean_custom_header_template":"0","ocean_custom_logo":0,"ocean_custom_retina_logo":0,"ocean_custom_logo_max_width":0,"ocean_custom_logo_tablet_max_width":0,"ocean_custom_logo_mobile_max_width":0,"ocean_custom_logo_max_height":0,"ocean_custom_logo_tablet_max_height":0,"ocean_custom_logo_mobile_max_height":0,"ocean_header_custom_menu":"0","ocean_menu_typo_font_family":"0","ocean_menu_typo_font_subset":"","ocean_menu_typo_font_size":0,"ocean_menu_typo_font_size_tablet":0,"ocean_menu_typo_font_size_mobile":0,"ocean_menu_typo_font_size_unit":"px","ocean_menu_typo_font_weight":"","ocean_menu_typo_font_weight_tablet":"","ocean_menu_typo_font_weight_mobile":"","ocean_menu_typo_transform":"","ocean_menu_typo_transform_tablet":"","ocean_menu_typo_transform_mobile":"","ocean_menu_typo_line_height":0,"ocean_menu_typo_line_height_tablet":0,"ocean_menu_typo_line_height_mobile":0,"ocean_menu_typo_line_height_unit":"","ocean_menu_typo_spacing":0,"ocean_menu_typo_spacing_tablet":0,"ocean_menu_typo_spacing_mobile":0,"ocean_menu_typo_spacing_unit":"","ocean_menu_link_color":"","ocean_menu_link_color_hover":"","ocean_menu_link_color_active":"","ocean_menu_link_background":"","ocean_menu_link_hover_background":"","ocean_menu_link_active_background":"","ocean_menu_social_links_bg":"","ocean_menu_social_hover_links_bg":"","ocean_menu_social_links_color":"","ocean_menu_social_hover_links_color":"","ocean_disable_title":"default","ocean_disable_heading":"default","ocean_post_title":"","ocean_post_subheading":"","ocean_post_title_style":"","ocean_post_title_background_color":"","ocean_post_title_background":0,"ocean_post_title_bg_image_position":"","ocean_post_title_bg_image_attachment":"","ocean_post_title_bg_image_repeat":"","ocean_post_title_bg_image_size":"","ocean_post_title_height":0,"ocean_post_title_bg_overlay":0.5,"ocean_post_title_bg_overlay_color":"","ocean_disable_breadcrumbs":"default","ocean_breadcrumbs_color":"","ocean_breadcrumbs_separator_color":"","ocean_breadcrumbs_links_color":"","ocean_breadcrumbs_links_hover_color":"","ocean_display_footer_widgets":"default","ocean_display_footer_bottom":"default","ocean_custom_footer_template":"0"},"product_brand":[],"product_cat":[21],"product_tag":[],"class_list":{"0":"post-5032","1":"product","2":"type-product","3":"status-publish","4":"has-post-thumbnail","6":"product_cat-zdrowie","8":"entry","9":"has-media","11":"first","12":"outofstock","13":"shipping-taxable","14":"purchasable","15":"product-type-simple","16":"has-product-nav","17":"col","18":"span_1_of_3","19":"owp-content-left","20":"owp-thumbs-layout-horizontal","21":"owp-btn-normal","22":"owp-tabs-layout-horizontal","23":"has-no-thumbnails"},"_links":{"self":[{"href":"https:\/\/ecocorner.eu\/en\/wp-json\/wp\/v2\/product\/5032","targetHints":{"allow":["GET"]}}],"collection":[{"href":"https:\/\/ecocorner.eu\/en\/wp-json\/wp\/v2\/product"}],"about":[{"href":"https:\/\/ecocorner.eu\/en\/wp-json\/wp\/v2\/types\/product"}],"version-history":[{"count":1,"href":"https:\/\/ecocorner.eu\/en\/wp-json\/wp\/v2\/product\/5032\/revisions"}],"predecessor-version":[{"id":5034,"href":"https:\/\/ecocorner.eu\/en\/wp-json\/wp\/v2\/product\/5032\/revisions\/5034"}],"wp:featuredmedia":[{"embeddable":true,"href":"https:\/\/ecocorner.eu\/en\/wp-json\/wp\/v2\/media\/5033"}],"wp:attachment":[{"href":"https:\/\/ecocorner.eu\/en\/wp-json\/wp\/v2\/media?parent=5032"}],"wp:term":[{"taxonomy":"product_brand","embeddable":true,"href":"https:\/\/ecocorner.eu\/en\/wp-json\/wp\/v2\/product_brand?post=5032"},{"taxonomy":"product_cat","embeddable":true,"href":"https:\/\/ecocorner.eu\/en\/wp-json\/wp\/v2\/product_cat?post=5032"},{"taxonomy":"product_tag","embeddable":true,"href":"https:\/\/ecocorner.eu\/en\/wp-json\/wp\/v2\/product_tag?post=5032"}],"curies":[{"name":"wp","href":"https:\/\/api.w.org\/{rel}","templated":true}]}}