{"id":5084,"date":"2024-02-28T16:50:32","date_gmt":"2024-02-28T16:50:32","guid":{"rendered":"https:\/\/ecocorner.eu\/?post_type=product&#038;p=5084"},"modified":"2025-11-21T20:28:10","modified_gmt":"2025-11-21T20:28:10","slug":"myvita-spray-na-gardlo-z-propolisem-porostem-islandzkim-i-prawoslazem-50ml","status":"publish","type":"product","link":"https:\/\/ecocorner.eu\/en\/product\/myvita-spray-na-gardlo-z-propolisem-porostem-islandzkim-i-prawoslazem-50ml\/","title":{"rendered":"MyVita   Spray na gard\u0142o z propolisem, porostem islandzkim i prawo\u015blazem  50ml"},"content":{"rendered":"<p><strong>Ingredients<\/strong><br \/>\nGlicerol ro\u015blinny, woda oczyszczona, propolis 10%, ekstrakt z prawo\u015blazu lekarskiego (Althaea officinalis), ekstrakt z porostu islandzkiego (Cetraria islandica), aromat eukaliptusowo-mi\u0119towy.<\/p>\n<p><u>Zawarto\u015b\u0107 sk\u0142adnik\u00f3w aktywnych w porcji dziennej (9 doz):<\/u><br \/>\nPropolis wyci\u0105g glicerynowy &#8211; 0,72ml<br \/>\nPorost islandzki ekstrakt &#8211; 0,09ml<br \/>\nPrawo\u015blaz ekstrakt &#8211; 0,09ml<\/p>\n<p><strong>METHOD OF APPLICATION<\/strong><br \/>\nRozpyli\u0107 3 dozy 3 razy dziennie na tyln\u0105 \u015bcian\u0119 gard\u0142a. Produkt dla doros\u0142ych i dzieci powy\u017cej 3 roku \u017cycia.<\/p>\n<p><strong>note<\/strong><br \/>\nStosowanie produktu przez dzieci, kobiety w ci\u0105\u017cy i matki karmi\u0105ce piersi\u0105 powinno by\u0107 wcze\u015bniej skonsultowane z lekarzem. Produkt pochodzenia pszczelego. Nie zaleca si\u0119 stosowa\u0107 w przypadku alergii na jad pszcz\u00f3\u0142 i py\u0142ki kwiatowe. Nie nale\u017cy przekracza\u0107 zalecanej dziennej porcji do spo\u017cycia. Suplementy diety nie mog\u0105 by\u0107 stosowane jako substytut (zamiennik) zr\u00f3\u017cnicowanej diety.\u00a0Dla utrzymania prawid\u0142owego stanu zdrowia nale\u017cy stosowa\u0107 zr\u00f3\u017cnicowan\u0105 diet\u0119 i prowadzi\u0107 zdrowy styl \u017cycia.<\/p>\n<p><strong>keeping<\/strong><br \/>\nStore at room temperature, out of reach of small children.<\/p>","protected":false},"excerpt":{"rendered":"<p>MyVita Spray na Gard\u0142o 50ml\u00a0z propolisem, ekstraktami z prawo\u015blazu i porostu islandzkiego &#8211; suplement diety<\/p>\n<p>Preparat zawiera naturalne ekstrakty charakteryzuj\u0105ce si\u0119 dzia\u0142aniem \u0142agodz\u0105cym i ochronnym na podra\u017cnion\u0105 b\u0142on\u0119 \u015bluzow\u0105 gard\u0142a, krtani i strun g\u0142osowych.<\/p>\n<p>\u2022\u00a0Ekstrakty z prawo\u015blazu lekarskiego oraz porostu islandzkiego znajduj\u0105ce si\u0119 w produkcie s\u0105 bogate w substancje \u015bluzowe, kt\u00f3re powlekaj\u0105c b\u0142ony \u015bluzowe, nawil\u017caj\u0105 wysuszone gard\u0142o, \u0142agodz\u0105 suchy kaszel i chrypk\u0119, a tak\u017ce chroni\u0105 przed szkodliwym dzia\u0142aniem czynnik\u00f3w zewn\u0119trznych jak np. suche, klimatyzowane lub zanieczyszczone powietrze.<br \/>\n\u2022\u00a0Propolis uznawany jest za substancj\u0119 o dzia\u0142aniu antybakteryjnym, przeciwwirusowym i przeciwzapalnym, a tak\u017ce wspieraj\u0105cym naturalnie prawid\u0142owe dzia\u0142anie uk\u0142adu odporno\u015bciowego.<br \/>\n\u2022\u00a0Brak alkoholu etylowego &#8211; \u0142agodny, przyjemny smak.<\/p>\n<p>Propolis, zwany r\u00f3wnie\u017c\u00a0 kitem pszczelim, jest surowcem z\u0142o\u017conym, wytwarzanym przez pszczo\u0142y g\u0142\u00f3wnie z \u017cywic i py\u0142k\u00f3w w celu ochrony ula przed drobnoustrojami. W jego sk\u0142adzie znajduje si\u0119 mi\u0119dzy 50 a 60% balsam\u00f3w i \u017cywic oraz 30-40% wosk\u00f3w i kwas\u00f3w t\u0142uszczowych. Dzi\u0119ki zasobno\u015bci w polifenole i terpenoidy, przypisuje mu si\u0119 dzia\u0142anie antybakteryjne, przeciwgrzybicze i przeciwwirusowe. Uwa\u017ca si\u0119 tak\u017ce, \u017ce stymuluje prac\u0119 uk\u0142adu odporno\u015bciowego, zapobiegaj\u0105c wyst\u0119powaniu infekcji, stan\u00f3w zapalnych oraz zaka\u017ce\u0144 g\u00f3rnych dr\u00f3g oddechowych.<\/p>\n<p>Porost islandzki jest jednym\u00a0 z najbardziej warto\u015bciowych porost\u00f3w wykorzystywanych w zio\u0142olecznictwie. Zawiera wiele polisacharyd\u00f3w, kwas foliowy, cynk, witaminy z grupy B oraz znaczne ilo\u015bci substancji \u015bluzowych o lepkiej konsystencji, tworz\u0105cych naturalny, ochronny film na b\u0142onach \u015bluzowych, dzi\u0119ki czemu zmo\u017ce wspomaga\u0107 leczenie stan\u00f3w zapalnych jamy ustnej i gard\u0142a, \u0142agodzi\u0107 objawy suchego kaszlu i chrypki, nawil\u017ca\u0107 gard\u0142o u os\u00f3b nadmiernie obci\u0105\u017caj\u0105cych struny g\u0142osowe (nauczyciele, prelegenci, wokali\u015bci), a tak\u017ce chroni\u0107 przed szkodliwym dzia\u0142aniem czynnik\u00f3w zewn\u0119trznych.<\/p>\n<p>Prawo\u015blaz lekarski znajduje szerokie zastosowanie w\u00a0 medycynie naturalnej.\u00a0 Jego g\u0142\u00f3wnym sk\u0142adnikiem jest pozyskiwany z korzenia \u015bluz, kt\u00f3ry dzi\u0119ki obecno\u015bci polisacharyd\u00f3w, wykazuje dzia\u0142anie \u0142agodz\u0105ce w przypadku infekcji g\u00f3rnych dr\u00f3g oddechowych, podra\u017cnie\u0144 i sucho\u015bci strun g\u0142osowych, krtani i gard\u0142a, a tak\u017ce wspomagaj\u0105ce przy kaszlu suchym b\u0105d\u017a mokrym. Przypisuje mu si\u0119 tak\u017ce w\u0142a\u015bciwo\u015bci koj\u0105ce w przypadku stan\u00f3w zapalnych uk\u0142adu pokarmowego.<\/p>","protected":false},"featured_media":5085,"template":"","meta":{"ocean_post_layout":"","ocean_both_sidebars_style":"","ocean_both_sidebars_content_width":0,"ocean_both_sidebars_sidebars_width":0,"ocean_sidebar":"0","ocean_second_sidebar":"0","ocean_disable_margins":"enable","ocean_add_body_class":"","ocean_shortcode_before_top_bar":"","ocean_shortcode_after_top_bar":"","ocean_shortcode_before_header":"","ocean_shortcode_after_header":"","ocean_has_shortcode":"","ocean_shortcode_after_title":"","ocean_shortcode_before_footer_widgets":"","ocean_shortcode_after_footer_widgets":"","ocean_shortcode_before_footer_bottom":"","ocean_shortcode_after_footer_bottom":"","ocean_display_top_bar":"default","ocean_display_header":"default","ocean_header_style":"","ocean_center_header_left_menu":"0","ocean_custom_header_template":"0","ocean_custom_logo":0,"ocean_custom_retina_logo":0,"ocean_custom_logo_max_width":0,"ocean_custom_logo_tablet_max_width":0,"ocean_custom_logo_mobile_max_width":0,"ocean_custom_logo_max_height":0,"ocean_custom_logo_tablet_max_height":0,"ocean_custom_logo_mobile_max_height":0,"ocean_header_custom_menu":"0","ocean_menu_typo_font_family":"0","ocean_menu_typo_font_subset":"","ocean_menu_typo_font_size":0,"ocean_menu_typo_font_size_tablet":0,"ocean_menu_typo_font_size_mobile":0,"ocean_menu_typo_font_size_unit":"px","ocean_menu_typo_font_weight":"","ocean_menu_typo_font_weight_tablet":"","ocean_menu_typo_font_weight_mobile":"","ocean_menu_typo_transform":"","ocean_menu_typo_transform_tablet":"","ocean_menu_typo_transform_mobile":"","ocean_menu_typo_line_height":0,"ocean_menu_typo_line_height_tablet":0,"ocean_menu_typo_line_height_mobile":0,"ocean_menu_typo_line_height_unit":"","ocean_menu_typo_spacing":0,"ocean_menu_typo_spacing_tablet":0,"ocean_menu_typo_spacing_mobile":0,"ocean_menu_typo_spacing_unit":"","ocean_menu_link_color":"","ocean_menu_link_color_hover":"","ocean_menu_link_color_active":"","ocean_menu_link_background":"","ocean_menu_link_hover_background":"","ocean_menu_link_active_background":"","ocean_menu_social_links_bg":"","ocean_menu_social_hover_links_bg":"","ocean_menu_social_links_color":"","ocean_menu_social_hover_links_color":"","ocean_disable_title":"default","ocean_disable_heading":"default","ocean_post_title":"","ocean_post_subheading":"","ocean_post_title_style":"","ocean_post_title_background_color":"","ocean_post_title_background":0,"ocean_post_title_bg_image_position":"","ocean_post_title_bg_image_attachment":"","ocean_post_title_bg_image_repeat":"","ocean_post_title_bg_image_size":"","ocean_post_title_height":0,"ocean_post_title_bg_overlay":0.5,"ocean_post_title_bg_overlay_color":"","ocean_disable_breadcrumbs":"default","ocean_breadcrumbs_color":"","ocean_breadcrumbs_separator_color":"","ocean_breadcrumbs_links_color":"","ocean_breadcrumbs_links_hover_color":"","ocean_display_footer_widgets":"default","ocean_display_footer_bottom":"default","ocean_custom_footer_template":"0"},"product_brand":[],"product_cat":[31,21],"product_tag":[],"class_list":{"0":"post-5084","1":"product","2":"type-product","3":"status-publish","4":"has-post-thumbnail","6":"product_cat-pielegnacja-jamy-ustnej","7":"product_cat-zdrowie","9":"entry","10":"has-media","12":"first","13":"instock","14":"shipping-taxable","15":"purchasable","16":"product-type-simple","17":"has-product-nav","18":"col","19":"span_1_of_3","20":"owp-content-left","21":"owp-thumbs-layout-horizontal","22":"owp-btn-normal","23":"owp-tabs-layout-horizontal","24":"has-no-thumbnails"},"_links":{"self":[{"href":"https:\/\/ecocorner.eu\/en\/wp-json\/wp\/v2\/product\/5084","targetHints":{"allow":["GET"]}}],"collection":[{"href":"https:\/\/ecocorner.eu\/en\/wp-json\/wp\/v2\/product"}],"about":[{"href":"https:\/\/ecocorner.eu\/en\/wp-json\/wp\/v2\/types\/product"}],"version-history":[{"count":1,"href":"https:\/\/ecocorner.eu\/en\/wp-json\/wp\/v2\/product\/5084\/revisions"}],"predecessor-version":[{"id":5086,"href":"https:\/\/ecocorner.eu\/en\/wp-json\/wp\/v2\/product\/5084\/revisions\/5086"}],"wp:featuredmedia":[{"embeddable":true,"href":"https:\/\/ecocorner.eu\/en\/wp-json\/wp\/v2\/media\/5085"}],"wp:attachment":[{"href":"https:\/\/ecocorner.eu\/en\/wp-json\/wp\/v2\/media?parent=5084"}],"wp:term":[{"taxonomy":"product_brand","embeddable":true,"href":"https:\/\/ecocorner.eu\/en\/wp-json\/wp\/v2\/product_brand?post=5084"},{"taxonomy":"product_cat","embeddable":true,"href":"https:\/\/ecocorner.eu\/en\/wp-json\/wp\/v2\/product_cat?post=5084"},{"taxonomy":"product_tag","embeddable":true,"href":"https:\/\/ecocorner.eu\/en\/wp-json\/wp\/v2\/product_tag?post=5084"}],"curies":[{"name":"wp","href":"https:\/\/api.w.org\/{rel}","templated":true}]}}