{"id":5087,"date":"2024-02-28T16:56:43","date_gmt":"2024-02-28T16:56:43","guid":{"rendered":"https:\/\/ecocorner.eu\/?post_type=product&#038;p=5087"},"modified":"2025-12-12T22:12:24","modified_gmt":"2025-12-12T22:12:24","slug":"gorvita-pneumovit-sept-pastylki-na-gardlo-x16","status":"publish","type":"product","link":"https:\/\/ecocorner.eu\/en\/product\/gorvita-pneumovit-sept-pastylki-na-gardlo-x16\/","title":{"rendered":"GORVITA  Pneumovit  sept   pastylki na gard\u0142o   x16"},"content":{"rendered":"<div class=\"col-xs-12 kontrolka-PoleProduktu\">\n<div class=\"tresc-pojemnik tresc-pojemnik-88\">\n<div id=\"kontrolka-88\" class=\"\">\n<div class=\"pole-opis-wartosc\">\n<p><strong>Ingredients<\/strong><br \/>\nCukier 2,8 g, syrop glukozowy 1,2 g, mi\u00f3d pszczeli 100 mg, woda mineralna z obszaru g\u00f3rniczego Uzdrowiska Rabka 330 mg, witamina C 15 mg ( L- askorbinian sodu) (18,75%)*,\u00a0 maltodekstryna \u2013no\u015bnik, kwas cytrynowy (regulator kwasowo\u015bci),\u00a0 metol 3,3 mg, olejek cytrynowy 1,6 mg, olejek sza\u0142wiowy 1,6 mg, olejek eukaliptusowy 1,6 mg, olejek bergamotowy 0,6 mg.<\/p>\n<p><strong>RECOMMENDED CONSUMPTION<\/strong><br \/>\nZalecana porcja dzienna (4 pastylki) zawiera: Cukier 8,32 g, syrop glukozowy 4,8 g, mi\u00f3d pszczeli 400 mg, woda mineralna z obszaru g\u00f3rniczego Uzdrowiska Rabka 1,32 g, witamina C 60 mg ( L- askorbinian sodu) (75%)*,\u00a0 maltodekstryna \u2013no\u015bnik, kwas cytrynowy (regulator kwasowo\u015bci),\u00a0 metol 13,2 mg, olejek cytrynowy 6,4 mg, olejek sza\u0142wiowy 6,4 mg, olejek eukaliptusowy 6,4 mg, olejek bergamotowy 2,4 mg.<\/p>\n<p>(* )- % zalecanego dziennego spo\u017cycia<\/p>\n<p><strong>note<\/strong><br \/>\nNie przekracza\u0107 zalecanej porcji do spo\u017cycia w ci\u0105gu dnia. Suplementy diety nie mog\u0105 by\u0107 stosowane jako substytut zr\u00f3\u017cnicowanej diety. Wa\u017cne jest stosowanie zr\u00f3wnowa\u017conego jedzenia i zdrowego trybu \u017cycia. Nie stosowa\u0107 w przypadku nadwra\u017cliwo\u015bci na jakikolwiek sk\u0142adnik preparatu. Przechowywa\u0107 w suchym miejscu w temperaturze pokojowej (15- 25\u00baC) w spos\u00f3b niedost\u0119pny dla ma\u0142ych dzieci.<\/p>\n<\/div>\n<\/div>\n<\/div>\n<\/div>","protected":false},"excerpt":{"rendered":"<p>&nbsp;<\/p>\n<p>Pneumovit Sept w formie <strong>pastylek do ssania<\/strong> na gard\u0142o.<\/p>\n<p>Pastylki zawieraj\u0105 naturalne sk\u0142adniki, czyli mi\u00f3d pszczeli, witamin\u0119 C, sza\u0142wi\u0119, eukaliptus, cytryn\u0119, bergamotk\u0119, mentol i wod\u0119 mineraln\u0105 uzdrowiskow\u0105.<\/p>\n<h2><\/h2>","protected":false},"featured_media":5088,"template":"","meta":{"ocean_post_layout":"","ocean_both_sidebars_style":"","ocean_both_sidebars_content_width":0,"ocean_both_sidebars_sidebars_width":0,"ocean_sidebar":"0","ocean_second_sidebar":"0","ocean_disable_margins":"enable","ocean_add_body_class":"","ocean_shortcode_before_top_bar":"","ocean_shortcode_after_top_bar":"","ocean_shortcode_before_header":"","ocean_shortcode_after_header":"","ocean_has_shortcode":"","ocean_shortcode_after_title":"","ocean_shortcode_before_footer_widgets":"","ocean_shortcode_after_footer_widgets":"","ocean_shortcode_before_footer_bottom":"","ocean_shortcode_after_footer_bottom":"","ocean_display_top_bar":"default","ocean_display_header":"default","ocean_header_style":"","ocean_center_header_left_menu":"0","ocean_custom_header_template":"0","ocean_custom_logo":0,"ocean_custom_retina_logo":0,"ocean_custom_logo_max_width":0,"ocean_custom_logo_tablet_max_width":0,"ocean_custom_logo_mobile_max_width":0,"ocean_custom_logo_max_height":0,"ocean_custom_logo_tablet_max_height":0,"ocean_custom_logo_mobile_max_height":0,"ocean_header_custom_menu":"0","ocean_menu_typo_font_family":"0","ocean_menu_typo_font_subset":"","ocean_menu_typo_font_size":0,"ocean_menu_typo_font_size_tablet":0,"ocean_menu_typo_font_size_mobile":0,"ocean_menu_typo_font_size_unit":"px","ocean_menu_typo_font_weight":"","ocean_menu_typo_font_weight_tablet":"","ocean_menu_typo_font_weight_mobile":"","ocean_menu_typo_transform":"","ocean_menu_typo_transform_tablet":"","ocean_menu_typo_transform_mobile":"","ocean_menu_typo_line_height":0,"ocean_menu_typo_line_height_tablet":0,"ocean_menu_typo_line_height_mobile":0,"ocean_menu_typo_line_height_unit":"","ocean_menu_typo_spacing":0,"ocean_menu_typo_spacing_tablet":0,"ocean_menu_typo_spacing_mobile":0,"ocean_menu_typo_spacing_unit":"","ocean_menu_link_color":"","ocean_menu_link_color_hover":"","ocean_menu_link_color_active":"","ocean_menu_link_background":"","ocean_menu_link_hover_background":"","ocean_menu_link_active_background":"","ocean_menu_social_links_bg":"","ocean_menu_social_hover_links_bg":"","ocean_menu_social_links_color":"","ocean_menu_social_hover_links_color":"","ocean_disable_title":"default","ocean_disable_heading":"default","ocean_post_title":"","ocean_post_subheading":"","ocean_post_title_style":"","ocean_post_title_background_color":"","ocean_post_title_background":0,"ocean_post_title_bg_image_position":"","ocean_post_title_bg_image_attachment":"","ocean_post_title_bg_image_repeat":"","ocean_post_title_bg_image_size":"","ocean_post_title_height":0,"ocean_post_title_bg_overlay":0.5,"ocean_post_title_bg_overlay_color":"","ocean_disable_breadcrumbs":"default","ocean_breadcrumbs_color":"","ocean_breadcrumbs_separator_color":"","ocean_breadcrumbs_links_color":"","ocean_breadcrumbs_links_hover_color":"","ocean_display_footer_widgets":"default","ocean_display_footer_bottom":"default","ocean_custom_footer_template":"0"},"product_brand":[],"product_cat":[21],"product_tag":[],"class_list":{"0":"post-5087","1":"product","2":"type-product","3":"status-publish","4":"has-post-thumbnail","6":"product_cat-zdrowie","8":"entry","9":"has-media","11":"first","12":"outofstock","13":"shipping-taxable","14":"purchasable","15":"product-type-simple","16":"has-product-nav","17":"col","18":"span_1_of_3","19":"owp-content-left","20":"owp-thumbs-layout-horizontal","21":"owp-btn-normal","22":"owp-tabs-layout-horizontal","23":"has-no-thumbnails"},"_links":{"self":[{"href":"https:\/\/ecocorner.eu\/en\/wp-json\/wp\/v2\/product\/5087","targetHints":{"allow":["GET"]}}],"collection":[{"href":"https:\/\/ecocorner.eu\/en\/wp-json\/wp\/v2\/product"}],"about":[{"href":"https:\/\/ecocorner.eu\/en\/wp-json\/wp\/v2\/types\/product"}],"version-history":[{"count":1,"href":"https:\/\/ecocorner.eu\/en\/wp-json\/wp\/v2\/product\/5087\/revisions"}],"predecessor-version":[{"id":5089,"href":"https:\/\/ecocorner.eu\/en\/wp-json\/wp\/v2\/product\/5087\/revisions\/5089"}],"wp:featuredmedia":[{"embeddable":true,"href":"https:\/\/ecocorner.eu\/en\/wp-json\/wp\/v2\/media\/5088"}],"wp:attachment":[{"href":"https:\/\/ecocorner.eu\/en\/wp-json\/wp\/v2\/media?parent=5087"}],"wp:term":[{"taxonomy":"product_brand","embeddable":true,"href":"https:\/\/ecocorner.eu\/en\/wp-json\/wp\/v2\/product_brand?post=5087"},{"taxonomy":"product_cat","embeddable":true,"href":"https:\/\/ecocorner.eu\/en\/wp-json\/wp\/v2\/product_cat?post=5087"},{"taxonomy":"product_tag","embeddable":true,"href":"https:\/\/ecocorner.eu\/en\/wp-json\/wp\/v2\/product_tag?post=5087"}],"curies":[{"name":"wp","href":"https:\/\/api.w.org\/{rel}","templated":true}]}}