{"id":5090,"date":"2024-02-28T16:58:41","date_gmt":"2024-02-28T16:58:41","guid":{"rendered":"https:\/\/ecocorner.eu\/?post_type=product&#038;p=5090"},"modified":"2025-09-03T20:06:04","modified_gmt":"2025-09-03T20:06:04","slug":"iodica-naturalny-koncentrat-jodu-100ml-butelka-szklana-pipeta","status":"publish","type":"product","link":"https:\/\/ecocorner.eu\/en\/product\/iodica-naturalny-koncentrat-jodu-100ml-butelka-szklana-pipeta\/","title":{"rendered":"IODICA   Naturalny koncentrat jodu   100ml   butelka szklana + pipeta"},"content":{"rendered":"<p><strong>Ingredients<\/strong><br \/>\nWoda, sk\u0142adnik aktywny jod: 91,6mg\/l.<\/p>\n<p>Opakowanie 100ml zawiera 9,1mg jodu.<\/p>\n<p><strong>SPOS\u00d3B SPO\u017bYCIA<\/strong><br \/>\nPrzed u\u017cyciem wstrz\u0105sn\u0105\u0107. Stosowa\u0107 raz dziennie od 12-33 kropli w zale\u017cno\u015bci od wieku. Koncentrat wkrapla\u0107 do wody lub dowolnego napoju bezalkoholowego na nie mniej ni\u017c 150ml p\u0142ynu.<\/p>\n<p>Dzienne zapotrzebowanie na jod (mcg\/dob\u0119) \/ Porcja jodu (1 kropla = 7,5mcg):<\/p>\n<p>Dzieci w wieku &lt;5r.\u017c.: 90mcg \/ 12 kropli<br \/>\nDzieci 6-12 lat: 120mcg \/ 16 kropli<br \/>\nDoro\u015bli i dzieci &gt;12 lat: 150mcg \/ 20 kropli<br \/>\nKobiety w ci\u0105\u017cy i kobiety karmi\u0105ce: 250mcg \/ 33 krople<\/p>\n<p>Powy\u017csze porcjowanie zapewnia 100% dziennej referencyjnej warto\u015bci spo\u017cycia (RWS) jodu. RWS wed\u0142ug UR 1169\/2011, ICCIDD, EHO, UNICEF.<\/p>\n<p>INHALACJA &#8211; do nawil\u017cacza powietrza 5-10ml na 1 litry wody<\/p>\n<p>NEBULIZACJA tylko przy infekcjach dr\u00f3g oddechowych w celu rozrzedzienia wydzieliny:<br \/>\nDZIECI: 4-5 kropli na fiolk\u0119 soli fizjologicznej<br \/>\nDORO\u015aLI: 7-8 kropli na fiolk\u0119 soli fiziologicznej<\/p>\n<p><strong>note<\/strong><br \/>\nNie nale\u017cy przekracza\u0107 zalecanej porcji do spo\u017cycia w ci\u0105gu dnia. Stosowanie u kobiet w ci\u0105\u017cy oraz matek karmi\u0105cych po konsultacji z lekarzem. Suplement diety nie powinien by\u0107 stosowany, jako zamiennik zr\u00f3\u017cnicowanej diety. Zr\u00f3wnowa\u017cony spos\u00f3b \u017cywienia i prawid\u0142owy tryb \u017cycia jest wa\u017cny dla funkcjonowania organizmu cz\u0142owieka. Suplement diety nie mo\u017ce by\u0107 stosowany jako substytut (zamiennik) zr\u00f3\u017cnicowanej diety.\u00a0Przy stosowaniu przez kobiety w ci\u0105\u017cy oraz karmi\u0105ce nale\u017cy skonsultowa\u0107 si\u0119 z lekarzem. Nadwra\u017cliwo\u015b\u0107 na kt\u00f3rykolwiek ze sk\u0142adnik\u00f3w preparatu &#8211; skonsultowa\u0107 z lekarzem.<\/p>\n<p><strong>keeping<\/strong><br \/>\nPrzechowywa\u0107 w temperaturze 1-25\u00b0C. Chroni\u0107 przed bezpo\u015brednim dzia\u0142aniem promieni s\u0142onecznych. Przechowywa\u0107 w spos\u00f3b niedost\u0119pny dla ma\u0142ych dzieci.<\/p>","protected":false},"excerpt":{"rendered":"<p>Naturalny koncentrat jodu 100ml Iodica &#8211; szk\u0142o<\/p>\n<p>-jod pomaga w utrzymaniu prawid\u0142owych funkcji poznawczych<br \/>\n-jod przyczynia si\u0119 do utrzymania prawid\u0142owego metabolizmu energetycznego<br \/>\n-jod pomaga w prawid\u0142owym funkcjonowaniu uk\u0142adu nerwowego<br \/>\n-jod pomaga zachowa\u0107 zdrow\u0105 sk\u00f3r\u0119<br \/>\n-jod pomaga w prawid\u0142owej produkcji hormon\u00f3w tarczcycy i we w\u0142a\u015bciwym jej funkcjonowaniu<\/p>\n<p>Koncentrat jodu IODICA jest suplementem diety w formie p\u0142ynnej, kt\u00f3ry zapewnia w 100% dzienne zapotrzebowanie organizmu na jod. Zosta\u0142 stworzony przez si\u0142y natury, pochodz\u0105ce z prehistorycznych m\u00f3rz z przed ponad kilkudziesi\u0119ciu milion\u00f3w lat. Ta stworzona w naturalny spos\u00f3b formu\u0142a wody z jodem jest wysoce wch\u0142anialna, co zapobiega przedawkowaniu. Je\u015bli wypijemy jej zbyt du\u017co, nadmiar zostanie usuni\u0119ty z naszego organizmu wraz z moczem.<\/p>\n<p>Koncentrat jodu IODICA zamkni\u0119ty jest w butelce posiadaj\u0105cej kroplomierz, aby dok\u0142adnie odmierzy\u0107 potrzebn\u0105 dawk\u0119. Jego forma jest bardzo wygodna, gdy\u017c mo\u017cemy utrzymywa\u0107 dawk\u0119 koncentratu dodaj\u0105c j\u0105 do wody,sok\u00f3w, zup, mleka oraz najrozmaitszych napoj\u00f3w bezalkoholowych, nie musz\u0105c czu\u0107 w najmniejszym stopniu s\u0142onawego posmaku.<\/p>\n<p>Jod to pierwiastek niezb\u0119dny do prawid\u0142owego funkcjonowania ludzkiego organizmu. Jest potrzebny do produkcji T3 i T4, kt\u00f3re wp\u0142ywaj\u0105 na prawid\u0142owe funkcjonowanie uk\u0142adu nerwowego. Maj\u0105 r\u00f3wnie\u017c wp\u0142yw na odpowiedni\u0105 prac\u0119 serca, mi\u0119\u015bni, m\u00f3zgu oraz nerek. Dodatkowo bierze udzia\u0142 w procesach kom\u00f3rkowych, takich jak oddychanie oraz wytwarzanie energii oraz wp\u0142ywa na zachowanie w\u0142a\u015bciwej temperatury cia\u0142a. Nadmiar, a szczeg\u00f3lnie niedob\u00f3r jodu w organizmie jest bardzo niebezpieczny i przyczynia si\u0119 do wielu zaburze\u0144.<\/p>\n<p>Produkt naturalny &#8211;\u00a0w butelce mog\u0105 wytr\u0105ca\u0107 si\u0119 \u015bladowe ilo\u015bci minera\u0142\u00f3w w formie ciemnoszarych, lub br\u0105zowawych drobinek, mog\u0105cych osadzac si\u0119 r\u00f3wnie\u017c na pipecie.<\/p>\n<p>Barwa koncentratu mo\u017ce r\u00f3\u017cni\u0107 si\u0119 nieznacznie w zale\u017cno\u015bci od partii wydobycia i mo\u017ce przybiera\u0107 s\u0142omkowy kolor, co jest naturalnym zjawiskiem. Barwa, naturalny osad oraz zapach koncentratu IODICA, nie ma wp\u0142ywu na jego w\u0142a\u015bciwo\u015bci oraz jego sklad pierwiastk\u00f3w i zwi\u0105zk\u00f3w chemicznych w nim zawartych.<\/p>","protected":false},"featured_media":5091,"template":"","meta":{"ocean_post_layout":"","ocean_both_sidebars_style":"","ocean_both_sidebars_content_width":0,"ocean_both_sidebars_sidebars_width":0,"ocean_sidebar":"0","ocean_second_sidebar":"0","ocean_disable_margins":"enable","ocean_add_body_class":"","ocean_shortcode_before_top_bar":"","ocean_shortcode_after_top_bar":"","ocean_shortcode_before_header":"","ocean_shortcode_after_header":"","ocean_has_shortcode":"","ocean_shortcode_after_title":"","ocean_shortcode_before_footer_widgets":"","ocean_shortcode_after_footer_widgets":"","ocean_shortcode_before_footer_bottom":"","ocean_shortcode_after_footer_bottom":"","ocean_display_top_bar":"default","ocean_display_header":"default","ocean_header_style":"","ocean_center_header_left_menu":"0","ocean_custom_header_template":"0","ocean_custom_logo":0,"ocean_custom_retina_logo":0,"ocean_custom_logo_max_width":0,"ocean_custom_logo_tablet_max_width":0,"ocean_custom_logo_mobile_max_width":0,"ocean_custom_logo_max_height":0,"ocean_custom_logo_tablet_max_height":0,"ocean_custom_logo_mobile_max_height":0,"ocean_header_custom_menu":"0","ocean_menu_typo_font_family":"0","ocean_menu_typo_font_subset":"","ocean_menu_typo_font_size":0,"ocean_menu_typo_font_size_tablet":0,"ocean_menu_typo_font_size_mobile":0,"ocean_menu_typo_font_size_unit":"px","ocean_menu_typo_font_weight":"","ocean_menu_typo_font_weight_tablet":"","ocean_menu_typo_font_weight_mobile":"","ocean_menu_typo_transform":"","ocean_menu_typo_transform_tablet":"","ocean_menu_typo_transform_mobile":"","ocean_menu_typo_line_height":0,"ocean_menu_typo_line_height_tablet":0,"ocean_menu_typo_line_height_mobile":0,"ocean_menu_typo_line_height_unit":"","ocean_menu_typo_spacing":0,"ocean_menu_typo_spacing_tablet":0,"ocean_menu_typo_spacing_mobile":0,"ocean_menu_typo_spacing_unit":"","ocean_menu_link_color":"","ocean_menu_link_color_hover":"","ocean_menu_link_color_active":"","ocean_menu_link_background":"","ocean_menu_link_hover_background":"","ocean_menu_link_active_background":"","ocean_menu_social_links_bg":"","ocean_menu_social_hover_links_bg":"","ocean_menu_social_links_color":"","ocean_menu_social_hover_links_color":"","ocean_disable_title":"default","ocean_disable_heading":"default","ocean_post_title":"","ocean_post_subheading":"","ocean_post_title_style":"","ocean_post_title_background_color":"","ocean_post_title_background":0,"ocean_post_title_bg_image_position":"","ocean_post_title_bg_image_attachment":"","ocean_post_title_bg_image_repeat":"","ocean_post_title_bg_image_size":"","ocean_post_title_height":0,"ocean_post_title_bg_overlay":0.5,"ocean_post_title_bg_overlay_color":"","ocean_disable_breadcrumbs":"default","ocean_breadcrumbs_color":"","ocean_breadcrumbs_separator_color":"","ocean_breadcrumbs_links_color":"","ocean_breadcrumbs_links_hover_color":"","ocean_display_footer_widgets":"default","ocean_display_footer_bottom":"default","ocean_custom_footer_template":"0"},"product_brand":[],"product_cat":[22],"product_tag":[],"class_list":{"0":"post-5090","1":"product","2":"type-product","3":"status-publish","4":"has-post-thumbnail","6":"product_cat-suplementy-i-witaminy","8":"entry","9":"has-media","11":"first","12":"instock","13":"shipping-taxable","14":"purchasable","15":"product-type-simple","16":"has-product-nav","17":"col","18":"span_1_of_3","19":"owp-content-left","20":"owp-thumbs-layout-horizontal","21":"owp-btn-normal","22":"owp-tabs-layout-horizontal","23":"has-no-thumbnails"},"_links":{"self":[{"href":"https:\/\/ecocorner.eu\/en\/wp-json\/wp\/v2\/product\/5090","targetHints":{"allow":["GET"]}}],"collection":[{"href":"https:\/\/ecocorner.eu\/en\/wp-json\/wp\/v2\/product"}],"about":[{"href":"https:\/\/ecocorner.eu\/en\/wp-json\/wp\/v2\/types\/product"}],"version-history":[{"count":1,"href":"https:\/\/ecocorner.eu\/en\/wp-json\/wp\/v2\/product\/5090\/revisions"}],"predecessor-version":[{"id":5092,"href":"https:\/\/ecocorner.eu\/en\/wp-json\/wp\/v2\/product\/5090\/revisions\/5092"}],"wp:featuredmedia":[{"embeddable":true,"href":"https:\/\/ecocorner.eu\/en\/wp-json\/wp\/v2\/media\/5091"}],"wp:attachment":[{"href":"https:\/\/ecocorner.eu\/en\/wp-json\/wp\/v2\/media?parent=5090"}],"wp:term":[{"taxonomy":"product_brand","embeddable":true,"href":"https:\/\/ecocorner.eu\/en\/wp-json\/wp\/v2\/product_brand?post=5090"},{"taxonomy":"product_cat","embeddable":true,"href":"https:\/\/ecocorner.eu\/en\/wp-json\/wp\/v2\/product_cat?post=5090"},{"taxonomy":"product_tag","embeddable":true,"href":"https:\/\/ecocorner.eu\/en\/wp-json\/wp\/v2\/product_tag?post=5090"}],"curies":[{"name":"wp","href":"https:\/\/api.w.org\/{rel}","templated":true}]}}