{"id":5119,"date":"2024-03-10T21:47:57","date_gmt":"2024-03-10T21:47:57","guid":{"rendered":"https:\/\/ecocorner.eu\/?post_type=product&#038;p=5119"},"modified":"2026-02-17T20:45:38","modified_gmt":"2026-02-17T20:45:38","slug":"myvita-witamina-b-complex-lipo-active-krople-30ml","status":"publish","type":"product","link":"https:\/\/ecocorner.eu\/en\/product\/myvita-witamina-b-complex-lipo-active-krople-30ml\/","title":{"rendered":"MyVita   Witamina B-Complex   Lipo-Active   &#8211; krople 30ml"},"content":{"rendered":"<p><strong>Ingredients<\/strong><br \/>\nNo\u015bnik: glicerol (ro\u015blinny), woda oczyszczona, otoczka liposomalna: fosfatydylocholina; olej MCT; fosfolipidy z lecytyny rzepakowej, amid kwasu nikotynowego Quali\u00ae- B, D-pantotenian wapnia Quali\u00ae- B, substancja emulguj\u0105ca: tween 80, chlorowodorek pirydoksyny Quali\u00ae- B, ryboawina Quali\u00ae- B, chlorowodorek tiaminy Quali\u00ae- B, s\u00f3l glukozaminowa kwasu (6S)-5-metylote- trahydrofoliowego Quatrefolic \u00ae, metylokobalamina MecobalActive \u00ae.<\/p>\n<p><strong>METHOD OF APPLICATION<\/strong><br \/>\n4 krople dziennie.<\/p>\n<p>1 opakowanie to 100 dziennych porcji<\/p>\n<p><u>A daily serving contains:<\/u><br \/>\nNiacyna (B3) &#8211;\u00a016 mg &#8211;\u00a0100% RWS*<br \/>\nKwas pantotenowy (B5) &#8211;\u00a06 mg &#8211;\u00a0100% RWS*<br \/>\nRyboflawina (B2) &#8211;\u00a01,4 mg &#8211;\u00a0100% RWS*<br \/>\nWitamina B6 &#8211;\u00a01,4 mg &#8211;\u00a0100% RWS*<br \/>\nTiamina (B1) &#8211;\u00a01,1 mg &#8211;\u00a0100% RWS*<br \/>\nKwas foliowy (B9) &#8211;\u00a050 mcg &#8211;\u00a025% RWS*<br \/>\nWitamina B12 &#8211;\u00a02,5 mcg &#8211;\u00a0100% RWS*<\/p>\n<p>* RWS-reference cost of consumption<\/p>\n<p><strong>note<\/strong><br \/>\nNie przekracza\u0107 zalecanej porcji do spo\u017cycia w ci\u0105gu dnia. Suplementy diety nie mog\u0105 by\u0107 stosowane jako substytut (zamiennik) zr\u00f3\u017cnicowanej diety. Chroni\u0107 przed \u015bwiat\u0142em s\u0142onecznym. Nie zaleca si\u0119 kobietom w ci\u0105\u017cy, karmi\u0105cym bez konsultacji z lekarzem. Dla utrzymania prawid\u0142owego stanu zdrowia nale\u017cy stosowa\u0107 zr\u00f3\u017cnicowan\u0105 diet\u0119 i prowadzi\u0107 zdrowy tryb \u017cycia.<\/p>\n<p><strong>keeping<\/strong><br \/>\nStore at room temperature, out of reach of small children.<\/p>","protected":false},"excerpt":{"rendered":"<p>MyVita Witamina B-Complex Active krople 30 ml &#8211; STRUKTURA LIPOSOMALNA<\/p>\n<p>B-Complex marki MyVita w unikalnej formule zawieraj\u0105cej tylko opatentowane sk\u0142adniki aktywne pochodz\u0105ce od renomowanych firm farmaceutycznych:<br \/>\n\u2022\u00a0Innowacyjna formu\u0142a stabilizowania witamin fosfolipidami, tworzy struktur\u0119 liposomaln\u0105, kt\u00f3ra zapobiega rozwarstwianiu i osadzaniu witamin z grupy B oraz nie wymaga wstrz\u0105sania przed u\u017cyciem.<br \/>\n\u2022\u00a0aktywny biologicznie kwas foliowy Quatrefolic\u00ae w\u0142oskiej firmy Gnosis S.P.A., kt\u00f3ry jest najlepiej przyswajaln\u0105 form\u0105 spo\u015br\u00f3d innych dost\u0119pnych, a dzia\u0142anie sk\u0142adnika aktywnego jest natychmiastowe ze wzgl\u0119du na aktywn\u0105 posta\u0107, kt\u00f3ra nie wymaga metabolizowania<br \/>\nw organizmie,<br \/>\n\u2022\u00a0naturaln\u0105 witamin\u0119 B12 w formie aktywnej biologicznie metylokobalaminy\u00a0 MecobalActive\u00ae hiszpa\u0144skiej firmy Ferrer Health,<br \/>\n\u2022\u00a0witaminy B1, B2, B5 i B6 w formie Quali\u00ae-B szwajcarskiej firmy DSM Nutritional Products AG.<\/p>\n<p>Produkt posiada precyzyjny aplikator farmaceutyczny, spe\u0142niaj\u0105cy normy ISO i FDA (ameryka\u0144skiej Agencji ds. \u017bywno\u015bci i Lek\u00f3w), kt\u00f3ry pozwala na powtarzalne ka\u017cdorazowe\u00a0 odmierzenie dok\u0142adnej ilo\u015bci witamin.<\/p>\n<p>Farmaceutyczny standard wytwarzania GMP gwarantuje powtarzalno\u015b\u0107 i standaryzacj\u0119 preparatu, sterylno\u015b\u0107 procesu produkcyjnego oraz bezpiecze\u0144stwo stosowania.<\/p>\n<p>Witaminy z grupy B to wa\u017cne zwi\u0105zki wp\u0142ywaj\u0105ce kompleksowo na prawid\u0142owe funkcjonowanie organizmu:<\/p>\n<p>Vitamin B1 (Thiamine):<br \/>\n\u2022\u00a0pomaga w prawid\u0142owym funkcjonowaniu uk\u0142adu nerwowego<br \/>\n\u2022\u00a0wspomaga prawid\u0142owe funkcjonowanie serca<\/p>\n<p>Vitamin B2 (Riboflavin):<br \/>\n\u2022\u00a0odgrywa wa\u017cn\u0105 rol\u0119 w procesach przemiany materii<br \/>\n\u2022\u00a0jest niezb\u0119dna w trakcie tworzenia czerwonych krwinek<br \/>\n\u2022\u00a0wspomaga prawid\u0142owe dzia\u0142anie uk\u0142adu nerwowego i odporno\u015bciowego<\/p>\n<p>Vitamin B3 (Niacin):<br \/>\n\u2022\u00a0przyczynia si\u0119 do prawid\u0142owego funkcjonowania uk\u0142adu nerwowego i prawid\u0142owych funkcji psychologicznych<br \/>\n\u2022\u00a0pomaga zachowa\u0107 zdrow\u0105 sk\u00f3r\u0119<\/p>\n<p>Vitamin B5 (Pantothenic acid):<br \/>\n\u2022\u00a0jest wa\u017cna w procesie metabolizmu energetycznego<br \/>\n\u2022\u00a0przyczynia si\u0119 do zmniejszenia uczucia zm\u0119czenia<br \/>\n\u2022\u00a0wspomaga sprawno\u015b\u0107 umys\u0142ow\u0105<\/p>\n<p>Vitamin B6:<br \/>\n\u2022\u00a0wp\u0142ywa pozytywnie na prawid\u0142ow\u0105 prac\u0119 uk\u0142adu nerwowego i odporno\u015bciowego<br \/>\n\u2022\u00a0bierze udzia\u0142 w metabolizmie bia\u0142ka, glikogenu i homocysteiny<br \/>\n\u2022\u00a0przyczynia si\u0119 do zmniejszenia uczucia zm\u0119czenia<\/p>\n<p>Kwas foliowy:<br \/>\n\u2022\u00a0pomaga w prawid\u0142owej produkcji krwi<br \/>\n\u2022\u00a0wspiera dzia\u0142anie uk\u0142adu nerwowego i odporno\u015bciowego<br \/>\n\u2022\u00a0zmniejsza uczucia zm\u0119czenia i znu\u017cenia<\/p>\n<p>Witamina B12:<br \/>\n\u2022\u00a0pomaga w produkcji czerwonych krwinek<br \/>\n\u2022\u00a0wspomaga utrzymanie prawid\u0142owego poziomu homocysteiny<br \/>\n\u2022\u00a0wspiera dzia\u0142anie uk\u0142adu nerwowego i odporno\u015bciowego<\/p>","protected":false},"featured_media":5120,"template":"","meta":{"ocean_post_layout":"","ocean_both_sidebars_style":"","ocean_both_sidebars_content_width":0,"ocean_both_sidebars_sidebars_width":0,"ocean_sidebar":"0","ocean_second_sidebar":"0","ocean_disable_margins":"enable","ocean_add_body_class":"","ocean_shortcode_before_top_bar":"","ocean_shortcode_after_top_bar":"","ocean_shortcode_before_header":"","ocean_shortcode_after_header":"","ocean_has_shortcode":"","ocean_shortcode_after_title":"","ocean_shortcode_before_footer_widgets":"","ocean_shortcode_after_footer_widgets":"","ocean_shortcode_before_footer_bottom":"","ocean_shortcode_after_footer_bottom":"","ocean_display_top_bar":"default","ocean_display_header":"default","ocean_header_style":"","ocean_center_header_left_menu":"0","ocean_custom_header_template":"0","ocean_custom_logo":0,"ocean_custom_retina_logo":0,"ocean_custom_logo_max_width":0,"ocean_custom_logo_tablet_max_width":0,"ocean_custom_logo_mobile_max_width":0,"ocean_custom_logo_max_height":0,"ocean_custom_logo_tablet_max_height":0,"ocean_custom_logo_mobile_max_height":0,"ocean_header_custom_menu":"0","ocean_menu_typo_font_family":"0","ocean_menu_typo_font_subset":"","ocean_menu_typo_font_size":0,"ocean_menu_typo_font_size_tablet":0,"ocean_menu_typo_font_size_mobile":0,"ocean_menu_typo_font_size_unit":"px","ocean_menu_typo_font_weight":"","ocean_menu_typo_font_weight_tablet":"","ocean_menu_typo_font_weight_mobile":"","ocean_menu_typo_transform":"","ocean_menu_typo_transform_tablet":"","ocean_menu_typo_transform_mobile":"","ocean_menu_typo_line_height":0,"ocean_menu_typo_line_height_tablet":0,"ocean_menu_typo_line_height_mobile":0,"ocean_menu_typo_line_height_unit":"","ocean_menu_typo_spacing":0,"ocean_menu_typo_spacing_tablet":0,"ocean_menu_typo_spacing_mobile":0,"ocean_menu_typo_spacing_unit":"","ocean_menu_link_color":"","ocean_menu_link_color_hover":"","ocean_menu_link_color_active":"","ocean_menu_link_background":"","ocean_menu_link_hover_background":"","ocean_menu_link_active_background":"","ocean_menu_social_links_bg":"","ocean_menu_social_hover_links_bg":"","ocean_menu_social_links_color":"","ocean_menu_social_hover_links_color":"","ocean_disable_title":"default","ocean_disable_heading":"default","ocean_post_title":"","ocean_post_subheading":"","ocean_post_title_style":"","ocean_post_title_background_color":"","ocean_post_title_background":0,"ocean_post_title_bg_image_position":"","ocean_post_title_bg_image_attachment":"","ocean_post_title_bg_image_repeat":"","ocean_post_title_bg_image_size":"","ocean_post_title_height":0,"ocean_post_title_bg_overlay":0.5,"ocean_post_title_bg_overlay_color":"","ocean_disable_breadcrumbs":"default","ocean_breadcrumbs_color":"","ocean_breadcrumbs_separator_color":"","ocean_breadcrumbs_links_color":"","ocean_breadcrumbs_links_hover_color":"","ocean_display_footer_widgets":"default","ocean_display_footer_bottom":"default","ocean_custom_footer_template":"0"},"product_brand":[],"product_cat":[22],"product_tag":[],"class_list":{"0":"post-5119","1":"product","2":"type-product","3":"status-publish","4":"has-post-thumbnail","6":"product_cat-suplementy-i-witaminy","8":"entry","9":"has-media","11":"first","12":"outofstock","13":"shipping-taxable","14":"purchasable","15":"product-type-simple","16":"has-product-nav","17":"col","18":"span_1_of_3","19":"owp-content-left","20":"owp-thumbs-layout-horizontal","21":"owp-btn-normal","22":"owp-tabs-layout-horizontal","23":"has-no-thumbnails"},"_links":{"self":[{"href":"https:\/\/ecocorner.eu\/en\/wp-json\/wp\/v2\/product\/5119","targetHints":{"allow":["GET"]}}],"collection":[{"href":"https:\/\/ecocorner.eu\/en\/wp-json\/wp\/v2\/product"}],"about":[{"href":"https:\/\/ecocorner.eu\/en\/wp-json\/wp\/v2\/types\/product"}],"version-history":[{"count":1,"href":"https:\/\/ecocorner.eu\/en\/wp-json\/wp\/v2\/product\/5119\/revisions"}],"predecessor-version":[{"id":5121,"href":"https:\/\/ecocorner.eu\/en\/wp-json\/wp\/v2\/product\/5119\/revisions\/5121"}],"wp:featuredmedia":[{"embeddable":true,"href":"https:\/\/ecocorner.eu\/en\/wp-json\/wp\/v2\/media\/5120"}],"wp:attachment":[{"href":"https:\/\/ecocorner.eu\/en\/wp-json\/wp\/v2\/media?parent=5119"}],"wp:term":[{"taxonomy":"product_brand","embeddable":true,"href":"https:\/\/ecocorner.eu\/en\/wp-json\/wp\/v2\/product_brand?post=5119"},{"taxonomy":"product_cat","embeddable":true,"href":"https:\/\/ecocorner.eu\/en\/wp-json\/wp\/v2\/product_cat?post=5119"},{"taxonomy":"product_tag","embeddable":true,"href":"https:\/\/ecocorner.eu\/en\/wp-json\/wp\/v2\/product_tag?post=5119"}],"curies":[{"name":"wp","href":"https:\/\/api.w.org\/{rel}","templated":true}]}}