{"id":5135,"date":"2024-03-10T22:00:08","date_gmt":"2024-03-10T22:00:08","guid":{"rendered":"https:\/\/ecocorner.eu\/?post_type=product&#038;p=5135"},"modified":"2025-12-11T22:12:50","modified_gmt":"2025-12-11T22:12:50","slug":"supersol-mineraly-do-solenia-500g-53-mniej-sodu","status":"publish","type":"product","link":"https:\/\/ecocorner.eu\/en\/product\/supersol-mineraly-do-solenia-500g-53-mniej-sodu\/","title":{"rendered":"SUPERS\u00d3L      Minera\u0142y do solenia  500g      53% mniej sodu"},"content":{"rendered":"<p><strong>Ingredients<\/strong><br \/>\nSzczeg\u00f3\u0142owe informacje dotycz\u0105ce sk\u0142adnik\u00f3w mineralnych (w nawiasach podano zbadan\u0105 form\u0119 chemiczn\u0105 minera\u0142\u00f3w) sk\u0142adniki: s\u00f3l potasowa; s\u00f3l cechszty\u0144ska; minera\u0142y (w nawiasach podano zbadan\u0105 form\u0119 chemiczn\u0105 minera\u0142\u00f3w): magnez (siarczan magnezu, tlenek magnezu); mangan (siarczan manganu); selen (selenian(IV) sodu); chrom (chlorek chromu(III)); cynk (siarczan cynku); mied\u017a (siarczan miedzi(II)); molibden (molibdenian(VI) sodu); jod (jodan potasu); witamina B12 \u2013 metylokobalamina; ekstrakt melisy lekarskiej; naturalny aromat solny (zawiera naturalne sole).<\/p>\n<p><u>Warto\u015b\u0107 od\u017cywcza w\u00a0100 g:<\/u><br \/>\nWarto\u015b\u0107 energetyczna 115 kJ (27 kcal)<br \/>\nFat 0 g<br \/>\nincluding saturated fatty acids 0 g<br \/>\nW\u0119glowodany 0 g<br \/>\nw tym cukry 0 g<br \/>\nB\u0142onnik 0 g<br \/>\nBia\u0142ko 0 g<br \/>\nS\u00f3l 47 g<br \/>\nPotas 24800 mg (1240% RWS)<br \/>\nMagnez 57 mg (15,2% RWS)<br \/>\nJod 2299 \u00b5g (1533% RWS)<br \/>\nMangan 6,22 mg (311% RWS)<br \/>\nSelen 176,11 \u00b5g (320,2% RWS)<br \/>\nChrom 122 \u00b5g (306% RWS)<br \/>\nCynk 31,2 mg (312% RWS)<br \/>\nMied\u017a 3,31 mg (331% RWS)<br \/>\nMolibden 160 \u00b5g (320% RWS)<br \/>\nWitamina B12 15 \u00b5g (600% RWS)<\/p>\n<p>*RWS &#8211; referencyjna warto\u015b\u0107 do spo\u017cycia dla osoby doros\u0142ej<\/p>\n<p>Zr\u00f3wnowa\u017cony spos\u00f3b \u017cywienia i zdrowy tryb \u017cycia jest wa\u017cny dla funkcjonowania organizmu.<\/p>\n<p><strong>keeping<\/strong><br \/>\nStore in a dry place.<\/p>","protected":false},"excerpt":{"rendered":"<p>SuperS\u00f3l\u00ae \u2013 MINERA\u0141Y DO SOLENIA &#8211; Zawiera naturalne sole mineralne. Przygotowana z u\u017cyciem leczniczych w\u00f3d mineralnych, solanek i z\u0142\u00f3\u017c mineralnych.<\/p>\n<p>-mocno s\u0142ona<br \/>\n-53% mniej sodu &#8211; umo\u017cliwia radykalne obni\u017cenie spo\u017cycia sodu<br \/>\n-dostarcza nam niezb\u0119dne do \u017cycia minera\u0142y we w\u0142a\u015bciwej ilo\u015bci<br \/>\n-zamiast zwyk\u0142ej soli &#8211; magnez, potas, mangan, cynk, selen, chrom, jod, mied\u017a, molibden<br \/>\n-bogactwo alkalicznych minera\u0142\u00f3w SuperSoli redukuje zakwaszenie<\/p>\n<p>Jod, cynk pomaga w utrzymaniu prawid\u0142owych funkcji poznawczych \u2013 czyli proces\u00f3w zwi\u0105zanych z logicznym my\u015bleniem, postrzeganiem wzrokowym, s\u0142uchowym, dotykowym i w\u0119chowym oraz selektywno\u015bci\u0105 i koncentracj\u0105 uwagi<\/p>\n<p>Magnez, witamina B12 przyczynia si\u0119 do zmniejszenia uczucia zm\u0119czenia i znu\u017cenia<\/p>\n<p>Magnez, mied\u017a, potas, jod, witamina B12, pomaga w prawid\u0142owym funkcjonowaniu uk\u0142adu nerwowego<\/p>\n<p>Magnez, witamina B12 pomaga w utrzymaniu prawid\u0142owych funkcji psychologicznych<\/p>\n<p>Selen pomaga w prawid\u0142owym funkcjonowaniu tarczycy<\/p>\n<p>Potas pomaga w utrzymaniu prawid\u0142owego ci\u015bnienia krwi<\/p>\n<p>Mied\u017a pomaga w prawid\u0142owym transporcie \u017celaza w organizmie<\/p>\n<p>Ograniczenie spo\u017cywania sodu pomaga w utrzymaniu prawid\u0142owego ci\u015bnienia krwi<\/p>\n<p>Chrom pomaga w utrzymaniu prawid\u0142owego poziomu glukozy we krwi<\/p>\n<p>Cynk przyczynia si\u0119 do utrzymania prawid\u0142owego metabolizmu kwas\u00f3w t\u0142uszczowych<\/p>\n<p>Witamina B12 pomaga w utrzymaniu prawid\u0142owego metabolizmu homocysteiny<\/p>\n<p>Cynk pomaga w utrzymaniu prawid\u0142owej p\u0142odno\u015bci i prawid\u0142owych funkcji rozrodczych<\/p>\n<p>Cynk pomaga w utrzymaniu prawid\u0142owego poziomu testosteronu we krwi<\/p>\n<p>Selen przyczynia si\u0119 do prawid\u0142owego przebiegu spermatogenezy<\/p>\n<p>Mied\u017a pomaga w utrzymaniu prawid\u0142owej pigmentacji sk\u00f3ry<\/p>\n<p>Jod, cynk pomaga zachowa\u0107 zdrow\u0105 sk\u00f3r\u0119<\/p>\n<p>Cynk, selen pomaga zachowa\u0107 zdrowe paznokcie<\/p>\n<p>Witamina B12 pomaga w prawid\u0142owej produkcji czerwonych krwinek<\/p>\n<p>Magnez, potas pomaga w prawid\u0142owym funkcjonowaniu mi\u0119\u015bni<\/p>\n<p>Magnez, cynk, mangan pomaga w utrzymaniu zdrowych ko\u015bci<\/p>\n<p>Cynk, selen pomaga zachowa\u0107 zdrowe w\u0142osy<\/p>\n<p>Mied\u017a pomaga w utrzymaniu prawid\u0142owej pigmentacji w\u0142os\u00f3w<\/p>\n<p>Cynk pomaga w utrzymaniu prawid\u0142owego widzenia<\/p>\n<p>Magnez pomaga w utrzymaniu zdrowych z\u0119b\u00f3w<\/p>\n<p>Jod pomaga w prawid\u0142owej produkcji hormon\u00f3w tarczycy i w prawid\u0142owym funkcjonowaniu tarczycy<\/p>\n<p>Magnez, potas pomaga w prawid\u0142owym funkcjonowaniu mi\u0119\u015bni, w tym serca<\/p>\n<p>Mied\u017a pomaga w utrzymaniu prawid\u0142owego stanu tkanek \u0142\u0105cznych<\/p>\n<p>Mangan pomaga w prawid\u0142owym tworzeniu tkanek \u0142\u0105cznych<\/p>\n<p>Chrom, cynk przyczynia si\u0119 do utrzymania prawid\u0142owego metabolizmu makrosk\u0142adnik\u00f3w od\u017cywczych<\/p>\n<p>Molibden przyczynia si\u0119 do utrzymania prawid\u0142owego metabolizmu aminokwas\u00f3w siarkowych<\/p>\n<p>Cynk pomaga w utrzymaniu prawid\u0142owego metabolizmu w\u0119glowodan\u00f3w<\/p>\n<p>Cynk przyczynia si\u0119 do utrzymania prawid\u0142owego metabolizmu witaminy A<\/p>\n<p>Magnez, mangan, mied\u017a, jod, witamina B12 przyczynia si\u0119 do utrzymania prawid\u0142owego metabolizmu energetycznego<\/p>\n<p>Magnez pomaga w utrzymaniu r\u00f3wnowagi elektrolitowej<\/p>\n<p>Magnez, cynk pomaga w prawid\u0142owej syntezie bia\u0142ka<\/p>\n<p>Magnez, cynk, witamina B12 odgrywa rol\u0119 w procesie podzia\u0142u kom\u00f3rek<\/p>\n<p>Mangan, mied\u017a, cynk, selen pomaga w ochronie kom\u00f3rek przed stresem oksydacyjnym<\/p>\n<p>Mied\u017a, cynk, selen, witamina B12\u00a0 pomaga w prawid\u0142owym funkcjonowaniu uk\u0142adu odporno\u015bciowego<\/p>\n<p>Cynk pomaga w utrzymaniu prawid\u0142owej r\u00f3wnowagi kwasowo-zasadowej<\/p>\n<p>Chlorek pomaga w utrzymaniu prawid\u0142owego trawienia<\/p>\n<p>Cynk pomaga w prawid\u0142owej syntezie DNA<\/p>","protected":false},"featured_media":5136,"template":"","meta":{"ocean_post_layout":"","ocean_both_sidebars_style":"","ocean_both_sidebars_content_width":0,"ocean_both_sidebars_sidebars_width":0,"ocean_sidebar":"0","ocean_second_sidebar":"0","ocean_disable_margins":"enable","ocean_add_body_class":"","ocean_shortcode_before_top_bar":"","ocean_shortcode_after_top_bar":"","ocean_shortcode_before_header":"","ocean_shortcode_after_header":"","ocean_has_shortcode":"","ocean_shortcode_after_title":"","ocean_shortcode_before_footer_widgets":"","ocean_shortcode_after_footer_widgets":"","ocean_shortcode_before_footer_bottom":"","ocean_shortcode_after_footer_bottom":"","ocean_display_top_bar":"default","ocean_display_header":"default","ocean_header_style":"","ocean_center_header_left_menu":"0","ocean_custom_header_template":"0","ocean_custom_logo":0,"ocean_custom_retina_logo":0,"ocean_custom_logo_max_width":0,"ocean_custom_logo_tablet_max_width":0,"ocean_custom_logo_mobile_max_width":0,"ocean_custom_logo_max_height":0,"ocean_custom_logo_tablet_max_height":0,"ocean_custom_logo_mobile_max_height":0,"ocean_header_custom_menu":"0","ocean_menu_typo_font_family":"0","ocean_menu_typo_font_subset":"","ocean_menu_typo_font_size":0,"ocean_menu_typo_font_size_tablet":0,"ocean_menu_typo_font_size_mobile":0,"ocean_menu_typo_font_size_unit":"px","ocean_menu_typo_font_weight":"","ocean_menu_typo_font_weight_tablet":"","ocean_menu_typo_font_weight_mobile":"","ocean_menu_typo_transform":"","ocean_menu_typo_transform_tablet":"","ocean_menu_typo_transform_mobile":"","ocean_menu_typo_line_height":0,"ocean_menu_typo_line_height_tablet":0,"ocean_menu_typo_line_height_mobile":0,"ocean_menu_typo_line_height_unit":"","ocean_menu_typo_spacing":0,"ocean_menu_typo_spacing_tablet":0,"ocean_menu_typo_spacing_mobile":0,"ocean_menu_typo_spacing_unit":"","ocean_menu_link_color":"","ocean_menu_link_color_hover":"","ocean_menu_link_color_active":"","ocean_menu_link_background":"","ocean_menu_link_hover_background":"","ocean_menu_link_active_background":"","ocean_menu_social_links_bg":"","ocean_menu_social_hover_links_bg":"","ocean_menu_social_links_color":"","ocean_menu_social_hover_links_color":"","ocean_disable_title":"default","ocean_disable_heading":"default","ocean_post_title":"","ocean_post_subheading":"","ocean_post_title_style":"","ocean_post_title_background_color":"","ocean_post_title_background":0,"ocean_post_title_bg_image_position":"","ocean_post_title_bg_image_attachment":"","ocean_post_title_bg_image_repeat":"","ocean_post_title_bg_image_size":"","ocean_post_title_height":0,"ocean_post_title_bg_overlay":0.5,"ocean_post_title_bg_overlay_color":"","ocean_disable_breadcrumbs":"default","ocean_breadcrumbs_color":"","ocean_breadcrumbs_separator_color":"","ocean_breadcrumbs_links_color":"","ocean_breadcrumbs_links_hover_color":"","ocean_display_footer_widgets":"default","ocean_display_footer_bottom":"default","ocean_custom_footer_template":"0"},"product_brand":[],"product_cat":[23],"product_tag":[],"class_list":{"0":"post-5135","1":"product","2":"type-product","3":"status-publish","4":"has-post-thumbnail","6":"product_cat-zdrowe-przekaski","8":"entry","9":"has-media","11":"first","12":"instock","13":"shipping-taxable","14":"purchasable","15":"product-type-simple","16":"has-product-nav","17":"col","18":"span_1_of_3","19":"owp-content-left","20":"owp-thumbs-layout-horizontal","21":"owp-btn-normal","22":"owp-tabs-layout-horizontal","23":"has-no-thumbnails"},"_links":{"self":[{"href":"https:\/\/ecocorner.eu\/en\/wp-json\/wp\/v2\/product\/5135","targetHints":{"allow":["GET"]}}],"collection":[{"href":"https:\/\/ecocorner.eu\/en\/wp-json\/wp\/v2\/product"}],"about":[{"href":"https:\/\/ecocorner.eu\/en\/wp-json\/wp\/v2\/types\/product"}],"version-history":[{"count":1,"href":"https:\/\/ecocorner.eu\/en\/wp-json\/wp\/v2\/product\/5135\/revisions"}],"predecessor-version":[{"id":5137,"href":"https:\/\/ecocorner.eu\/en\/wp-json\/wp\/v2\/product\/5135\/revisions\/5137"}],"wp:featuredmedia":[{"embeddable":true,"href":"https:\/\/ecocorner.eu\/en\/wp-json\/wp\/v2\/media\/5136"}],"wp:attachment":[{"href":"https:\/\/ecocorner.eu\/en\/wp-json\/wp\/v2\/media?parent=5135"}],"wp:term":[{"taxonomy":"product_brand","embeddable":true,"href":"https:\/\/ecocorner.eu\/en\/wp-json\/wp\/v2\/product_brand?post=5135"},{"taxonomy":"product_cat","embeddable":true,"href":"https:\/\/ecocorner.eu\/en\/wp-json\/wp\/v2\/product_cat?post=5135"},{"taxonomy":"product_tag","embeddable":true,"href":"https:\/\/ecocorner.eu\/en\/wp-json\/wp\/v2\/product_tag?post=5135"}],"curies":[{"name":"wp","href":"https:\/\/api.w.org\/{rel}","templated":true}]}}