{"id":5144,"date":"2024-03-10T22:07:14","date_gmt":"2024-03-10T22:07:14","guid":{"rendered":"https:\/\/ecocorner.eu\/?post_type=product&#038;p=5144"},"modified":"2025-03-18T18:17:45","modified_gmt":"2025-03-18T18:17:45","slug":"ihrlich-ziola-szwedzkie-z-piolunem-marii-treben-902g","status":"publish","type":"product","link":"https:\/\/ecocorner.eu\/en\/product\/ihrlich-ziola-szwedzkie-z-piolunem-marii-treben-902g\/","title":{"rendered":"IHRLICH    Zio\u0142a Szwedzkie z pio\u0142unem   Marii Treben    90,2g"},"content":{"rendered":"<p><strong>Ingredients<\/strong><br \/>\n10 g pio\u0142unu, 5 g mirry, 0,2 g szafranu, 10 g li\u015bci senesu, 10 g kamfory, 10 g korzenia rabarbaru, 10 g korzeni kurkumy, 10 g manny, 10 g teriaku 5 g dziewi\u0119\u0107si\u0142u, 10 g korzeni arcydzi\u0119gla<\/p>\n<p><strong>cooking method<\/strong><br \/>\nZio\u0142a zala\u0107 2 x 0,7l w\u00f3dki zbo\u017cowej lub owocowej 38-40% w 2 litrowej butelce z szerok\u0105 szyjk\u0105 i pozostawi\u0107 w ciep\u0142ym lub s\u0142onecznym miejscu. Codziennie nalewk\u0105 wstrz\u0105sn\u0105\u0107 (r\u00f3wnie\u017c p\u00f3\u017aniej ju\u017c przed u\u017cyciem). Po 14 dniach nale\u017cy przecedzi\u0107 do mniejszych butelek i przechowywa\u0107 w ch\u0142odzie. Tak przygotowana nalewka mo\u017ce le\u017ce\u0107 nawet kilka lat. Im d\u0142u\u017cej stoi tym jest skuteczniejsza.<\/p>","protected":false},"excerpt":{"rendered":"<p><strong>PROPONOWANY SPOS\u00d3B U\u017bYCIA:<\/strong><\/p>\n<p><u>Zewn\u0119trznie<\/u><\/p>\n<p>Aby zrobi\u0107 ok\u0142ad bierze si\u0119, w zale\u017cno\u015bci od potrzeb, mniejszy lub wi\u0119kszy kawa\u0142ek waty lub ligniny, zwil\u017ca zio\u0142ami szwedzkimi i przyk\u0142ada na odpowiednie miejsce, kt\u00f3re wcze\u015bniej smaruje si\u0119 ma\u015bci\u0105 nagietkow\u0105 lub dowoln\u0105 t\u0142ust\u0105 ma\u015bci\u0105. Na to nak\u0142ada si\u0119 nieco wi\u0119kszy kawa\u0142ek folii plastykowej, aby nie pobrudzi\u0107 ubrania. Na koniec ok\u0142ad przymocowuje si\u0119 przy pomocy chusty, lub okr\u0119ca banda\u017cem.<\/p>\n<p>Ok\u0142ad powinien, w zale\u017cno\u015bci od rodzaju schorzenia, oddzia\u0142ywa\u0107 od 2 do 4 godzin. Je\u015bli pacjent dobrze znosi ok\u0142ad, mo\u017cna go r\u00f3wnie\u017c pozostawi\u0107 na noc. Po zdj\u0119ciu ok\u0142adu, sk\u00f3r\u0119 w miejscu jego przyk\u0142adania nale\u017cy popudrowa\u0107. Je\u015bli mimo to, u os\u00f3b o bardzo wra\u017cliwej sk\u00f3rze, wyst\u0105pi\u0105 podra\u017cnienia, nale\u017cy ok\u0142ad stosowa\u0107 kr\u00f3cej lub na jaki\u015b czas zupe\u0142nie z nich zrezygnowa\u0107.<\/p>","protected":false},"featured_media":5145,"template":"","meta":{"ocean_post_layout":"","ocean_both_sidebars_style":"","ocean_both_sidebars_content_width":0,"ocean_both_sidebars_sidebars_width":0,"ocean_sidebar":"0","ocean_second_sidebar":"0","ocean_disable_margins":"enable","ocean_add_body_class":"","ocean_shortcode_before_top_bar":"","ocean_shortcode_after_top_bar":"","ocean_shortcode_before_header":"","ocean_shortcode_after_header":"","ocean_has_shortcode":"","ocean_shortcode_after_title":"","ocean_shortcode_before_footer_widgets":"","ocean_shortcode_after_footer_widgets":"","ocean_shortcode_before_footer_bottom":"","ocean_shortcode_after_footer_bottom":"","ocean_display_top_bar":"default","ocean_display_header":"default","ocean_header_style":"","ocean_center_header_left_menu":"0","ocean_custom_header_template":"0","ocean_custom_logo":0,"ocean_custom_retina_logo":0,"ocean_custom_logo_max_width":0,"ocean_custom_logo_tablet_max_width":0,"ocean_custom_logo_mobile_max_width":0,"ocean_custom_logo_max_height":0,"ocean_custom_logo_tablet_max_height":0,"ocean_custom_logo_mobile_max_height":0,"ocean_header_custom_menu":"0","ocean_menu_typo_font_family":"0","ocean_menu_typo_font_subset":"","ocean_menu_typo_font_size":0,"ocean_menu_typo_font_size_tablet":0,"ocean_menu_typo_font_size_mobile":0,"ocean_menu_typo_font_size_unit":"px","ocean_menu_typo_font_weight":"","ocean_menu_typo_font_weight_tablet":"","ocean_menu_typo_font_weight_mobile":"","ocean_menu_typo_transform":"","ocean_menu_typo_transform_tablet":"","ocean_menu_typo_transform_mobile":"","ocean_menu_typo_line_height":0,"ocean_menu_typo_line_height_tablet":0,"ocean_menu_typo_line_height_mobile":0,"ocean_menu_typo_line_height_unit":"","ocean_menu_typo_spacing":0,"ocean_menu_typo_spacing_tablet":0,"ocean_menu_typo_spacing_mobile":0,"ocean_menu_typo_spacing_unit":"","ocean_menu_link_color":"","ocean_menu_link_color_hover":"","ocean_menu_link_color_active":"","ocean_menu_link_background":"","ocean_menu_link_hover_background":"","ocean_menu_link_active_background":"","ocean_menu_social_links_bg":"","ocean_menu_social_hover_links_bg":"","ocean_menu_social_links_color":"","ocean_menu_social_hover_links_color":"","ocean_disable_title":"default","ocean_disable_heading":"default","ocean_post_title":"","ocean_post_subheading":"","ocean_post_title_style":"","ocean_post_title_background_color":"","ocean_post_title_background":0,"ocean_post_title_bg_image_position":"","ocean_post_title_bg_image_attachment":"","ocean_post_title_bg_image_repeat":"","ocean_post_title_bg_image_size":"","ocean_post_title_height":0,"ocean_post_title_bg_overlay":0.5,"ocean_post_title_bg_overlay_color":"","ocean_disable_breadcrumbs":"default","ocean_breadcrumbs_color":"","ocean_breadcrumbs_separator_color":"","ocean_breadcrumbs_links_color":"","ocean_breadcrumbs_links_hover_color":"","ocean_display_footer_widgets":"default","ocean_display_footer_bottom":"default","ocean_custom_footer_template":"0"},"product_brand":[],"product_cat":[58,21],"product_tag":[],"class_list":{"0":"post-5144","1":"product","2":"type-product","3":"status-publish","4":"has-post-thumbnail","6":"product_cat-odrobaczanie-pasozyty","7":"product_cat-zdrowie","9":"entry","10":"has-media","12":"first","13":"instock","14":"shipping-taxable","15":"purchasable","16":"product-type-simple","17":"has-product-nav","18":"col","19":"span_1_of_3","20":"owp-content-left","21":"owp-thumbs-layout-horizontal","22":"owp-btn-normal","23":"owp-tabs-layout-horizontal","24":"has-no-thumbnails"},"_links":{"self":[{"href":"https:\/\/ecocorner.eu\/en\/wp-json\/wp\/v2\/product\/5144","targetHints":{"allow":["GET"]}}],"collection":[{"href":"https:\/\/ecocorner.eu\/en\/wp-json\/wp\/v2\/product"}],"about":[{"href":"https:\/\/ecocorner.eu\/en\/wp-json\/wp\/v2\/types\/product"}],"version-history":[{"count":1,"href":"https:\/\/ecocorner.eu\/en\/wp-json\/wp\/v2\/product\/5144\/revisions"}],"predecessor-version":[{"id":5146,"href":"https:\/\/ecocorner.eu\/en\/wp-json\/wp\/v2\/product\/5144\/revisions\/5146"}],"wp:featuredmedia":[{"embeddable":true,"href":"https:\/\/ecocorner.eu\/en\/wp-json\/wp\/v2\/media\/5145"}],"wp:attachment":[{"href":"https:\/\/ecocorner.eu\/en\/wp-json\/wp\/v2\/media?parent=5144"}],"wp:term":[{"taxonomy":"product_brand","embeddable":true,"href":"https:\/\/ecocorner.eu\/en\/wp-json\/wp\/v2\/product_brand?post=5144"},{"taxonomy":"product_cat","embeddable":true,"href":"https:\/\/ecocorner.eu\/en\/wp-json\/wp\/v2\/product_cat?post=5144"},{"taxonomy":"product_tag","embeddable":true,"href":"https:\/\/ecocorner.eu\/en\/wp-json\/wp\/v2\/product_tag?post=5144"}],"curies":[{"name":"wp","href":"https:\/\/api.w.org\/{rel}","templated":true}]}}