{"id":5156,"date":"2024-03-12T13:28:26","date_gmt":"2024-03-12T13:28:26","guid":{"rendered":"https:\/\/ecocorner.eu\/?post_type=product&#038;p=5156"},"modified":"2026-04-02T21:51:07","modified_gmt":"2026-04-02T21:51:07","slug":"dr-jacobs-witamina-d3-k2-forte-krople-20-ml","status":"publish","type":"product","link":"https:\/\/ecocorner.eu\/en\/product\/dr-jacobs-witamina-d3-k2-forte-krople-20-ml\/","title":{"rendered":"Dr Jacobs   Witamina   D3 K2 FORTE    krople  20 ml"},"content":{"rendered":"<p><strong>Jedna kropla Witaminy D<sub>3<\/sub>K<sub>2<\/sub> contains: <\/strong><\/p>\n<ul>\n<li><strong>50 \u03bcg (2000 j.m.) witaminy D<sub>3<\/sub> &#8211;<\/strong> 1000% referencyjnych warto\u015bci spo\u017cycia,<strong><br \/>\n<\/strong><\/li>\n<li><strong>50 \u03bcg witaminy K<sub>2<\/sub> (menachinon-7) &#8211; <\/strong>67% referencyjnych warto\u015bci spo\u017cycia.<strong><br \/>\n<\/strong><\/li>\n<\/ul>\n<p>Po\u0142\u0105czenie bardzo istotnych dla zdrowia witamin. Ich ilo\u015b\u0107 i proporcje s\u0105 dobrane tak, aby nie tylko prawid\u0142owo przyswaja\u0107 wap\u0144, ale i aby trafi\u0142 on w organizmie tam, gdzie powinien, np. do ko\u015bci, a nie do \u015bcianek naczy\u0144 krwiono\u015bnych.<\/p>\n<p><strong>Produkt \u0142atwoprzyswajalny:<\/strong> witaminy D i K ju\u017c rozpuszczone w wysokiej jako\u015bci, hipoalergicznym oleju MCT z kokosa.<\/p>\n<p>Vitamin D<sub>3<\/sub>\u00a0jest produkowana przez sk\u00f3r\u0119 wystawion\u0105 na odpowiedni\u0105 ilo\u015b\u0107 \u015bwiat\u0142a s\u0142onecznego. W przypadku niedostatecznej ilo\u015bci s\u0142o\u0144ca (w Polsce wi\u0119ksza cz\u0119\u015b\u0107 roku) lub opalania si\u0119 z u\u017cyciem kremu z filtrem, sama \u017cywno\u015b\u0107 nie zaspokoi zapotrzebowania na t\u0119 witamin\u0119. W naszym klimacie zbyt ma\u0142a poda\u017c witaminy D jest powszechna. Zdolno\u015b\u0107 wytwarzania witaminy D<sub>3<\/sub> przez sk\u00f3r\u0119 zmniejsza si\u0119 wraz z wiekiem.<\/p>\n<p>&nbsp;<\/p>\n<p>Vitamin K<sub>2<\/sub> w formie menachinonu-7 jest szczeg\u00f3lnie dobrze przyswajalna i ma d\u0142ugi okres stabilnego trwania. Witamina ta ma korzystny wp\u0142yw na krzepliwo\u015b\u0107 krwi. Wraz z witamin\u0105 D wsp\u00f3\u0142dzia\u0142a ona w tworzeniu i odnawianiu zdrowych mocnych ko\u015bci i z\u0119b\u00f3w.<\/p>\n<p>&nbsp;<\/p>\n<p>Sk\u0142adniki: olej MCT (\u015brednio\u0142a\u0144cuchowe tr\u00f3jglicerydy z oleju kokosowego, 89%), przeciwutleniacz: mieszanina tokoferoli (naturalna witamina E), cholekalcyferol (witamina D3), witamina K2 (all-trans menachinon-7).<\/p>\n<p>&nbsp;<\/p>\n<p><strong>MCT Oil<\/strong><\/p>\n<div>In products <strong>Dr. Jacob&#039;s<\/strong> with vitamins A, D, E and K in the liquid, we use the fraction <strong>MCT fatty acids<\/strong>derived from coconut oil. Unlike coconut oil itself, it is rich in saturated fatty acids, which, as a food product, are not good for health, <strong>medium chain fatty acids MCT <\/strong>they have many health and dietary benefits, many of which are scientifically proven. One of them is that\u00a0<strong>MCT<\/strong>\u00a0No<strong>\u00a0<\/strong>it negatively affects the blood lipid profile and does not increase the risk of cardiovascular diseases.<\/div>\n<div><\/div>\n<div>Application <strong>MCT<\/strong> it has a very beneficial effect on the shelf life of vitamins dissolved in this oil. Compared to other oils, <strong>MCT<\/strong> it also has a much greater resistance to rancidity. Thanks to this, vitamins <strong>Dr. Jacob&#039;s<\/strong> they can have a maximum shelf life. <strong>MCT Oil<\/strong> nie ma smaku.<\/div>\n<div><img fetchpriority=\"high\" decoding=\"async\" src=\"https:\/\/sklep.drjacobs.pl\/userdata\/public\/assets\/Produkty\/Witamina%20D3K2%20FORTE%20%20Dr%20Jacobs%202.jpg\" alt=\"Witamina D3K2 Forte Dr Jacobs\" width=\"300\" height=\"300\" \/><\/div>\n<p>Porcja zalecana do spo\u017cycia w ci\u0105gu dnia dla doros\u0142ych zdrowych:<\/p>\n<p>\u2013 osoby doros\u0142e zdrowe do 75. roku \u017cycia, kobiety w ci\u0105\u017cy i karmi\u0105ce, osoby pracuj\u0105ce w nocy lub z ciemn\u0105 karnacj\u0105 sk\u00f3ry, oty\u0142e (BMI 30+ kg\/m2) \u2013 kropla;<\/p>\n<p>\u2013 wy\u0142\u0105cznie doro\u015bli zdrowi powy\u017cej 75. roku \u017cycia \u2013 2 krople.<\/p>\n<p>Podawa\u0107 pod j\u0119zyk lub na \u0142y\u017ceczce i rozprowadzi\u0107 j\u0119zykiem po jamie ustnej.<\/p>\n<p class=\"font_7\">Okres ci\u0105\u017cy i karmienia &#8211; przyjmowanie produkt\u00f3w z witamin\u0105 D podczas ci\u0105\u017cy oraz karmienia powinno by\u0107 skonsultowane z lekarzem.<\/p>\n<p>The content of biologically active vitamin E can cause a slight scratching sensation in the throat in some people with mucosal irritation.<\/p>\n<p>&nbsp;<\/p>\n<p><img decoding=\"async\" src=\"https:\/\/sklep.drjacobs.pl\/userdata\/public\/assets\/Produkty\/Witamina%20D3K2%20Forte%20Dr%20Jacobs%20tabela.jpg\" alt=\"Witamina D3K2 Forte Dr Jacobs tabela\" width=\"239\" height=\"276\" \/><\/p>\n<p>1000% zalecanego dziennego spo\u017cycia nie oznacza przedawkowania. 50\u03bcg jest bardzo bezpieczn\u0105 porcj\u0105.<\/p>\n<p>Nadmierna poda\u017c witaminy D mo\u017cliwa jest nie przez nadmiern\u0105 ekspozycj\u0119 na s\u0142o\u0144ce, lecz przez nadmierne i d\u0142ugotrwa\u0142e (przez wiele miesi\u0119cy) spo\u017cycie doustne, g\u0142\u00f3wnie suplement\u00f3w z witamin\u0105 D.<\/p>\n<p><strong>Note: <\/strong>The product should not be consumed by people taking anticoagulants containing vitamin K antagonists (for example, Warfarin and acenocoumarol). Such people should consult their doctor before taking the product!<\/p>\n<p>Do not exceed the recommended daily intake.<\/p>\n<p>Przechowywa\u0107 w spos\u00f3b niedost\u0119pny dla ma\u0142ych dzieci, w temperaturze 6-25\u00b0C z dala od promieni s\u0142onecznycch.<\/p>\n<p>Suplement diety nie mo\u017ce by\u0107 stosowany jako substytut (zamiennik) zr\u00f3wnowa\u017conej diety. Wa\u017cna jest zr\u00f3wnowa\u017cona dieta i zdrowy tryb \u017cycia.<\/p>\n<p>&nbsp;<\/p>","protected":false},"excerpt":{"rendered":"<p>Wysokiej jako\u015bci witaminy D<sub>3<\/sub> i K<sub>2<\/sub> (menachinon-7, MK-7, MenaQ-7) rozpuszczone w hipoalergicznym oleju MCT z kokosa.<\/p>\n<p><strong>Vitamin D<sub>3<\/sub><\/strong> <strong>Dr. Jacob&#039;s<\/strong> it is obtained from lanolin made from sheep&#039;s wool (extracted by UV irradiation).<\/p>\n<p><strong>Vitamin K<sub>2<\/sub><\/strong> <strong>Dr. Jacob&#039;s<\/strong> jest szczeg\u00f3lna, gdy\u017c zawiera najwy\u017csz\u0105 ilo\u015b\u0107 czystego menachinonu-7 (MK-7), kt\u00f3ry ma bardzo wysok\u0105 przyswajalno\u015b\u0107 oraz bioaktywno\u015b\u0107.<\/p>\n<p>Nie ma w niej alergen\u00f3w oraz zanieczyszcze\u0144 GMO.<\/p>\n<p><strong>Produkt wegetaria\u0144ski.<\/strong><\/p>\n<p><strong>Produkt \u0142atwoprzyswajalny:<\/strong> witaminy D i K ju\u017c rozpuszczone w wysokiej jako\u015bci, hipoalergicznym oleju MCT z kokosa.<\/p>\n<p>&nbsp;<\/p>\n<p>Witaminy D<sub>3<\/sub> i K<sub>2<\/sub> maj\u0105 naukowo udowodniony korzystny wp\u0142yw na prawid\u0142owe funkcjonowanie organizmu:<\/p>\n<p>&nbsp;<\/p>\n<p class=\"Pa7\">Vitamin D<sub>3<\/sub>:<\/p>\n<p class=\"Pa7\">- for the proper functioning of the immune system,<\/p>\n<p class=\"Pa7\">- to maintain healthy bones and teeth,<\/p>\n<p>- promotes normal bone growth and development in children,<\/p>\n<p class=\"Pa7\">- to maintain normal muscle function,<\/p>\n<p class=\"Pa7\">- for good absorption of calcium and phosphorus,<\/p>\n<p>- for normal blood calcium levels,<\/p>\n<p>- participates in proper cell division.<\/p>\n<p>&nbsp;<\/p>\n<p>Vitamin K<sub>2<\/sub> dla:<\/p>\n<p>&#8211; prawid\u0142owej krzepliwo\u015bci krwi,<\/p>\n<p>&#8211; bierze udzia\u0142 w budowie ko\u015bci i z\u0119b\u00f3w.<\/p>\n<p>&nbsp;<\/p>","protected":false},"featured_media":5158,"template":"","meta":{"ocean_post_layout":"","ocean_both_sidebars_style":"","ocean_both_sidebars_content_width":0,"ocean_both_sidebars_sidebars_width":0,"ocean_sidebar":"0","ocean_second_sidebar":"0","ocean_disable_margins":"enable","ocean_add_body_class":"","ocean_shortcode_before_top_bar":"","ocean_shortcode_after_top_bar":"","ocean_shortcode_before_header":"","ocean_shortcode_after_header":"","ocean_has_shortcode":"","ocean_shortcode_after_title":"","ocean_shortcode_before_footer_widgets":"","ocean_shortcode_after_footer_widgets":"","ocean_shortcode_before_footer_bottom":"","ocean_shortcode_after_footer_bottom":"","ocean_display_top_bar":"default","ocean_display_header":"default","ocean_header_style":"","ocean_center_header_left_menu":"0","ocean_custom_header_template":"0","ocean_custom_logo":0,"ocean_custom_retina_logo":0,"ocean_custom_logo_max_width":0,"ocean_custom_logo_tablet_max_width":0,"ocean_custom_logo_mobile_max_width":0,"ocean_custom_logo_max_height":0,"ocean_custom_logo_tablet_max_height":0,"ocean_custom_logo_mobile_max_height":0,"ocean_header_custom_menu":"0","ocean_menu_typo_font_family":"0","ocean_menu_typo_font_subset":"","ocean_menu_typo_font_size":0,"ocean_menu_typo_font_size_tablet":0,"ocean_menu_typo_font_size_mobile":0,"ocean_menu_typo_font_size_unit":"px","ocean_menu_typo_font_weight":"","ocean_menu_typo_font_weight_tablet":"","ocean_menu_typo_font_weight_mobile":"","ocean_menu_typo_transform":"","ocean_menu_typo_transform_tablet":"","ocean_menu_typo_transform_mobile":"","ocean_menu_typo_line_height":0,"ocean_menu_typo_line_height_tablet":0,"ocean_menu_typo_line_height_mobile":0,"ocean_menu_typo_line_height_unit":"","ocean_menu_typo_spacing":0,"ocean_menu_typo_spacing_tablet":0,"ocean_menu_typo_spacing_mobile":0,"ocean_menu_typo_spacing_unit":"","ocean_menu_link_color":"","ocean_menu_link_color_hover":"","ocean_menu_link_color_active":"","ocean_menu_link_background":"","ocean_menu_link_hover_background":"","ocean_menu_link_active_background":"","ocean_menu_social_links_bg":"","ocean_menu_social_hover_links_bg":"","ocean_menu_social_links_color":"","ocean_menu_social_hover_links_color":"","ocean_disable_title":"default","ocean_disable_heading":"default","ocean_post_title":"","ocean_post_subheading":"","ocean_post_title_style":"","ocean_post_title_background_color":"","ocean_post_title_background":0,"ocean_post_title_bg_image_position":"","ocean_post_title_bg_image_attachment":"","ocean_post_title_bg_image_repeat":"","ocean_post_title_bg_image_size":"","ocean_post_title_height":0,"ocean_post_title_bg_overlay":0.5,"ocean_post_title_bg_overlay_color":"","ocean_disable_breadcrumbs":"default","ocean_breadcrumbs_color":"","ocean_breadcrumbs_separator_color":"","ocean_breadcrumbs_links_color":"","ocean_breadcrumbs_links_hover_color":"","ocean_display_footer_widgets":"default","ocean_display_footer_bottom":"default","ocean_custom_footer_template":"0"},"product_brand":[],"product_cat":[22],"product_tag":[],"class_list":{"0":"post-5156","1":"product","2":"type-product","3":"status-publish","4":"has-post-thumbnail","6":"product_cat-suplementy-i-witaminy","8":"entry","9":"has-media","11":"first","12":"outofstock","13":"shipping-taxable","14":"purchasable","15":"product-type-simple","16":"has-product-nav","17":"col","18":"span_1_of_3","19":"owp-content-left","20":"owp-thumbs-layout-horizontal","21":"owp-btn-normal","22":"owp-tabs-layout-horizontal","23":"has-no-thumbnails"},"_links":{"self":[{"href":"https:\/\/ecocorner.eu\/en\/wp-json\/wp\/v2\/product\/5156","targetHints":{"allow":["GET"]}}],"collection":[{"href":"https:\/\/ecocorner.eu\/en\/wp-json\/wp\/v2\/product"}],"about":[{"href":"https:\/\/ecocorner.eu\/en\/wp-json\/wp\/v2\/types\/product"}],"version-history":[{"count":1,"href":"https:\/\/ecocorner.eu\/en\/wp-json\/wp\/v2\/product\/5156\/revisions"}],"predecessor-version":[{"id":5159,"href":"https:\/\/ecocorner.eu\/en\/wp-json\/wp\/v2\/product\/5156\/revisions\/5159"}],"wp:featuredmedia":[{"embeddable":true,"href":"https:\/\/ecocorner.eu\/en\/wp-json\/wp\/v2\/media\/5158"}],"wp:attachment":[{"href":"https:\/\/ecocorner.eu\/en\/wp-json\/wp\/v2\/media?parent=5156"}],"wp:term":[{"taxonomy":"product_brand","embeddable":true,"href":"https:\/\/ecocorner.eu\/en\/wp-json\/wp\/v2\/product_brand?post=5156"},{"taxonomy":"product_cat","embeddable":true,"href":"https:\/\/ecocorner.eu\/en\/wp-json\/wp\/v2\/product_cat?post=5156"},{"taxonomy":"product_tag","embeddable":true,"href":"https:\/\/ecocorner.eu\/en\/wp-json\/wp\/v2\/product_tag?post=5156"}],"curies":[{"name":"wp","href":"https:\/\/api.w.org\/{rel}","templated":true}]}}