{"id":5160,"date":"2024-03-12T13:35:51","date_gmt":"2024-03-12T13:35:51","guid":{"rendered":"https:\/\/ecocorner.eu\/?post_type=product&#038;p=5160"},"modified":"2026-04-10T20:16:45","modified_gmt":"2026-04-10T20:16:45","slug":"dr-jacobs-witamina-b12-forte-krople-20-ml","status":"publish","type":"product","link":"https:\/\/ecocorner.eu\/en\/product\/dr-jacobs-witamina-b12-forte-krople-20-ml\/","title":{"rendered":"Dr Jacobs   Witamina  B12  FORTE  krople     20 ml"},"content":{"rendered":"<div class=\"centercol s-grid-6\">\n<div class=\"product-modules\">\n<div id=\"box_description\" class=\"box tab\">\n<div class=\"innerbox\">\n<div class=\"resetcss\">\n<div class=\"innerbox\">\n<div class=\"resetcss\">\n<div class=\"innerbox\">\n<div class=\"resetcss\">\n<p class=\"font_8\">Trudne wch\u0142anianie \u2013 jak\u0105 witamin\u0119 B12 wybra\u0107<\/p>\n<p class=\"font_8\">Wch\u0142anianie B12 z przewodu pokarmowego w du\u017cym stopniu zale\u017cy od stanu \u017co\u0142\u0105dka oraz sprawno\u015bci wch\u0142aniania. To, jak wykorzystamy witamin\u0119 B12 i czy j\u0105 w og\u00f3le przyswoimy, zale\u017cy od tego, czy przetrwa ona dzia\u0142anie enzym\u00f3w trawiennych. \u017bo\u0142\u0105dek wytwarza specjalny czynnik Castle\u2019a, kt\u00f3ry ma chroni\u0107 witamin\u0119 B12 przed zniszczeniem enzymami. Je\u017celi wytwarzanie tego czynnika jest prawid\u0142owe, B12 zostanie przyswojona; je\u017celi nie \u2013 nie b\u0119dzie z niej po\u017cytku. To dlatego niekt\u00f3re osoby, pomimo spo\u017cywania du\u017cej ilo\u015bci B12, maj\u0105 jej ci\u0105g\u0142e niedobory.<\/p>\n<p class=\"font_8\">Je\u017celi produkt z witamin\u0105 B12 ma form\u0119 tabletek, kapsu\u0142ek lub p\u0142ynu przeznaczonego do po\u0142ykania, wch\u0142anianie witaminy jest zale\u017cne od stanu \u017co\u0142\u0105dka i jelit. Nie ma pewno\u015bci ile si\u0119 jej wch\u0142onie lub czy w og\u00f3le si\u0119 wch\u0142onie.<\/p>\n<p class=\"font_8\">Z uwagi na powy\u017csze, produkty Dr. Jacob\u2019s z witamin\u0105 B12 s\u0105 pomy\u015blane tak, aby witamina wch\u0142ania\u0142a si\u0119 ju\u017c w ustach i jej przyswajanie B12 by\u0142o niezale\u017cne od stanu \u017co\u0142\u0105dka oraz czynnika Castle`a.<\/p>\n<p>&nbsp;<\/p>\n<p class=\"font_8\">B12 FORTE to krople podj\u0119zykowe \u2013 witamina wch\u0142aniana jest ju\u017c w ustach bezpo\u015brednio do krwiobiegu i jest natychmiast metabolizowana przez organizm. Jest bioaktywna i ma d\u0142ugi okres stabilnego trwania.<\/p>\n<p class=\"font_7\">B12 FORTE zawiera witamin\u0119 B12, kt\u00f3ra przyczynia si\u0119 do nast\u0119puj\u0105cych prawid\u0142owych funkcji organizmu:<\/p>\n<ul class=\"font_7\">\n<li>\n<p class=\"font_7\">Energy production in cells (energy exchange)<\/p>\n<\/li>\n<li>\n<p class=\"font_7\">Reducing feelings of fatigue<\/p>\n<\/li>\n<li>\n<p class=\"font_7\">- The work of the nervous system and psychological functions<\/p>\n<\/li>\n<li>\n<p class=\"font_7\">Work of the immune system, the formation of red blood cells<\/p>\n<\/li>\n<\/ul>\n<p class=\"font_7\">B12 supplements are very important for everyone, in particular:<\/p>\n<ul class=\"font_7\">\n<li>\n<p class=\"font_7\">vegetarians and vegans<\/p>\n<\/li>\n<li>\n<p class=\"font_7\">people over 50 years old,<\/p>\n<\/li>\n<li>\n<p class=\"font_7\">pregnant women and during lactation,<\/p>\n<\/li>\n<li>\n<p class=\"font_7\">people with reduced ability to absorb vitamin B12,<\/p>\n<\/li>\n<li>\n<p class=\"font_7\">when dieting with a low content of this vitamin.<\/p>\n<\/li>\n<\/ul>\n<p class=\"font_7\">Porcja zalecana do spo\u017cycia w ci\u0105gu dnia: kropla pod j\u0119zyk.<\/p>\n<p class=\"font_7\">Sk\u0142adniki: woda, gliceryna, regulator kwasowo\u015bci \u2013 kwas cytrynowy, naturalny aromat, substancja konserwuj\u0105ca \u2013 sorbinian potasu, witamina B12 (metylokobalamina, hydroksykobalamina).<\/p>\n<\/div>\n<\/div>\n<p class=\"font_7\"><img fetchpriority=\"high\" decoding=\"async\" src=\"https:\/\/sklepy-drjacobs.pl\/userdata\/public\/assets\/Produkty zdjecia\/B12%20FORTE%2020%20ml%20tabela.jpg\" alt=\"B12 Forte Dr Jacobs tabela\" width=\"249\" height=\"203\" \/><\/p>\n<p><strong>Do not exceed the recommended daily intake.<\/strong> Keep out of reach of small children. A dietary supplement cannot be used as a substitute for a balanced diet. It is important to have a balanced diet and a healthy lifestyle.<\/p>\n<p class=\"font_7\">\n<\/div>\n<\/div>\n<\/div>\n<\/div>\n<\/div>\n<\/div>\n<\/div>\n<div class=\"rightcol large s-grid-3\"><\/div>","protected":false},"excerpt":{"rendered":"<p>B12 <em>FORTE <\/em>20 ml<\/p>\n<div class=\"innerbox\">\n<div class=\"resetcss\">\n<p>food supplement<\/p>\n<p>zawarto\u015b\u0107 netto: 20 ml<\/p>\n<p>630 porcji po 100 mcg B12<\/p>\n<p><strong>M<\/strong><strong>etylokobalamina<\/strong> i <strong>hydroksykobalamina<\/strong> dla energii, sprawnej pracy uk\u0142adu nerwowego, funkcji psychologicznych oraz odporno\u015bci.<\/p>\n<p>produkt wega\u0144ski<\/p>\n<p class=\"font_7\">B12 FORTE zawiera wega\u0144sk\u0105 form\u0119 B12 w najczystszej, w pe\u0142ni bioaktywnej postaci metylokobalaminy oraz hydroksykobalaminy.<\/p>\n<p class=\"font_8\">Produkt w formie kropli podj\u0119zykowych, kt\u00f3re wch\u0142aniaj\u0105 si\u0119 ju\u017c w ustach.<\/p>\n<p class=\"font_7\">Jedna kropla B12 FORTE zawiera a\u017c 100 mcg witaminy B12.<\/p>\n<p class=\"font_7\">B12 u\u017cyta w B12 FORTE Dr. Jacob&#8217;s jest wytwarzana w Europie (wi\u0119kszo\u015b\u0107 B12 dost\u0119pnej na rynku pochodzi z Chin).<\/p>\n<\/div>\n<\/div>","protected":false},"featured_media":5161,"template":"","meta":{"ocean_post_layout":"","ocean_both_sidebars_style":"","ocean_both_sidebars_content_width":0,"ocean_both_sidebars_sidebars_width":0,"ocean_sidebar":"0","ocean_second_sidebar":"0","ocean_disable_margins":"enable","ocean_add_body_class":"","ocean_shortcode_before_top_bar":"","ocean_shortcode_after_top_bar":"","ocean_shortcode_before_header":"","ocean_shortcode_after_header":"","ocean_has_shortcode":"","ocean_shortcode_after_title":"","ocean_shortcode_before_footer_widgets":"","ocean_shortcode_after_footer_widgets":"","ocean_shortcode_before_footer_bottom":"","ocean_shortcode_after_footer_bottom":"","ocean_display_top_bar":"default","ocean_display_header":"default","ocean_header_style":"","ocean_center_header_left_menu":"0","ocean_custom_header_template":"0","ocean_custom_logo":0,"ocean_custom_retina_logo":0,"ocean_custom_logo_max_width":0,"ocean_custom_logo_tablet_max_width":0,"ocean_custom_logo_mobile_max_width":0,"ocean_custom_logo_max_height":0,"ocean_custom_logo_tablet_max_height":0,"ocean_custom_logo_mobile_max_height":0,"ocean_header_custom_menu":"0","ocean_menu_typo_font_family":"0","ocean_menu_typo_font_subset":"","ocean_menu_typo_font_size":0,"ocean_menu_typo_font_size_tablet":0,"ocean_menu_typo_font_size_mobile":0,"ocean_menu_typo_font_size_unit":"px","ocean_menu_typo_font_weight":"","ocean_menu_typo_font_weight_tablet":"","ocean_menu_typo_font_weight_mobile":"","ocean_menu_typo_transform":"","ocean_menu_typo_transform_tablet":"","ocean_menu_typo_transform_mobile":"","ocean_menu_typo_line_height":0,"ocean_menu_typo_line_height_tablet":0,"ocean_menu_typo_line_height_mobile":0,"ocean_menu_typo_line_height_unit":"","ocean_menu_typo_spacing":0,"ocean_menu_typo_spacing_tablet":0,"ocean_menu_typo_spacing_mobile":0,"ocean_menu_typo_spacing_unit":"","ocean_menu_link_color":"","ocean_menu_link_color_hover":"","ocean_menu_link_color_active":"","ocean_menu_link_background":"","ocean_menu_link_hover_background":"","ocean_menu_link_active_background":"","ocean_menu_social_links_bg":"","ocean_menu_social_hover_links_bg":"","ocean_menu_social_links_color":"","ocean_menu_social_hover_links_color":"","ocean_disable_title":"default","ocean_disable_heading":"default","ocean_post_title":"","ocean_post_subheading":"","ocean_post_title_style":"","ocean_post_title_background_color":"","ocean_post_title_background":0,"ocean_post_title_bg_image_position":"","ocean_post_title_bg_image_attachment":"","ocean_post_title_bg_image_repeat":"","ocean_post_title_bg_image_size":"","ocean_post_title_height":0,"ocean_post_title_bg_overlay":0.5,"ocean_post_title_bg_overlay_color":"","ocean_disable_breadcrumbs":"default","ocean_breadcrumbs_color":"","ocean_breadcrumbs_separator_color":"","ocean_breadcrumbs_links_color":"","ocean_breadcrumbs_links_hover_color":"","ocean_display_footer_widgets":"default","ocean_display_footer_bottom":"default","ocean_custom_footer_template":"0"},"product_brand":[],"product_cat":[22],"product_tag":[],"class_list":{"0":"post-5160","1":"product","2":"type-product","3":"status-publish","4":"has-post-thumbnail","6":"product_cat-suplementy-i-witaminy","8":"entry","9":"has-media","11":"first","12":"instock","13":"shipping-taxable","14":"purchasable","15":"product-type-simple","16":"has-product-nav","17":"col","18":"span_1_of_3","19":"owp-content-left","20":"owp-thumbs-layout-horizontal","21":"owp-btn-normal","22":"owp-tabs-layout-horizontal","23":"has-no-thumbnails"},"_links":{"self":[{"href":"https:\/\/ecocorner.eu\/en\/wp-json\/wp\/v2\/product\/5160","targetHints":{"allow":["GET"]}}],"collection":[{"href":"https:\/\/ecocorner.eu\/en\/wp-json\/wp\/v2\/product"}],"about":[{"href":"https:\/\/ecocorner.eu\/en\/wp-json\/wp\/v2\/types\/product"}],"version-history":[{"count":2,"href":"https:\/\/ecocorner.eu\/en\/wp-json\/wp\/v2\/product\/5160\/revisions"}],"predecessor-version":[{"id":5166,"href":"https:\/\/ecocorner.eu\/en\/wp-json\/wp\/v2\/product\/5160\/revisions\/5166"}],"wp:featuredmedia":[{"embeddable":true,"href":"https:\/\/ecocorner.eu\/en\/wp-json\/wp\/v2\/media\/5161"}],"wp:attachment":[{"href":"https:\/\/ecocorner.eu\/en\/wp-json\/wp\/v2\/media?parent=5160"}],"wp:term":[{"taxonomy":"product_brand","embeddable":true,"href":"https:\/\/ecocorner.eu\/en\/wp-json\/wp\/v2\/product_brand?post=5160"},{"taxonomy":"product_cat","embeddable":true,"href":"https:\/\/ecocorner.eu\/en\/wp-json\/wp\/v2\/product_cat?post=5160"},{"taxonomy":"product_tag","embeddable":true,"href":"https:\/\/ecocorner.eu\/en\/wp-json\/wp\/v2\/product_tag?post=5160"}],"curies":[{"name":"wp","href":"https:\/\/api.w.org\/{rel}","templated":true}]}}