{"id":5163,"date":"2024-03-12T13:39:49","date_gmt":"2024-03-12T13:39:49","guid":{"rendered":"https:\/\/ecocorner.eu\/?post_type=product&#038;p=5163"},"modified":"2025-10-28T11:25:42","modified_gmt":"2025-10-28T11:25:42","slug":"dr-jacobs-witamina-slonca-d3-baby-krople-20-ml","status":"publish","type":"product","link":"https:\/\/ecocorner.eu\/en\/product\/dr-jacobs-witamina-slonca-d3-baby-krople-20-ml\/","title":{"rendered":"Dr Jacobs   Witamina S\u0142o\u0144ca D3  Baby  krople  20 ml"},"content":{"rendered":"<p><strong>Vitamin D has a scientifically proven beneficial effect on health:<\/strong><\/p>\n<p class=\"Pa7\">- for the proper functioning of the immune system,<\/p>\n<p class=\"Pa7\">- to maintain healthy bones and teeth,<\/p>\n<p>- promotes normal bone growth and development in children,<\/p>\n<p class=\"Pa7\">- to maintain normal muscle function,<\/p>\n<p class=\"Pa7\">- for good absorption of calcium and phosphorus,<\/p>\n<p>- for normal blood calcium levels,<\/p>\n<p>- participates in proper cell division.<\/p>\n<p>&nbsp;<\/p>\n<p><strong>Jedna kropla Witamina s\u0142o\u0144ca D3 <em>Baby<\/em> zawiera 400 j.m. witaminy D<sub>3<\/sub>. <\/strong><\/p>\n<p>&nbsp;<\/p>\n<p><strong>Ingredients: <\/strong>olej MCT (\u015brednio\u0142a\u0144cuchowe tr\u00f3jglicerydy z oleju kokosowego), przeciwutleniacz: tokoferol (naturalna witamina E), cholekalcyferol (witamina D3)*.<\/p>\n<p><em><strong>* Produkt odpowiedni dl<\/strong><\/em><em><strong>a wegetarian<\/strong> &#8211; w przeciwie\u0144stwie do innych produkt\u00f3w z witamin\u0105 D<sub>3<\/sub>, ta zawarta w produkcie<strong> Witamina s\u0142o\u0144ca D3 Baby<\/strong> pozyskiwana jest z lanoliny z we\u0142ny \u017cywych owiec.\u00a0<\/em><\/p>\n<p>&nbsp;<\/p>\n<p><strong>MCT Oil<\/strong><\/p>\n<div>In products <strong>Dr. Jacob&#039;s<\/strong> with vitamins A, D, E and K in the liquid, we use the fraction <strong>MCT fatty acids<\/strong>derived from coconut oil. Unlike coconut oil itself, it is rich in saturated fatty acids, which, as a food product, are not good for health, <strong>medium chain fatty acids MCT <\/strong>they have many health and dietary benefits, many of which are scientifically proven. One of them is that\u00a0<strong>MCT<\/strong>\u00a0No<strong>\u00a0<\/strong>it negatively affects the blood lipid profile and does not increase the risk of cardiovascular diseases.<\/div>\n<div><\/div>\n<div>Application <strong>MCT<\/strong> it has a very beneficial effect on the shelf life of vitamins dissolved in this oil. Compared to other oils, <strong>MCT<\/strong> it also has a much greater resistance to rancidity. Thanks to this, vitamins <strong>Dr. Jacob&#039;s<\/strong> mog\u0105 mie\u0107 przed\u0142u\u017cony termin przydatno\u015bci do spo\u017cycia. <strong>MCT Oil<\/strong> it has no taste, which is important if you give vitamins to young children.<\/div>\n<p>&nbsp;<\/p>\n<p>Do buteleczki <strong>Sun Vitamin D3 <em>Baby <\/em><\/strong>do\u0142\u0105czona jest nakr\u0119tka z praktyczn\u0105 pipetk\u0105 u\u0142atwiaj\u0105c\u0105 precyzyjne porcjowanie.<\/p>\n<p>&nbsp;<\/p>\n<p>&nbsp;<\/p>\n<p><strong>Recommended daily intake:<\/strong><\/p>\n<p>\u2013 kropla \u2013 niemowl\u0119ta i dzieci do lat 7;<\/p>\n<p>\u2013 2 krople \u2013 dzieci\u00a0 8 &#8211; 18 lat;<\/p>\n<p>\u2013 5 kropli \u2013 doro\u015bli zdrowi do 75. lat;<\/p>\n<p>\u2013 10 kropli \u2013 wy\u0142\u0105cznie doro\u015bli zdrowi powy\u017cej 75. lat.<\/p>\n<p>Podawa\u0107 do ust, pod j\u0119zyk lub na \u0142y\u017ceczce.<\/p>\n<p><strong>Sun Vitamin D3 <em>Baby<\/em><\/strong> nie powinna by\u0107 przyjmowana razem z innymi produktami zawieraj\u0105cymi witamin\u0119 D.<\/p>\n<p>&nbsp;<\/p>\n<p><strong><img fetchpriority=\"high\" decoding=\"async\" src=\"https:\/\/sklepy-drjacobs.pl\/userdata\/public\/assets\/Produkty zdjecia\/Witamina%20S%C5%82o%C5%84ca%20D3%20Baby%20Dr%20Jacobs%20tabela.jpg\" alt=\"Witamina s\u0142o\u0144ca D3 Baby Dr Jacobs tabela\" width=\"270\" height=\"427\" \/><\/strong><\/p>\n<p>Do not exceed the recommended daily intake.<\/p>\n<p>Przechowywa\u0107 w spos\u00f3b niedost\u0119pny dla ma\u0142ych dzieci, w temperaturze 6-25\u00b0C z dala od promieni s\u0142onecznych. Po otwarciu zu\u017cy\u0107 w ci\u0105gu 6 miesi\u0119cy.<\/p>\n<p>Suplement diety nie mo\u017ce by\u0107 stosowany jako substytut (zamiennik) zr\u00f3wnowa\u017conej diety. Wa\u017cna jest zr\u00f3wnowa\u017cona dieta i zdrowy tryb \u017cycia.<\/p>\n<p>&nbsp;<\/p>\n<p><strong>Wyniki testowania <\/strong><\/p>\n<p><strong>Witaminy S\u0142o\u0144ca D3 Dr. Jacob&#8217;s<\/strong><\/p>\n<p>&nbsp;<\/p>\n<p><strong>Ponad 100 mam<\/strong> wzi\u0119\u0142o udzia\u0142 w testowaniu naszego produktu. Witamina s\u0142o\u0144ca D3 bardzo im si\u0119 spodoba\u0142a. Doceniony zosta\u0142 prosty sk\u0142ad, brak zb\u0119dnych dodatk\u00f3w i brak smaku, co bardzo u\u0142atwia podawanie witaminy nawet niemowl\u0119tom. Bardzo spodoba\u0142a si\u0119 pipeta, kt\u00f3ra umo\u017cliwia \u0142atwe oraz higieniczne dozowanie produktu.<\/p>\n<ul>\n<li>100% mam testuj\u0105cych <strong>witamin\u0119 s\u0142o\u0144ca D3 Dr. Jacob\u2019s<\/strong> uwa\u017ca, \u017ce suplementacja jej jest wa\u017cna dla zdrowia zar\u00f3wno u dzieci jak i u doros\u0142ych.<\/li>\n<li>98% mam, podaj\u0105c <strong>witamin\u0119 s\u0142o\u0144ca D3 Dr. Jacob\u2019s <\/strong>pipet\u0105, uwa\u017ca t\u0119 form\u0119 aplikacji za higieniczn\u0105 i bardzo bezpieczn\u0105.<\/li>\n<li>98% mam poleci\u0142oby <strong>witamin\u0119 s\u0142o\u0144ca D3 Dr. Jacob\u2019s<\/strong> innym rodzicom.<\/li>\n<\/ul>\n<p><strong>Oto niekt\u00f3re z opinii mam testuj\u0105cych Witamin\u0119 s\u0142o\u0144ca D3 Dr. Jacob&#8217;s<\/strong><\/p>\n<p>&#8222;Po witaminie z innych firm c\u00f3reczka mia\u0142a problemy brzuszkowe, a po tej nic takiego si\u0119 nie dzieje. Szczerze polecam!\u201d<\/p>\n<p><cite>Daria<\/cite><\/p>\n<p>&#8222;Bardzo wygodna forma podania. Stosujemy ca\u0142\u0105 rodzin\u0105. Smak, w\u0142a\u015bciwo\u015bci i wydajno\u015b\u0107 godna na\u015bladowania. Polecamy bardzo :-)\u201d<\/p>\n<p><cite>Karolina<\/cite><\/p>\n<p>&#8222;Nic doda\u0107, nic uj\u0105\u0107! \u015awietny sk\u0142ad zamkni\u0119ty w jednej ma\u0142ej kropelce o u\u0142atwionym dawkowaniu poprzez fiolk\u0119 z pipet\u0105. Na pewno zostanie z nami na d\u0142ugi, d\u0142ugi czas i b\u0119dziemy poleca\u0107 t\u0119 drogocenn\u0105 witamin\u0119.\u201d<\/p>\n<p><cite>Monika<\/cite><\/p>","protected":false},"excerpt":{"rendered":"<p><strong>Sun Vitamin D3 <em>Baby<\/em><\/strong> <strong>Dr. Jacob&#039;s<\/strong> to produkt z najwy\u017cszej jako\u015bci witamin\u0105 D3 ju\u017c rozpuszczon\u0105 w hipoalergicznym oleju MCT.<\/p>\n<p>Jest to produkt stworzony z my\u015bl\u0105 o noworodkach, niemowl\u0119tach oraz ma\u0142ych dzieciach, lecz oczywi\u015bcie mo\u017ce go u\u017cywa\u0107 ca\u0142a rodzina. 400 jednostek witaminy D w porcji (kropli) umo\u017cliwia dok\u0142adne dozowanie witaminy dla os\u00f3b w ka\u017cdym wieku.<\/p>\n<p><strong>Sun Vitamin D3 <em>Baby<\/em><\/strong> <strong>Dr. Jacob&#039;s<\/strong> ma sk\u0142ad pomy\u015blany tak, aby dzieci przyjmowa\u0142y j\u0105 z \u0142atwo\u015bci\u0105 &#8211; nie ma smaku.<\/p>\n<p>Co wi\u0119cej, <strong>Sun Vitamin D3 <em>Baby<\/em><\/strong> <strong>Dr. Jacob&#039;s<\/strong> <strong>nie powoduje kolki u niemowl\u0105t.<\/strong><\/p>\n<p>Polskie mamy bardzo ceni\u0105 nasz produkt &#8211; 100 ambasadorek testowa\u0142o <strong>Witamin\u0119 s\u0142o\u0144ca D3 Dr. Jacob\u2019s <\/strong>(zobacz wyniki badania na ko\u0144cu opisu).<\/p>\n<p>&nbsp;<\/p>\n<p>food supplement<\/p>\n<p>dla odporno\u015bci, z\u0119b\u00f3w i ko\u015bci<\/p>\n<p>produkt odpowiedni dla wegetarian<\/p>\n<p>zawarto\u015b\u0107 netto: 20 ml<\/p>\n<p>na 640 porcji dziennych po 400 j.m. (IU)<\/p>\n<p>Produkt d\u0142ugo zachowuje \u015bwie\u017co\u015b\u0107 i bioaktywno\u015b\u0107 dzi\u0119ki <strong>olejowi MCT<\/strong> and <strong>tokoferolom ro\u015blinnym<\/strong> (naturalna witamina E).<\/p>","protected":false},"featured_media":5164,"template":"","meta":{"ocean_post_layout":"","ocean_both_sidebars_style":"","ocean_both_sidebars_content_width":0,"ocean_both_sidebars_sidebars_width":0,"ocean_sidebar":"0","ocean_second_sidebar":"0","ocean_disable_margins":"enable","ocean_add_body_class":"","ocean_shortcode_before_top_bar":"","ocean_shortcode_after_top_bar":"","ocean_shortcode_before_header":"","ocean_shortcode_after_header":"","ocean_has_shortcode":"","ocean_shortcode_after_title":"","ocean_shortcode_before_footer_widgets":"","ocean_shortcode_after_footer_widgets":"","ocean_shortcode_before_footer_bottom":"","ocean_shortcode_after_footer_bottom":"","ocean_display_top_bar":"default","ocean_display_header":"default","ocean_header_style":"","ocean_center_header_left_menu":"0","ocean_custom_header_template":"0","ocean_custom_logo":0,"ocean_custom_retina_logo":0,"ocean_custom_logo_max_width":0,"ocean_custom_logo_tablet_max_width":0,"ocean_custom_logo_mobile_max_width":0,"ocean_custom_logo_max_height":0,"ocean_custom_logo_tablet_max_height":0,"ocean_custom_logo_mobile_max_height":0,"ocean_header_custom_menu":"0","ocean_menu_typo_font_family":"0","ocean_menu_typo_font_subset":"","ocean_menu_typo_font_size":0,"ocean_menu_typo_font_size_tablet":0,"ocean_menu_typo_font_size_mobile":0,"ocean_menu_typo_font_size_unit":"px","ocean_menu_typo_font_weight":"","ocean_menu_typo_font_weight_tablet":"","ocean_menu_typo_font_weight_mobile":"","ocean_menu_typo_transform":"","ocean_menu_typo_transform_tablet":"","ocean_menu_typo_transform_mobile":"","ocean_menu_typo_line_height":0,"ocean_menu_typo_line_height_tablet":0,"ocean_menu_typo_line_height_mobile":0,"ocean_menu_typo_line_height_unit":"","ocean_menu_typo_spacing":0,"ocean_menu_typo_spacing_tablet":0,"ocean_menu_typo_spacing_mobile":0,"ocean_menu_typo_spacing_unit":"","ocean_menu_link_color":"","ocean_menu_link_color_hover":"","ocean_menu_link_color_active":"","ocean_menu_link_background":"","ocean_menu_link_hover_background":"","ocean_menu_link_active_background":"","ocean_menu_social_links_bg":"","ocean_menu_social_hover_links_bg":"","ocean_menu_social_links_color":"","ocean_menu_social_hover_links_color":"","ocean_disable_title":"default","ocean_disable_heading":"default","ocean_post_title":"","ocean_post_subheading":"","ocean_post_title_style":"","ocean_post_title_background_color":"","ocean_post_title_background":0,"ocean_post_title_bg_image_position":"","ocean_post_title_bg_image_attachment":"","ocean_post_title_bg_image_repeat":"","ocean_post_title_bg_image_size":"","ocean_post_title_height":0,"ocean_post_title_bg_overlay":0.5,"ocean_post_title_bg_overlay_color":"","ocean_disable_breadcrumbs":"default","ocean_breadcrumbs_color":"","ocean_breadcrumbs_separator_color":"","ocean_breadcrumbs_links_color":"","ocean_breadcrumbs_links_hover_color":"","ocean_display_footer_widgets":"default","ocean_display_footer_bottom":"default","ocean_custom_footer_template":"0"},"product_brand":[],"product_cat":[22,20],"product_tag":[],"class_list":{"0":"post-5163","1":"product","2":"type-product","3":"status-publish","4":"has-post-thumbnail","6":"product_cat-suplementy-i-witaminy","7":"product_cat-dzieci","9":"entry","10":"has-media","12":"first","13":"outofstock","14":"shipping-taxable","15":"purchasable","16":"product-type-simple","17":"has-product-nav","18":"col","19":"span_1_of_3","20":"owp-content-left","21":"owp-thumbs-layout-horizontal","22":"owp-btn-normal","23":"owp-tabs-layout-horizontal","24":"has-no-thumbnails"},"_links":{"self":[{"href":"https:\/\/ecocorner.eu\/en\/wp-json\/wp\/v2\/product\/5163","targetHints":{"allow":["GET"]}}],"collection":[{"href":"https:\/\/ecocorner.eu\/en\/wp-json\/wp\/v2\/product"}],"about":[{"href":"https:\/\/ecocorner.eu\/en\/wp-json\/wp\/v2\/types\/product"}],"version-history":[{"count":3,"href":"https:\/\/ecocorner.eu\/en\/wp-json\/wp\/v2\/product\/5163\/revisions"}],"predecessor-version":[{"id":7812,"href":"https:\/\/ecocorner.eu\/en\/wp-json\/wp\/v2\/product\/5163\/revisions\/7812"}],"wp:featuredmedia":[{"embeddable":true,"href":"https:\/\/ecocorner.eu\/en\/wp-json\/wp\/v2\/media\/5164"}],"wp:attachment":[{"href":"https:\/\/ecocorner.eu\/en\/wp-json\/wp\/v2\/media?parent=5163"}],"wp:term":[{"taxonomy":"product_brand","embeddable":true,"href":"https:\/\/ecocorner.eu\/en\/wp-json\/wp\/v2\/product_brand?post=5163"},{"taxonomy":"product_cat","embeddable":true,"href":"https:\/\/ecocorner.eu\/en\/wp-json\/wp\/v2\/product_cat?post=5163"},{"taxonomy":"product_tag","embeddable":true,"href":"https:\/\/ecocorner.eu\/en\/wp-json\/wp\/v2\/product_tag?post=5163"}],"curies":[{"name":"wp","href":"https:\/\/api.w.org\/{rel}","templated":true}]}}