{"id":5204,"date":"2024-03-21T18:18:26","date_gmt":"2024-03-21T18:18:26","guid":{"rendered":"https:\/\/ecocorner.eu\/?post_type=product&#038;p=5204"},"modified":"2025-11-03T22:49:40","modified_gmt":"2025-11-03T22:49:40","slug":"herbal-pharmaceuticals-szafran-i-lawenda-na-sen-30-kaps","status":"publish","type":"product","link":"https:\/\/ecocorner.eu\/en\/product\/herbal-pharmaceuticals-szafran-i-lawenda-na-sen-30-kaps\/","title":{"rendered":"Herbal Pharmaceuticals   Szafran i Lawenda na Sen  30 kaps."},"content":{"rendered":"<table>\n<tbody>\n<tr>\n<td><strong>Ingredients:<\/strong><\/td>\n<td><strong>W 1 kapsu\u0142ce:<\/strong><\/td>\n<\/tr>\n<tr>\n<td>Ekstrakt z ashwagandhy \u2013 witanii ospa\u0142ej (Withania somnifera)<\/td>\n<td>100 mg (w tym 7 mg witanolid\u00f3w)<\/td>\n<\/tr>\n<tr>\n<td>Ekstrakt z lawendy (Lavandula angustifolia)<\/td>\n<td>90 mg<\/td>\n<\/tr>\n<tr>\n<td>Ekstrakt z koz\u0142ka lekarskiego (Valeriana officinalis)<\/td>\n<td>80 mg (w tym 0,64 kwas walerianowy)<\/td>\n<\/tr>\n<tr>\n<td>ekstrakt z szafranu (Crocus sativus L.)<\/td>\n<td>30 mg (w tym 0,15% safranalu)<\/td>\n<\/tr>\n<tr>\n<td>Ekstrakt z melisy (Melissa officinalis)<\/td>\n<td>30 mg<\/td>\n<\/tr>\n<tr>\n<td>Ekstrakt z g\u0142ogu (Crataegus oxyacantha)<\/td>\n<td>15 mg (w tym 0,75% flawon\u00f3w)<\/td>\n<\/tr>\n<tr>\n<td>B\u0142onnik akacjowy<\/td>\n<td>10 mg<\/td>\n<\/tr>\n<tr>\n<td>Melatonin<\/td>\n<td>1 mg<\/td>\n<\/tr>\n<\/tbody>\n<\/table>\n<p>&nbsp;<\/p>\n<p><strong>Ingredients:<\/strong> Ekstrakt z ashwagandhy \u2013 witanii ospa\u0142ej (Withania somnifera) standaryzowany na min. 7% witanolid\u00f3w, hydroksypropylometoloceluloza (otoczka kapsu\u0142ki ro\u015blinnej), ekstrakt z lawendy (Lavandula angustifolia), ekstrakt z koz\u0142ka lekarskiego (Valeriana officinalis) standaryzowany na kwas walerianowy min. 0,8%, ekstrakt z szafranu (Crocus sativus L.) standaryzowany na min. 0,5% safranalu, ekstrakt z melisy (Melissa officinalis), ekstrakt z g\u0142ogu (Crataegus oxyacantha) standaryzowany na minimum 5% flawon\u00f3w, b\u0142onnik akacjowy (Acacia seyal), melatonina. Sk\u0142adniki wy\u0142\u0105cznie pochodzenia ro\u015blinnego. Odpowiednie dla wegetarian i wegan.<\/p>\n<p><strong>Porcja dzienna:<\/strong> 1 kapsu\u0142ka dziennie przed snem, popijaj\u0105c wod\u0105.<\/p>\n<p><strong>Security measures:\u00a0<\/strong>Nie nale\u017cy przekracza\u0107 zalecanej do spo\u017cycia dziennej porcji. Preparat nie mo\u017ce by\u0107 stosowany jako substytut zr\u00f3\u017cnicowanej diety. Wa\u017cne jest stosowanie zbilansowanej diety oraz prowadzenie zdrowego trybu \u017cycia. W trakcie stosowania preparatu mo\u017ce wyst\u0105pi\u0107 uczucie senno\u015bci prowadz\u0105ce do spadku koncentracji, co mo\u017ce mie\u0107 wp\u0142yw na zdolno\u015b\u0107 prowadzenia pojazd\u00f3w mechanicznych i obs\u0142ug\u0119 maszyn. Nie stosowa\u0107 w przypadku uczulenia na jakikolwiek ze sk\u0142adnik\u00f3w lub w przypadku stosowania lek\u00f3w o dzia\u0142aniu uspokajaj\u0105cym, nasennym, przeciwpadaczkowym. Preparat mo\u017ce nasila\u0107 dzia\u0142anie alkoholu. Preparat przeznaczony dla os\u00f3b doros\u0142ych. Nie stosowa\u0107 u dzieci, kobiet w ci\u0105\u017cy i karmi\u0105cych piersi\u0105.<\/p>\n<p><strong>Distributor:<\/strong> Herbal Pharmaceuticals Sp. z o.o. , ul. Rynek G\u0142\u00f3wny 28, 31-010 Krak\u00f3w<\/p>","protected":false},"excerpt":{"rendered":"<h2>Szafran i Lawenda na Sen 30 kapsu\u0142ek Herbal Pharmaceuticals<\/h2>\n<p>food supplement<\/p>\n<p>Szafran i Lawenda NA SEN to innowacyjna, zaawansowana formu\u0142a 8 sk\u0142adnik\u00f3w aktywnych: naturalnych ekstrakt\u00f3w ro\u015blinnych i melatoniny. Preparat rekomendowany dla u\u0142atwienia zasypiania, obni\u017cenia poziomu napi\u0119cia i stresu, oraz zrelaksowania i poprawy jako\u015bci snu. Nie zawiera zb\u0119dnych sztucznych dodatk\u00f3w, takich jak barwniki i konserwanty. Zawiera melatonin\u0119 oraz standaryzowane, naturalne ekstrakty wysokiej jako\u015bci.<\/p>","protected":false},"featured_media":5205,"template":"","meta":{"ocean_post_layout":"","ocean_both_sidebars_style":"","ocean_both_sidebars_content_width":0,"ocean_both_sidebars_sidebars_width":0,"ocean_sidebar":"0","ocean_second_sidebar":"0","ocean_disable_margins":"enable","ocean_add_body_class":"","ocean_shortcode_before_top_bar":"","ocean_shortcode_after_top_bar":"","ocean_shortcode_before_header":"","ocean_shortcode_after_header":"","ocean_has_shortcode":"","ocean_shortcode_after_title":"","ocean_shortcode_before_footer_widgets":"","ocean_shortcode_after_footer_widgets":"","ocean_shortcode_before_footer_bottom":"","ocean_shortcode_after_footer_bottom":"","ocean_display_top_bar":"default","ocean_display_header":"default","ocean_header_style":"","ocean_center_header_left_menu":"0","ocean_custom_header_template":"0","ocean_custom_logo":0,"ocean_custom_retina_logo":0,"ocean_custom_logo_max_width":0,"ocean_custom_logo_tablet_max_width":0,"ocean_custom_logo_mobile_max_width":0,"ocean_custom_logo_max_height":0,"ocean_custom_logo_tablet_max_height":0,"ocean_custom_logo_mobile_max_height":0,"ocean_header_custom_menu":"0","ocean_menu_typo_font_family":"0","ocean_menu_typo_font_subset":"","ocean_menu_typo_font_size":0,"ocean_menu_typo_font_size_tablet":0,"ocean_menu_typo_font_size_mobile":0,"ocean_menu_typo_font_size_unit":"px","ocean_menu_typo_font_weight":"","ocean_menu_typo_font_weight_tablet":"","ocean_menu_typo_font_weight_mobile":"","ocean_menu_typo_transform":"","ocean_menu_typo_transform_tablet":"","ocean_menu_typo_transform_mobile":"","ocean_menu_typo_line_height":0,"ocean_menu_typo_line_height_tablet":0,"ocean_menu_typo_line_height_mobile":0,"ocean_menu_typo_line_height_unit":"","ocean_menu_typo_spacing":0,"ocean_menu_typo_spacing_tablet":0,"ocean_menu_typo_spacing_mobile":0,"ocean_menu_typo_spacing_unit":"","ocean_menu_link_color":"","ocean_menu_link_color_hover":"","ocean_menu_link_color_active":"","ocean_menu_link_background":"","ocean_menu_link_hover_background":"","ocean_menu_link_active_background":"","ocean_menu_social_links_bg":"","ocean_menu_social_hover_links_bg":"","ocean_menu_social_links_color":"","ocean_menu_social_hover_links_color":"","ocean_disable_title":"default","ocean_disable_heading":"default","ocean_post_title":"","ocean_post_subheading":"","ocean_post_title_style":"","ocean_post_title_background_color":"","ocean_post_title_background":0,"ocean_post_title_bg_image_position":"","ocean_post_title_bg_image_attachment":"","ocean_post_title_bg_image_repeat":"","ocean_post_title_bg_image_size":"","ocean_post_title_height":0,"ocean_post_title_bg_overlay":0.5,"ocean_post_title_bg_overlay_color":"","ocean_disable_breadcrumbs":"default","ocean_breadcrumbs_color":"","ocean_breadcrumbs_separator_color":"","ocean_breadcrumbs_links_color":"","ocean_breadcrumbs_links_hover_color":"","ocean_display_footer_widgets":"default","ocean_display_footer_bottom":"default","ocean_custom_footer_template":"0"},"product_brand":[],"product_cat":[21],"product_tag":[],"class_list":{"0":"post-5204","1":"product","2":"type-product","3":"status-publish","4":"has-post-thumbnail","6":"product_cat-zdrowie","8":"entry","9":"has-media","11":"first","12":"outofstock","13":"shipping-taxable","14":"purchasable","15":"product-type-simple","16":"has-product-nav","17":"col","18":"span_1_of_3","19":"owp-content-left","20":"owp-thumbs-layout-horizontal","21":"owp-btn-normal","22":"owp-tabs-layout-horizontal","23":"has-no-thumbnails"},"_links":{"self":[{"href":"https:\/\/ecocorner.eu\/en\/wp-json\/wp\/v2\/product\/5204","targetHints":{"allow":["GET"]}}],"collection":[{"href":"https:\/\/ecocorner.eu\/en\/wp-json\/wp\/v2\/product"}],"about":[{"href":"https:\/\/ecocorner.eu\/en\/wp-json\/wp\/v2\/types\/product"}],"version-history":[{"count":2,"href":"https:\/\/ecocorner.eu\/en\/wp-json\/wp\/v2\/product\/5204\/revisions"}],"predecessor-version":[{"id":5207,"href":"https:\/\/ecocorner.eu\/en\/wp-json\/wp\/v2\/product\/5204\/revisions\/5207"}],"wp:featuredmedia":[{"embeddable":true,"href":"https:\/\/ecocorner.eu\/en\/wp-json\/wp\/v2\/media\/5205"}],"wp:attachment":[{"href":"https:\/\/ecocorner.eu\/en\/wp-json\/wp\/v2\/media?parent=5204"}],"wp:term":[{"taxonomy":"product_brand","embeddable":true,"href":"https:\/\/ecocorner.eu\/en\/wp-json\/wp\/v2\/product_brand?post=5204"},{"taxonomy":"product_cat","embeddable":true,"href":"https:\/\/ecocorner.eu\/en\/wp-json\/wp\/v2\/product_cat?post=5204"},{"taxonomy":"product_tag","embeddable":true,"href":"https:\/\/ecocorner.eu\/en\/wp-json\/wp\/v2\/product_tag?post=5204"}],"curies":[{"name":"wp","href":"https:\/\/api.w.org\/{rel}","templated":true}]}}