{"id":5283,"date":"2024-04-18T12:51:21","date_gmt":"2024-04-18T12:51:21","guid":{"rendered":"https:\/\/ecocorner.eu\/?post_type=product&#038;p=5283"},"modified":"2026-01-19T22:13:20","modified_gmt":"2026-01-19T22:13:20","slug":"etja-olej-z-kielkow-pszenicy-naturalny-filtr-uv-50-ml","status":"publish","type":"product","link":"https:\/\/ecocorner.eu\/en\/product\/etja-olej-z-kielkow-pszenicy-naturalny-filtr-uv-50-ml\/","title":{"rendered":"Etja  Olej z kie\u0142k\u00f3w pszenicy &#8211;  naturalny filtr UV  50 ml"},"content":{"rendered":"<p><strong>METHOD OF APPLICATION<\/strong><\/p>\n<p>-bezpo\u015brednio na sk\u00f3r\u0119 &#8211; aplikowa\u0107 olej na czyste opuszki palc\u00f3w i wciera\u0107 w sk\u00f3r\u0119 twarzy do momentu ca\u0142kowitego wch\u0142oni\u0119cia.<br \/>\n-stosowany zwykle w technikach relaksacyjno-upi\u0119kszaj\u0105cych. Literatura poleca u\u017cywanie tego oleju w 10% roztworze z innym r\u00f3wnie bogatym naturalnym olejem no\u015bnikowym Jojoba Gold (mieszanka silnie uelastyczniaj\u0105ca sk\u00f3r\u0119 ), z mi\u0105\u017cszu kokosa BIO, z pestek moreli oraz ze s\u0142odkich migda\u0142\u00f3w<br \/>\n-do piel\u0119gnacji paznokci oraz suchych i \u0142amliwych w\u0142os\u00f3w<br \/>\n-idealny sk\u0142adnik do domowych peeling\u00f3w ze wzgl\u0119du na du\u017c\u0105 zawarto\u015b\u0107 naturalnej witaminy &#8222;E&#8221;<br \/>\n-dodatek do od\u017cywek regenruj\u0105cych w\u0142osy<br \/>\n-znajduje szerokie zastosowanie w produkcji balsam\u00f3w, myd\u0142a, szampon\u00f3w<br \/>\n-do leczenia oparze\u0144 r\u00f3wnie\u017c tych s\u0142onecznych<\/p>\n<p><strong>keeping<\/strong><br \/>\nZawsze po u\u017cyciu zamyka\u0107 pompk\u0119 dozuj\u0105c\u0105 i przechowywa\u0107 w ch\u0142odnym oraz ciemnym miejscu .<\/p>\n<p><strong>origin<\/strong><br \/>\nPa\u0144stwa Europy<\/p>","protected":false},"excerpt":{"rendered":"<p>NATURALNY OLEJ Z KIE\u0141K\u00d3W PSZENICY \/Tritium Vulgare Germ Oil\/<\/p>\n<p>Otrzymywany jest w 100% z kie\u0142k\u00f3w pszenicy. Bogaty w proteiny, kwasy t\u0142uszczowe oraz du\u017c\u0105 zawarto\u015b\u0107 witamin A, B, D i E (naturalny antyutleniacz). Nadaje sk\u00f3rze g\u0142adko\u015b\u0107 i mi\u0119kko\u015b\u0107. Dzia\u0142a nie tylko na powierzchni sk\u00f3ry, ale \u0142atwo przenika do nask\u00f3rka. Idealny do wysuszonej i \u0142uszcz\u0105cej si\u0119 sk\u00f3ry. Regeneruje wn\u0119trze w\u0142os\u00f3w, odtwarza ich naturaln\u0105 os\u0142onk\u0119 i wyg\u0142adza ich powierzchnie. Chroni przed nadmiern\u0105 utrat\u0105 wody oraz promieniowaniem UV. Przestrzegamy jednak osoby uczulone na pszenic\u0119 przed stosowaniem go, gdy\u017c mo\u017ce wywo\u0142a\u0107 reakcj\u0119 uczuleniow\u0105. polecamy w\u00f3wczas stosowanie innego naturalnego oleju no\u015bnikowego np. z Avocado.<\/p>\n<p>Olej z Kie\u0142k\u00f3w Pszenicy oferowany przez firm\u0119 ETJA jest\u00a0 w 100% naturalny.<\/p>\n<p>Olej kosmetyczny Etja jest naturalnym produktem. Wp\u0142yw sezonowych zmian pogodowych mo\u017ce wywo\u0142a\u0107 niewielkie r\u00f3\u017cnice w kolorze, zapachu i g\u0119sto\u015bci.<\/p>","protected":false},"featured_media":5284,"template":"","meta":{"ocean_post_layout":"","ocean_both_sidebars_style":"","ocean_both_sidebars_content_width":0,"ocean_both_sidebars_sidebars_width":0,"ocean_sidebar":"0","ocean_second_sidebar":"0","ocean_disable_margins":"enable","ocean_add_body_class":"","ocean_shortcode_before_top_bar":"","ocean_shortcode_after_top_bar":"","ocean_shortcode_before_header":"","ocean_shortcode_after_header":"","ocean_has_shortcode":"","ocean_shortcode_after_title":"","ocean_shortcode_before_footer_widgets":"","ocean_shortcode_after_footer_widgets":"","ocean_shortcode_before_footer_bottom":"","ocean_shortcode_after_footer_bottom":"","ocean_display_top_bar":"default","ocean_display_header":"default","ocean_header_style":"","ocean_center_header_left_menu":"0","ocean_custom_header_template":"0","ocean_custom_logo":0,"ocean_custom_retina_logo":0,"ocean_custom_logo_max_width":0,"ocean_custom_logo_tablet_max_width":0,"ocean_custom_logo_mobile_max_width":0,"ocean_custom_logo_max_height":0,"ocean_custom_logo_tablet_max_height":0,"ocean_custom_logo_mobile_max_height":0,"ocean_header_custom_menu":"0","ocean_menu_typo_font_family":"0","ocean_menu_typo_font_subset":"","ocean_menu_typo_font_size":0,"ocean_menu_typo_font_size_tablet":0,"ocean_menu_typo_font_size_mobile":0,"ocean_menu_typo_font_size_unit":"px","ocean_menu_typo_font_weight":"","ocean_menu_typo_font_weight_tablet":"","ocean_menu_typo_font_weight_mobile":"","ocean_menu_typo_transform":"","ocean_menu_typo_transform_tablet":"","ocean_menu_typo_transform_mobile":"","ocean_menu_typo_line_height":0,"ocean_menu_typo_line_height_tablet":0,"ocean_menu_typo_line_height_mobile":0,"ocean_menu_typo_line_height_unit":"","ocean_menu_typo_spacing":0,"ocean_menu_typo_spacing_tablet":0,"ocean_menu_typo_spacing_mobile":0,"ocean_menu_typo_spacing_unit":"","ocean_menu_link_color":"","ocean_menu_link_color_hover":"","ocean_menu_link_color_active":"","ocean_menu_link_background":"","ocean_menu_link_hover_background":"","ocean_menu_link_active_background":"","ocean_menu_social_links_bg":"","ocean_menu_social_hover_links_bg":"","ocean_menu_social_links_color":"","ocean_menu_social_hover_links_color":"","ocean_disable_title":"default","ocean_disable_heading":"default","ocean_post_title":"","ocean_post_subheading":"","ocean_post_title_style":"","ocean_post_title_background_color":"","ocean_post_title_background":0,"ocean_post_title_bg_image_position":"","ocean_post_title_bg_image_attachment":"","ocean_post_title_bg_image_repeat":"","ocean_post_title_bg_image_size":"","ocean_post_title_height":0,"ocean_post_title_bg_overlay":0.5,"ocean_post_title_bg_overlay_color":"","ocean_disable_breadcrumbs":"default","ocean_breadcrumbs_color":"","ocean_breadcrumbs_separator_color":"","ocean_breadcrumbs_links_color":"","ocean_breadcrumbs_links_hover_color":"","ocean_display_footer_widgets":"default","ocean_display_footer_bottom":"default","ocean_custom_footer_template":"0"},"product_brand":[],"product_cat":[34],"product_tag":[],"class_list":{"0":"post-5283","1":"product","2":"type-product","3":"status-publish","4":"has-post-thumbnail","6":"product_cat-naturalne-oleje-do-ciala-etja","8":"entry","9":"has-media","11":"first","12":"outofstock","13":"shipping-taxable","14":"purchasable","15":"product-type-simple","16":"has-product-nav","17":"col","18":"span_1_of_3","19":"owp-content-left","20":"owp-thumbs-layout-horizontal","21":"owp-btn-normal","22":"owp-tabs-layout-horizontal","23":"has-no-thumbnails"},"_links":{"self":[{"href":"https:\/\/ecocorner.eu\/en\/wp-json\/wp\/v2\/product\/5283","targetHints":{"allow":["GET"]}}],"collection":[{"href":"https:\/\/ecocorner.eu\/en\/wp-json\/wp\/v2\/product"}],"about":[{"href":"https:\/\/ecocorner.eu\/en\/wp-json\/wp\/v2\/types\/product"}],"version-history":[{"count":5,"href":"https:\/\/ecocorner.eu\/en\/wp-json\/wp\/v2\/product\/5283\/revisions"}],"predecessor-version":[{"id":8307,"href":"https:\/\/ecocorner.eu\/en\/wp-json\/wp\/v2\/product\/5283\/revisions\/8307"}],"wp:featuredmedia":[{"embeddable":true,"href":"https:\/\/ecocorner.eu\/en\/wp-json\/wp\/v2\/media\/5284"}],"wp:attachment":[{"href":"https:\/\/ecocorner.eu\/en\/wp-json\/wp\/v2\/media?parent=5283"}],"wp:term":[{"taxonomy":"product_brand","embeddable":true,"href":"https:\/\/ecocorner.eu\/en\/wp-json\/wp\/v2\/product_brand?post=5283"},{"taxonomy":"product_cat","embeddable":true,"href":"https:\/\/ecocorner.eu\/en\/wp-json\/wp\/v2\/product_cat?post=5283"},{"taxonomy":"product_tag","embeddable":true,"href":"https:\/\/ecocorner.eu\/en\/wp-json\/wp\/v2\/product_tag?post=5283"}],"curies":[{"name":"wp","href":"https:\/\/api.w.org\/{rel}","templated":true}]}}