{"id":5296,"date":"2024-04-18T13:02:19","date_gmt":"2024-04-18T13:02:19","guid":{"rendered":"https:\/\/ecocorner.eu\/?post_type=product&#038;p=5296"},"modified":"2025-01-09T15:04:21","modified_gmt":"2025-01-09T15:04:21","slug":"korana-apiprogram-koncentrat-propolisowy-z-kwasem-hialuronowym-dla-skory-problematycznej-10ml","status":"publish","type":"product","link":"https:\/\/ecocorner.eu\/en\/product\/korana-apiprogram-koncentrat-propolisowy-z-kwasem-hialuronowym-dla-skory-problematycznej-10ml\/","title":{"rendered":"KORANA    APIPROGRAM    Koncentrat propolisowy z kwasem hialuronowym dla sk\u00f3ry problematycznej   10ml"},"content":{"rendered":"<p><strong>METHOD OF APPLICATION<\/strong><br \/>\nProdukt nanosi\u0107 punktowo bezpo\u015brednio na czyst\u0105 i sucha sk\u00f3r\u0119.<\/p>\n<p><strong>INGREDIENTS<br \/>\n<\/strong>PROPOLIS EXTRACT, PROPYLENE GLYCOL, SODIUM HYLAURONATE.<\/p>","protected":false},"excerpt":{"rendered":"<p>Koncentrat propolisowy to ratunek dla os\u00f3b, kt\u00f3re zmagaj\u0105 si\u0119 z uci\u0105\u017cliwymi problemami sk\u00f3ry twarzy i cia\u0142a.<\/p>\n<p>Koncentrat zawiera a\u017c 95% propolisu \u2013 substancji o silnych w\u0142a\u015bciwo\u015bciach przeciwzapalnych, antybakteryjnych i przeciwgrzybiczych. Doskonale wspomaga terapi\u0119 problem\u00f3w sk\u00f3rnych takich jak: tr\u0105dzik, blizny, otarcia i p\u0119kni\u0119cia sk\u00f3ry. Usprawnia regeneracj\u0119 i zapewnia sk\u00f3rze dodatkow\u0105, naturaln\u0105 ochron\u0119. Dzia\u0142anie koncentratu wzmacnia kwas hialuronowy \u2013 jeden z najlepszych sk\u0142adnik\u00f3w o dzia\u0142aniu nawil\u017caj\u0105cym.<\/p>\n<p>Koncentrat propolisowy z kwasem hialuronowym \u015bwietnie sprawdzi si\u0119 u os\u00f3b, kt\u00f3re zmagaj\u0105 si\u0119 z:<\/p>\n<p>-tr\u0105dzikiem i nadmiernym \u0142ojotokiem sk\u00f3ry,<br \/>\n-bliznami, np. pozapalnymi, pozabiegowymi,<br \/>\n-oparzeniami s\u0142onecznymi sk\u00f3ry,<br \/>\n-odmro\u017ceniami,<br \/>\n-otarciami i p\u0119kni\u0119ciami nask\u00f3rka,<br \/>\n-podra\u017cnieniami,<br \/>\n-p\u0119kaniem sk\u00f3ry warg,<br \/>\n-opryszczk\u0105, zajadami.<\/p>","protected":false},"featured_media":5297,"template":"","meta":{"ocean_post_layout":"","ocean_both_sidebars_style":"","ocean_both_sidebars_content_width":0,"ocean_both_sidebars_sidebars_width":0,"ocean_sidebar":"0","ocean_second_sidebar":"0","ocean_disable_margins":"enable","ocean_add_body_class":"","ocean_shortcode_before_top_bar":"","ocean_shortcode_after_top_bar":"","ocean_shortcode_before_header":"","ocean_shortcode_after_header":"","ocean_has_shortcode":"","ocean_shortcode_after_title":"","ocean_shortcode_before_footer_widgets":"","ocean_shortcode_after_footer_widgets":"","ocean_shortcode_before_footer_bottom":"","ocean_shortcode_after_footer_bottom":"","ocean_display_top_bar":"default","ocean_display_header":"default","ocean_header_style":"","ocean_center_header_left_menu":"0","ocean_custom_header_template":"0","ocean_custom_logo":0,"ocean_custom_retina_logo":0,"ocean_custom_logo_max_width":0,"ocean_custom_logo_tablet_max_width":0,"ocean_custom_logo_mobile_max_width":0,"ocean_custom_logo_max_height":0,"ocean_custom_logo_tablet_max_height":0,"ocean_custom_logo_mobile_max_height":0,"ocean_header_custom_menu":"0","ocean_menu_typo_font_family":"0","ocean_menu_typo_font_subset":"","ocean_menu_typo_font_size":0,"ocean_menu_typo_font_size_tablet":0,"ocean_menu_typo_font_size_mobile":0,"ocean_menu_typo_font_size_unit":"px","ocean_menu_typo_font_weight":"","ocean_menu_typo_font_weight_tablet":"","ocean_menu_typo_font_weight_mobile":"","ocean_menu_typo_transform":"","ocean_menu_typo_transform_tablet":"","ocean_menu_typo_transform_mobile":"","ocean_menu_typo_line_height":0,"ocean_menu_typo_line_height_tablet":0,"ocean_menu_typo_line_height_mobile":0,"ocean_menu_typo_line_height_unit":"","ocean_menu_typo_spacing":0,"ocean_menu_typo_spacing_tablet":0,"ocean_menu_typo_spacing_mobile":0,"ocean_menu_typo_spacing_unit":"","ocean_menu_link_color":"","ocean_menu_link_color_hover":"","ocean_menu_link_color_active":"","ocean_menu_link_background":"","ocean_menu_link_hover_background":"","ocean_menu_link_active_background":"","ocean_menu_social_links_bg":"","ocean_menu_social_hover_links_bg":"","ocean_menu_social_links_color":"","ocean_menu_social_hover_links_color":"","ocean_disable_title":"default","ocean_disable_heading":"default","ocean_post_title":"","ocean_post_subheading":"","ocean_post_title_style":"","ocean_post_title_background_color":"","ocean_post_title_background":0,"ocean_post_title_bg_image_position":"","ocean_post_title_bg_image_attachment":"","ocean_post_title_bg_image_repeat":"","ocean_post_title_bg_image_size":"","ocean_post_title_height":0,"ocean_post_title_bg_overlay":0.5,"ocean_post_title_bg_overlay_color":"","ocean_disable_breadcrumbs":"default","ocean_breadcrumbs_color":"","ocean_breadcrumbs_separator_color":"","ocean_breadcrumbs_links_color":"","ocean_breadcrumbs_links_hover_color":"","ocean_display_footer_widgets":"default","ocean_display_footer_bottom":"default","ocean_custom_footer_template":"0"},"product_brand":[],"product_cat":[16],"product_tag":[],"class_list":{"0":"post-5296","1":"product","2":"type-product","3":"status-publish","4":"has-post-thumbnail","6":"product_cat-twarz","8":"entry","9":"has-media","11":"first","12":"instock","13":"shipping-taxable","14":"purchasable","15":"product-type-simple","16":"has-product-nav","17":"col","18":"span_1_of_3","19":"owp-content-left","20":"owp-thumbs-layout-horizontal","21":"owp-btn-normal","22":"owp-tabs-layout-horizontal","23":"has-no-thumbnails"},"_links":{"self":[{"href":"https:\/\/ecocorner.eu\/en\/wp-json\/wp\/v2\/product\/5296","targetHints":{"allow":["GET"]}}],"collection":[{"href":"https:\/\/ecocorner.eu\/en\/wp-json\/wp\/v2\/product"}],"about":[{"href":"https:\/\/ecocorner.eu\/en\/wp-json\/wp\/v2\/types\/product"}],"version-history":[{"count":1,"href":"https:\/\/ecocorner.eu\/en\/wp-json\/wp\/v2\/product\/5296\/revisions"}],"predecessor-version":[{"id":5298,"href":"https:\/\/ecocorner.eu\/en\/wp-json\/wp\/v2\/product\/5296\/revisions\/5298"}],"wp:featuredmedia":[{"embeddable":true,"href":"https:\/\/ecocorner.eu\/en\/wp-json\/wp\/v2\/media\/5297"}],"wp:attachment":[{"href":"https:\/\/ecocorner.eu\/en\/wp-json\/wp\/v2\/media?parent=5296"}],"wp:term":[{"taxonomy":"product_brand","embeddable":true,"href":"https:\/\/ecocorner.eu\/en\/wp-json\/wp\/v2\/product_brand?post=5296"},{"taxonomy":"product_cat","embeddable":true,"href":"https:\/\/ecocorner.eu\/en\/wp-json\/wp\/v2\/product_cat?post=5296"},{"taxonomy":"product_tag","embeddable":true,"href":"https:\/\/ecocorner.eu\/en\/wp-json\/wp\/v2\/product_tag?post=5296"}],"curies":[{"name":"wp","href":"https:\/\/api.w.org\/{rel}","templated":true}]}}