{"id":5313,"date":"2024-04-18T14:22:26","date_gmt":"2024-04-18T14:22:26","guid":{"rendered":"https:\/\/ecocorner.eu\/?post_type=product&#038;p=5313"},"modified":"2026-03-13T21:45:02","modified_gmt":"2026-03-13T21:45:02","slug":"best-lab-bestelectrolytes-elekrolity-225-g","status":"publish","type":"product","link":"https:\/\/ecocorner.eu\/en\/product\/best-lab-bestelectrolytes-elekrolity-225-g\/","title":{"rendered":"BEST LAB   BestElectrolytes  Elekrolity  225 g"},"content":{"rendered":"<div class=\"grid\">\n<div class=\"row all-align-center\">\n<div class=\"cel sm-4 md-4 lg-7\">\n<p>&#8222;Po\u0142\u0105czenie sk\u0142adnik\u00f3w, kt\u00f3re znajdziecie w naszych elektrolitach jest wyj\u0105tkowym wsparciem zdrowia.<\/p>\n<p>My\u015bl\u0105c o prawid\u0142owym nawodnieniu, codziennej regeneracji, wsparciu w chorobie czy w trakcie procesu leczenia nie mo\u017cemy zapomnie\u0107 o elektrolitach &#8211; s\u00f3d, potas, magnez. Woda wzbogacona tymi makroelementami postawi nas bardziej na nogi ni\u017c kolejna kawa, dbaj\u0105c jednocze\u015bnie o prawid\u0142ow\u0105 prac\u0119 wszystkich \u015bluz\u00f3wek i ochron\u0119 naszego zdrowia w momentach zm\u0119czenia.<\/p>\n<p>Po wsparcie elektrolitami si\u0119gam zawsze, kiedy chc\u0119 wspom\u00f3c Pacjenta z zaburzeniami glikemii, nieszczeln\u0105 barier\u0105 jelitow\u0105, os\u0142abionymi funkcjami kognitywnymi czy problemami z wypr\u00f3\u017cnianiem. Ich r\u00f3wnowaga na poziomie kom\u00f3rkowym zapewnia sprawn\u0105 prac\u0119 mitochondri\u00f3w i pomaga w KA\u017bDYM procesie zdrowienia. Nieprzypadkowy dodatek d-rybozy, kt\u00f3ra jest odpowiedzialna za s\u0142odki smak oraz kreatyny, powoduje, \u017ce elektrolity wchodz\u0105 na wy\u017cszy poziom. D-ryboza pomo\u017ce, aby energia szybko i sprawnie dociera\u0142a do kom\u00f3rki od\u017cywiaj\u0105c j\u0105, a kreatyna zadba o sprawn\u0105 regeneracj\u0119 mi\u0119\u015bni i uszkodzonych tkanek.&#8221;<\/p>\n<\/div>\n<\/div>\n<\/div>\n<p>&nbsp;<\/p>\n<div class=\"grid\">\n<div class=\"row all-align-center bg-lightgray\">\n<div class=\"cel-contained sm-4 sm-last md-3 lg-6 bg-lightgray\">\n<div class=\"pt-3 pb-3 pl-3 pr-3\">\n<h2>Elektrolity, kreatyna i D-ryboza to zwi\u0105zki, kt\u00f3re odgrywaj\u0105 wa\u017cn\u0105 rol\u0119 w utrzymaniu zdrowia i dobrego samopoczucia.<\/h2>\n<p class=\"textjustify\">Elektrolity to jony, takie jak s\u00f3d, potas i magnez, kt\u00f3re pe\u0142ni\u0105 kluczow\u0105 funkcj\u0119 w przewodnictwie nerwowo-mi\u0119\u015bniowym i utrzymywaniu r\u00f3wnowagi wodno-elektrolitowej organizmu.<\/p>\n<p class=\"textjustify\">Kreatyna natomiast, to zwi\u0105zek organiczny syntetyzowany w organizmie z aminokwas\u00f3w argininy, glicyny i metioniny, a tak\u017ce dostarczany z zewn\u0105trz w diecie. Jest ona wa\u017cna dla sportowc\u00f3w, poniewa\u017c wp\u0142ywa na zwi\u0119kszenie wydolno\u015bci fizycznej, a tak\u017ce dla os\u00f3b starszych, poniewa\u017c pomaga w zachowaniu masy mi\u0119\u015bniowej oraz poprawie funkcji poznawczych.<\/p>\n<p class=\"textjustify\">D-ryboza to cukier prosty, kt\u00f3ry jest jednym z element\u00f3w buduj\u0105cych DNA i RNA, a tak\u017ce jest wa\u017cnym \u017ar\u00f3d\u0142em energii dla organizmu. Ma ona tak\u017ce w\u0142a\u015bciwo\u015bci antyoksydacyjne i pomaga w odbudowie uszkodzonych tkanek.<\/p>\n<h2 class=\"textcenter\">Dlatego te\u017c, aby utrzyma\u0107 zdrowie i dobre samopoczucie, wa\u017cne jest dostarczanie organizmowi odpowiedniej ilo\u015bci elektrolit\u00f3w, kreatyny i D-rybozy poprzez odpowiedni\u0105 diet\u0119 lub suplementacj\u0119. W przypadku tych sk\u0142adnik\u00f3w, ci\u0119\u017cko jest oczekiwa\u0107 ich regularnego dostarczania, poniewa\u017c prowadzony przez wiele os\u00f3b styl \u017cycia, ogranicza mo\u017cliwo\u015bci bilansowania diety pod tym k\u0105tem. Poznaj wi\u0119c rozwi\u0105zanie problem\u00f3w z gospodark\u0105 wodno-elektrolitow\u0105 i samopoczuciem, czyli <strong>BestElectrolytes<\/strong>!<\/h2>\n<div id=\"user_dawkowanie\" class=\"tabcontent\">\n<p><strong>Zalecana spo\u017cycie:<\/strong> 7,5 g (jedn\u0105 miark\u0119) rozpu\u015bci\u0107 w min. 200 ml wody i wypi\u0107.<\/p>\n<p><strong>Keeping:<\/strong> w temperaturze pokojowej, w suchym miejscu, w spos\u00f3b niedost\u0119pny dla ma\u0142ych dzieci. Chroni\u0107 od wilgoci i \u015bwiat\u0142a.<\/p>\n<p><strong>Security measures:<\/strong> nie nale\u017cy przekracza\u0107 zalecanej porcji do spo\u017cycia w ci\u0105gu dnia. Zr\u00f3wnowa\u017cony spos\u00f3b \u017cywienia i prawid\u0142owy tryb \u017cycia jest wa\u017cny dla funkcjonowania organizmu cz\u0142owieka. Suplement diety nie mo\u017ce by\u0107 stosowany jako substytut (zamiennik) zr\u00f3\u017cnicowanej diety. Nie stosowa\u0107 w przypadku nadwra\u017cliwo\u015bci na kt\u00f3rykolwiek ze sk\u0142adnik\u00f3w. Kobiety w ci\u0105\u017cy oraz matki karmi\u0105ce przed zastosowaniem produktu powinny skonsultowa\u0107 si\u0119 z lekarzem.<\/p>\n<table>\n<tbody>\n<tr>\n<td>Ingredients:<\/td>\n<td>Zawarto\u015b\u0107 w zalecanej dziennej porcji (7,5 g):<\/td>\n<td>% RWS*<\/td>\n<\/tr>\n<tr>\n<td>D-ryboza<\/td>\n<td>3000 mg<\/td>\n<td><\/td>\n<\/tr>\n<tr>\n<td>Cytrynian potasu, w tym:<br \/>\nPotas<\/td>\n<td>1404 mg<br \/>\n500 mg<\/td>\n<td>25%*<\/td>\n<\/tr>\n<tr>\n<td>Monohydrat kreatyny, w tym:<br \/>\nKreatyna<\/td>\n<td>1137 mg<br \/>\n1000 mg<\/td>\n<td><\/td>\n<\/tr>\n<tr>\n<td>Jab\u0142czan magnezu, w tym:<br \/>\nMagnesium<\/td>\n<td>681 mg<br \/>\n100 mg<\/td>\n<td>26,7%*<\/td>\n<\/tr>\n<tr>\n<td>Chlorek sodu, w tym:<br \/>\nS\u00f3d<\/td>\n<td>508,5 mg<br \/>\n200 mg<\/td>\n<td><\/td>\n<\/tr>\n<\/tbody>\n<\/table>\n<div dir=\"ltr\">* Referencyjna Warto\u015b\u0107 Spo\u017cycia<\/div>\n<div dir=\"ltr\">\n<p><em><strong>Zawarto\u015b\u0107 opakowania: <\/strong>30 Porcji<\/em><\/p>\n<p><em><strong>Net weight:<\/strong> 225 gram.<\/em><\/p>\n<\/div>\n<p><em><strong>Ingredients:<\/strong> D-ryboza, Cytrynian potasu (potas), Monohydrat kreatyny (kreatyna), Jab\u0142czan magnezu (magnez), Chlorek sodu (s\u00f3d), naturalne aromaty.<\/em><\/p>\n<p>W trosce o najwy\u017csz\u0105 jako\u015b\u0107 oraz bezpiecze\u0144stwo naszych suplement\u00f3w, a przede wszystkim maj\u0105c na uwadze Twoje zdrowie, badamy nasze produkty w niezale\u017cnym, akredytowanym laboratorium badawczym J.S. Hamilton.<br \/>\n<a href=\"https:\/\/bestlab.com.pl\/userdata\/public\/assets\/offer\/Elektrolity-Hamilton.pdf\" target=\"_blank\" rel=\"noopener noreferrer\">Badanie mikrobiologiczne, czysto\u015b\u0107 od metali ci\u0119\u017ckich, brak glutenu.<\/a><\/p>\n<\/div>\n<\/div>\n<\/div>\n<\/div>\n<\/div>","protected":false},"excerpt":{"rendered":"<div class=\"row mt-3 all-align-center\">\n<div class=\"cel sm-4 sm-last md-3 lg-6\">\n<h2>Formu\u0142a suplementu diety <strong>BestElectrolytes<\/strong> to doskona\u0142e wsparcie kondycyjno-poznawcze dla os\u00f3b aktywnych fizycznie oraz dla tych intensywnie pracuj\u0105cych. Popraw swoj\u0105 koncentracj\u0119, wydolno\u015b\u0107 i zabezpiecz si\u0119 przed negatywnymi skutkami zaburze\u0144 gospodarki wodno-elektrolitowej.<\/h2>\n<h2>Dzia\u0142anie suplementu BestElectrolytes<\/h2>\n<p class=\"textjustify\">Suplement diety BestElectrolytes to preparat dedykowany osobom, kt\u00f3re maj\u0105 problemy z odwodnieniem i wynikaj\u0105cymi z tego problemami oraz osobom aktywnym fizycznie, kt\u00f3re chcia\u0142yby skutecznie wspiera\u0107 swoj\u0105 gospodark\u0119 wodno-elektrolitow\u0105, skuteczniej si\u0119 regenerowa\u0107 oraz wyci\u0105ga\u0107 wi\u0119cej korzy\u015bci z prowadzonych trening\u00f3w. Kompozycja sk\u0142adnik\u00f3w <strong>BestElectrolytes<\/strong> pozwala na zwi\u0119kszenie si\u0142y mi\u0119\u015bniowej, koncentracji, regeneracji uk\u0142adu nerwowego oraz poprawy samopoczucia. Preparat stanowi r\u00f3wnie\u017c doskona\u0142e uzupe\u0142nienie kluczowych minera\u0142\u00f3w.<\/p>\n<\/div>\n<\/div>\n<div class=\"row mt-3\">\n<div class=\"cel all-full\">\n<h2>Poznaj sk\u0142adniki aktywne suplementu BestElectrolytes<\/h2>\n<\/div>\n<div class=\"cel all-full\">\n<p class=\"textjustify\">S\u00f3d, potas i magnez to pierwiastki chemiczne, kt\u00f3re odgrywaj\u0105 kluczow\u0105 rol\u0119 w funkcjonowaniu organizmu.<\/p>\n<ul>\n<li>S\u00f3d (Na+) jest niezb\u0119dny do regulacji r\u00f3wnowagi kwasowo-zasadowej, transportu sygna\u0142\u00f3w nerwowych i kontroli ci\u015bnienia krwi. Niedob\u00f3r sodu powi\u0105zany jest z niedoci\u015bnieniem i znacz\u0105cym os\u0142abieniem organizmu.<\/li>\n<li>Potas (K+) pomaga w regulacji r\u00f3wnowagi elektrolitowej, a tak\u017ce wp\u0142ywa na prac\u0119 mi\u0119\u015bni, w tym serca. Brak potasu mo\u017ce prowadzi\u0107 do skurcz\u00f3w mi\u0119\u015bni, zaburze\u0144 rytmu serca i os\u0142abienia mi\u0119\u015bni.<\/li>\n<li>Magnez (Mg2+) jest wa\u017cny dla zdrowia ko\u015bci, przewodu pokarmowego, mi\u0119\u015bni i uk\u0142adu nerwowego. Jest r\u00f3wnie\u017c kluczowy dla produkcji energii w organizmie. Niedob\u00f3r magnezu mo\u017ce prowadzi\u0107 do os\u0142abienia mi\u0119\u015bni, skurcz\u00f3w i zaburze\u0144 rytmu serca.<\/li>\n<li>D-ryboza to cukier prosty, kt\u00f3ry jest kluczowym sk\u0142adnikiem w produkcji energii w kom\u00f3rkach. D-ryboza ma zastosowanie w celu poprawy wydolno\u015bci fizycznej, szczeg\u00f3lnie u os\u00f3b z chorobami serca.<\/li>\n<li>Kreatyna to organiczny zwi\u0105zek chemiczny, kt\u00f3ry wyst\u0119puje naturalnie w mi\u0119\u015bniach. Kreatyna jest kluczowa dla produkcji energii w mi\u0119\u015bniach i mo\u017ce pom\u00f3c poprawi\u0107 wydolno\u015b\u0107 fizyczn\u0105 i si\u0142\u0119 mi\u0119\u015bni. Suplementacja kreatyn\u0105 jest popularna w\u015br\u00f3d sportowc\u00f3w, szczeg\u00f3lnie w dyscyplinach wymagaj\u0105cych wysi\u0142ku kr\u00f3tkotrwa\u0142ego i intensywnego, takich jak podnoszenie ci\u0119\u017car\u00f3w i sprint itp.<\/li>\n<\/ul>\n<\/div>\n<\/div>","protected":false},"featured_media":5314,"template":"","meta":{"ocean_post_layout":"","ocean_both_sidebars_style":"","ocean_both_sidebars_content_width":0,"ocean_both_sidebars_sidebars_width":0,"ocean_sidebar":"0","ocean_second_sidebar":"0","ocean_disable_margins":"enable","ocean_add_body_class":"","ocean_shortcode_before_top_bar":"","ocean_shortcode_after_top_bar":"","ocean_shortcode_before_header":"","ocean_shortcode_after_header":"","ocean_has_shortcode":"","ocean_shortcode_after_title":"","ocean_shortcode_before_footer_widgets":"","ocean_shortcode_after_footer_widgets":"","ocean_shortcode_before_footer_bottom":"","ocean_shortcode_after_footer_bottom":"","ocean_display_top_bar":"default","ocean_display_header":"default","ocean_header_style":"","ocean_center_header_left_menu":"0","ocean_custom_header_template":"0","ocean_custom_logo":0,"ocean_custom_retina_logo":0,"ocean_custom_logo_max_width":0,"ocean_custom_logo_tablet_max_width":0,"ocean_custom_logo_mobile_max_width":0,"ocean_custom_logo_max_height":0,"ocean_custom_logo_tablet_max_height":0,"ocean_custom_logo_mobile_max_height":0,"ocean_header_custom_menu":"0","ocean_menu_typo_font_family":"0","ocean_menu_typo_font_subset":"","ocean_menu_typo_font_size":0,"ocean_menu_typo_font_size_tablet":0,"ocean_menu_typo_font_size_mobile":0,"ocean_menu_typo_font_size_unit":"px","ocean_menu_typo_font_weight":"","ocean_menu_typo_font_weight_tablet":"","ocean_menu_typo_font_weight_mobile":"","ocean_menu_typo_transform":"","ocean_menu_typo_transform_tablet":"","ocean_menu_typo_transform_mobile":"","ocean_menu_typo_line_height":0,"ocean_menu_typo_line_height_tablet":0,"ocean_menu_typo_line_height_mobile":0,"ocean_menu_typo_line_height_unit":"","ocean_menu_typo_spacing":0,"ocean_menu_typo_spacing_tablet":0,"ocean_menu_typo_spacing_mobile":0,"ocean_menu_typo_spacing_unit":"","ocean_menu_link_color":"","ocean_menu_link_color_hover":"","ocean_menu_link_color_active":"","ocean_menu_link_background":"","ocean_menu_link_hover_background":"","ocean_menu_link_active_background":"","ocean_menu_social_links_bg":"","ocean_menu_social_hover_links_bg":"","ocean_menu_social_links_color":"","ocean_menu_social_hover_links_color":"","ocean_disable_title":"default","ocean_disable_heading":"default","ocean_post_title":"","ocean_post_subheading":"","ocean_post_title_style":"","ocean_post_title_background_color":"","ocean_post_title_background":0,"ocean_post_title_bg_image_position":"","ocean_post_title_bg_image_attachment":"","ocean_post_title_bg_image_repeat":"","ocean_post_title_bg_image_size":"","ocean_post_title_height":0,"ocean_post_title_bg_overlay":0.5,"ocean_post_title_bg_overlay_color":"","ocean_disable_breadcrumbs":"default","ocean_breadcrumbs_color":"","ocean_breadcrumbs_separator_color":"","ocean_breadcrumbs_links_color":"","ocean_breadcrumbs_links_hover_color":"","ocean_display_footer_widgets":"default","ocean_display_footer_bottom":"default","ocean_custom_footer_template":"0"},"product_brand":[],"product_cat":[80,22,21],"product_tag":[],"class_list":{"0":"post-5313","1":"product","2":"type-product","3":"status-publish","4":"has-post-thumbnail","6":"product_cat-best-lab","7":"product_cat-suplementy-i-witaminy","8":"product_cat-zdrowie","10":"entry","11":"has-media","13":"first","14":"instock","15":"shipping-taxable","16":"purchasable","17":"product-type-simple","18":"has-product-nav","19":"col","20":"span_1_of_3","21":"owp-content-left","22":"owp-thumbs-layout-horizontal","23":"owp-btn-normal","24":"owp-tabs-layout-horizontal","25":"has-no-thumbnails"},"_links":{"self":[{"href":"https:\/\/ecocorner.eu\/en\/wp-json\/wp\/v2\/product\/5313","targetHints":{"allow":["GET"]}}],"collection":[{"href":"https:\/\/ecocorner.eu\/en\/wp-json\/wp\/v2\/product"}],"about":[{"href":"https:\/\/ecocorner.eu\/en\/wp-json\/wp\/v2\/types\/product"}],"version-history":[{"count":2,"href":"https:\/\/ecocorner.eu\/en\/wp-json\/wp\/v2\/product\/5313\/revisions"}],"predecessor-version":[{"id":5316,"href":"https:\/\/ecocorner.eu\/en\/wp-json\/wp\/v2\/product\/5313\/revisions\/5316"}],"wp:featuredmedia":[{"embeddable":true,"href":"https:\/\/ecocorner.eu\/en\/wp-json\/wp\/v2\/media\/5314"}],"wp:attachment":[{"href":"https:\/\/ecocorner.eu\/en\/wp-json\/wp\/v2\/media?parent=5313"}],"wp:term":[{"taxonomy":"product_brand","embeddable":true,"href":"https:\/\/ecocorner.eu\/en\/wp-json\/wp\/v2\/product_brand?post=5313"},{"taxonomy":"product_cat","embeddable":true,"href":"https:\/\/ecocorner.eu\/en\/wp-json\/wp\/v2\/product_cat?post=5313"},{"taxonomy":"product_tag","embeddable":true,"href":"https:\/\/ecocorner.eu\/en\/wp-json\/wp\/v2\/product_tag?post=5313"}],"curies":[{"name":"wp","href":"https:\/\/api.w.org\/{rel}","templated":true}]}}