{"id":5326,"date":"2024-04-18T15:40:38","date_gmt":"2024-04-18T15:40:38","guid":{"rendered":"https:\/\/ecocorner.eu\/?post_type=product&#038;p=5326"},"modified":"2026-04-02T21:52:18","modified_gmt":"2026-04-02T21:52:18","slug":"best-lab-best-one-witaminy-adek-mix-60kaps","status":"publish","type":"product","link":"https:\/\/ecocorner.eu\/en\/product\/best-lab-best-one-witaminy-adek-mix-60kaps\/","title":{"rendered":"BEST LAB   Best One  Witaminy ADEK Mix   60kaps."},"content":{"rendered":"<div class=\"row bg-lightgray mt-3 all-justify-center\">\n<div class=\"cel sm-4 md-5 lg-10 pt-5 pb-5 pl-3 pr-3\">\n<h2>Dzia\u0142anie suplementu BestOne<\/h2>\n<h3>BestOne to suplementy diety skierowany do szerokiej populacji, zmagaj\u0105cej si\u0119 na co dzie\u0144 z r\u00f3\u017cnymi problemami zwi\u0105zanymi z odporno\u015bci\u0105. Coraz bardziej zauwa\u017calnymi chorobami uk\u0142adu odporno\u015bciowego s\u0105 choroby autoimmunologiczne, np. choroba Hashimoto, atopowe zapalenie sk\u00f3ry, reumatoidalne zapalenie staw\u00f3w i r\u00f3\u017cnego rodzaju infekcje.<\/h3>\n<p>Z my\u015bl\u0105 o osobach cierpi\u0105cych na te stany zapalne powsta\u0142 BestOne, czyli preparat kompleksowo dbaj\u0105cy o nasz\u0105 odporno\u015b\u0107. W jego sk\u0142ad wchodz\u0105 kluczowe witaminy, kt\u00f3rych cz\u0119sto brakuje w codziennej diecie. Mowa w tym przypadku o witaminach A, D, E, K oraz sk\u0142adnikach, jak magnez, L-Teanina i kompleksy polifenoli.<\/p>\n<p>BestOne jest suplementem diety zawieraj\u0105cym substancje aktywne dzia\u0142aj\u0105ce synergistycznie wobec siebie, co sprawia, \u017ce efekty zdrowotne suplementu s\u0105 jeszcze wi\u0119ksze! Preparat wspiera walk\u0119 ze stresem oksydacyjnym, wynikaj\u0105cym z nadmiernego st\u0119\u017cenia wolnych rodnik\u00f3w, usprawnia prac\u0119 przewodu pokarmowego, kt\u00f3ry w du\u017cej cz\u0119\u015bci stanowi centrum naszej odporno\u015bci (w po\u0142\u0105czeniu z uk\u0142adem limfatycznym, ca\u0142o\u015b\u0107 stanowi tzw. uk\u0142ad GALT) i dba sprawne funkcjonowanie uk\u0142adu nerwowego, a tak\u017ce regeneracj\u0119 organizmu.<\/p>\n<\/div>\n<\/div>\n<div class=\"row mt-3\">\n<div class=\"cel all-full\">\n<h2>Poznaj sk\u0142adniki aktywne suplementu BestOne<\/h2>\n<\/div>\n<div class=\"cel all-full\">\n<h3>Witaminy rozpuszczalne w t\u0142uszczach<\/h3>\n<ul>\n<li><strong>Vitamin D3<\/strong> wspiera utrzymanie prawid\u0142owo dzia\u0142aj\u0105cej gospodarki wapniowo-fosforanowej, pomaga w utrzymaniu si\u0142y mi\u0119\u015bniowej na wysokim poziomie, jak i poziomu wydolno\u015bci fizycznej. Ponadto wp\u0142ywa ona na sprawniejsze dzia\u0142anie uk\u0142adu odporno\u015bciowego, lepsz\u0105 regeneracj\u0119 organizmu i regulacj\u0119 metaboliczn\u0105;<\/li>\n<li><strong>Witamina K2MK7<\/strong> pomaga w utrzymaniu wysokiej mineralizacji ko\u015bci, zapobiega chorobom uk\u0142adu sercowo-naczyniowego, dba o prawid\u0142owo zachodz\u0105cy proces krzepni\u0119cia krwi i wspiera uk\u0142ad odporno\u015bciowy poprzez dzia\u0142anie antybakteryjne, antygrzybiczne i antywirusowe;<\/li>\n<li><strong>Vitamin E<\/strong> wspomaga dzia\u0142anie antyoksydacyjne i skuteczn\u0105 walk\u0119 z wolnymi rodnikami, ochrania kom\u00f3rki organizmu przed uszkodzeniami ich DNA, pomaga utrzyma\u0107 zdrowe w\u0142osy, sk\u00f3r\u0119 i paznokcie i dzia\u0142aj\u0105ca profilaktycznie wobec wielu stan\u00f3w zapalnych i chor\u00f3b cywilizacyjnych;<\/li>\n<li><strong>Vitamin A<\/strong> utrzymuje odporno\u015b\u0107 na wysokim poziomie, wp\u0142ywa na prawid\u0142ow\u0105 przepuszczalno\u015b\u0107 b\u0142on kom\u00f3rkowych organizmu, sprzyja sprawnemu metabolizmowi \u017celaza, wspiera ostro\u015b\u0107 widzenia i prawid\u0142owo\u015bci w proliferacji poszczeg\u00f3lnych element\u00f3w odporno\u015bci organizmu.<\/li>\n<\/ul>\n<p class=\"textjustify\">Oczywi\u015bcie warto pami\u0119ta\u0107, \u017ce nie s\u0105 to wszystkie w\u0142a\u015bciwo\u015bci witamin A, D, E, K, wynikaj\u0105ce ze stosowania suplementu BestOne. Wymienione wy\u017cej efekty dzia\u0142ania tych witamin nawi\u0105zuj\u0105 do proces\u00f3w zwi\u0105zanych z odporno\u015bci\u0105.<\/p>\n<\/div>\n<div class=\"cel all-full\">\n<h3>Suplement BestOne zawiera r\u00f3wnie\u017c nast\u0119puj\u0105ce sk\u0142adniki dbaj\u0105ce o odporno\u015b\u0107:<\/h3>\n<ul>\n<li><strong>Esktrakt z li\u015bci z zielonej herbaty (w tym L-Teanina)<\/strong>, kt\u00f3ry przyczynia si\u0119 do regulacji st\u0119\u017ce\u0144 neuroprzeka\u017anik\u00f3w wp\u0142ywaj\u0105cych na nasze samopoczucie, pomaga zachowa\u0107 wysoki stopie\u0144 koncentracji i skupienia oraz pozosta\u0142ych funkcji kognitywnych oraz wspiera zachowanie dobrostanu psychicznego, kt\u00f3ry cz\u0119sto cierpi z powodu nadmiaru stresu i wynikaj\u0105cej z tego os\u0142abionej odporno\u015bci;<\/li>\n<li><strong>Ekstrakt z pestek winogron (w tym polifenole i proantocyjanidyny)<\/strong>, kt\u00f3rego sk\u0142adniki aktywne zapobiegaj\u0105 niszczeniu struktur organizmu wynikaj\u0105cych z nadmiaru wolnych rodnik\u00f3w, polifenole wspieraj\u0105ce walk\u0119 z wolnymi rodnikami i wykazuj\u0105ce bardzo silne w\u0142a\u015bciwo\u015bci antyoksydacyjne, podnosz\u0105ce odporno\u015b\u0107;<\/li>\n<li><strong>Magnesium<\/strong> odpowiadaj\u0105cy za zabezpieczenie i ochron\u0119 DNA przed czynnikami prozapalnymi, pomagaj\u0105cy w utrzymaniu zdrowych ko\u015bci, staw\u00f3w i mi\u0119\u015bni, wspieraj\u0105cy prawid\u0142ow\u0105 prac\u0119 uk\u0142adu mi\u0119\u015bniowego i nerwowego, dzia\u0142aj\u0105cy antybakteryjnie i przeciwwirusowo, pomagaj\u0105cy w zachowaniu dobrej kondycji psycho-fizycznej, wp\u0142ywaj\u0105cy na usprawnienie metabolizmu energetycznego, redukuj\u0105cy skutki nadmiernego stresu i obni\u017caj\u0105cy nadmierny poziom kortyzolu.<\/li>\n<\/ul>\n<p class=\"textjustify\">\n<\/div>\n<\/div>\n<div class=\"row bg-lightgray mt-3 all-justify-center\">\n<div class=\"cel sm-4 md-5 lg-10 pt-5 pb-5 pl-3 pr-3\">\n<p class=\"textjustify\">Kompozycja sk\u0142adnik\u00f3w zawarta w suplemencie BestOne, sprawia, \u017ce nie straszne Ci przezi\u0119bienie i inne rodzaje stan\u00f3w zapalnych zwi\u0105zanych z uk\u0142adem odporno\u015bciowym. Si\u0119gaj\u0105c po ten suplement masz pewno\u015b\u0107, \u017ce zachowasz zdrowie na najwy\u017cszym poziomie, b\u0119dziesz emanowa\u0107 wysokim poziomem energii i ch\u0119ci do \u017cycia. Ponadto zyskasz niezwyk\u0142\u0105 jasno\u015b\u0107 umys\u0142u i motywacj\u0119 do dzia\u0142ania.<\/p>\n<div id=\"user_dawkowanie\" class=\"tabcontent\">\n<p><strong>Zalecana spo\u017cycie:<\/strong> 2 kapsu\u0142ki dziennie do posi\u0142ku. Popi\u0107 wod\u0105.<\/p>\n<p>Zalecamy suplementacj\u0119 w pierwszej cz\u0119\u015bci dnia ze wzgl\u0119du na wysok\u0105 zawarto\u015b\u0107 antyoksydant\u00f3w i ich pobudzaj\u0105cy charakter. Z drugiej strony, L-teanina \u0142agodzi efekt pobudzenia, a wraz z magnezem oczywi\u015bcie wspiera ochron\u0119 przed stresem i neurotyczno\u015bci\u0105.<\/p>\n<p><strong>Keeping:<\/strong> w temperaturze pokojowej, w suchym miejscu, w spos\u00f3b niedost\u0119pny dla ma\u0142ych dzieci. Chroni\u0107 od wilgoci i \u015bwiat\u0142a.<\/p>\n<p><strong>Security measures:<\/strong> nie nale\u017cy przekracza\u0107 zalecanej porcji do spo\u017cycia w ci\u0105gu dnia. Zr\u00f3wnowa\u017cony spos\u00f3b \u017cywienia i prawid\u0142owy tryb \u017cycia jest wa\u017cny dla funkcjonowania organizmu cz\u0142owieka. Suplement diety nie mo\u017ce by\u0107 stosowany jako substytut (zamiennik) zr\u00f3\u017cnicowanej diety.Nie stosowa\u0107 w przypadku nadwra\u017cliwo\u015bci kt\u00f3rykolwiek ze sk\u0142adnik\u00f3w. Kobiety w ci\u0105\u017cy oraz matki karmi\u0105ce przed zastosowaniem produktu powinny skonsultowa\u0107 si\u0119 z lekarzem. Produkt przeznaczony dla zdrowych os\u00f3b powy\u017cej 75 roku zycia.<\/p>\n<table>\n<tbody>\n<tr>\n<td><strong>Active Ingredients:<\/strong><\/td>\n<td><strong>Zawarto\u015b\u0107 w 2 kapsu\u0142kach:<\/strong><\/td>\n<td><strong>% RWS*<\/strong><\/td>\n<\/tr>\n<tr>\n<td>Vitamin A<\/td>\n<td>4000 IU<\/td>\n<td>100 %<\/td>\n<\/tr>\n<tr>\n<td>Vitamin D3<\/td>\n<td>4000 IU<\/td>\n<td>2000 %<\/td>\n<\/tr>\n<tr>\n<td>Vitamin E<\/td>\n<td>10 mg<\/td>\n<td>83,4 %<\/td>\n<\/tr>\n<tr>\n<td>Witamina K2 Mk7<\/td>\n<td>100 \u00b5g<\/td>\n<td>133,4 %<\/td>\n<\/tr>\n<tr>\n<td>L-teanina<\/td>\n<td>200 mg<\/td>\n<td>&#8211;<\/td>\n<\/tr>\n<tr>\n<td>Ekstrakt z pestek winoro\u015bli w\u0142a\u015bciwej (Vitis vinifera), standaryzowany na:<\/p>\n<p>95% proantycyjanidy<\/p>\n<p>60% polifenoli<\/p>\n<p>35% oligomer\u00f3w proantocyjanidyn<\/td>\n<td>\u00a0100 mg<\/p>\n<p>95\u00a0mg<\/p>\n<p>60\u00a0mg<\/p>\n<p>35 mg<\/td>\n<td>&#8211;<\/td>\n<\/tr>\n<tr>\n<td>Bisglicynian magnezu,<\/p>\n<p>including magnesium<\/td>\n<td>446 mg<\/p>\n<p>116 mg<\/td>\n<td>31\u00a0%<\/td>\n<\/tr>\n<\/tbody>\n<\/table>\n<p>* Referencyjna Warto\u015b\u0107 Spo\u017cycia<\/p>\n<p><em><strong>Zawarto\u015b\u0107 opakowania: <\/strong>60 kapsu\u0142ek.<\/em><\/p>\n<p><em><strong>Ingredients:<\/strong> L-teanina, Ekstrakt z pestek winoro\u015bli w\u0142a\u015bciwej, Witamina E (Octan DL &#8211; \u03b1lfa &#8211; tokoferylu), Witamina K (Menachinon MK7), Witamina A (Palmitynian retinylu), Witamina D (Cholekalcyferol), Magnez (Bisglicynian magnezu), otoczka kapsu\u0142ki: hydroksypropylometyloceluloza.<\/em><\/p>\n<p>W trosce o najwy\u017csz\u0105 jako\u015b\u0107 oraz bezpiecze\u0144stwo naszych suplement\u00f3w, a przede wszystkim maj\u0105c na uwadze Twoje zdrowie, badamy nasze produkty w niezale\u017cnym, akredytowanym laboratorium badawczym J.S. Hamilton.<br \/>\nBadanie mikrobiologiczne, czysto\u015b\u0107 od metali ci\u0119\u017ckich, brak glutenu.<\/p>\n<\/div>\n<\/div>\n<\/div>","protected":false},"excerpt":{"rendered":"<div class=\"cel-contained sm-4 sm-last md-3 lg-6 bg-lightgray\">\n<div class=\"pt-3 pb-3 pl-3 pr-3\">\n<h2>Uk\u0142ad immunologiczny cz\u0142owieka to bardzo wra\u017cliwa struktura na r\u00f3\u017cnego rodzaju czynniki zewn\u0119trzne pochodz\u0105ce ze \u015brodowiska.<\/h2>\n<p class=\"textjustify\">W XXI wieku nat\u0119\u017cenie tych prozapalnych czynnik\u00f3w jest ogromne i towarzyszy nam praktycznie na ka\u017cdym kroku. St\u0105d te\u017c coraz wi\u0119cej os\u00f3b miewa problemy z licznymi przezi\u0119bieniami, os\u0142abieniem i pogorszonym samopoczuciem. To wszystko wywo\u0142uje ogromne zm\u0119czenie i brak ch\u0119ci do dzia\u0142ania.<\/p>\n<div class=\"row bg-gray mt-3 all-justify-center\">\n<div class=\"cel sm-4 md-5 lg-10 pt-5 pb-5 pl-3 pr-3\">\n<p class=\"textjustify color-white\">Nieodpowiednia dieta, z\u0142e nawyki \u017cywieniowe i brak odpowiedniej suplementacji to kolejne czynniki cz\u0119sto wyst\u0119puj\u0105ce w aktualnym stylu \u017cycia wielu os\u00f3b, co poci\u0105ga za sob\u0105 kaskad\u0119 reakcji zapalnych os\u0142abiaj\u0105cych uk\u0142ad odporno\u015bciowy. Nie bez powodu stale s\u0142yszymy o zjawiskach nawracaj\u0105cych infekcji bakteryjnych, wirusowych, intymnych itp. Aby skutecznie zabezpieczy\u0107 nasz\u0105 profilaktyk\u0119 zdrowotn\u0105 wzgl\u0119dem zaburze\u0144 odporno\u015bci, nale\u017cy zmodyfikowa\u0107 sw\u00f3j aktualnie prowadzony styl \u017cycia i urozmaici\u0107 diet\u0119 w r\u00f3\u017cnorodne sk\u0142adniki od\u017cywcze, dzia\u0142aj\u0105ce antyzapalnie. W momencie, gdy brak czasu nie pozwala na skuteczne zbilansowanie diety, warto wdro\u017cy\u0107 odpowiednio skomponowane suplementy diety.<\/p>\n<\/div>\n<\/div>\n<div class=\"row mt-3 all-justify-center\">\n<div class=\"cel sm-4 md-5 lg-10 pt-5 pb-5 pl-3 pr-3\">\n<p class=\"textjustify\">Rozwi\u0105zaniem na problemy z odporno\u015bci\u0105 jest suplement BestOne! Z my\u015bl\u0105 o osobach nara\u017conych na przyjmowanie prozapalnych bod\u017ac\u00f3w ze \u015brodowiska, powsta\u0142 kompleksowy preparat zawieraj\u0105cy kluczowe sk\u0142adniki aktywne podnosz\u0105ce odporno\u015b\u0107 i usprawniaj\u0105ce dzia\u0142anie poszczeg\u00f3lnych element\u00f3w uk\u0142adu immunologicznego.<\/p>\n<\/div>\n<\/div>\n<\/div>\n<\/div>","protected":false},"featured_media":5328,"template":"","meta":{"ocean_post_layout":"","ocean_both_sidebars_style":"","ocean_both_sidebars_content_width":0,"ocean_both_sidebars_sidebars_width":0,"ocean_sidebar":"0","ocean_second_sidebar":"0","ocean_disable_margins":"enable","ocean_add_body_class":"","ocean_shortcode_before_top_bar":"","ocean_shortcode_after_top_bar":"","ocean_shortcode_before_header":"","ocean_shortcode_after_header":"","ocean_has_shortcode":"","ocean_shortcode_after_title":"","ocean_shortcode_before_footer_widgets":"","ocean_shortcode_after_footer_widgets":"","ocean_shortcode_before_footer_bottom":"","ocean_shortcode_after_footer_bottom":"","ocean_display_top_bar":"default","ocean_display_header":"default","ocean_header_style":"","ocean_center_header_left_menu":"0","ocean_custom_header_template":"0","ocean_custom_logo":0,"ocean_custom_retina_logo":0,"ocean_custom_logo_max_width":0,"ocean_custom_logo_tablet_max_width":0,"ocean_custom_logo_mobile_max_width":0,"ocean_custom_logo_max_height":0,"ocean_custom_logo_tablet_max_height":0,"ocean_custom_logo_mobile_max_height":0,"ocean_header_custom_menu":"0","ocean_menu_typo_font_family":"0","ocean_menu_typo_font_subset":"","ocean_menu_typo_font_size":0,"ocean_menu_typo_font_size_tablet":0,"ocean_menu_typo_font_size_mobile":0,"ocean_menu_typo_font_size_unit":"px","ocean_menu_typo_font_weight":"","ocean_menu_typo_font_weight_tablet":"","ocean_menu_typo_font_weight_mobile":"","ocean_menu_typo_transform":"","ocean_menu_typo_transform_tablet":"","ocean_menu_typo_transform_mobile":"","ocean_menu_typo_line_height":0,"ocean_menu_typo_line_height_tablet":0,"ocean_menu_typo_line_height_mobile":0,"ocean_menu_typo_line_height_unit":"","ocean_menu_typo_spacing":0,"ocean_menu_typo_spacing_tablet":0,"ocean_menu_typo_spacing_mobile":0,"ocean_menu_typo_spacing_unit":"","ocean_menu_link_color":"","ocean_menu_link_color_hover":"","ocean_menu_link_color_active":"","ocean_menu_link_background":"","ocean_menu_link_hover_background":"","ocean_menu_link_active_background":"","ocean_menu_social_links_bg":"","ocean_menu_social_hover_links_bg":"","ocean_menu_social_links_color":"","ocean_menu_social_hover_links_color":"","ocean_disable_title":"default","ocean_disable_heading":"default","ocean_post_title":"","ocean_post_subheading":"","ocean_post_title_style":"","ocean_post_title_background_color":"","ocean_post_title_background":0,"ocean_post_title_bg_image_position":"","ocean_post_title_bg_image_attachment":"","ocean_post_title_bg_image_repeat":"","ocean_post_title_bg_image_size":"","ocean_post_title_height":0,"ocean_post_title_bg_overlay":0.5,"ocean_post_title_bg_overlay_color":"","ocean_disable_breadcrumbs":"default","ocean_breadcrumbs_color":"","ocean_breadcrumbs_separator_color":"","ocean_breadcrumbs_links_color":"","ocean_breadcrumbs_links_hover_color":"","ocean_display_footer_widgets":"default","ocean_display_footer_bottom":"default","ocean_custom_footer_template":"0"},"product_brand":[],"product_cat":[80,22],"product_tag":[],"class_list":{"0":"post-5326","1":"product","2":"type-product","3":"status-publish","4":"has-post-thumbnail","6":"product_cat-best-lab","7":"product_cat-suplementy-i-witaminy","9":"entry","10":"has-media","12":"first","13":"instock","14":"shipping-taxable","15":"purchasable","16":"product-type-simple","17":"has-product-nav","18":"col","19":"span_1_of_3","20":"owp-content-left","21":"owp-thumbs-layout-horizontal","22":"owp-btn-normal","23":"owp-tabs-layout-horizontal","24":"has-no-thumbnails"},"_links":{"self":[{"href":"https:\/\/ecocorner.eu\/en\/wp-json\/wp\/v2\/product\/5326","targetHints":{"allow":["GET"]}}],"collection":[{"href":"https:\/\/ecocorner.eu\/en\/wp-json\/wp\/v2\/product"}],"about":[{"href":"https:\/\/ecocorner.eu\/en\/wp-json\/wp\/v2\/types\/product"}],"version-history":[{"count":1,"href":"https:\/\/ecocorner.eu\/en\/wp-json\/wp\/v2\/product\/5326\/revisions"}],"predecessor-version":[{"id":5329,"href":"https:\/\/ecocorner.eu\/en\/wp-json\/wp\/v2\/product\/5326\/revisions\/5329"}],"wp:featuredmedia":[{"embeddable":true,"href":"https:\/\/ecocorner.eu\/en\/wp-json\/wp\/v2\/media\/5328"}],"wp:attachment":[{"href":"https:\/\/ecocorner.eu\/en\/wp-json\/wp\/v2\/media?parent=5326"}],"wp:term":[{"taxonomy":"product_brand","embeddable":true,"href":"https:\/\/ecocorner.eu\/en\/wp-json\/wp\/v2\/product_brand?post=5326"},{"taxonomy":"product_cat","embeddable":true,"href":"https:\/\/ecocorner.eu\/en\/wp-json\/wp\/v2\/product_cat?post=5326"},{"taxonomy":"product_tag","embeddable":true,"href":"https:\/\/ecocorner.eu\/en\/wp-json\/wp\/v2\/product_tag?post=5326"}],"curies":[{"name":"wp","href":"https:\/\/api.w.org\/{rel}","templated":true}]}}