{"id":5336,"date":"2024-04-18T16:15:02","date_gmt":"2024-04-18T16:15:02","guid":{"rendered":"https:\/\/ecocorner.eu\/?post_type=product&#038;p=5336"},"modified":"2025-12-12T21:55:47","modified_gmt":"2025-12-12T21:55:47","slug":"bonimed-podagrobon-60kaps","status":"publish","type":"product","link":"https:\/\/ecocorner.eu\/en\/product\/bonimed-podagrobon-60kaps\/","title":{"rendered":"BONIMED   Podagrobon   60kaps."},"content":{"rendered":"<p><strong>Ingredients<\/strong><br \/>\nEkstrakt z ziela podagrycznika (Aegopodium podagraria L.), ekstrakt z korzenia piwonii chi\u0144skiej (Paeonia lactiflora Pall.), \u017celatyna, ekstrakt z owocu wi\u015bni (Prunus cerasus L.), ekstrakt z owocu r\u00f3\u017cy (Rosa canina L.), ekstrakt z ziela fio\u0142ka tr\u00f3jbarwnego (Viola tricolor L.), maltodekstryna, substancja przeciwzbrylaj\u0105ca (sole magnezowe kwas\u00f3w t\u0142uszczowych*).<br \/>\n* pochodzenia naturalnego<\/p>\n<p><u>Zalecana do spo\u017cycia dzienna porcja produktu (3 kapsu\u0142ki) zawiera:<\/u><\/p>\n<p>Ekstrakt z ziela podagrycznika 390 mg<br \/>\nEkstrakt z korzenia piwonii 390 mg<br \/>\nEkstrakt z owocu wi\u015bni 270 mg<br \/>\nEkstrakt z owocu r\u00f3\u017cy 150 mg<br \/>\nEkstrakt z ziela fio\u0142ka tr\u00f3jbarwnego 150 mg<\/p>\n<p><strong>note<\/strong><br \/>\nNie stosowa\u0107 u os\u00f3b uczulonych na sk\u0142adniki preparatu, a tak\u017ce w okresie ci\u0105\u017cy i laktacji.<br \/>\nA dietary supplement cannot be used as a substitute for a varied diet.<br \/>\nNie przekracza\u0107 zalecanej porcji do spo\u017cycia w ci\u0105gu dnia.<br \/>\nZdrowy styl \u017cycia, w tym zr\u00f3wnowa\u017cony spos\u00f3b \u017cywienia stanowi\u0105 podstaw\u0119 w zachowaniu dobrego stanu zdrowia.<\/p>\n<p><strong>keeping<\/strong><br \/>\nPrzechowywa\u0107 w zamkni\u0119tym opakowaniu, w temperaturze poni\u017cej 25\u00b0C, w miejscu suchym, w spos\u00f3b niedost\u0119pny dla ma\u0142ych dzieci. Chroni\u0107 przed promieniami s\u0142onecznymi.<\/p>","protected":false},"excerpt":{"rendered":"<p>Podagrobon &#8211; suplement diety<\/p>\n<p>\u2022 Ekstrakt z ziela fio\u0142ka tr\u00f3jbarwnego sprzyja usuwaniu kwasu moczowego i toksyn z surowicy krwi. Wspiera prawid\u0142owy przebieg procesu wytwarzania i wydalania moczu.<br \/>\n\u2022 Ekstrakt z owocu wi\u015bni wspomaga funkcje wydalnicze uk\u0142adu moczowego.<br \/>\n\u2022 Ekstrakt z ziela podagrycznika sprzyja pracy nerek, w\u0105troby i uk\u0142adu trawienia.<br \/>\n\u2022 Ekstrakt z owocu r\u00f3\u017cy wspomaga funkcje nerek i p\u0119cherza moczowego.<\/p>\n<p><strong>METHOD OF APPLICATION<\/strong><br \/>\nPorcja produktu zalecana do spo\u017cycia w ci\u0105gu dnia: 3 kapsu\u0142ki.<\/p>","protected":false},"featured_media":5338,"template":"","meta":{"ocean_post_layout":"","ocean_both_sidebars_style":"","ocean_both_sidebars_content_width":0,"ocean_both_sidebars_sidebars_width":0,"ocean_sidebar":"0","ocean_second_sidebar":"0","ocean_disable_margins":"enable","ocean_add_body_class":"","ocean_shortcode_before_top_bar":"","ocean_shortcode_after_top_bar":"","ocean_shortcode_before_header":"","ocean_shortcode_after_header":"","ocean_has_shortcode":"","ocean_shortcode_after_title":"","ocean_shortcode_before_footer_widgets":"","ocean_shortcode_after_footer_widgets":"","ocean_shortcode_before_footer_bottom":"","ocean_shortcode_after_footer_bottom":"","ocean_display_top_bar":"default","ocean_display_header":"default","ocean_header_style":"","ocean_center_header_left_menu":"0","ocean_custom_header_template":"0","ocean_custom_logo":0,"ocean_custom_retina_logo":0,"ocean_custom_logo_max_width":0,"ocean_custom_logo_tablet_max_width":0,"ocean_custom_logo_mobile_max_width":0,"ocean_custom_logo_max_height":0,"ocean_custom_logo_tablet_max_height":0,"ocean_custom_logo_mobile_max_height":0,"ocean_header_custom_menu":"0","ocean_menu_typo_font_family":"0","ocean_menu_typo_font_subset":"","ocean_menu_typo_font_size":0,"ocean_menu_typo_font_size_tablet":0,"ocean_menu_typo_font_size_mobile":0,"ocean_menu_typo_font_size_unit":"px","ocean_menu_typo_font_weight":"","ocean_menu_typo_font_weight_tablet":"","ocean_menu_typo_font_weight_mobile":"","ocean_menu_typo_transform":"","ocean_menu_typo_transform_tablet":"","ocean_menu_typo_transform_mobile":"","ocean_menu_typo_line_height":0,"ocean_menu_typo_line_height_tablet":0,"ocean_menu_typo_line_height_mobile":0,"ocean_menu_typo_line_height_unit":"","ocean_menu_typo_spacing":0,"ocean_menu_typo_spacing_tablet":0,"ocean_menu_typo_spacing_mobile":0,"ocean_menu_typo_spacing_unit":"","ocean_menu_link_color":"","ocean_menu_link_color_hover":"","ocean_menu_link_color_active":"","ocean_menu_link_background":"","ocean_menu_link_hover_background":"","ocean_menu_link_active_background":"","ocean_menu_social_links_bg":"","ocean_menu_social_hover_links_bg":"","ocean_menu_social_links_color":"","ocean_menu_social_hover_links_color":"","ocean_disable_title":"default","ocean_disable_heading":"default","ocean_post_title":"","ocean_post_subheading":"","ocean_post_title_style":"","ocean_post_title_background_color":"","ocean_post_title_background":0,"ocean_post_title_bg_image_position":"","ocean_post_title_bg_image_attachment":"","ocean_post_title_bg_image_repeat":"","ocean_post_title_bg_image_size":"","ocean_post_title_height":0,"ocean_post_title_bg_overlay":0.5,"ocean_post_title_bg_overlay_color":"","ocean_disable_breadcrumbs":"default","ocean_breadcrumbs_color":"","ocean_breadcrumbs_separator_color":"","ocean_breadcrumbs_links_color":"","ocean_breadcrumbs_links_hover_color":"","ocean_display_footer_widgets":"default","ocean_display_footer_bottom":"default","ocean_custom_footer_template":"0"},"product_brand":[],"product_cat":[22],"product_tag":[],"class_list":{"0":"post-5336","1":"product","2":"type-product","3":"status-publish","4":"has-post-thumbnail","6":"product_cat-suplementy-i-witaminy","8":"entry","9":"has-media","11":"first","12":"outofstock","13":"shipping-taxable","14":"purchasable","15":"product-type-simple","16":"has-product-nav","17":"col","18":"span_1_of_3","19":"owp-content-left","20":"owp-thumbs-layout-horizontal","21":"owp-btn-normal","22":"owp-tabs-layout-horizontal","23":"has-no-thumbnails"},"_links":{"self":[{"href":"https:\/\/ecocorner.eu\/en\/wp-json\/wp\/v2\/product\/5336","targetHints":{"allow":["GET"]}}],"collection":[{"href":"https:\/\/ecocorner.eu\/en\/wp-json\/wp\/v2\/product"}],"about":[{"href":"https:\/\/ecocorner.eu\/en\/wp-json\/wp\/v2\/types\/product"}],"version-history":[{"count":1,"href":"https:\/\/ecocorner.eu\/en\/wp-json\/wp\/v2\/product\/5336\/revisions"}],"predecessor-version":[{"id":5339,"href":"https:\/\/ecocorner.eu\/en\/wp-json\/wp\/v2\/product\/5336\/revisions\/5339"}],"wp:featuredmedia":[{"embeddable":true,"href":"https:\/\/ecocorner.eu\/en\/wp-json\/wp\/v2\/media\/5338"}],"wp:attachment":[{"href":"https:\/\/ecocorner.eu\/en\/wp-json\/wp\/v2\/media?parent=5336"}],"wp:term":[{"taxonomy":"product_brand","embeddable":true,"href":"https:\/\/ecocorner.eu\/en\/wp-json\/wp\/v2\/product_brand?post=5336"},{"taxonomy":"product_cat","embeddable":true,"href":"https:\/\/ecocorner.eu\/en\/wp-json\/wp\/v2\/product_cat?post=5336"},{"taxonomy":"product_tag","embeddable":true,"href":"https:\/\/ecocorner.eu\/en\/wp-json\/wp\/v2\/product_tag?post=5336"}],"curies":[{"name":"wp","href":"https:\/\/api.w.org\/{rel}","templated":true}]}}