{"id":5350,"date":"2024-04-18T16:34:41","date_gmt":"2024-04-18T16:34:41","guid":{"rendered":"https:\/\/ecocorner.eu\/?post_type=product&#038;p=5350"},"modified":"2025-01-09T15:32:08","modified_gmt":"2025-01-09T15:32:08","slug":"dobra-kaloria-mini-batoniki-ala-muffin-jagodowy-z-nerkowcow-6x17g","status":"publish","type":"product","link":"https:\/\/ecocorner.eu\/en\/product\/dobra-kaloria-mini-batoniki-ala-muffin-jagodowy-z-nerkowcow-6x17g\/","title":{"rendered":"Good calorie Mini Bars a la Blueberry Cashew Muffin (6x17g)"},"content":{"rendered":"<p><strong>Ingredients<\/strong><br \/>\nOrzechy nerkowca (29 %), rodzynki (28 %), pasta daktylowa, orzechy nerkowca pra\u017cone (10 %), chrupki komosowe (m\u0105ka z komosy ry\u017cowej, b\u0142onnik z cykorii), jagody czarne liofilizowane (1 %), naturalny aromat.<\/p>\n<p>Opakowanie zawiera 6 batonik\u00f3w.<\/p>\n<p>Produkt mo\u017ce zawiera\u0107:\u00a0 inne orzechy, orzeszki ziemne, nasiona sezamu, zbo\u017ca zawieraj\u0105ce gluten oraz pestki lub ich fragmenty. Bez dodatku cukr\u00f3w. Zawiera naturalnie wyst\u0119puj\u0105ce cukry.<\/p>\n<p><u>Warto\u015b\u0107 od\u017cywcza w\u00a0100 g:<\/u><br \/>\nenergia\u00a0&#8211; 1787 kJ (427 kcal)<br \/>\nt\u0142uszcz &#8211;\u00a018 g<br \/>\nw tym kwasy t\u0142uszczowe nasycone &#8211;\u00a03,4 g<br \/>\nw\u0119glowodany &#8211;\u00a055 g<br \/>\nw tym cukry &#8211;\u00a038 g<br \/>\nb\u0142onnik &#8211;\u00a04,8 g<br \/>\nbia\u0142ko &#8211;\u00a07,9 g<br \/>\ns\u00f3l &#8211;\u00a00,03 g<br \/>\nmagnez &#8211;\u00a0140 mg (37 % RWS)<br \/>\npotas &#8211;\u00a0675 mg (34 % RWS)<\/p>\n<p>RWS &#8211; referencyjna warto\u015b\u0107 spo\u017cycia<\/p>","protected":false},"excerpt":{"rendered":"<p><span class=\"wartosc\">Mini batoniki z nerkowc\u00f3w \u00e0 la muffin jagodowy (6 x 17 g):<\/span><\/p>\n<p><span class=\"wartosc\"><br \/>\n\u2022\u00a0Tylko 73 kcal w 1 batoniku,<br \/>\n\u2022\u00a00% dodatku cukru,<br \/>\n\u2022\u00a0Wysoka zawarto\u015b\u0107 magnezu i potasu,<br \/>\n\u2022\u00a0Produkt odpowiedni dla wegan i wegetarian<\/span><\/p>","protected":false},"featured_media":5351,"template":"","meta":{"ocean_post_layout":"","ocean_both_sidebars_style":"","ocean_both_sidebars_content_width":0,"ocean_both_sidebars_sidebars_width":0,"ocean_sidebar":"0","ocean_second_sidebar":"0","ocean_disable_margins":"enable","ocean_add_body_class":"","ocean_shortcode_before_top_bar":"","ocean_shortcode_after_top_bar":"","ocean_shortcode_before_header":"","ocean_shortcode_after_header":"","ocean_has_shortcode":"","ocean_shortcode_after_title":"","ocean_shortcode_before_footer_widgets":"","ocean_shortcode_after_footer_widgets":"","ocean_shortcode_before_footer_bottom":"","ocean_shortcode_after_footer_bottom":"","ocean_display_top_bar":"default","ocean_display_header":"default","ocean_header_style":"","ocean_center_header_left_menu":"0","ocean_custom_header_template":"0","ocean_custom_logo":0,"ocean_custom_retina_logo":0,"ocean_custom_logo_max_width":0,"ocean_custom_logo_tablet_max_width":0,"ocean_custom_logo_mobile_max_width":0,"ocean_custom_logo_max_height":0,"ocean_custom_logo_tablet_max_height":0,"ocean_custom_logo_mobile_max_height":0,"ocean_header_custom_menu":"0","ocean_menu_typo_font_family":"0","ocean_menu_typo_font_subset":"","ocean_menu_typo_font_size":0,"ocean_menu_typo_font_size_tablet":0,"ocean_menu_typo_font_size_mobile":0,"ocean_menu_typo_font_size_unit":"px","ocean_menu_typo_font_weight":"","ocean_menu_typo_font_weight_tablet":"","ocean_menu_typo_font_weight_mobile":"","ocean_menu_typo_transform":"","ocean_menu_typo_transform_tablet":"","ocean_menu_typo_transform_mobile":"","ocean_menu_typo_line_height":0,"ocean_menu_typo_line_height_tablet":0,"ocean_menu_typo_line_height_mobile":0,"ocean_menu_typo_line_height_unit":"","ocean_menu_typo_spacing":0,"ocean_menu_typo_spacing_tablet":0,"ocean_menu_typo_spacing_mobile":0,"ocean_menu_typo_spacing_unit":"","ocean_menu_link_color":"","ocean_menu_link_color_hover":"","ocean_menu_link_color_active":"","ocean_menu_link_background":"","ocean_menu_link_hover_background":"","ocean_menu_link_active_background":"","ocean_menu_social_links_bg":"","ocean_menu_social_hover_links_bg":"","ocean_menu_social_links_color":"","ocean_menu_social_hover_links_color":"","ocean_disable_title":"default","ocean_disable_heading":"default","ocean_post_title":"","ocean_post_subheading":"","ocean_post_title_style":"","ocean_post_title_background_color":"","ocean_post_title_background":0,"ocean_post_title_bg_image_position":"","ocean_post_title_bg_image_attachment":"","ocean_post_title_bg_image_repeat":"","ocean_post_title_bg_image_size":"","ocean_post_title_height":0,"ocean_post_title_bg_overlay":0.5,"ocean_post_title_bg_overlay_color":"","ocean_disable_breadcrumbs":"default","ocean_breadcrumbs_color":"","ocean_breadcrumbs_separator_color":"","ocean_breadcrumbs_links_color":"","ocean_breadcrumbs_links_hover_color":"","ocean_display_footer_widgets":"default","ocean_display_footer_bottom":"default","ocean_custom_footer_template":"0"},"product_brand":[],"product_cat":[23],"product_tag":[],"class_list":{"0":"post-5350","1":"product","2":"type-product","3":"status-publish","4":"has-post-thumbnail","6":"product_cat-zdrowe-przekaski","8":"entry","9":"has-media","11":"first","12":"outofstock","13":"shipping-taxable","14":"purchasable","15":"product-type-simple","16":"has-product-nav","17":"col","18":"span_1_of_3","19":"owp-content-left","20":"owp-thumbs-layout-horizontal","21":"owp-btn-normal","22":"owp-tabs-layout-horizontal","23":"has-no-thumbnails"},"_links":{"self":[{"href":"https:\/\/ecocorner.eu\/en\/wp-json\/wp\/v2\/product\/5350","targetHints":{"allow":["GET"]}}],"collection":[{"href":"https:\/\/ecocorner.eu\/en\/wp-json\/wp\/v2\/product"}],"about":[{"href":"https:\/\/ecocorner.eu\/en\/wp-json\/wp\/v2\/types\/product"}],"version-history":[{"count":1,"href":"https:\/\/ecocorner.eu\/en\/wp-json\/wp\/v2\/product\/5350\/revisions"}],"predecessor-version":[{"id":5352,"href":"https:\/\/ecocorner.eu\/en\/wp-json\/wp\/v2\/product\/5350\/revisions\/5352"}],"wp:featuredmedia":[{"embeddable":true,"href":"https:\/\/ecocorner.eu\/en\/wp-json\/wp\/v2\/media\/5351"}],"wp:attachment":[{"href":"https:\/\/ecocorner.eu\/en\/wp-json\/wp\/v2\/media?parent=5350"}],"wp:term":[{"taxonomy":"product_brand","embeddable":true,"href":"https:\/\/ecocorner.eu\/en\/wp-json\/wp\/v2\/product_brand?post=5350"},{"taxonomy":"product_cat","embeddable":true,"href":"https:\/\/ecocorner.eu\/en\/wp-json\/wp\/v2\/product_cat?post=5350"},{"taxonomy":"product_tag","embeddable":true,"href":"https:\/\/ecocorner.eu\/en\/wp-json\/wp\/v2\/product_tag?post=5350"}],"curies":[{"name":"wp","href":"https:\/\/api.w.org\/{rel}","templated":true}]}}