{"id":5376,"date":"2024-04-28T15:57:28","date_gmt":"2024-04-28T15:57:28","guid":{"rendered":"https:\/\/ecocorner.eu\/?post_type=product&#038;p=5376"},"modified":"2026-02-03T21:25:15","modified_gmt":"2026-02-03T21:25:15","slug":"masc-propolisowa-podo-z-mocznikiem-i-kwasem-borowym-do-stop-50-g","status":"publish","type":"product","link":"https:\/\/ecocorner.eu\/en\/product\/masc-propolisowa-podo-z-mocznikiem-i-kwasem-borowym-do-stop-50-g\/","title":{"rendered":"Ma\u015b\u0107   Propolisowa  Podo  z  Mocznikiem i kwasem borowym do st\u00f3p   50 g"},"content":{"rendered":"<p class=\"western\" align=\"justify\"><b>Api Effect Propolisk Ointment <\/b>this is a specialized series designed for problem skin types based on propolis essence, enriched with bitter herbs.<\/p>\n<p align=\"justify\"><strong>Propoliska Podo<\/strong> <strong>to po\u0142\u0105czenie niezwyk\u0142ych w\u0142a\u015bciwo\u015bci ekstraktu z propolisu z mocznikiem i kwasem borowym.\u00a0<\/strong> <strong>Urea<\/strong> <strong>ma dzia\u0142anie antyseptyczne, z\u0142uszczaj\u0105ce oraz regeneruj\u0105ce dzi\u0119ki czemu ma zdolno\u015b\u0107<\/strong> <strong>do usuwania martwych kom\u00f3rek nask\u00f3rka, przyspieszaj\u0105c regeneracj\u0119 sk\u00f3ry pi\u0119t. Kwas borowy zwalcza grzybic\u0119, zmniejsza wydzielanie potu, wykazuje dzia\u0142anie antybakteryjne<\/strong><\/p>\n<p class=\"western\" align=\"justify\">Each of our products is located in<b> 100% natural<\/b> and it doesn&#039;t contain any synthetic ingredients. It is enriched with extracts of herbs such as celandine, tansy, hemp, sea buckthorn, wormwood, fenugreek, as well as active substances such as hyaluronic acid, urea, boric acid, vitamin C, which in synergy with propolis act even more effectively.<\/p>\n<p class=\"western\" align=\"justify\">Liniments respond to all types of skin problems such as psoriasis, eczema, and PSA by combining antibiotic, anti-inflammatory, antimicrobial, antioxidant, and regenerative properties. They also do a great job with issues like <strong><b>burns, ulcers, bedsores, frostbite, acne<\/b><\/strong><strong> speeding up wound healing.<\/strong><\/p>\n<p align=\"justify\">Ointments contain lanolin, which is <b>it is known for its moisturizing and protective properties<\/b>. These properties are due to the sterols, esters and fatty acids that make up its composition. These compounds have the ability to penetrate the intercellular cement structures of the stratum corneum and\u00a0<b>permanent restoration of the epidermal protective barrier<\/b>. Lanolin optional<b>\u00a0<\/b><b>stops skin hydration<\/b>.<\/p>\n<p>Sk\u0142ad: Lanolina, wazelina, mas\u0142o shea, ekstrakt z propolisu, mocznik, kwas borowy, witamina C<\/p>\n<p>Capacity: 50ml<\/p>\n<p>Polish product<\/p>","protected":false},"excerpt":{"rendered":"<div class=\"elementor-element elementor-element-23af3f90 elementor-widget elementor-widget-woocommerce-product-title elementor-page-title elementor-widget-heading\" data-id=\"23af3f90\" data-element_type=\"widget\" data-widget_type=\"woocommerce-product-title.default\">\n<div class=\"elementor-widget-container\">\n<h1 class=\"product_title entry-title elementor-heading-title elementor-size-default\">Ma\u015b\u0107 Propolisowa Podo SPA Dla St\u00f3p 50 ml<\/h1>\n<\/div>\n<\/div>\n<div class=\"elementor-element elementor-element-69ef1821 elementor-widget elementor-widget-woocommerce-product-short-description\" data-id=\"69ef1821\" data-element_type=\"widget\" data-widget_type=\"woocommerce-product-short-description.default\">\n<div class=\"elementor-widget-container\">\n<div class=\"woocommerce-product-details__short-description\">\n<ul>\n<li>specjalistyczna ma\u015b\u0107 propolisowa do st\u00f3p<\/li>\n<li><strong>dzia\u0142alnie z\u0142uszczaj\u0105ce, regeneruj\u0105ce, wyg\u0142adzaj\u0105ce<\/strong><\/li>\n<li>wzbogacona mocznikiem i kwasem borowym<\/li>\n<li>100% natural ingredients<\/li>\n<li>50 ml jar<\/li>\n<\/ul>\n<\/div>\n<\/div>\n<\/div>","protected":false},"featured_media":5377,"template":"","meta":{"ocean_post_layout":"","ocean_both_sidebars_style":"","ocean_both_sidebars_content_width":0,"ocean_both_sidebars_sidebars_width":0,"ocean_sidebar":"0","ocean_second_sidebar":"0","ocean_disable_margins":"enable","ocean_add_body_class":"","ocean_shortcode_before_top_bar":"","ocean_shortcode_after_top_bar":"","ocean_shortcode_before_header":"","ocean_shortcode_after_header":"","ocean_has_shortcode":"","ocean_shortcode_after_title":"","ocean_shortcode_before_footer_widgets":"","ocean_shortcode_after_footer_widgets":"","ocean_shortcode_before_footer_bottom":"","ocean_shortcode_after_footer_bottom":"","ocean_display_top_bar":"default","ocean_display_header":"default","ocean_header_style":"","ocean_center_header_left_menu":"0","ocean_custom_header_template":"0","ocean_custom_logo":0,"ocean_custom_retina_logo":0,"ocean_custom_logo_max_width":0,"ocean_custom_logo_tablet_max_width":0,"ocean_custom_logo_mobile_max_width":0,"ocean_custom_logo_max_height":0,"ocean_custom_logo_tablet_max_height":0,"ocean_custom_logo_mobile_max_height":0,"ocean_header_custom_menu":"0","ocean_menu_typo_font_family":"0","ocean_menu_typo_font_subset":"","ocean_menu_typo_font_size":0,"ocean_menu_typo_font_size_tablet":0,"ocean_menu_typo_font_size_mobile":0,"ocean_menu_typo_font_size_unit":"px","ocean_menu_typo_font_weight":"","ocean_menu_typo_font_weight_tablet":"","ocean_menu_typo_font_weight_mobile":"","ocean_menu_typo_transform":"","ocean_menu_typo_transform_tablet":"","ocean_menu_typo_transform_mobile":"","ocean_menu_typo_line_height":0,"ocean_menu_typo_line_height_tablet":0,"ocean_menu_typo_line_height_mobile":0,"ocean_menu_typo_line_height_unit":"","ocean_menu_typo_spacing":0,"ocean_menu_typo_spacing_tablet":0,"ocean_menu_typo_spacing_mobile":0,"ocean_menu_typo_spacing_unit":"","ocean_menu_link_color":"","ocean_menu_link_color_hover":"","ocean_menu_link_color_active":"","ocean_menu_link_background":"","ocean_menu_link_hover_background":"","ocean_menu_link_active_background":"","ocean_menu_social_links_bg":"","ocean_menu_social_hover_links_bg":"","ocean_menu_social_links_color":"","ocean_menu_social_hover_links_color":"","ocean_disable_title":"default","ocean_disable_heading":"default","ocean_post_title":"","ocean_post_subheading":"","ocean_post_title_style":"","ocean_post_title_background_color":"","ocean_post_title_background":0,"ocean_post_title_bg_image_position":"","ocean_post_title_bg_image_attachment":"","ocean_post_title_bg_image_repeat":"","ocean_post_title_bg_image_size":"","ocean_post_title_height":0,"ocean_post_title_bg_overlay":0.5,"ocean_post_title_bg_overlay_color":"","ocean_disable_breadcrumbs":"default","ocean_breadcrumbs_color":"","ocean_breadcrumbs_separator_color":"","ocean_breadcrumbs_links_color":"","ocean_breadcrumbs_links_hover_color":"","ocean_display_footer_widgets":"default","ocean_display_footer_bottom":"default","ocean_custom_footer_template":"0"},"product_brand":[],"product_cat":[32,87],"product_tag":[],"class_list":{"0":"post-5376","1":"product","2":"type-product","3":"status-publish","4":"has-post-thumbnail","6":"product_cat-dlonie-i-stopy","7":"product_cat-masci-lecznicze","9":"entry","10":"has-media","12":"first","13":"instock","14":"shipping-taxable","15":"purchasable","16":"product-type-simple","17":"has-product-nav","18":"col","19":"span_1_of_3","20":"owp-content-left","21":"owp-thumbs-layout-horizontal","22":"owp-btn-normal","23":"owp-tabs-layout-horizontal","24":"has-no-thumbnails"},"_links":{"self":[{"href":"https:\/\/ecocorner.eu\/en\/wp-json\/wp\/v2\/product\/5376","targetHints":{"allow":["GET"]}}],"collection":[{"href":"https:\/\/ecocorner.eu\/en\/wp-json\/wp\/v2\/product"}],"about":[{"href":"https:\/\/ecocorner.eu\/en\/wp-json\/wp\/v2\/types\/product"}],"version-history":[{"count":1,"href":"https:\/\/ecocorner.eu\/en\/wp-json\/wp\/v2\/product\/5376\/revisions"}],"predecessor-version":[{"id":5378,"href":"https:\/\/ecocorner.eu\/en\/wp-json\/wp\/v2\/product\/5376\/revisions\/5378"}],"wp:featuredmedia":[{"embeddable":true,"href":"https:\/\/ecocorner.eu\/en\/wp-json\/wp\/v2\/media\/5377"}],"wp:attachment":[{"href":"https:\/\/ecocorner.eu\/en\/wp-json\/wp\/v2\/media?parent=5376"}],"wp:term":[{"taxonomy":"product_brand","embeddable":true,"href":"https:\/\/ecocorner.eu\/en\/wp-json\/wp\/v2\/product_brand?post=5376"},{"taxonomy":"product_cat","embeddable":true,"href":"https:\/\/ecocorner.eu\/en\/wp-json\/wp\/v2\/product_cat?post=5376"},{"taxonomy":"product_tag","embeddable":true,"href":"https:\/\/ecocorner.eu\/en\/wp-json\/wp\/v2\/product_tag?post=5376"}],"curies":[{"name":"wp","href":"https:\/\/api.w.org\/{rel}","templated":true}]}}