{"id":5388,"date":"2024-04-28T18:48:18","date_gmt":"2024-04-28T18:48:18","guid":{"rendered":"https:\/\/ecocorner.eu\/?post_type=product&#038;p=5388"},"modified":"2026-02-10T21:54:09","modified_gmt":"2026-02-10T21:54:09","slug":"pharmovit-suplement-diety-na-stawychrzastkimiesnie-w-plynie-bezglutenowy-500-ml","status":"publish","type":"product","link":"https:\/\/ecocorner.eu\/en\/product\/pharmovit-suplement-diety-na-stawychrzastkimiesnie-w-plynie-bezglutenowy-500-ml\/","title":{"rendered":"PHARMOVIT  Suplement  diety na stawy,chrz\u0105stki,mi\u0119snie w p\u0142ynie \/ bezglutenowy  500 ml"},"content":{"rendered":"<p><span class=\"wartosc test\">Ingredients<br \/>\nDemineralized water; hydrolyzed collagen, including: l-glycine, l-proline, l-hydroxyproline, L-glutamic acid, l-alanine, L-arginine, L-aspartic acid, L-lysine, L-Serine, L-leucine, L-phenylalanine, L-threonine, l-hydroxylysine, l-isoleucine, l-histidine, L-methionine, l-tyrosine; concentrated apple juice; a mixture of concentrates and puree from fruits: pineapple, orange, mango, banana, peach, passion fruit, lychee, guava, prickly pear, kiwi, lime, papaya; acidity regulator: citric acid; glucosamine sulfate 2kcl (shellfish); MSM (methylsulfonylmethane); chondroitin sulfate; L-carnitine; vitamin C (L-ascorbic acid); aloe vera leaf juice concentrate; preservatives: sorbic acid, benzoic acid; long oyster root extract, 95% standardized curcumin; common root extract; Baikal thyroid root extract; vitamin D (cholecalciferol); vitamin K (menaquinone); vitamin B12 (methylcobalamin).<\/span><\/p>\n<p>Ingredients in a daily serving-a daily serving of 15 ml<br \/>\nHydrolyzed collagen-5000 mg<br \/>\nincluding amino acids:<br \/>\n\u2013 l-glicyna \u2013 1012,1 mg<br \/>\n\u2013 l-prolina \u2013 579,0 mg<br \/>\n\u2013 l-hydroksyprolina \u2013 542,5 mg<br \/>\n- L-glutamic acid-465.0 mg<br \/>\n\u2013 l-alanina \u2013 392,1 mg<br \/>\n\u2013 l-arginina \u2013 332,8 mg<br \/>\n- L-aspartic acid-264.4 mg<br \/>\n- L-lysine-164.1 mg<br \/>\n- L-Serine-145.9 mg<br \/>\n- L-leucine-123.1 mg<br \/>\n\u2013 l-fenyloalanina \u2013 95,7 mg<br \/>\n\u2013 l-treonina \u2013 82,1 mg<br \/>\n\u2013 l-hydroksylizyna \u2013 72,9 mg<br \/>\n- L-isoleucine-63.8 mg<br \/>\n\u2013 l-histydyna \u2013 45,6 mg<br \/>\n\u2013 l-metionina \u2013 41,0 mg<br \/>\n- l-tyrosine-36.5 mg<br \/>\nGlucosamine Sulfate 2kcl-425 mg<br \/>\n- including glucosamine-250 mg<br \/>\nMSM \u2013 250 mg<br \/>\nChondroitin sulfate-250 mg<br \/>\nL-Carnitine-250 mg<br \/>\nVitamin C-150 mg (187% RWS)*<br \/>\nAloe barbadensis Leaf juice Concentrate-100 mg<br \/>\nCurcuma longa Oyster Root Extract - 10 mg<br \/>\n- including curcumin-9,5 mg<br \/>\nExtract 4: 1 from the root of common hyacorus (Harpagophytum procumbens \u2013 - 5.0 mg<br \/>\nBaikal Thyroid Gland Root Extract 4: 1 (Scutellaria baicalensis \u2013 - 5.0 mg<br \/>\nVitamin K-25 mcg (33% RWS)*<br \/>\nVitamin D \u2013 10 mcg\/400 IU (200% RWS)*<br \/>\nVitamin B12 - 5.0 mcg (200% RWS)*<\/p>\n<p>* RWS-consumption control values<\/p>\n<p>RECOMMENDED INTAKE AND OTHER CONSIDERATIONS<br \/>\nRecommended daily intake: Consume 15 ml per day with a meal. A measuring cup is included in the package. The recommended daily serving is 15 ml.<br \/>\nShake well before each use.<br \/>\nDo not exceed the recommended daily intake. Do not use if you are allergic to any of the ingredients. A product for adults. Use of the product is not recommended for pregnant and lactating women. The product cannot be used as a substitute for a varied diet. It is important to lead a healthy lifestyle and a balanced diet.<\/p>\n<p>RECOMMENDED STORAGE CONDITIONS<br \/>\nProtect from light. Store at room temperature, in a dry place out of the reach of small children. After opening, the product should be stored in the refrigerator. Consume within 5 weeks after opening.<\/p>","protected":false},"excerpt":{"rendered":"<p><span class=\"wartosc test\">Stawy Chrz\u0105stki Mi\u0119\u015bnie to innowacyjny suplement diety w p\u0142ynie stworzony na bazie demineralizowanej wody oraz naturalnych koncentrat\u00f3w owocowych. <\/span><\/p>\n<p><span class=\"wartosc test\">W swoim sk\u0142adzie zawiera hydrolizowany kolagen, naturalne ekstrakty ro\u015blinne, MSM \u2013 siark\u0119 organiczn\u0105 w bezwonnej, czystej formie metylosulfonylometanu, glukozamin\u0119, chondroityn\u0119 oraz witaminy B12, C, D, K.<br \/>\nBez dodatku cukru. Zawiera naturalnie wyst\u0119puj\u0105ce cukry. Bez barwnik\u00f3w.<br \/>\n33 servings = 33 days of supplementation.<br \/>\n<\/span><\/p>","protected":false},"featured_media":5389,"template":"","meta":{"ocean_post_layout":"","ocean_both_sidebars_style":"","ocean_both_sidebars_content_width":0,"ocean_both_sidebars_sidebars_width":0,"ocean_sidebar":"0","ocean_second_sidebar":"0","ocean_disable_margins":"enable","ocean_add_body_class":"","ocean_shortcode_before_top_bar":"","ocean_shortcode_after_top_bar":"","ocean_shortcode_before_header":"","ocean_shortcode_after_header":"","ocean_has_shortcode":"","ocean_shortcode_after_title":"","ocean_shortcode_before_footer_widgets":"","ocean_shortcode_after_footer_widgets":"","ocean_shortcode_before_footer_bottom":"","ocean_shortcode_after_footer_bottom":"","ocean_display_top_bar":"default","ocean_display_header":"default","ocean_header_style":"","ocean_center_header_left_menu":"0","ocean_custom_header_template":"0","ocean_custom_logo":0,"ocean_custom_retina_logo":0,"ocean_custom_logo_max_width":0,"ocean_custom_logo_tablet_max_width":0,"ocean_custom_logo_mobile_max_width":0,"ocean_custom_logo_max_height":0,"ocean_custom_logo_tablet_max_height":0,"ocean_custom_logo_mobile_max_height":0,"ocean_header_custom_menu":"0","ocean_menu_typo_font_family":"0","ocean_menu_typo_font_subset":"","ocean_menu_typo_font_size":0,"ocean_menu_typo_font_size_tablet":0,"ocean_menu_typo_font_size_mobile":0,"ocean_menu_typo_font_size_unit":"px","ocean_menu_typo_font_weight":"","ocean_menu_typo_font_weight_tablet":"","ocean_menu_typo_font_weight_mobile":"","ocean_menu_typo_transform":"","ocean_menu_typo_transform_tablet":"","ocean_menu_typo_transform_mobile":"","ocean_menu_typo_line_height":0,"ocean_menu_typo_line_height_tablet":0,"ocean_menu_typo_line_height_mobile":0,"ocean_menu_typo_line_height_unit":"","ocean_menu_typo_spacing":0,"ocean_menu_typo_spacing_tablet":0,"ocean_menu_typo_spacing_mobile":0,"ocean_menu_typo_spacing_unit":"","ocean_menu_link_color":"","ocean_menu_link_color_hover":"","ocean_menu_link_color_active":"","ocean_menu_link_background":"","ocean_menu_link_hover_background":"","ocean_menu_link_active_background":"","ocean_menu_social_links_bg":"","ocean_menu_social_hover_links_bg":"","ocean_menu_social_links_color":"","ocean_menu_social_hover_links_color":"","ocean_disable_title":"default","ocean_disable_heading":"default","ocean_post_title":"","ocean_post_subheading":"","ocean_post_title_style":"","ocean_post_title_background_color":"","ocean_post_title_background":0,"ocean_post_title_bg_image_position":"","ocean_post_title_bg_image_attachment":"","ocean_post_title_bg_image_repeat":"","ocean_post_title_bg_image_size":"","ocean_post_title_height":0,"ocean_post_title_bg_overlay":0.5,"ocean_post_title_bg_overlay_color":"","ocean_disable_breadcrumbs":"default","ocean_breadcrumbs_color":"","ocean_breadcrumbs_separator_color":"","ocean_breadcrumbs_links_color":"","ocean_breadcrumbs_links_hover_color":"","ocean_display_footer_widgets":"default","ocean_display_footer_bottom":"default","ocean_custom_footer_template":"0"},"product_brand":[],"product_cat":[22],"product_tag":[],"class_list":{"0":"post-5388","1":"product","2":"type-product","3":"status-publish","4":"has-post-thumbnail","6":"product_cat-suplementy-i-witaminy","8":"entry","9":"has-media","11":"first","12":"instock","13":"shipping-taxable","14":"purchasable","15":"product-type-simple","16":"has-product-nav","17":"col","18":"span_1_of_3","19":"owp-content-left","20":"owp-thumbs-layout-horizontal","21":"owp-btn-normal","22":"owp-tabs-layout-horizontal","23":"has-no-thumbnails"},"_links":{"self":[{"href":"https:\/\/ecocorner.eu\/en\/wp-json\/wp\/v2\/product\/5388","targetHints":{"allow":["GET"]}}],"collection":[{"href":"https:\/\/ecocorner.eu\/en\/wp-json\/wp\/v2\/product"}],"about":[{"href":"https:\/\/ecocorner.eu\/en\/wp-json\/wp\/v2\/types\/product"}],"version-history":[{"count":2,"href":"https:\/\/ecocorner.eu\/en\/wp-json\/wp\/v2\/product\/5388\/revisions"}],"predecessor-version":[{"id":8263,"href":"https:\/\/ecocorner.eu\/en\/wp-json\/wp\/v2\/product\/5388\/revisions\/8263"}],"wp:featuredmedia":[{"embeddable":true,"href":"https:\/\/ecocorner.eu\/en\/wp-json\/wp\/v2\/media\/5389"}],"wp:attachment":[{"href":"https:\/\/ecocorner.eu\/en\/wp-json\/wp\/v2\/media?parent=5388"}],"wp:term":[{"taxonomy":"product_brand","embeddable":true,"href":"https:\/\/ecocorner.eu\/en\/wp-json\/wp\/v2\/product_brand?post=5388"},{"taxonomy":"product_cat","embeddable":true,"href":"https:\/\/ecocorner.eu\/en\/wp-json\/wp\/v2\/product_cat?post=5388"},{"taxonomy":"product_tag","embeddable":true,"href":"https:\/\/ecocorner.eu\/en\/wp-json\/wp\/v2\/product_tag?post=5388"}],"curies":[{"name":"wp","href":"https:\/\/api.w.org\/{rel}","templated":true}]}}