{"id":5406,"date":"2024-05-08T12:12:41","date_gmt":"2024-05-08T12:12:41","guid":{"rendered":"https:\/\/ecocorner.eu\/?post_type=product&#038;p=5406"},"modified":"2025-12-11T22:11:27","modified_gmt":"2025-12-11T22:11:27","slug":"dr-jacobs-witamina-slonca-d3-forte-krople-20-ml","status":"publish","type":"product","link":"https:\/\/ecocorner.eu\/en\/product\/dr-jacobs-witamina-slonca-d3-forte-krople-20-ml\/","title":{"rendered":"Dr Jacobs   Witamina s\u0142o\u0144ca D3 FORTE  krople  20 ml"},"content":{"rendered":"<p><strong>MCT Oil<\/strong><\/p>\n<div>In products <strong>Dr. Jacob&#039;s<\/strong> with vitamins A, D, E and K in the liquid, we use the fraction <strong>MCT fatty acids<\/strong>derived from coconut oil. Unlike coconut oil itself, it is rich in saturated fatty acids, which, as a food product, are not good for health, <strong>medium chain fatty acids MCT <\/strong>they have many health and dietary benefits, many of which are scientifically proven. One of them is that\u00a0<strong>MCT<\/strong>\u00a0No<strong>\u00a0<\/strong>it negatively affects the blood lipid profile and does not increase the risk of cardiovascular diseases.<\/div>\n<div><\/div>\n<div>Application <strong>MCT<\/strong> it has a very beneficial effect on the shelf life of vitamins dissolved in this oil. Compared to other oils, <strong>MCT<\/strong> it also has a much greater resistance to rancidity. Thanks to this, vitamins <strong>Dr. Jacob&#039;s<\/strong> they can have a maximum shelf life. <strong>MCT Oil<\/strong> nie ma smaku.<\/div>\n<p>&nbsp;<\/p>\n<p><img fetchpriority=\"high\" decoding=\"async\" src=\"https:\/\/sklep.drjacobs.pl\/userdata\/public\/assets\/Produkty\/Witamina%20s%C5%82o%C5%84ca%20D3%20FORTE%20Dr%20Jacobs%201.jpg\" alt=\"Witamina s\u0142o\u0144ca D3 Dr Jacobs\" width=\"300\" height=\"300\" \/><\/p>\n<table border=\"0\" frame=\"box\">\n<tbody>\n<tr>\n<td>Age<\/td>\n<td>Recommended daily dose<del cite=\"mailto:Tomasz\" datetime=\"2013-09-27T10:17\"> <\/del>Vitamin D*<\/td>\n<td><\/td>\n<\/tr>\n<tr>\n<td>Kids\u00a0<del cite=\"mailto:Tomasz\" datetime=\"2013-09-27T10:17\"><\/del>od 1 do 10 roku \u017cycia<\/td>\n<td>\u00a05 \u03bcg*** = 200 j.m. (IU)****<\/td>\n<td><\/td>\n<\/tr>\n<tr>\n<td>Osoby powy\u017cej 11 roku \u017cycia<\/td>\n<td>\u00a05 \u03bcg = 200 j.m.<\/td>\n<td><\/td>\n<\/tr>\n<tr>\n<td>Pregnant and lactating women<\/td>\n<td>\u00a05 \u03bcg = 200 j.m.<\/td>\n<td><\/td>\n<\/tr>\n<\/tbody>\n<\/table>\n<p><em>*przy braku syntezy endogennej; **mikrogram; <\/em><\/p>\n<p><em>*** jednostka mi\u0119dzynarodowa (international unit) okre\u015blaj\u0105ca ilo\u015b\u0107 substancji aktywnej<\/em><\/p>\n<p>&nbsp;<\/p>\n<p><strong><img decoding=\"async\" src=\"https:\/\/sklep.drjacobs.pl\/userdata\/public\/assets\/Produkty\/Witamina%20s%C5%82o%C5%84ca%20D3%20Forte%20Dr%20Jacobs%20tabela%20a.jpg\" alt=\"Witamina s\u0142o\u0144ca D3 Forte Dr Jacobs tabela\" width=\"252\" height=\"280\" \/><br \/>\n<\/strong><\/p>\n<p><strong>Recommended daily intake:<\/strong><\/p>\n<p>\u2013 osoby doros\u0142e zdrowe do 75. roku \u017cycia \u2013 kropla,<\/p>\n<p>\u2013 wy\u0142\u0105cznie doro\u015bli zdrowi powy\u017cej 75. roku \u017cycia \u2013 2 krople.<\/p>\n<p><strong>Okres ci\u0105\u017cy i karmienia \u2013<\/strong> kropla (przyjmowanie preparat\u00f3w z witamin\u0105 D podczas ci\u0105\u017cy i karmienia powinno by\u0107 skonsultowane z lekarzem).<\/p>\n<p>Serve with a teaspoon or drop it in your mouth and spread it with your tongue.<\/p>\n<p>Stosuj\u0105c <strong>Witamin\u0119 s\u0142o\u0144ca D3 Forte<\/strong> nie powinno si\u0119 przyjmowa\u0107 innego produktu z witamin\u0105 D.<\/p>\n<p>The content of biologically active vitamin E can cause a slight scratching sensation in the throat in some people with mucosal irritation.<\/p>\n<p>&nbsp;<\/p>\n<p><strong>Ingredients:<\/strong><\/p>\n<p>wysokiej jako\u015bci olej MCT z kokosa (\u015brednio\u0142a\u0144cuchowe tr\u00f3jglicerydy z oleju kokosowego, 93%), przeciwutleniacz: tokoferol (naturalna witamina E), cholekalcyferol (witamina D3).<\/p>\n<p>The product is suitable for vegetarians \u2013 unlike other products with vitamin D3 contained in the product\u00a0<strong>Witaminy s\u0142o\u0144ca\u00a0D3 <em>FORTE<\/em><\/strong> it is obtained from lanolin made from sheep&#039;s wool (extracted by UV irradiation).<\/p>\n<p>Do not exceed the recommended daily intake.<\/p>\n<p>Przechowywa\u0107 w spos\u00f3b niedost\u0119pny dla ma\u0142ych dzieci, w temperaturze 6-25\u00b0C z dala od promieni s\u0142onecznych.<\/p>\n<p>Suplement diety nie mo\u017ce by\u0107 stosowany jako substytut (zamiennik) zr\u00f3wnowa\u017conej diety. Wa\u017cna jest zr\u00f3wnowa\u017cona dieta i zdrowy tryb \u017cycia.<\/p>\n<p>&nbsp;<\/p>\n<p><strong>___________________________________________________________________________<\/strong><\/p>\n<p><strong>Vitamin D Information<\/strong><\/p>\n<p>It is estimated that approx. 80-100% of the daily requirement for vitamin D<sub>3<\/sub> it occurs as a result of biosynthesis in the skin and is only slightly supported by food sources. A diet based on low-quality or highly processed foods contains virtually no vitamin D.<\/p>\n<p>Vitamin D is formed in the skin under the influence of sunlight (endogenous production). In our geographical area, this is possible from April to September at 10-15 hours at min. 15-minute daily exposure of at least the forearms and legs. The excess vitamin D produced in this way accumulates in adipose tissue and is released into the bloodstream within about two months. However, if we don&#039;t get enough sun during these months, don&#039;t stay in it, or use sunscreen (they can limit our vitamin D production to 90%), low vitamin D levels may not be enough to support our immune system as early as early fall. Skin with very dark skin produces vitamin D about six times slower due to the absorption of ultraviolet radiation by melanin. For the rest of the year, vitamin D production in the skin is virtually nonexistent. Therefore, in our climate, too little endogenous supply of vitamin D is common.<\/p>\n<p>The skin&#039;s ability to produce vitamin D also decreases with age, which can lead to a lack of support for calcium absorption, which is important for bone and muscle function (vitamin D is involved in calcium absorption).<\/p>","protected":false},"excerpt":{"rendered":"<p><strong>Vitamin D<\/strong> powstaje w sk\u00f3rze pod wp\u0142ywem promieni s\u0142onecznych. W naszej strefie geograficznej jest to mo\u017cliwe od kwietnia do wrze\u015bnia w godz. 10-15 przy min. 15-minutowym dziennym eksponowaniu przynajmniej przedramion i n\u00f3g. Je\u017celi jednak w tych miesi\u0105cach brak s\u0142o\u0144ca, nie przebywamy na nim lub stosujemy kremy z filtrem (mog\u0105 one ograniczy\u0107 wytwarzanie witaminy D nawet o 90%), niski poziom witaminy D mo\u017ce ju\u017c wczesn\u0105 jesieni\u0105 odbi\u0107 si\u0119 negatywnie na odporno\u015bci. Przez pozosta\u0142\u0105 cz\u0119\u015b\u0107 roku wytwarzanie witaminy D w sk\u00f3rze praktycznie nie zachodzi. W naszym klimacie zbyt ma\u0142a poda\u017c witaminy D jest wi\u0119c powszechna.<\/p>\n<p>The skin&#039;s ability to produce vitamin D also decreases with age, which can lead to a decrease in the absorption of calcium, which is important for bones and muscle function (vitamin D is involved in calcium absorption). Much more sun for the production of vitamin D in the skin is needed for people with a dark and dark complexion.<\/p>\n<p>Low-quality foods and highly processed foods may not provide enough vitamin D. A, and with good nutrition, foods can usually only provide approx. 30% of the daily requirement for this vitamin. That is why its addition is so important.<\/p>\n<p>&nbsp;<\/p>\n<p>zawarto\u015b\u0107 netto: 20 ml<\/p>\n<p>640 kropli-porcji po 50\u03bcg \/\u00a02000 j.m. (1000% RWS) witaminy D<sub>3<\/sub>.<\/p>\n<p><strong>Koszt jednej kropli\u00a0to tylko\u00a00,09 z\u0142!<\/strong><\/p>\n<p><strong>Krople wch\u0142aniaj\u0105 si\u0119 ju\u017c w ustach<\/strong><\/p>\n<p><strong>Tylko jedna kropla Witaminy s\u0142o\u0144ca\u00a0D3 <em>FORTE<\/em> zawiera a\u017c 50 \u03bcg &#8211; 2000 j.m. witaminy D3. Jest to ilo\u015b\u0107 zapewniaj\u0105ca odpowiedni poziom dla os\u00f3b ze zwi\u0119kszonym zapotrzebowaniem na witamin\u0119 D.<br \/>\n<\/strong><\/p>\n<p>&nbsp;<\/p>\n<p><strong>Vitamin D has a scientifically proven beneficial effect on health:<\/strong><\/p>\n<p class=\"Pa7\">- for the proper functioning of the immune system,<\/p>\n<p class=\"Pa7\">- to maintain healthy bones and teeth,<\/p>\n<p>- promotes normal bone growth and development in children,<\/p>\n<p class=\"Pa7\">- to maintain normal muscle function,<\/p>\n<p class=\"Pa7\">- for good absorption of calcium and phosphorus,<\/p>\n<p>- for normal blood calcium levels,<\/p>\n<p>- participates in proper cell division.<\/p>","protected":false},"featured_media":5407,"template":"","meta":{"ocean_post_layout":"","ocean_both_sidebars_style":"","ocean_both_sidebars_content_width":0,"ocean_both_sidebars_sidebars_width":0,"ocean_sidebar":"0","ocean_second_sidebar":"0","ocean_disable_margins":"enable","ocean_add_body_class":"","ocean_shortcode_before_top_bar":"","ocean_shortcode_after_top_bar":"","ocean_shortcode_before_header":"","ocean_shortcode_after_header":"","ocean_has_shortcode":"","ocean_shortcode_after_title":"","ocean_shortcode_before_footer_widgets":"","ocean_shortcode_after_footer_widgets":"","ocean_shortcode_before_footer_bottom":"","ocean_shortcode_after_footer_bottom":"","ocean_display_top_bar":"default","ocean_display_header":"default","ocean_header_style":"","ocean_center_header_left_menu":"0","ocean_custom_header_template":"0","ocean_custom_logo":0,"ocean_custom_retina_logo":0,"ocean_custom_logo_max_width":0,"ocean_custom_logo_tablet_max_width":0,"ocean_custom_logo_mobile_max_width":0,"ocean_custom_logo_max_height":0,"ocean_custom_logo_tablet_max_height":0,"ocean_custom_logo_mobile_max_height":0,"ocean_header_custom_menu":"0","ocean_menu_typo_font_family":"0","ocean_menu_typo_font_subset":"","ocean_menu_typo_font_size":0,"ocean_menu_typo_font_size_tablet":0,"ocean_menu_typo_font_size_mobile":0,"ocean_menu_typo_font_size_unit":"px","ocean_menu_typo_font_weight":"","ocean_menu_typo_font_weight_tablet":"","ocean_menu_typo_font_weight_mobile":"","ocean_menu_typo_transform":"","ocean_menu_typo_transform_tablet":"","ocean_menu_typo_transform_mobile":"","ocean_menu_typo_line_height":0,"ocean_menu_typo_line_height_tablet":0,"ocean_menu_typo_line_height_mobile":0,"ocean_menu_typo_line_height_unit":"","ocean_menu_typo_spacing":0,"ocean_menu_typo_spacing_tablet":0,"ocean_menu_typo_spacing_mobile":0,"ocean_menu_typo_spacing_unit":"","ocean_menu_link_color":"","ocean_menu_link_color_hover":"","ocean_menu_link_color_active":"","ocean_menu_link_background":"","ocean_menu_link_hover_background":"","ocean_menu_link_active_background":"","ocean_menu_social_links_bg":"","ocean_menu_social_hover_links_bg":"","ocean_menu_social_links_color":"","ocean_menu_social_hover_links_color":"","ocean_disable_title":"default","ocean_disable_heading":"default","ocean_post_title":"","ocean_post_subheading":"","ocean_post_title_style":"","ocean_post_title_background_color":"","ocean_post_title_background":0,"ocean_post_title_bg_image_position":"","ocean_post_title_bg_image_attachment":"","ocean_post_title_bg_image_repeat":"","ocean_post_title_bg_image_size":"","ocean_post_title_height":0,"ocean_post_title_bg_overlay":0.5,"ocean_post_title_bg_overlay_color":"","ocean_disable_breadcrumbs":"default","ocean_breadcrumbs_color":"","ocean_breadcrumbs_separator_color":"","ocean_breadcrumbs_links_color":"","ocean_breadcrumbs_links_hover_color":"","ocean_display_footer_widgets":"default","ocean_display_footer_bottom":"default","ocean_custom_footer_template":"0"},"product_brand":[],"product_cat":[22],"product_tag":[],"class_list":{"0":"post-5406","1":"product","2":"type-product","3":"status-publish","4":"has-post-thumbnail","6":"product_cat-suplementy-i-witaminy","8":"entry","9":"has-media","11":"first","12":"instock","13":"shipping-taxable","14":"purchasable","15":"product-type-simple","16":"has-product-nav","17":"col","18":"span_1_of_3","19":"owp-content-left","20":"owp-thumbs-layout-horizontal","21":"owp-btn-normal","22":"owp-tabs-layout-horizontal"},"_links":{"self":[{"href":"https:\/\/ecocorner.eu\/en\/wp-json\/wp\/v2\/product\/5406","targetHints":{"allow":["GET"]}}],"collection":[{"href":"https:\/\/ecocorner.eu\/en\/wp-json\/wp\/v2\/product"}],"about":[{"href":"https:\/\/ecocorner.eu\/en\/wp-json\/wp\/v2\/types\/product"}],"version-history":[{"count":1,"href":"https:\/\/ecocorner.eu\/en\/wp-json\/wp\/v2\/product\/5406\/revisions"}],"predecessor-version":[{"id":5409,"href":"https:\/\/ecocorner.eu\/en\/wp-json\/wp\/v2\/product\/5406\/revisions\/5409"}],"wp:featuredmedia":[{"embeddable":true,"href":"https:\/\/ecocorner.eu\/en\/wp-json\/wp\/v2\/media\/5407"}],"wp:attachment":[{"href":"https:\/\/ecocorner.eu\/en\/wp-json\/wp\/v2\/media?parent=5406"}],"wp:term":[{"taxonomy":"product_brand","embeddable":true,"href":"https:\/\/ecocorner.eu\/en\/wp-json\/wp\/v2\/product_brand?post=5406"},{"taxonomy":"product_cat","embeddable":true,"href":"https:\/\/ecocorner.eu\/en\/wp-json\/wp\/v2\/product_cat?post=5406"},{"taxonomy":"product_tag","embeddable":true,"href":"https:\/\/ecocorner.eu\/en\/wp-json\/wp\/v2\/product_tag?post=5406"}],"curies":[{"name":"wp","href":"https:\/\/api.w.org\/{rel}","templated":true}]}}