{"id":5441,"date":"2024-05-20T21:27:31","date_gmt":"2024-05-20T21:27:31","guid":{"rendered":"https:\/\/ecocorner.eu\/?post_type=product&#038;p=5441"},"modified":"2025-06-09T16:32:28","modified_gmt":"2025-06-09T16:32:28","slug":"genactiv-colostrum-junior-czarny-bez-saszetki-800mg-30-sasz-bioaktywny-liofilizat-2h","status":"publish","type":"product","link":"https:\/\/ecocorner.eu\/en\/product\/genactiv-colostrum-junior-czarny-bez-saszetki-800mg-30-sasz-bioaktywny-liofilizat-2h\/","title":{"rendered":"GENACTIV    Colostrum Junior czarny bez saszetki 800mg 30 sasz. &#8211; bioaktywny liofilizat 2h"},"content":{"rendered":"<p><strong>METHOD OF APPLICATION<\/strong><br \/>\n1 saszetka (1,61 g) dziennie przed posi\u0142kiem lub inaczej po konsultacji z lekarzem. Zawarto\u015b\u0107 saszetki spo\u017cywa\u0107 bezpo\u015brednio po zmieszaniu z oko\u0142o 100 ml letniej wody.<br \/>\nMaksymalna porcja dzienna to 1 saszetka (1,61 g). Nie nale\u017cy przekracza\u0107 zalecanej dziennej porcji do spo\u017cycia.<\/p>\n<p>Uwaga &#8211; bioaktywne zwi\u0105zki bia\u0142kowe ulegaj\u0105 denaturacji w wysokiej temperaturze, dlatego nie nale\u017cy wsypywa\u0107 proszku do gor\u0105cych p\u0142yn\u00f3w.<\/p>\n<p><strong>Ingredients<\/strong><br \/>\nLiofilizowana siara bydl\u0119ca Colostrum Bovinum Genactiv 2h, ekstrakt z owoc\u00f3w bzu czarnego (Sambucus nigra L.) standaryzowany na 7% antocyjan\u00f3w DER 32:1, ekstrakt z owoc\u00f3w dzikiej r\u00f3\u017cy (Rosa canina L.) standaryzowany na 70% witaminy C DER 20:1, zag\u0119szczony sok z owoc\u00f3w czarnej porzeczki, zag\u0119szczony sok z owoc\u00f3w malin, stewia (substancja s\u0142odz\u0105ca), aromat malinowy.<\/p>\n<p>Bez barwnik\u00f3w. Zawiera naturalnie wyst\u0119puj\u0105ce cukry i laktoz\u0119.<\/p>\n<p><u>Sk\u0142adnik aktywny\u00a01 saszetka (1,61 g):<\/u><br \/>\nColostrum bovinum\u00a0&#8211; 0,8 g<br \/>\nEkstrakt z owoc\u00f3w czarnego bzu\u00a00,16 g<br \/>\nEkstrakt z owoc\u00f3w dzikiej r\u00f3\u017cy, w tym witamina C \u00a00,1 g<br \/>\nw tym 70 mg wit C<\/p>\n<p>Zawarto\u015b\u0107 netto: 48,3 g<\/p>\n<p><strong>note<\/strong><br \/>\nNale\u017cy zachowa\u0107 ostro\u017cno\u015b\u0107 w przypadku alergii na jakikolwiek sk\u0142adnik produktu. Przy stosowaniu ilo\u015bci zalecanych przez producenta nie stwierdzono \u017cadnych skutk\u00f3w ubocznych przedawkowania preparatu. Zawiera laktoz\u0119 i bia\u0142ka mleka krowiego.<\/p>","protected":false},"excerpt":{"rendered":"<p>COLOSTRUM JUNIOR CZARNY BEZ, proszek, 30 saszetek to warto\u015bciowe uzupe\u0142nienie diety dla os\u00f3b, kt\u00f3re chc\u0105 zachowa\u0107 zdrowie swojego organizmu. Zawiera czyste, liofilizowane, w 100% wierne naturze Colostrum bovinum. Produkt stworzony jest na bazie colostrum bovinum &#8211; wyj\u0105tkowej i niezwykle skutecznej substancji naturalnej. Starannie opracowana i opatentowana procedura pozyskiwania surowca oraz zaawansowana technologia procesu liofilizacji sprawia, \u017ce otrzymane colostrum zachowuje swoje naturalne w\u0142a\u015bciwo\u015bci oraz jest bogate w witaminy i minera\u0142y. To jedyne na rynku colostrum pozyskiwane w ci\u0105gu 2 godzin po rozpocz\u0119ciu laktacji, dzi\u0119ki czemu zawiera najwi\u0119cej bioaktywnych substancji. Sk\u0142adniki Colostrum Genactiv korzystnie wp\u0142ywaj\u0105 na utrzymanie naturalnych mechanizm\u00f3w obronnych organizmu i si\u0142 witalnych na wysokim poziomie. Owoce czarnego bzu wspieraj\u0105 prac\u0119 uk\u0142adu odporno\u015bciowego. Wysoka zawarto\u015b\u0107 naturalnej witaminy C pochodz\u0105cej z owoc\u00f3w dzikiej r\u00f3\u017cy. Witamina C wspiera odporno\u015b\u0107 organizmu.<\/p>\n<p>Colostrum w naturalnej postaci jest wydzielin\u0105 gruczo\u0142u mlekowego ssak\u00f3w, powstaj\u0105c\u0105 w ostatnim okresie przed porodem i w pierwszych dniach po porodzie. Colostrum jest pierwszym pokarmem ka\u017cdego nowonarodzonego ssaka, tak\u017ce cz\u0142owieka. Colostrum przekazuje dziecku immunoglobuliny i inne substancje odporno\u015bciowe chroni\u0105c nowe \u017cycie przed infekcjami. Substancje zawarte w colostrum charakteryzuj\u0105 si\u0119 prawie 40-krotnie zwi\u0119kszonym udzia\u0142em biologicznie aktywnych sk\u0142adnik\u00f3w w por\u00f3wnaniu z mlekiem naturalnym. Obecne w saszetkach colostrum bovinum zawiera mi\u0119dzy innymi: czynniki odporno\u015bciowe (immunoglobuliny), witaminy i minera\u0142y, czynniki wzrostu, bia\u0142ka bogate w prolin\u0119 (PRP), lizozym i laktoferyn\u0119.<\/p>","protected":false},"featured_media":5442,"template":"","meta":{"ocean_post_layout":"","ocean_both_sidebars_style":"","ocean_both_sidebars_content_width":0,"ocean_both_sidebars_sidebars_width":0,"ocean_sidebar":"0","ocean_second_sidebar":"0","ocean_disable_margins":"enable","ocean_add_body_class":"","ocean_shortcode_before_top_bar":"","ocean_shortcode_after_top_bar":"","ocean_shortcode_before_header":"","ocean_shortcode_after_header":"","ocean_has_shortcode":"","ocean_shortcode_after_title":"","ocean_shortcode_before_footer_widgets":"","ocean_shortcode_after_footer_widgets":"","ocean_shortcode_before_footer_bottom":"","ocean_shortcode_after_footer_bottom":"","ocean_display_top_bar":"default","ocean_display_header":"default","ocean_header_style":"","ocean_center_header_left_menu":"0","ocean_custom_header_template":"0","ocean_custom_logo":0,"ocean_custom_retina_logo":0,"ocean_custom_logo_max_width":0,"ocean_custom_logo_tablet_max_width":0,"ocean_custom_logo_mobile_max_width":0,"ocean_custom_logo_max_height":0,"ocean_custom_logo_tablet_max_height":0,"ocean_custom_logo_mobile_max_height":0,"ocean_header_custom_menu":"0","ocean_menu_typo_font_family":"0","ocean_menu_typo_font_subset":"","ocean_menu_typo_font_size":0,"ocean_menu_typo_font_size_tablet":0,"ocean_menu_typo_font_size_mobile":0,"ocean_menu_typo_font_size_unit":"px","ocean_menu_typo_font_weight":"","ocean_menu_typo_font_weight_tablet":"","ocean_menu_typo_font_weight_mobile":"","ocean_menu_typo_transform":"","ocean_menu_typo_transform_tablet":"","ocean_menu_typo_transform_mobile":"","ocean_menu_typo_line_height":0,"ocean_menu_typo_line_height_tablet":0,"ocean_menu_typo_line_height_mobile":0,"ocean_menu_typo_line_height_unit":"","ocean_menu_typo_spacing":0,"ocean_menu_typo_spacing_tablet":0,"ocean_menu_typo_spacing_mobile":0,"ocean_menu_typo_spacing_unit":"","ocean_menu_link_color":"","ocean_menu_link_color_hover":"","ocean_menu_link_color_active":"","ocean_menu_link_background":"","ocean_menu_link_hover_background":"","ocean_menu_link_active_background":"","ocean_menu_social_links_bg":"","ocean_menu_social_hover_links_bg":"","ocean_menu_social_links_color":"","ocean_menu_social_hover_links_color":"","ocean_disable_title":"default","ocean_disable_heading":"default","ocean_post_title":"","ocean_post_subheading":"","ocean_post_title_style":"","ocean_post_title_background_color":"","ocean_post_title_background":0,"ocean_post_title_bg_image_position":"","ocean_post_title_bg_image_attachment":"","ocean_post_title_bg_image_repeat":"","ocean_post_title_bg_image_size":"","ocean_post_title_height":0,"ocean_post_title_bg_overlay":0.5,"ocean_post_title_bg_overlay_color":"","ocean_disable_breadcrumbs":"default","ocean_breadcrumbs_color":"","ocean_breadcrumbs_separator_color":"","ocean_breadcrumbs_links_color":"","ocean_breadcrumbs_links_hover_color":"","ocean_display_footer_widgets":"default","ocean_display_footer_bottom":"default","ocean_custom_footer_template":"0"},"product_brand":[],"product_cat":[62,20],"product_tag":[],"class_list":{"0":"post-5441","1":"product","2":"type-product","3":"status-publish","4":"has-post-thumbnail","6":"product_cat-odpornosc","7":"product_cat-dzieci","9":"entry","10":"has-media","12":"first","13":"outofstock","14":"shipping-taxable","15":"purchasable","16":"product-type-simple","17":"has-product-nav","18":"col","19":"span_1_of_3","20":"owp-content-left","21":"owp-thumbs-layout-horizontal","22":"owp-btn-normal","23":"owp-tabs-layout-horizontal","24":"has-no-thumbnails"},"_links":{"self":[{"href":"https:\/\/ecocorner.eu\/en\/wp-json\/wp\/v2\/product\/5441","targetHints":{"allow":["GET"]}}],"collection":[{"href":"https:\/\/ecocorner.eu\/en\/wp-json\/wp\/v2\/product"}],"about":[{"href":"https:\/\/ecocorner.eu\/en\/wp-json\/wp\/v2\/types\/product"}],"version-history":[{"count":1,"href":"https:\/\/ecocorner.eu\/en\/wp-json\/wp\/v2\/product\/5441\/revisions"}],"predecessor-version":[{"id":5443,"href":"https:\/\/ecocorner.eu\/en\/wp-json\/wp\/v2\/product\/5441\/revisions\/5443"}],"wp:featuredmedia":[{"embeddable":true,"href":"https:\/\/ecocorner.eu\/en\/wp-json\/wp\/v2\/media\/5442"}],"wp:attachment":[{"href":"https:\/\/ecocorner.eu\/en\/wp-json\/wp\/v2\/media?parent=5441"}],"wp:term":[{"taxonomy":"product_brand","embeddable":true,"href":"https:\/\/ecocorner.eu\/en\/wp-json\/wp\/v2\/product_brand?post=5441"},{"taxonomy":"product_cat","embeddable":true,"href":"https:\/\/ecocorner.eu\/en\/wp-json\/wp\/v2\/product_cat?post=5441"},{"taxonomy":"product_tag","embeddable":true,"href":"https:\/\/ecocorner.eu\/en\/wp-json\/wp\/v2\/product_tag?post=5441"}],"curies":[{"name":"wp","href":"https:\/\/api.w.org\/{rel}","templated":true}]}}