{"id":5470,"date":"2024-05-23T14:31:12","date_gmt":"2024-05-23T14:31:12","guid":{"rendered":"https:\/\/ecocorner.eu\/?post_type=product&#038;p=5470"},"modified":"2025-10-12T16:03:12","modified_gmt":"2025-10-12T16:03:12","slug":"resibo-lekkie-serum-z-potrojna-witamina-c-i-antyoksydantami-heyday-30-ml","status":"publish","type":"product","link":"https:\/\/ecocorner.eu\/en\/product\/resibo-lekkie-serum-z-potrojna-witamina-c-i-antyoksydantami-heyday-30-ml\/","title":{"rendered":"Resibo   Lekkie serum z potr\u00f3jn\u0105 witamin\u0105 C i antyoksydantami  Heyday  30 ml"},"content":{"rendered":"<div class=\"product-layout__block              product-extra-desc-n__block              col-12 col-md-6\"><\/p>\n<div class=\"mt-4 mt-md-0 mb-2 mb-md-3 mb-lg-4\">\n<div id=\"collapse-product-details\" class=\"collapse show\" aria-labelledby=\"heading-product-details\" data-parent=\"#product-accordion\">\n<div class=\"card-body pb-1 pt-3\">\n<div class=\"product-description-short\">\n<div class=\"line-height-md mb-3\">\n<p>Serum jest przeznaczone do piel\u0119gnacji ka\u017cdego rodzaju cery. \u015awietne dla m\u0142odych os\u00f3b, kt\u00f3re chc\u0105 d\u0142u\u017cej zachowa\u0107 j\u0119drno\u015b\u0107 i m\u0142ody, promienny wygl\u0105d sk\u00f3ry. Idealne dla dojrza\u0142ych cer, kt\u00f3re szukaj\u0105 wsparcia w przyspieszeniu proces\u00f3w odbudowy kom\u00f3rek i wyg\u0142adzenia sk\u00f3ry. Po serum mog\u0105 si\u0119ga\u0107 te\u017c osoby, na sk\u00f3rze kt\u00f3rych pojawiaj\u0105 si\u0119 przebarwienia, p\u0119kaj\u0105ce naczynka, a nawet tr\u0105dzik.<\/p>\n<\/div>\n<div class=\"row mt-n3 mt-n3 mb-3 mx-n2\">\n<div class=\"col-auto mt-3 px-2\"><span class=\"extra-badge\"> <span class=\"extra-badge__text\"> Na dzie\u0144 <\/span> <\/span><\/div>\n<\/div>\n<p class=\"line-height-md font-weight-semibold mb-3\">Odpowiedni dla kobiet w ci\u0105\u017cy i karmi\u0105cych piersi\u0105<\/p>\n<p class=\"line-height-md mb-3\"><strong> Active Ingredients: <\/strong> Superox C, 3-O-Ethyl Ascorbic Acid, Vitamin C Tetra E<\/p>\n<p class=\"line-height-md mb-3\"><strong> Procent naturalno\u015bci: <\/strong> 97,1%<\/p>\n<\/div>\n<\/div>\n<\/div>\n<\/div>\n<div class=\"mt-4 mt-md-0 mb-2 mb-md-3 mb-lg-4\"><span class=\"product-extra-desc-n__badge product-feature-badge\">Efekty i badania <\/span><\/div>\n<div class=\"product-extra-desc-n__text-content\">\n<h4 class=\"h2 font-weight-bold mb-0 mb-3\">W ma\u0142ej kropli drzemie wielka si\u0142a.<\/h4>\n<p>mamy na to dowody. Lekka, pachn\u0105ca pomara\u0144cz\u0105 formu\u0142a nie\u202fzapycha por\u00f3w, co potwierdzaj\u0105 badania. 100% badanych czuje nawil\u017cenie i regeneracj\u0119 sk\u00f3ry oraz potwierdza, \u017ce\u202fsk\u00f3ra jest mi\u0119kka w dotyku. 92% dostrzega wyra\u017ane od\u017cywienie i roz\u015bwietlenie. 88% zauwa\u017ca popraw\u0119\u202fwygl\u0105du sk\u00f3ry. Takie efekty przynosi Heyday. Potr\u00f3jnie skuteczne, potr\u00f3jnie stabilne, potr\u00f3jnie\u202fprzyjemne w u\u017cyciu \u2013 pobud\u017a sk\u00f3r\u0119 do dzia\u0142ania.<\/p>\n<div class=\"product-layout__block              product-extra-desc-n__block              col-12 col-md-6\"><\/p>\n<div class=\"mt-4 mt-md-0 mb-2 mb-md-3 mb-lg-4\"><span class=\"product-extra-desc-n__badge product-feature-badge\"> Method of application <\/span><\/div>\n<div class=\"product-extra-desc-n__text-content\">\n<h4 class=\"h2 font-weight-bold mb-0 mb-3\">abC Twojej piel\u0119gnacji.<\/h4>\n<p>Codziennie si\u0119gaj po witamin\u0119 C i antyoksydanty \u2013 to najlepsze, co mo\u017cesz\u202fzaserwowa\u0107 swojej sk\u00f3rze. U\u017cywaj Heyday w porannej piel\u0119gnacji. Tw\u00f3j plan: na\u0142\u00f3\u017c\u202fserum z witamin\u0105\u202fC\u202fna oczyszczon\u0105 i stonizowan\u0105 sk\u00f3r\u0119. Potem zaaplikuj ulubiony krem z filtrem SPF \u2013 pami\u0119taj o nim\u202fnawet w pochmurny dzie\u0144. Szybko zauwa\u017cysz, jak dzie\u0144 po dniu Twoja twarz, dodatkowo chroniona przed wolnymi rodnikami, nabiera blasku.<\/p>\n<p>Composition:<\/p>\n<p>Aqua, Caprylic\/Capric Triglyceride*, Glycerin, Glyceryl Stearate Citrate*, Isoamyl Laurate*, Trehalose*, Helianthus Annuus Seed Oil, Ascorbyl Tetraisopalmitate, 3-O-Ethyl Ascorbic Acid, Simmondsia Chinensis Seed Oil, Gossypium Herbaceum Seed Oil, Mangifera Indica Seed Butter, Dunaliella Salina Extract, Terminalia Ferdinandiana Fruit Extract*, Hippophae Rhamnoides Fruit Oil, C10-18 Triglycerides*, Cetearyl Alcohol, Tocopherol, Xanthan Gum*, Sodium Stearoyl Glutamate*, Tetrasodium Glutamate Diacetate*, Sodium Benzoate, Potassium Sorbate, Citric Acid, Parfum, Limonene, Citral<br \/>\n* natural certified ingredients<\/p>\n<\/div>\n<\/div>\n<\/div>\n<\/div>","protected":false},"excerpt":{"rendered":"<div id=\"collapse-about-product\" class=\"collapse show\" aria-labelledby=\"heading-about-product\" data-parent=\"#product-accordion\">\n<div class=\"card-body pb-1 pt-3\">\n<div class=\"product-description-short text-left line-height-md\" data-list-name=\"Strona produktu - rekomendacja\">\n<h4 class=\"rich-header rich-subheader\">Zastrzyk potr\u00f3jnej dawki witaminy C, bezpiecznej nawet w pe\u0142nym s\u0142o\u0144cu.<\/h4>\n<p>J\u0119drna, g\u0142adka, roz\u015bwietlona i nawil\u017cona cera. Serum z witamin\u0105 C rozja\u015bnia przebarwienia i przeciwdzia\u0142a pojawianiu si\u0119 nowych. Dzie\u0144 po dniu twarz staje si\u0119 pe\u0142na blasku.<\/p>\n<p>Nasza zasada: s\u0142o\u0144ce nie przeszkadza w stosowaniu witaminy C na dzie\u0144.<\/p>\n<p>W Resibo stawiamy na zaawansowane i skuteczne formulacje \u2013 dla efektywnej i przyjemnej piel\u0119gnacji.<\/p>\n<div class=\"product-extra-desc-n__text-content\">\n<h4 class=\"h2 font-weight-bold mb-0 mb-3\">Dzienna dawka blasku.<\/h4>\n<p>stworzona z my\u015bl\u0105 o ka\u017cdym rodzaju cery, zw\u0142aszcza tej, kt\u00f3ra potrzebuje energii i roz\u015bwietlenia. Heyday rozja\u015bnia, uj\u0119drnia, przy\u015bpiesza regeneracj\u0119. Wszystko dzi\u0119ki mocy pro-sk\u0142adnika \u2013 potr\u00f3jnej witaminy C. Vitamin C Tetra E trzykrotnie skuteczniej przenika przez nask\u00f3rek ni\u017c klasyczna witamina C, a Superox-C\u2122 to najbogatsze \u017ar\u00f3d\u0142o witaminy C na \u015bwiecie (ponad 100 razy wi\u0119ksze ni\u017c pomara\u0144cza). Sk\u0142adniki te uzupe\u0142niaj\u0105 si\u0119, wzajemnie wzmacniaj\u0105c swoje dzia\u0142ania na sk\u00f3r\u0119, pobudzaj\u0105c produkcj\u0119 kolagenu i elastyny oraz zwalczaj\u0105c wolne rodniki.<\/p>\n<\/div>\n<p>&nbsp;<\/p>\n<\/div>\n<\/div>\n<\/div>","protected":false},"featured_media":5471,"template":"","meta":{"ocean_post_layout":"","ocean_both_sidebars_style":"","ocean_both_sidebars_content_width":0,"ocean_both_sidebars_sidebars_width":0,"ocean_sidebar":"0","ocean_second_sidebar":"0","ocean_disable_margins":"enable","ocean_add_body_class":"","ocean_shortcode_before_top_bar":"","ocean_shortcode_after_top_bar":"","ocean_shortcode_before_header":"","ocean_shortcode_after_header":"","ocean_has_shortcode":"","ocean_shortcode_after_title":"","ocean_shortcode_before_footer_widgets":"","ocean_shortcode_after_footer_widgets":"","ocean_shortcode_before_footer_bottom":"","ocean_shortcode_after_footer_bottom":"","ocean_display_top_bar":"default","ocean_display_header":"default","ocean_header_style":"","ocean_center_header_left_menu":"0","ocean_custom_header_template":"0","ocean_custom_logo":0,"ocean_custom_retina_logo":0,"ocean_custom_logo_max_width":0,"ocean_custom_logo_tablet_max_width":0,"ocean_custom_logo_mobile_max_width":0,"ocean_custom_logo_max_height":0,"ocean_custom_logo_tablet_max_height":0,"ocean_custom_logo_mobile_max_height":0,"ocean_header_custom_menu":"0","ocean_menu_typo_font_family":"0","ocean_menu_typo_font_subset":"","ocean_menu_typo_font_size":0,"ocean_menu_typo_font_size_tablet":0,"ocean_menu_typo_font_size_mobile":0,"ocean_menu_typo_font_size_unit":"px","ocean_menu_typo_font_weight":"","ocean_menu_typo_font_weight_tablet":"","ocean_menu_typo_font_weight_mobile":"","ocean_menu_typo_transform":"","ocean_menu_typo_transform_tablet":"","ocean_menu_typo_transform_mobile":"","ocean_menu_typo_line_height":0,"ocean_menu_typo_line_height_tablet":0,"ocean_menu_typo_line_height_mobile":0,"ocean_menu_typo_line_height_unit":"","ocean_menu_typo_spacing":0,"ocean_menu_typo_spacing_tablet":0,"ocean_menu_typo_spacing_mobile":0,"ocean_menu_typo_spacing_unit":"","ocean_menu_link_color":"","ocean_menu_link_color_hover":"","ocean_menu_link_color_active":"","ocean_menu_link_background":"","ocean_menu_link_hover_background":"","ocean_menu_link_active_background":"","ocean_menu_social_links_bg":"","ocean_menu_social_hover_links_bg":"","ocean_menu_social_links_color":"","ocean_menu_social_hover_links_color":"","ocean_disable_title":"default","ocean_disable_heading":"default","ocean_post_title":"","ocean_post_subheading":"","ocean_post_title_style":"","ocean_post_title_background_color":"","ocean_post_title_background":0,"ocean_post_title_bg_image_position":"","ocean_post_title_bg_image_attachment":"","ocean_post_title_bg_image_repeat":"","ocean_post_title_bg_image_size":"","ocean_post_title_height":0,"ocean_post_title_bg_overlay":0.5,"ocean_post_title_bg_overlay_color":"","ocean_disable_breadcrumbs":"default","ocean_breadcrumbs_color":"","ocean_breadcrumbs_separator_color":"","ocean_breadcrumbs_links_color":"","ocean_breadcrumbs_links_hover_color":"","ocean_display_footer_widgets":"default","ocean_display_footer_bottom":"default","ocean_custom_footer_template":"0"},"product_brand":[],"product_cat":[51],"product_tag":[],"class_list":{"0":"post-5470","1":"product","2":"type-product","3":"status-publish","4":"has-post-thumbnail","6":"product_cat-serum-mgielki-hydrolaty","8":"entry","9":"has-media","11":"first","12":"instock","13":"shipping-taxable","14":"purchasable","15":"product-type-simple","16":"has-product-nav","17":"col","18":"span_1_of_3","19":"owp-content-left","20":"owp-thumbs-layout-horizontal","21":"owp-btn-normal","22":"owp-tabs-layout-horizontal","23":"has-no-thumbnails"},"_links":{"self":[{"href":"https:\/\/ecocorner.eu\/en\/wp-json\/wp\/v2\/product\/5470","targetHints":{"allow":["GET"]}}],"collection":[{"href":"https:\/\/ecocorner.eu\/en\/wp-json\/wp\/v2\/product"}],"about":[{"href":"https:\/\/ecocorner.eu\/en\/wp-json\/wp\/v2\/types\/product"}],"version-history":[{"count":1,"href":"https:\/\/ecocorner.eu\/en\/wp-json\/wp\/v2\/product\/5470\/revisions"}],"predecessor-version":[{"id":5472,"href":"https:\/\/ecocorner.eu\/en\/wp-json\/wp\/v2\/product\/5470\/revisions\/5472"}],"wp:featuredmedia":[{"embeddable":true,"href":"https:\/\/ecocorner.eu\/en\/wp-json\/wp\/v2\/media\/5471"}],"wp:attachment":[{"href":"https:\/\/ecocorner.eu\/en\/wp-json\/wp\/v2\/media?parent=5470"}],"wp:term":[{"taxonomy":"product_brand","embeddable":true,"href":"https:\/\/ecocorner.eu\/en\/wp-json\/wp\/v2\/product_brand?post=5470"},{"taxonomy":"product_cat","embeddable":true,"href":"https:\/\/ecocorner.eu\/en\/wp-json\/wp\/v2\/product_cat?post=5470"},{"taxonomy":"product_tag","embeddable":true,"href":"https:\/\/ecocorner.eu\/en\/wp-json\/wp\/v2\/product_tag?post=5470"}],"curies":[{"name":"wp","href":"https:\/\/api.w.org\/{rel}","templated":true}]}}