{"id":5496,"date":"2024-05-23T15:34:56","date_gmt":"2024-05-23T15:34:56","guid":{"rendered":"https:\/\/ecocorner.eu\/?post_type=product&#038;p=5496"},"modified":"2025-08-28T10:02:18","modified_gmt":"2025-08-28T10:02:18","slug":"mokosh-multikorygujace-serum-do-twarzy-egzosomy-peptydy-witamina-c-12ml","status":"publish","type":"product","link":"https:\/\/ecocorner.eu\/en\/product\/mokosh-multikorygujace-serum-do-twarzy-egzosomy-peptydy-witamina-c-12ml\/","title":{"rendered":"MOKOSH   Multikoryguj\u0105ce serum do twarzy  Egzosomy, peptydy, witamina C   R\u00f3\u017ca z jagod\u0105   12ml"},"content":{"rendered":"<div class=\"short_ description\">Formu\u0142a serum dzia\u0142a na 6 g\u0142\u00f3wnych oznak starzenia.<br \/>\n<strong>Efekty potwierdzone badaniami aparaturowymi i aplikacyjnymi,\u00a0<\/strong>przeprowadzonymi na sk\u00f3rze wra\u017cliwej w niezale\u017cnych laboratoriach badawczych.<\/div>\n<div class=\"short_ description\">\n<div class=\"container-seria\">\n<div class=\"color-seria\"><\/div>\n<div class=\"nazwa-seria\">\n<p><strong>Odm\u0142odzenie i odnowienie<\/strong><br \/>\nR\u00f3\u017ca z jagod\u0105<\/p>\n<\/div>\n<\/div>\n<p>Linia kosmetyk\u00f3w skoncentrowana na d\u0142ugoterminowym dzia\u0142aniu przeciwstarzeniowym. Stymuluje kluczowe mechanizmy odpowiedzialne za m\u0142ody wygl\u0105d sk\u00f3ry: odnow\u0119 kom\u00f3rkow\u0105, produkcj\u0119 kolagenu i regeneracj\u0119. Dzi\u0119ki po\u0142\u0105czeniu sk\u0142adnik\u00f3w zaawansowanych z naturalnymi, m.in. bogat\u0105 w antyoksydanty r\u00f3\u017c\u0105 oraz jagod\u0105, formu\u0142y zapewniaj\u0105 wielopoziomowy, d\u0142ugotrwa\u0142y efekt rewitalizacji sk\u00f3ry.<\/p>\n<div class=\"active_INCI\">\n<h2>Odkryj moc sk\u0142adnik\u00f3w aktywnych &#8211; Multikoryguj\u0105ce serum do twarzy Egzosomy, peptydy, witamina C<\/h2>\n<p><strong>Egzosomy z kom\u00f3rek macierzystych w\u0105krotki azjatyckiej<\/strong> | no\u015bniki informacji genetycznej oraz cennych substancji bioaktywnych odpowiedzialnych za spowalnianie proces\u00f3w starzenia. Dzi\u0119ki mikroskopijnym rozmiarom wykazuj\u0105 nieprzeci\u0119tnie wysok\u0105 zdolno\u015b\u0107 przenikania do g\u0142\u0119bokich warstw sk\u00f3ry, gdzie reguluj\u0105 procesy regeneracji i redukuj\u0105 powstawanie zmarszczek.<\/p>\n<p><strong>Kom\u00f3rki macierzyste z r\u00f3\u017cy damasce\u0144skiej<\/strong> | dzia\u0142aj\u0105 przeciwzapalnie i antyoksydacyjnie, wp\u0142ywaj\u0105 na popraw\u0119 funkcjonowania i wygl\u0105du sk\u00f3ry.<\/p>\n<p><strong>Kompleks peptyd\u00f3w \u2013 nanopeptyd i heksapeptyd <\/strong> | energetyzuje kom\u00f3rki, dzi\u0119ki czemu zmniejsza widoczno\u015b\u0107 zmarszczek i oznak zm\u0119czenia przywracaj\u0105c sk\u00f3rze witalny wygl\u0105d.<\/p>\n<p><strong>Witamina C w stabilnej formie \u2013 Ascorbyl tetraisopalmitate <\/strong> | jeden z najsilniejszych antyoksydant\u00f3w, kt\u00f3ry stymuluje produkcj\u0119 kolagenu w sk\u00f3rze, dzia\u0142aj\u0105c przeciwstarzeniowo. Skutecznie redukuje zmarszczki, rozja\u015bnia i poprawia koloryt cery.<\/p>\n<p><strong>Przeciwzmarszczkowy kompleks ro\u015blinny z ekstraktem z bor\u00f3wki, wodorost\u00f3w, rzepiku, pi\u0119ciornika, betainy oraz dro\u017cd\u017cy <\/strong> | stymuluje produkcj\u0119 kolagenu IV i VII \u2013 matrycy wspieraj\u0105cej nask\u00f3rek \u2013 i zapewnia efekt liftingu. Dzi\u0119ki zawarto\u015bci mirycetyny \u2013 silnej substancji aktywnej naturalnie wyst\u0119puj\u0105cej w bor\u00f3wce \u2013 dzia\u0142a podobnie do toksyny botulinowej, w spos\u00f3b nieinwazyjny redukuje skurcze mi\u0119\u015bni twarzy i tym samym powstawanie zmarszczek mimicznych<\/p>\n<p><strong>Ekstrakt z drzewka orlea\u0144skiego <\/strong> | zmniejsza aktywno\u015b\u0107 gruczo\u0142\u00f3w \u0142ojowych, dzi\u0119ki czemu redukuje niedoskona\u0142o\u015bci, takie jak: rozszerzone pory, nadmierne b\u0142yszczenie sk\u00f3ry, zask\u00f3rniki.<\/p>\n<p><strong>Kompleks amylopektyny z ry\u017cu z alg\u0105 koralow\u0105 <\/strong> | przynosi natychmiastow\u0105 ulg\u0119 przesuszonej sk\u00f3rze. Pobudza produkcj\u0119 ceramid\u00f3w, dzi\u0119ki czemu wzmacnia barier\u0119 sk\u00f3ry, d\u0142ugotrwale nawil\u017ca i koi.<\/p>\n<p><strong>Trehalose <\/strong> | humektant, kt\u00f3ry skutecznie poprawia nawil\u017cenie i elastyczno\u015b\u0107 sk\u00f3ry.<\/p>\n<div class=\"przerywnik\">_____________________________________________________________________________________________<\/div>\n<\/div>\n<div class=\"use\">\n<h2>Klucz do codziennej piel\u0119gnacji &#8211; porady dotycz\u0105ce stosowania<\/h2>\n<p><strong>Method of application: <\/strong><\/div>\n<p>&nbsp;<\/p>\n<div class=\"table_use\">\n<div class=\"container_use\">\n<div class=\"use_1\">\n<p>krok 1<\/p>\n<p>Przygotuj sk\u00f3r\u0119 do piel\u0119gnacji<\/p>\n<\/div>\n<div class=\"use_2\">\n<p>krok 2<\/p>\n<p>na\u0142\u00f3\u017c niewielk\u0105 ilo\u015b\u0107 na oczyszczon\u0105 sk\u00f3r\u0119 twarzy, szyi i dekoltu<\/p>\n<\/div>\n<div class=\"use_3\">\n<p>krok 3<\/p>\n<p>wykonaj delikatny masa\u017c<\/p>\n<\/div>\n<div class=\"use_4\">\n<p>krok 4<\/p>\n<p>u\u017cywaj go codziennie rano i\/ lub wieczorem, przez ca\u0142y rok.<\/p>\n<\/div>\n<\/div>\n<div>\n<h3>Signal<\/h3>\n<p>Uwaga, sk\u0142adniki pochodzenia naturalnego. Partie mog\u0105 r\u00f3\u017cni\u0107 si\u0119 intensywno\u015bci\u0105 zapachu, barw\u0105 oraz konsystencj\u0105. Jest to proces naturalny, kt\u00f3ry nie wp\u0142ywa na jako\u015b\u0107 produktu i mo\u017ce post\u0119powa\u0107 up\u0142ywem czasu. Przechowywa\u0107 w zacienionym miejscu w temperaturze pokojowej<\/p>\n<\/div>\n<\/div>\n<div class=\"przerywnik\">_____________________________________________________________________________________________<\/div>\n<div class=\"container\">\n<div class=\"image\"><img decoding=\"async\" src=\"https:\/\/mokosh.pl\/skins\/store_user\/store_241ecf37d51c1df7efce4440816a37b2_11\/images\/user\/innowacja%2046%20white.png\" alt=\"innowacja 46 white\" \/><\/div>\n<div class=\"description\">\n<p><strong>Wygrana w konkursie Innowacja Kongresu i Targ\u00f3w LNE w kategorii Produkt do piel\u0119gnacji domowej.<\/strong><\/p>\n<\/div>\n<\/div>\n<div class=\"przerywnik\">_____________________________________________________________________________________________<\/div>\n<div class=\"INCI\">\n<h3>Sk\u0142ad &#8211; Multikoryguj\u0105ce serum do twarzy Egzosomy, peptydy, witamina C<\/h3>\n<p>Ingredients (INCI): Aqua, Ascorbyl Tetraisopalmitate, Coco-Caprylate\/ Caprate, Propanediol, Polyglyceryl-6 Stearate, Betaine, Cellulose, Isoamyl Laurate, Glycerin, Isostearyl Isostearate, Rosa Moschata Seed Oil, Trehalose, Centella Asiatica Callus Extracellular Vesicles, Rosa Damascena Callus Culture Extract, Nonapeptide-1, Acetyl Hexapeptide-8, Bixa Orellana Seed Extract, Pullulan, Sodium Hyaluronate, Lithothamnion Calcareum Extract, Agrimonia Eupatoria Extract, Ascophyllum Nodosum Extract, Potentilla Erecta Root Extract, Saccharomyces Cerevisiae Extract, Vaccinium Angustifolium Fruit Extract,Macadamia Integrifolia Seed Oil, Simmondsia Chinensis Seed Oil,Squalane, Lactic Acid, Tocopherol,Helianthus Annuus Seed Oil, Polyglyceryl-6 Behenate, Xanthan Gum, Glyceryl Stearate, Butylene Glycol, Polyglycerin-6, Maltodextrin, Amylopectin, Cetearyl Alcohol,Sclerotium Gum, Pentylene Glycol, Lecithin, 1,2-Hexanediol, Tetrasodium Glutamate Diacetate, Citric Acid, Silica, Sodium Phosphate, Caprylyl Glycol, Disodium Phosphate,Dehydroacetic Acid, Benzyl Alcohol, Sodium Benzoate, Potassium Sorbate, Parfum, Geraniol, Citronellol, Limonene, Linalool<\/p><\/div>\n<\/div>","protected":false},"excerpt":{"rendered":"<div class=\"short_ description\"><strong>Multikoryguj\u0105ce serum do twarzy Egzosomy, peptydy, witamina C <\/strong>to wielozadaniowe serum wykorzystuje potencja\u0142 naprawczy milion\u00f3w egzosom\u00f3w \u2013 mikroskopijnych p\u0119cherzyk\u00f3w bogatych w substancje bioaktywne, pozyskiwanych z kom\u00f3rek macierzystych w\u0105krotki azjatyckiej i r\u00f3\u017cy damasce\u0144skiej. Odm\u0142adzaj\u0105ce w\u0142a\u015bciwo\u015bci formu\u0142y pot\u0119guj\u0105 m. in. peptydy o szerokim spektrum dzia\u0142ania anti-aging oraz inteligentna, stabilna forma witaminy C o nieprzeci\u0119tnie wysokiej zdolno\u015bci przenikania do sk\u00f3ry.<\/div>\n<div class=\"short_ description\"><\/div>\n<div class=\"short_ description\">Formu\u0142a serum dzia\u0142a na 6 g\u0142\u00f3wnych oznak starzenia.<br \/>\n<strong>Efekty potwierdzone badaniami aparaturowymi i aplikacyjnymi,\u00a0<\/strong>przeprowadzonymi na sk\u00f3rze wra\u017cliwej w niezale\u017cnych laboratoriach badawczych.<\/div>\n<div><\/div>\n<div>\n<div class=\"properties\">\n<h2>Kluczowe korzy\u015bci dla Ciebie<\/h2>\n<ul>\n<li>d\u0142ugotrwale nawil\u017ca,<\/li>\n<li>zmniejsza d\u0142ugo\u015b\u0107 i g\u0142\u0119boko\u015b\u0107 zmarszczek,<\/li>\n<li>uj\u0119drnia i uelastycznia sk\u00f3r\u0119,.<\/li>\n<li>modeluje kontury twarzy,<\/li>\n<li>redukuje widoczno\u015b\u0107 por\u00f3w,<\/li>\n<li>roz\u015bwietla i rozja\u015bnia cer\u0119.<\/li>\n<\/ul>\n<\/div>\n<\/div>","protected":false},"featured_media":5500,"template":"","meta":{"ocean_post_layout":"","ocean_both_sidebars_style":"","ocean_both_sidebars_content_width":0,"ocean_both_sidebars_sidebars_width":0,"ocean_sidebar":"0","ocean_second_sidebar":"0","ocean_disable_margins":"enable","ocean_add_body_class":"","ocean_shortcode_before_top_bar":"","ocean_shortcode_after_top_bar":"","ocean_shortcode_before_header":"","ocean_shortcode_after_header":"","ocean_has_shortcode":"","ocean_shortcode_after_title":"","ocean_shortcode_before_footer_widgets":"","ocean_shortcode_after_footer_widgets":"","ocean_shortcode_before_footer_bottom":"","ocean_shortcode_after_footer_bottom":"","ocean_display_top_bar":"default","ocean_display_header":"default","ocean_header_style":"","ocean_center_header_left_menu":"0","ocean_custom_header_template":"0","ocean_custom_logo":0,"ocean_custom_retina_logo":0,"ocean_custom_logo_max_width":0,"ocean_custom_logo_tablet_max_width":0,"ocean_custom_logo_mobile_max_width":0,"ocean_custom_logo_max_height":0,"ocean_custom_logo_tablet_max_height":0,"ocean_custom_logo_mobile_max_height":0,"ocean_header_custom_menu":"0","ocean_menu_typo_font_family":"0","ocean_menu_typo_font_subset":"","ocean_menu_typo_font_size":0,"ocean_menu_typo_font_size_tablet":0,"ocean_menu_typo_font_size_mobile":0,"ocean_menu_typo_font_size_unit":"px","ocean_menu_typo_font_weight":"","ocean_menu_typo_font_weight_tablet":"","ocean_menu_typo_font_weight_mobile":"","ocean_menu_typo_transform":"","ocean_menu_typo_transform_tablet":"","ocean_menu_typo_transform_mobile":"","ocean_menu_typo_line_height":0,"ocean_menu_typo_line_height_tablet":0,"ocean_menu_typo_line_height_mobile":0,"ocean_menu_typo_line_height_unit":"","ocean_menu_typo_spacing":0,"ocean_menu_typo_spacing_tablet":0,"ocean_menu_typo_spacing_mobile":0,"ocean_menu_typo_spacing_unit":"","ocean_menu_link_color":"","ocean_menu_link_color_hover":"","ocean_menu_link_color_active":"","ocean_menu_link_background":"","ocean_menu_link_hover_background":"","ocean_menu_link_active_background":"","ocean_menu_social_links_bg":"","ocean_menu_social_hover_links_bg":"","ocean_menu_social_links_color":"","ocean_menu_social_hover_links_color":"","ocean_disable_title":"default","ocean_disable_heading":"default","ocean_post_title":"","ocean_post_subheading":"","ocean_post_title_style":"","ocean_post_title_background_color":"","ocean_post_title_background":0,"ocean_post_title_bg_image_position":"","ocean_post_title_bg_image_attachment":"","ocean_post_title_bg_image_repeat":"","ocean_post_title_bg_image_size":"","ocean_post_title_height":0,"ocean_post_title_bg_overlay":0.5,"ocean_post_title_bg_overlay_color":"","ocean_disable_breadcrumbs":"default","ocean_breadcrumbs_color":"","ocean_breadcrumbs_separator_color":"","ocean_breadcrumbs_links_color":"","ocean_breadcrumbs_links_hover_color":"","ocean_display_footer_widgets":"default","ocean_display_footer_bottom":"default","ocean_custom_footer_template":"0"},"product_brand":[],"product_cat":[81,51],"product_tag":[],"class_list":{"0":"post-5496","1":"product","2":"type-product","3":"status-publish","4":"has-post-thumbnail","6":"product_cat-mokosh","7":"product_cat-serum-mgielki-hydrolaty","9":"entry","10":"has-media","12":"first","13":"outofstock","14":"shipping-taxable","15":"purchasable","16":"product-type-simple","17":"has-product-nav","18":"col","19":"span_1_of_3","20":"owp-content-left","21":"owp-thumbs-layout-horizontal","22":"owp-btn-normal","23":"owp-tabs-layout-horizontal"},"_links":{"self":[{"href":"https:\/\/ecocorner.eu\/en\/wp-json\/wp\/v2\/product\/5496","targetHints":{"allow":["GET"]}}],"collection":[{"href":"https:\/\/ecocorner.eu\/en\/wp-json\/wp\/v2\/product"}],"about":[{"href":"https:\/\/ecocorner.eu\/en\/wp-json\/wp\/v2\/types\/product"}],"version-history":[{"count":2,"href":"https:\/\/ecocorner.eu\/en\/wp-json\/wp\/v2\/product\/5496\/revisions"}],"predecessor-version":[{"id":6028,"href":"https:\/\/ecocorner.eu\/en\/wp-json\/wp\/v2\/product\/5496\/revisions\/6028"}],"wp:featuredmedia":[{"embeddable":true,"href":"https:\/\/ecocorner.eu\/en\/wp-json\/wp\/v2\/media\/5500"}],"wp:attachment":[{"href":"https:\/\/ecocorner.eu\/en\/wp-json\/wp\/v2\/media?parent=5496"}],"wp:term":[{"taxonomy":"product_brand","embeddable":true,"href":"https:\/\/ecocorner.eu\/en\/wp-json\/wp\/v2\/product_brand?post=5496"},{"taxonomy":"product_cat","embeddable":true,"href":"https:\/\/ecocorner.eu\/en\/wp-json\/wp\/v2\/product_cat?post=5496"},{"taxonomy":"product_tag","embeddable":true,"href":"https:\/\/ecocorner.eu\/en\/wp-json\/wp\/v2\/product_tag?post=5496"}],"curies":[{"name":"wp","href":"https:\/\/api.w.org\/{rel}","templated":true}]}}