{"id":5505,"date":"2024-05-23T15:40:35","date_gmt":"2024-05-23T15:40:35","guid":{"rendered":"https:\/\/ecocorner.eu\/?post_type=product&#038;p=5505"},"modified":"2025-08-14T20:19:49","modified_gmt":"2025-08-14T20:19:49","slug":"mokosh-prebiotyczny-zel-do-higieny-intymnej-nagietek-z-owsem-100ml","status":"publish","type":"product","link":"https:\/\/ecocorner.eu\/en\/product\/mokosh-prebiotyczny-zel-do-higieny-intymnej-nagietek-z-owsem-100ml\/","title":{"rendered":"Mokosh    Prebiotyczny \u017cel do higieny intymnej   Nagietek z owsem  100ml"},"content":{"rendered":"<div class=\"active_INCI\">\n<h2>Odkryj Moc Sk\u0142adnik\u00f3w Aktywnych &#8211; Prebiotyczny \u017cel do higieny intymnej Nagietek z owsem<\/h2>\n<p><strong>Lactic acid<\/strong> | zapewnia kwa\u015bne \u015brodowisko odpowiednie do \u015brodowiska funkcjonowania naturalnej mikroflory miejsc intymnych.<\/p>\n<p><strong>Ekstrakt z nagietka<\/strong> | wykazuje dzia\u0142anie \u0142agodz\u0105ce, koj\u0105ce oraz regeneruj\u0105ce \u015bluz\u00f3wk\u0119 miejsc intymnych.<\/p>\n<p><strong>Ekstrakt z owsa <\/strong>and <strong>pantenol <\/strong> | wykazuje dzia\u0142anie \u0142agodz\u0105ce, koj\u0105ce oraz regeneruj\u0105ce \u015bluz\u00f3wk\u0119 miejsc intymnych.<\/p>\n<p><strong>Bioferment z grupy Lactobacillu<\/strong> | wykazuje dzia\u0142anie \u0142agodz\u0105ce, koj\u0105ce oraz regeneruj\u0105ce \u015bluz\u00f3wk\u0119 miejsc intymnych.<\/p>\n<p><strong>Inulina<\/strong> | jako naturalny prebiotyk wzmacnia naturalne funkcje ochronne okolic miejsc intymnych.<\/p>\n<p><strong>Filtrat pochodz\u0105cy z fermentacji korzeni rzodkwi <\/strong>z udzia\u0142em <strong> kwasu mlekowego<\/strong> | skutecznie chroni flor\u0119 bakteryjn\u0105, a tak\u017ce zwi\u0119ksza poziom nawil\u017cenia. Zakwasza \u015brodowisko oraz wspomaga funkcje ochronne miejsc intymnych.<\/p>\n<div class=\"przerywnik\">_____________________________________________________________________________________________<\/div>\n<\/div>\n<div class=\"use\">\n<h2>Klucz do codziennej piel\u0119gnacji &#8211; porady dotycz\u0105ce stosowania<\/h2>\n<p><strong>Method of application: <\/strong><\/p>\n<\/div>\n<div class=\"table_use\">\n<div class=\"container_use\">\n<div class=\"use_1\">\n<p>krok 1<\/p>\n<p>Wydozuj jedn\u0105 pomk\u0119 \u017celu<\/p>\n<\/div>\n<div class=\"use_2\">\n<p>krok 2<\/p>\n<p>rozprowad\u017a na wilgotnej d\u0142oni<\/p>\n<\/div>\n<div class=\"use_3\">\n<p>krok 3<\/p>\n<p>umyj miejsca intymne<\/p>\n<\/div>\n<div class=\"use_4\">\n<p>krok 4<\/p>\n<p>sp\u0142ucz ciep\u0142\u0105 wod\u0105.<\/p>\n<\/div>\n<\/div>\n<\/div>\n<div class=\"przerywnik\">_____________________________________________________________________________________________<\/div>\n<div class=\"INCI\">\n<h3>Sk\u0142ad &#8211; Prebiotyczny \u017cel do higieny intymnej Nagietek z owsem<\/h3>\n<p>Ingredients (INCI): Aqua, Decyl Glucoside, Lactobacillus\/Arundinaria Gigantea Ferment Filtrate, Inulin, Propanediol, Glycerin, Panthenol, Calendula Officinalis Flower Extract, Urtica Dioica (Nettle) Extract, Avena Sativa (Oat) Kernel Extract, Leuconostoc\/Radish Root Ferment Filtrate, Pantolactone, Glucose, Fructose, Sucrose, Lactic Acid, Cellulose Gum, Cellulose, Xanthan Gum, Tetrasodium Glutamate Diacetate, Citric Acid, Sodium Benzoate, Potassium Sorbate, Parfum, Citronellol, Hexyl Cinnamal, Limonene, Linalool.<\/p>\n<\/div>","protected":false},"excerpt":{"rendered":"<div class=\"short_ description\">\n<h2>Prebiotyczny \u017cel do higieny intymnej Nagietek z owsem<\/h2>\n<p><strong>Prebiotyczny \u017cel do higieny intymnej Nagietek z owsem <\/strong>zosta\u0142 stworzony aby skutecznie oczyszcza\u0107, a zarazem piel\u0119gnowa\u0107 i chroni\u0107 delikatne okolice miejsc intymnych. \u0141agodny sk\u0142ad produktu delikatnie, a zarazem skutecznie oczyszcza, a delikatny zio\u0142owy zapach uprzyjemnia stosowanie produktu. \u017bel stosowany regularnie daje uczucie czysto\u015bci, \u015bwie\u017co\u015bci i komfortu.<\/p>\n<\/div>\n<div class=\"przerywnik\">_____________________________________________________________________________________________<\/div>\n<div class=\"properties;\">\n<h2>Kluczowe Korzy\u015bci dla Ciebie<\/h2>\n<ul>\n<li>\u0142agodnie, ale skutecznie oczyszcza okolice miejsc intymnych<\/li>\n<li>koi, regeneruje i nawil\u017ca sk\u00f3r\u0119<\/li>\n<li>pozostawia uczucie \u015bwie\u017co\u015bci i komfortu<\/li>\n<\/ul>\n<\/div>","protected":false},"featured_media":5506,"template":"","meta":{"ocean_post_layout":"","ocean_both_sidebars_style":"","ocean_both_sidebars_content_width":0,"ocean_both_sidebars_sidebars_width":0,"ocean_sidebar":"0","ocean_second_sidebar":"0","ocean_disable_margins":"enable","ocean_add_body_class":"","ocean_shortcode_before_top_bar":"","ocean_shortcode_after_top_bar":"","ocean_shortcode_before_header":"","ocean_shortcode_after_header":"","ocean_has_shortcode":"","ocean_shortcode_after_title":"","ocean_shortcode_before_footer_widgets":"","ocean_shortcode_after_footer_widgets":"","ocean_shortcode_before_footer_bottom":"","ocean_shortcode_after_footer_bottom":"","ocean_display_top_bar":"default","ocean_display_header":"default","ocean_header_style":"","ocean_center_header_left_menu":"0","ocean_custom_header_template":"0","ocean_custom_logo":0,"ocean_custom_retina_logo":0,"ocean_custom_logo_max_width":0,"ocean_custom_logo_tablet_max_width":0,"ocean_custom_logo_mobile_max_width":0,"ocean_custom_logo_max_height":0,"ocean_custom_logo_tablet_max_height":0,"ocean_custom_logo_mobile_max_height":0,"ocean_header_custom_menu":"0","ocean_menu_typo_font_family":"0","ocean_menu_typo_font_subset":"","ocean_menu_typo_font_size":0,"ocean_menu_typo_font_size_tablet":0,"ocean_menu_typo_font_size_mobile":0,"ocean_menu_typo_font_size_unit":"px","ocean_menu_typo_font_weight":"","ocean_menu_typo_font_weight_tablet":"","ocean_menu_typo_font_weight_mobile":"","ocean_menu_typo_transform":"","ocean_menu_typo_transform_tablet":"","ocean_menu_typo_transform_mobile":"","ocean_menu_typo_line_height":0,"ocean_menu_typo_line_height_tablet":0,"ocean_menu_typo_line_height_mobile":0,"ocean_menu_typo_line_height_unit":"","ocean_menu_typo_spacing":0,"ocean_menu_typo_spacing_tablet":0,"ocean_menu_typo_spacing_mobile":0,"ocean_menu_typo_spacing_unit":"","ocean_menu_link_color":"","ocean_menu_link_color_hover":"","ocean_menu_link_color_active":"","ocean_menu_link_background":"","ocean_menu_link_hover_background":"","ocean_menu_link_active_background":"","ocean_menu_social_links_bg":"","ocean_menu_social_hover_links_bg":"","ocean_menu_social_links_color":"","ocean_menu_social_hover_links_color":"","ocean_disable_title":"default","ocean_disable_heading":"default","ocean_post_title":"","ocean_post_subheading":"","ocean_post_title_style":"","ocean_post_title_background_color":"","ocean_post_title_background":0,"ocean_post_title_bg_image_position":"","ocean_post_title_bg_image_attachment":"","ocean_post_title_bg_image_repeat":"","ocean_post_title_bg_image_size":"","ocean_post_title_height":0,"ocean_post_title_bg_overlay":0.5,"ocean_post_title_bg_overlay_color":"","ocean_disable_breadcrumbs":"default","ocean_breadcrumbs_color":"","ocean_breadcrumbs_separator_color":"","ocean_breadcrumbs_links_color":"","ocean_breadcrumbs_links_hover_color":"","ocean_display_footer_widgets":"default","ocean_display_footer_bottom":"default","ocean_custom_footer_template":"0"},"product_brand":[],"product_cat":[18,81,82],"product_tag":[],"class_list":{"0":"post-5505","1":"product","2":"type-product","3":"status-publish","4":"has-post-thumbnail","6":"product_cat-kapiel","7":"product_cat-mokosh","8":"product_cat-plyny-do-higieny-intymnej","10":"entry","11":"has-media","13":"first","14":"outofstock","15":"shipping-taxable","16":"purchasable","17":"product-type-simple","18":"has-product-nav","19":"col","20":"span_1_of_3","21":"owp-content-left","22":"owp-thumbs-layout-horizontal","23":"owp-btn-normal","24":"owp-tabs-layout-horizontal","25":"has-no-thumbnails"},"_links":{"self":[{"href":"https:\/\/ecocorner.eu\/en\/wp-json\/wp\/v2\/product\/5505","targetHints":{"allow":["GET"]}}],"collection":[{"href":"https:\/\/ecocorner.eu\/en\/wp-json\/wp\/v2\/product"}],"about":[{"href":"https:\/\/ecocorner.eu\/en\/wp-json\/wp\/v2\/types\/product"}],"version-history":[{"count":3,"href":"https:\/\/ecocorner.eu\/en\/wp-json\/wp\/v2\/product\/5505\/revisions"}],"predecessor-version":[{"id":5510,"href":"https:\/\/ecocorner.eu\/en\/wp-json\/wp\/v2\/product\/5505\/revisions\/5510"}],"wp:featuredmedia":[{"embeddable":true,"href":"https:\/\/ecocorner.eu\/en\/wp-json\/wp\/v2\/media\/5506"}],"wp:attachment":[{"href":"https:\/\/ecocorner.eu\/en\/wp-json\/wp\/v2\/media?parent=5505"}],"wp:term":[{"taxonomy":"product_brand","embeddable":true,"href":"https:\/\/ecocorner.eu\/en\/wp-json\/wp\/v2\/product_brand?post=5505"},{"taxonomy":"product_cat","embeddable":true,"href":"https:\/\/ecocorner.eu\/en\/wp-json\/wp\/v2\/product_cat?post=5505"},{"taxonomy":"product_tag","embeddable":true,"href":"https:\/\/ecocorner.eu\/en\/wp-json\/wp\/v2\/product_tag?post=5505"}],"curies":[{"name":"wp","href":"https:\/\/api.w.org\/{rel}","templated":true}]}}