{"id":5546,"date":"2024-05-28T10:50:41","date_gmt":"2024-05-28T10:50:41","guid":{"rendered":"https:\/\/ecocorner.eu\/?post_type=product&#038;p=5546"},"modified":"2025-06-06T14:46:43","modified_gmt":"2025-06-06T14:46:43","slug":"mokosh-szerokopasmowy-krem-booster-do-twarzy-spf-50-hev-ir-uva-uvb-pa-30ml","status":"publish","type":"product","link":"https:\/\/ecocorner.eu\/en\/product\/mokosh-szerokopasmowy-krem-booster-do-twarzy-spf-50-hev-ir-uva-uvb-pa-30ml\/","title":{"rendered":"Mokosh   Szerokopasmowy krem  booster do twarzy  SPF 50+ HEV\/IR | UVA | UVB | PA ++++ 30ml"},"content":{"rendered":"<div class=\"active_INCI\">\n<h2>Odkryj Moc Sk\u0142adnik\u00f3w Aktywnych &#8211; Antyoksydacyjny szerokopasmowy booster ochronny do twarzy SPF 50+ Aloes<\/h2>\n<div><strong>Zaawansowane filtry UV <\/strong> | starannie skomponowany kompleks fotostabilnych filtr\u00f3w \u2013 zapewnia wysok\u0105 ochron\u0119 sk\u00f3ry przeciwko skutkom promieniowania UVA i UVB,<\/p>\n<p><strong>Albatrellus confluens<\/strong> | innowacyjny sk\u0142adnik, oparty na naturalnym ekstrakcie z fi\u0144skich grzyb\u00f3w. W procesie jego fermentacji wytwarza si\u0119 zwi\u0105zek, kt\u00f3ry oddzia\u0142uje na receptor ciep\u0142a w sk\u00f3rze i obni\u017ca jej temperatur\u0119 na poziomie kom\u00f3rkowym o \u015brednio 2,63\u00b0C. Dzi\u0119ki temu skutecznie zmniejsza degradacj\u0119 kolagenu w sk\u00f3rze i hamuje proces starzenia termicznego,<\/p>\n<p><strong>Sok z li\u015bci aloesu <\/strong> | \u0142agodzi podra\u017cnienia, zapewniaj\u0105c natychmiastow\u0105 ulg\u0119 i d\u0142ugotrwa\u0142y komfort przewlekle przesuszonej sk\u00f3rze.<\/p>\n<p><strong>Kom\u00f3rki macierzyste z bor\u00f3wki brusznicy <\/strong> | k\u0142adnik stworzony w celu zapobiegania i odwracania objaw\u00f3w fotostarzenia, b\u0119d\u0105cych skutkiem dzia\u0142ania promieniowania UV, HEV i IR. Dodatkowo uj\u0119drnia sk\u00f3r\u0119, dzia\u0142a wyg\u0142adzaj\u0105co oraz przeciwzmarszczkowo.<\/p>\n<p><strong>Ekstrakt z drzewka orlea\u0144skiego<\/strong> | zmniejsza aktywno\u015b\u0107 gruczo\u0142\u00f3w \u0142ojowych, dzi\u0119ki czemu redukuje niedoskona\u0142o\u015bci, takie jak: rozszerzone pory, nadmierne b\u0142yszczenie sk\u00f3ry, zask\u00f3rniki.<\/p>\n<\/div>\n<div class=\"przerywnik\">_____________________________________________________________________________________________<\/div>\n<\/div>\n<div class=\"use\">\n<h2>Klucz do codziennej piel\u0119gnacji &#8211; porady dotycz\u0105ce stosowania<\/h2>\n<p><strong>Method of application: <\/strong><\/div>\n<p>&nbsp;<\/p>\n<div class=\"table_use\">\n<div class=\"container_use\">\n<div class=\"use_1\">\n<p>krok 1<\/p>\n<p>wstrz\u0105\u015bnij przed u\u017cyciem i przygotuj sk\u00f3r\u0119<\/p>\n<\/div>\n<div class=\"use_2\">\n<p>krok 2<\/p>\n<p>na\u0142\u00f3\u017c booster na twarz na<br \/>\n15-20 minut przed ekspozycj\u0105 na promieniowanie UV<\/p>\n<\/div>\n<\/div>\n<\/div>\n<div class=\"przerywnik\">_____________________________________________________________________________________________<\/div>\n<div class=\"INCI\">\n<h3>Sk\u0142ad &#8211; Antyoksydacyjny szerokopasmowy booster ochronny do twarzy SPF 50+ Aloes<\/h3>\n<p>Ingredients (INCI): Aqua, Bis-Ethylhexyloxyphenol Methoxyphenyl Triazine, Diethylamino Hydroxybenzoyl Hexyl Benzoate, Coco-Caprylate\/Caprate, Ethylhexyl Triazone, Saccharomyces Ferment Filtrate, Glycerin, C13-15 Alkane, Polyglyceryl-6 Stearate, Caprylic\/Capric Triglyceride, Maleated Soybean Oil Glyceryl\/Octyldodecanol Esters, Cellulose, Propanediol, Aloe Barbadensis Leaf Juice, Lactobacillus\/Arundinaria Gigantea Ferment Filtrate, Leuconostoc\/Radish Root Ferment Filtrate, Saccharomyces\/Copper Ferment, Saccharomyces\/Iron Ferment, Saccharomyces\/Magnesium Ferment, Saccharomyces\/Silicon Ferment, Saccharomyces\/Zinc Ferment, Caesalpinia Spinosa Fruit Extract, Vaccinium Vitis-Idaea Fruit Extract, Albatrellus Confluens Extract, Kappaphycus Alvarezii Extract, Bixa Orellana Seed Extract, Hordeum Vulgare Seed Extract, Panax Ginseng Root Extract, Triticum Vulgare Seed Extract, Prunus Persica Juice, Pyrus Malus Juice, Pullulan, Cetearyl Alcohol, Glyceryl Stearate, Polyglyceryl-6 Behenate, Polyglyceryl-6 Oleate, Gluconolactone, Lecithin, Hydroxypropyl Starch Phosphate, Xanthan Gum, Sclerotium Gum, Maltodextrin, Silica, Citric Acid, Calcium Gluconate, Tetrasodium Glutamate Diacetate, Sodium Benzoate, Potassium Sorbate, Benzyl Alcohol, Dehydroacetic Acid, Caprylyl Glycol, Caprylhydroxamic Acid, Glyceryl Caprylate, Glyceryl Undecylenate, Ethylhexylglycerin, Parfum, Hexamethylindanopyran, Citrus Limon Peel Oil, Limonene, Linalool, Benzaldehyde, Trimethylbenzenepropanol.<\/p><\/div>","protected":false},"excerpt":{"rendered":"<div class=\"short_ description\">\n<h2>Szerokopasmowy booster do twarzy SPF 50+ | HEV\/IR | UVA | UVB | PA ++++ | Aloes<\/h2>\n<p><strong>Antyoksydacyjny szerokopasmowy booster ochronny do twarzy SPF 50+ Aloes<\/strong> to produkt, idealny do stosowania na co dzie\u0144. Gwarantuje wielokierunkowe dzia\u0142anie odm\u0142adzaj\u0105ce: nawil\u017ca, uj\u0119drnia sk\u00f3r\u0119, spowalnia procesy starzenia, w tym fotostarzenia i starzenia termicznego.<\/p>\n<div class=\"container-seria\">\n<div class=\"color-seria\"><\/div>\n<div class=\"nazwa-seria\">\n<p><strong>Ochrona i antyoksydacja <\/strong><\/p>\n<\/div>\n<\/div>\n<p>Linia powsta\u0142a z my\u015bl\u0105 o codziennej ochronie sk\u00f3ry przed negatywnymi skutkami promieniowania UV i wolnych rodnik\u00f3w. Dzi\u0119ki zastosowaniu innowacyjnego sk\u0142adnika ch\u0142odz\u0105cego sk\u00f3r\u0119 na poziomie kom\u00f3rkowym, hamuje r\u00f3wnie\u017c tzw. starzenie termiczne, wywo\u0142ane wysok\u0105 temperatur\u0105. Formu\u0142y linii pozwalaj\u0105 na d\u0142u\u017cej zachowa\u0107 cechy m\u0142odo\u015bci &#8211; j\u0119drno\u015b\u0107, g\u0142adko\u015b\u0107 i zdrowy koloryt cery.<\/p>\n<p><img decoding=\"async\" src=\"https:\/\/mokosh.pl\/skins\/store_user\/store_241ecf37d51c1df7efce4440816a37b2_13\/images\/user\/booster%20uv.png\" alt=\"\" \/><\/div>\n<div class=\"przerywnik\">_____________________________________________________________________________________________<\/div>\n<div class=\"properties\">\n<h2>Kluczowe Korzy\u015bci dla Ciebie<\/h2>\n<ul>\n<li>lekka, niekomedogenna formu\u0142a zapewnia wysok\u0105 ochron\u0119 przeciwko<br \/>\nskutkom promieniowania UVA, UVB, HEV (\u015bwiat\u0142o niebieskie), IR (\u015bwiat\u0142o czerwone),<\/li>\n<li>spowalnia procesy starzenia spowodowane wysok\u0105 temperatur\u0105,<\/li>\n<li>d\u0142ugotrwale nawil\u017ca cer\u0119 i dzia\u0142a antyoksydacyjnie.<\/li>\n<\/ul>\n<\/div>","protected":false},"featured_media":5550,"template":"","meta":{"ocean_post_layout":"","ocean_both_sidebars_style":"","ocean_both_sidebars_content_width":0,"ocean_both_sidebars_sidebars_width":0,"ocean_sidebar":"0","ocean_second_sidebar":"0","ocean_disable_margins":"enable","ocean_add_body_class":"","ocean_shortcode_before_top_bar":"","ocean_shortcode_after_top_bar":"","ocean_shortcode_before_header":"","ocean_shortcode_after_header":"","ocean_has_shortcode":"","ocean_shortcode_after_title":"","ocean_shortcode_before_footer_widgets":"","ocean_shortcode_after_footer_widgets":"","ocean_shortcode_before_footer_bottom":"","ocean_shortcode_after_footer_bottom":"","ocean_display_top_bar":"default","ocean_display_header":"default","ocean_header_style":"","ocean_center_header_left_menu":"0","ocean_custom_header_template":"0","ocean_custom_logo":0,"ocean_custom_retina_logo":0,"ocean_custom_logo_max_width":0,"ocean_custom_logo_tablet_max_width":0,"ocean_custom_logo_mobile_max_width":0,"ocean_custom_logo_max_height":0,"ocean_custom_logo_tablet_max_height":0,"ocean_custom_logo_mobile_max_height":0,"ocean_header_custom_menu":"0","ocean_menu_typo_font_family":"0","ocean_menu_typo_font_subset":"","ocean_menu_typo_font_size":0,"ocean_menu_typo_font_size_tablet":0,"ocean_menu_typo_font_size_mobile":0,"ocean_menu_typo_font_size_unit":"px","ocean_menu_typo_font_weight":"","ocean_menu_typo_font_weight_tablet":"","ocean_menu_typo_font_weight_mobile":"","ocean_menu_typo_transform":"","ocean_menu_typo_transform_tablet":"","ocean_menu_typo_transform_mobile":"","ocean_menu_typo_line_height":0,"ocean_menu_typo_line_height_tablet":0,"ocean_menu_typo_line_height_mobile":0,"ocean_menu_typo_line_height_unit":"","ocean_menu_typo_spacing":0,"ocean_menu_typo_spacing_tablet":0,"ocean_menu_typo_spacing_mobile":0,"ocean_menu_typo_spacing_unit":"","ocean_menu_link_color":"","ocean_menu_link_color_hover":"","ocean_menu_link_color_active":"","ocean_menu_link_background":"","ocean_menu_link_hover_background":"","ocean_menu_link_active_background":"","ocean_menu_social_links_bg":"","ocean_menu_social_hover_links_bg":"","ocean_menu_social_links_color":"","ocean_menu_social_hover_links_color":"","ocean_disable_title":"default","ocean_disable_heading":"default","ocean_post_title":"","ocean_post_subheading":"","ocean_post_title_style":"","ocean_post_title_background_color":"","ocean_post_title_background":0,"ocean_post_title_bg_image_position":"","ocean_post_title_bg_image_attachment":"","ocean_post_title_bg_image_repeat":"","ocean_post_title_bg_image_size":"","ocean_post_title_height":0,"ocean_post_title_bg_overlay":0.5,"ocean_post_title_bg_overlay_color":"","ocean_disable_breadcrumbs":"default","ocean_breadcrumbs_color":"","ocean_breadcrumbs_separator_color":"","ocean_breadcrumbs_links_color":"","ocean_breadcrumbs_links_hover_color":"","ocean_display_footer_widgets":"default","ocean_display_footer_bottom":"default","ocean_custom_footer_template":"0"},"product_brand":[],"product_cat":[45,81],"product_tag":[],"class_list":{"0":"post-5546","1":"product","2":"type-product","3":"status-publish","4":"has-post-thumbnail","6":"product_cat-kremy-do-twarzy","7":"product_cat-mokosh","9":"entry","10":"has-media","12":"first","13":"outofstock","14":"shipping-taxable","15":"purchasable","16":"product-type-simple","17":"has-product-nav","18":"col","19":"span_1_of_3","20":"owp-content-left","21":"owp-thumbs-layout-horizontal","22":"owp-btn-normal","23":"owp-tabs-layout-horizontal"},"_links":{"self":[{"href":"https:\/\/ecocorner.eu\/en\/wp-json\/wp\/v2\/product\/5546","targetHints":{"allow":["GET"]}}],"collection":[{"href":"https:\/\/ecocorner.eu\/en\/wp-json\/wp\/v2\/product"}],"about":[{"href":"https:\/\/ecocorner.eu\/en\/wp-json\/wp\/v2\/types\/product"}],"version-history":[{"count":1,"href":"https:\/\/ecocorner.eu\/en\/wp-json\/wp\/v2\/product\/5546\/revisions"}],"predecessor-version":[{"id":5551,"href":"https:\/\/ecocorner.eu\/en\/wp-json\/wp\/v2\/product\/5546\/revisions\/5551"}],"wp:featuredmedia":[{"embeddable":true,"href":"https:\/\/ecocorner.eu\/en\/wp-json\/wp\/v2\/media\/5550"}],"wp:attachment":[{"href":"https:\/\/ecocorner.eu\/en\/wp-json\/wp\/v2\/media?parent=5546"}],"wp:term":[{"taxonomy":"product_brand","embeddable":true,"href":"https:\/\/ecocorner.eu\/en\/wp-json\/wp\/v2\/product_brand?post=5546"},{"taxonomy":"product_cat","embeddable":true,"href":"https:\/\/ecocorner.eu\/en\/wp-json\/wp\/v2\/product_cat?post=5546"},{"taxonomy":"product_tag","embeddable":true,"href":"https:\/\/ecocorner.eu\/en\/wp-json\/wp\/v2\/product_tag?post=5546"}],"curies":[{"name":"wp","href":"https:\/\/api.w.org\/{rel}","templated":true}]}}