{"id":5559,"date":"2024-05-29T10:32:46","date_gmt":"2024-05-29T10:32:46","guid":{"rendered":"https:\/\/ecocorner.eu\/?post_type=product&#038;p=5559"},"modified":"2025-08-14T20:42:28","modified_gmt":"2025-08-14T20:42:28","slug":"starpharma-zdrowy-lizak-mniam-mniam-truskawka-bez-cukru-1-szt","status":"publish","type":"product","link":"https:\/\/ecocorner.eu\/en\/product\/starpharma-zdrowy-lizak-mniam-mniam-truskawka-bez-cukru-1-szt\/","title":{"rendered":"Starpharma  Zdrowy lizak Mniam Mniam   TRUSKAWKA   bez cukru  1 szt."},"content":{"rendered":"<p><strong>Ingredients<\/strong><br \/>\nSubstancja s\u0142odz\u0105ca: ksylitol; substancja wype\u0142niaj\u0105ca: izomalt; regulator kwasowo\u015bci: kwas cytrynowy; substancja przeciwzbrylaj\u0105ca: sole magnezowe kwas\u00f3w t\u0142uszczowych; naturalny aromat mango; substancja przeciwzbrylaj\u0105ca: guma arabska; suszona truskawka (0,3%); kwas L-askorbinowy (witamina C); substancja s\u0142odz\u0105ca: glikozydy stewiolowe; brawnik: ekstrakt z papryki, kapsantyna, kapsorubina; cholekalcyferol (witamina D).<\/p>\n<p><strong>RECOMMENDED CONSUMPTION<\/strong><br \/>\nZalecana porcja do spozycia w ci\u0105gu dnia niezb\u0119dna do uzyskania korzystnego dzia\u0142ania produktu: spo\u017cywa\u0107 1-2 lizaki dziennie. Nie nale\u017cy przekracza\u0107 zalecanej porcji tj. 2 lizak\u00f3w w ci\u0105gu dnia.<br \/>\nProdukt przeznaczony jest dla doros\u0142ych i dzieci powy\u017cej 3. roku \u017cycia.<\/p>\n<p><strong>note<\/strong><br \/>\nSuplement diety nie mo\u017ce by\u0107 stosowany jako substytut (zamiennik) zr\u00f3\u017cnicowanej diety. Nale\u017cy pami\u0119ta\u0107 o zr\u00f3wnowa\u017conym sposobie \u017cywienia i zdrowym trybie \u017cycia. Spo\u017cycie w nadmiernych ilo\u015bciach mo\u017ce mie\u0107 efekt przeczyszczaj\u0105cy. Niejednorodny kolor lizaka wynika z zawarto\u015bci naturalnych sk\u0142adnik\u00f3w produktu.<\/p>\n<p><strong>keeping<\/strong><br \/>\nPrzechowywa\u0107 w temperaturze pokojowe, w suchym miejscu w spos\u00f3b niedost\u0119pny dla ma\u0142ych dzieci.<\/p>","protected":false},"excerpt":{"rendered":"<p><span class=\"wartosc\">Suplement diety Zdrowy lizak Mniam-Mniam o smaku truskawki\u00a0 zawiera substancje s\u0142odz\u0105ce: fi\u0144ski ksylitol oraz glikozydy stewiolowe. Spo\u017cywanie \u017cywno\u015bci zawieraj\u0105cej ksylitol zamiast cukru pomaga w zachowaniu mineralizacji z\u0119b\u00f3w. Lizak zawiera witamin\u0119 D i C, kt\u00f3re pomagaj\u0105 w prawid\u0142owym funkcjonowaniu uk\u0142adu odporno\u015bciowego. Witamina D pomaga w utrzymaniu zdrowych ko\u015bci, z\u0119b\u00f3w oraz prawid\u0142owym funkcjonowaniu mi\u0119\u015bni. Witamina D bierze udzia\u0142 w procesie podzia\u0142u kom\u00f3rek. Witamina C pomaga w prawid\u0142owej produkcji kolagenu, w celu zapewnienia prawid\u0142owego funkcjonowania ko\u015bci, chrz\u0105stki, dzi\u0105se\u0142, sk\u00f3ry i z\u0119b\u00f3w.<\/span><\/p>","protected":false},"featured_media":5560,"template":"","meta":{"ocean_post_layout":"","ocean_both_sidebars_style":"","ocean_both_sidebars_content_width":0,"ocean_both_sidebars_sidebars_width":0,"ocean_sidebar":"0","ocean_second_sidebar":"0","ocean_disable_margins":"enable","ocean_add_body_class":"","ocean_shortcode_before_top_bar":"","ocean_shortcode_after_top_bar":"","ocean_shortcode_before_header":"","ocean_shortcode_after_header":"","ocean_has_shortcode":"","ocean_shortcode_after_title":"","ocean_shortcode_before_footer_widgets":"","ocean_shortcode_after_footer_widgets":"","ocean_shortcode_before_footer_bottom":"","ocean_shortcode_after_footer_bottom":"","ocean_display_top_bar":"default","ocean_display_header":"default","ocean_header_style":"","ocean_center_header_left_menu":"0","ocean_custom_header_template":"0","ocean_custom_logo":0,"ocean_custom_retina_logo":0,"ocean_custom_logo_max_width":0,"ocean_custom_logo_tablet_max_width":0,"ocean_custom_logo_mobile_max_width":0,"ocean_custom_logo_max_height":0,"ocean_custom_logo_tablet_max_height":0,"ocean_custom_logo_mobile_max_height":0,"ocean_header_custom_menu":"0","ocean_menu_typo_font_family":"0","ocean_menu_typo_font_subset":"","ocean_menu_typo_font_size":0,"ocean_menu_typo_font_size_tablet":0,"ocean_menu_typo_font_size_mobile":0,"ocean_menu_typo_font_size_unit":"px","ocean_menu_typo_font_weight":"","ocean_menu_typo_font_weight_tablet":"","ocean_menu_typo_font_weight_mobile":"","ocean_menu_typo_transform":"","ocean_menu_typo_transform_tablet":"","ocean_menu_typo_transform_mobile":"","ocean_menu_typo_line_height":0,"ocean_menu_typo_line_height_tablet":0,"ocean_menu_typo_line_height_mobile":0,"ocean_menu_typo_line_height_unit":"","ocean_menu_typo_spacing":0,"ocean_menu_typo_spacing_tablet":0,"ocean_menu_typo_spacing_mobile":0,"ocean_menu_typo_spacing_unit":"","ocean_menu_link_color":"","ocean_menu_link_color_hover":"","ocean_menu_link_color_active":"","ocean_menu_link_background":"","ocean_menu_link_hover_background":"","ocean_menu_link_active_background":"","ocean_menu_social_links_bg":"","ocean_menu_social_hover_links_bg":"","ocean_menu_social_links_color":"","ocean_menu_social_hover_links_color":"","ocean_disable_title":"default","ocean_disable_heading":"default","ocean_post_title":"","ocean_post_subheading":"","ocean_post_title_style":"","ocean_post_title_background_color":"","ocean_post_title_background":0,"ocean_post_title_bg_image_position":"","ocean_post_title_bg_image_attachment":"","ocean_post_title_bg_image_repeat":"","ocean_post_title_bg_image_size":"","ocean_post_title_height":0,"ocean_post_title_bg_overlay":0.5,"ocean_post_title_bg_overlay_color":"","ocean_disable_breadcrumbs":"default","ocean_breadcrumbs_color":"","ocean_breadcrumbs_separator_color":"","ocean_breadcrumbs_links_color":"","ocean_breadcrumbs_links_hover_color":"","ocean_display_footer_widgets":"default","ocean_display_footer_bottom":"default","ocean_custom_footer_template":"0"},"product_brand":[],"product_cat":[23],"product_tag":[],"class_list":{"0":"post-5559","1":"product","2":"type-product","3":"status-publish","4":"has-post-thumbnail","6":"product_cat-zdrowe-przekaski","8":"entry","9":"has-media","11":"first","12":"outofstock","13":"shipping-taxable","14":"purchasable","15":"product-type-simple","16":"has-product-nav","17":"col","18":"span_1_of_3","19":"owp-content-left","20":"owp-thumbs-layout-horizontal","21":"owp-btn-normal","22":"owp-tabs-layout-horizontal","23":"has-no-thumbnails"},"_links":{"self":[{"href":"https:\/\/ecocorner.eu\/en\/wp-json\/wp\/v2\/product\/5559","targetHints":{"allow":["GET"]}}],"collection":[{"href":"https:\/\/ecocorner.eu\/en\/wp-json\/wp\/v2\/product"}],"about":[{"href":"https:\/\/ecocorner.eu\/en\/wp-json\/wp\/v2\/types\/product"}],"version-history":[{"count":1,"href":"https:\/\/ecocorner.eu\/en\/wp-json\/wp\/v2\/product\/5559\/revisions"}],"predecessor-version":[{"id":5561,"href":"https:\/\/ecocorner.eu\/en\/wp-json\/wp\/v2\/product\/5559\/revisions\/5561"}],"wp:featuredmedia":[{"embeddable":true,"href":"https:\/\/ecocorner.eu\/en\/wp-json\/wp\/v2\/media\/5560"}],"wp:attachment":[{"href":"https:\/\/ecocorner.eu\/en\/wp-json\/wp\/v2\/media?parent=5559"}],"wp:term":[{"taxonomy":"product_brand","embeddable":true,"href":"https:\/\/ecocorner.eu\/en\/wp-json\/wp\/v2\/product_brand?post=5559"},{"taxonomy":"product_cat","embeddable":true,"href":"https:\/\/ecocorner.eu\/en\/wp-json\/wp\/v2\/product_cat?post=5559"},{"taxonomy":"product_tag","embeddable":true,"href":"https:\/\/ecocorner.eu\/en\/wp-json\/wp\/v2\/product_tag?post=5559"}],"curies":[{"name":"wp","href":"https:\/\/api.w.org\/{rel}","templated":true}]}}