{"id":5589,"date":"2024-05-29T11:19:40","date_gmt":"2024-05-29T11:19:40","guid":{"rendered":"https:\/\/ecocorner.eu\/?post_type=product&#038;p=5589"},"modified":"2026-04-16T20:41:25","modified_gmt":"2026-04-16T20:41:25","slug":"best-lab-vitaminbest-multikompleks-witamin-i-mineralow-60-kaps","status":"publish","type":"product","link":"https:\/\/ecocorner.eu\/en\/product\/best-lab-vitaminbest-multikompleks-witamin-i-mineralow-60-kaps\/","title":{"rendered":"Best Lab   VitaMinBest   Multikompleks witamin i minera\u0142\u00f3w  60 kaps."},"content":{"rendered":"<table style=\"height: 1710px;\" width=\"483\">\n<tbody>\n<tr>\n<td>Sk\u0142adniki aktywne:<\/td>\n<td>Zawarto\u015b\u0107 w 1 kapsu\u0142ce:<\/td>\n<td>% RWS*<\/td>\n<\/tr>\n<tr>\n<td>Ekstrakt z p\u0119d\u00f3w bambusa standaryzowany na:<br \/>\n70% krzemionki<br \/>\n33% krzemu<\/td>\n<td>159 mg<br \/>\n111 mg<br \/>\n52 mg<\/td>\n<td><\/td>\n<\/tr>\n<tr>\n<td>Cholina (B4)<\/td>\n<td>50 mg<\/td>\n<td><\/td>\n<\/tr>\n<tr>\n<td>Inozytol (B8)<\/td>\n<td>50 mg<\/td>\n<td><\/td>\n<\/tr>\n<tr>\n<td>Niacyna (kwas nikotynowy)<\/td>\n<td>25 mg<\/td>\n<td>156,2% *<\/td>\n<\/tr>\n<tr>\n<td>D-pantotenian wapnia (B5)<\/td>\n<td>25 mg<\/td>\n<td>416,6% *<\/td>\n<\/tr>\n<tr>\n<td>Pirydoksal 5-fosforan (B6)<\/td>\n<td>25 mg<\/td>\n<td>1785,7% *<\/td>\n<\/tr>\n<tr>\n<td>Kwas para-aminobenzoesowy (B10)<\/td>\n<td>25 mg<\/td>\n<td><\/td>\n<\/tr>\n<tr>\n<td>Witamina E (d-alfa-tokoferol)<\/td>\n<td>25 mg<\/td>\n<td>208,3% *<\/td>\n<\/tr>\n<tr>\n<td>Chlorowodorek tiaminy (B1)<\/td>\n<td>12,5 mg<\/td>\n<td>1136,3% *<\/td>\n<\/tr>\n<tr>\n<td>Cynk<\/td>\n<td>7,5 mg<\/td>\n<td>75% *<\/td>\n<\/tr>\n<tr>\n<td>5\u2019fosforan sodowy ryboflawiny (B2)<\/td>\n<td>5 mg<\/td>\n<td>357,1% *<\/td>\n<\/tr>\n<tr>\n<td>Mangan<\/td>\n<td>1 mg<\/td>\n<td>50% *<\/td>\n<\/tr>\n<tr>\n<td>Bor<\/td>\n<td>1 mg<\/td>\n<td><\/td>\n<\/tr>\n<tr>\n<td>Witamina A (palmitynian retinylu)<\/td>\n<td>750 \u00b5g<\/td>\n<td>93,7% *<\/td>\n<\/tr>\n<tr>\n<td>Mied\u017a<\/td>\n<td>500 \u00b5g<\/td>\n<td>50% *<\/td>\n<\/tr>\n<tr>\n<td>D-Biotyna<\/td>\n<td>250 \u00b5g<\/td>\n<td>500% *<\/td>\n<\/tr>\n<tr>\n<td>Kwas foliowy (s\u00f3l wapniowa [6S]-5-MTHF-Ca (Ca-L-5-MTHF))<\/td>\n<td>200 \u00b5g<\/td>\n<td>100% *<\/td>\n<\/tr>\n<tr>\n<td>Chrom (pikolinian chromu)<\/td>\n<td>100 \u00b5g<\/td>\n<td>250% *<\/td>\n<\/tr>\n<tr>\n<td>Jod<\/td>\n<td>50 \u00b5g<\/td>\n<td>33,4% *<\/td>\n<\/tr>\n<tr>\n<td>Metylokobalamina (B12)<\/td>\n<td>75 \u00b5g<\/td>\n<td>3000% *<\/td>\n<\/tr>\n<tr>\n<td>Selen (l-selenometionina)<\/td>\n<td>37,5 \u00b5g<\/td>\n<td>68,2% *<\/td>\n<\/tr>\n<tr>\n<td>Molibden<\/td>\n<td>37,5 \u00b5g<\/td>\n<td>75% *<\/td>\n<\/tr>\n<\/tbody>\n<\/table>\n<div dir=\"ltr\">* Referencyjna Warto\u015b\u0107 Spo\u017cycia<\/div>\n<div dir=\"ltr\">\n<p><em><strong>Zawarto\u015b\u0107 opakowania: <\/strong>60 kapsu\u0142ek.<\/em><\/p>\n<\/div>\n<p><em><strong>Sk\u0142adniki:<\/strong> Ekstrakt z p\u0119d\u00f3w bambusa, Dwuwinian choliny, Inozytol, Niacyna (kwas nikotynowy), B5 (d-pantotenian wapnia), B6 (Pirydoksal 5-fosforan (P-5-P)), B10 (kwas para-aminobenzoesowy), Witamina E ( d-alfa-tokoferol), B1 (chlorowodorek tiaminy), Cynk (bisglicynian cynku), B2 (5\u2019fosforan sodowy ryboflawiny), Mangan (bisglicynian manganu), Bor (kwas borowy), Witamina A (palmitynian retinylu), Mied\u017a (bisglicynian miedzi), Biotyna (D-biotyna), kwas foliowy &#8211; B9 (s\u00f3l wapniowa [6S]-5-MTHF-Ca (Ca-L-5-MTHF)), Chrom (pikolinin chromu), Jod (jodek potasu), B12 (metylokobalamina, adenozylokobalamina), Selen (l-selenometionina), Molibden (dihydrat molibdenianu), otoczka kapsu\u0142ki: hydroksypropylometyloceluloza<\/em><\/p>\n<p>W trosce o najwy\u017csz\u0105 jako\u015b\u0107 oraz bezpiecze\u0144stwo naszych suplement\u00f3w, a przede wszystkim maj\u0105c na uwadze Twoje zdrowie, badamy nasze produkty w niezale\u017cnym, akredytowanym laboratorium badawczym J.S. Hamilton.<br \/>\n<a href=\"https:\/\/bestlab.com.pl\/userdata\/public\/assets\/offer\/VitaminBestHamilton.pdf\" target=\"_blank\" rel=\"noopener noreferrer\"> Badanie mikrobiologiczne, czysto\u015b\u0107 od metali ci\u0119\u017ckich, brak glutenu. <\/a><\/p>\n<div id=\"user_dawkowanie\" class=\"tabcontent\">\n<p><strong>Zalecana spo\u017cycie:<\/strong> 1 kapsu\u0142ka dziennie zaraz po posi\u0142ku. Popi\u0107 wod\u0105.<\/p>\n<p>Z uwagi na zawarto\u015b\u0107 witamin z grupy B i ich pobudzaj\u0105cy charakter, zalecamy stosowanie w pierwszej cz\u0119\u015bci dnia.<\/p>\n<p>W sk\u0142adzie ViataMinBest znajduje si\u0119 niacyna, kt\u00f3ra mo\u017ce powodowa\u0107 efekt flush, czyli zaczerwienienie sk\u00f3ry utrzymuj\u0105ce si\u0119 nawet przez godzin\u0119 po za\u017cyciu suplementu. Nie stanowi to zagro\u017cenia, a jedynie efekt natury estetycznej. Zminimalizujesz ryzyko wyst\u0105pienia flush stosuj\u0105c VitaMinBest po obfitym posi\u0142ku.<\/p>\n<p><strong>Przechowywanie:<\/strong> w temperaturze pokojowej, w suchym miejscu, w spos\u00f3b niedost\u0119pny dla ma\u0142ych dzieci. Chroni\u0107 od wilgoci i \u015bwiat\u0142a.<\/p>\n<p><strong>\u015arodki ostro\u017cno\u015bci:<\/strong> nie nale\u017cy przekracza\u0107 zalecanej porcji do spo\u017cycia w ci\u0105gu dnia. Zr\u00f3wnowa\u017cony spos\u00f3b \u017cywienia i prawid\u0142owy tryb \u017cycia jest wa\u017cny dla funkcjonowania organizmu cz\u0142owieka. Suplement diety nie mo\u017ce by\u0107 stosowany jako substytut (zamiennik) zr\u00f3\u017cnicowanej diety.Nie stosowa\u0107 w przypadku nadwra\u017cliwo\u015bci kt\u00f3rykolwiek ze sk\u0142adnik\u00f3w. Kobiety w ci\u0105\u017cy oraz matki karmi\u0105ce przed zastosowaniem produktu powinny skonsultowa\u0107 si\u0119 z lekarzem.<\/p>\n<\/div>\n","protected":false},"excerpt":{"rendered":"<p><strong>VitaMinBest<\/strong> to kompleksowy preparat, kt\u00f3ry zawiera pe\u0142en zestaw niezb\u0119dnych witamin i sk\u0142adnik\u00f3w mineralnych, potrzebnych do prawid\u0142owego funkcjonowania organizmu. VitaMinBest zawiera odpowiednie dawki sk\u0142adnik\u00f3w mineralnych, kt\u00f3re ci\u0119\u017cko zbilansowa\u0107 w codziennej diecie, a kt\u00f3re wywieraj\u0105 ogromny wp\u0142yw na metabolizm i prawid\u0142ow\u0105 odporno\u015b\u0107 organizmu. Ponadto wspieraj\u0105 one dzia\u0142anie uk\u0142adu nerwowego i odpowiedni\u0105 regeneracj\u0119.<\/p>\n<div class=\"cel all-full\">\n<h2>Poznaj sk\u0142adniki suplementu VitaMinBest<\/h2>\n<\/div>\n<div class=\"cel all-full\">\n<h3>Witaminy z grupy B<\/h3>\n<ul>\n<li><strong>Tiamina <\/strong>(witamina B1) \u2013 pomaga w utrzymaniu prawid\u0142owego rytmu serca, sprzyja prawid\u0142owemu metabolizmowi energetycznemu, pomaga w redukcji zm\u0119czenia, poprawia dzia\u0142anie uk\u0142adu nerwowego, usprawnia pami\u0119\u0107 i koncentracj\u0119, wp\u0142ywa na lepsze samopoczucie, bierze udzia\u0142 w procesie pozyskiwania energii z w\u0119glowodan\u00f3w;<\/li>\n<li><strong>5\u2019fosforan sodowy ryboflawiny<\/strong> (witamina B2) \u2013 poprawia metabolizm \u017celaza, przyczynia si\u0119 do poprawy stanu sk\u00f3ry, w\u0142os\u00f3w i paznokci, redukcji znu\u017cenia i zm\u0119czenia, sprzyja utrzymaniu prawid\u0142owego metabolizmu energetycznego, chroni przed stresem oksydacyjnym, wp\u0142ywa na utrzymanie dobrego stanu uk\u0142adu nerwowego;<\/li>\n<li><strong>Kwas nikotynowy<\/strong> (niacyna, witamina B3) \u2013 przyczynia si\u0119 do poprawy metabolizmu sk\u0142adnik\u00f3w od\u017cywczych, poprawia dzia\u0142anie uk\u0142adu nerwowego, dzia\u0142a profilaktycznie wobec ryzyka chor\u00f3b serca, pomaga zachowa\u0107 zdrow\u0105 sk\u00f3r\u0119, w\u0142osy i paznokcie, redukuje uczucie znu\u017cenia i zm\u0119czenia;<\/li>\n<li><strong>Cholina <\/strong> (witamina B4) \u2013 pomaga w utrzymaniu zdrowia w\u0105troby, przyczynia si\u0119 do w\u0142a\u015bciwego metabolizmu homocysteiny, wspiera dzia\u0142anie uk\u0142adu nerwowego i przyczynia si\u0119 do sprawnego metabolizmu t\u0142uszcz\u00f3w;<\/li>\n<li><strong>Cholina <\/strong> (witamina B4) \u2013 pomaga w utrzymaniu zdrowia w\u0105troby, przyczynia si\u0119 do w\u0142a\u015bciwego metabolizmu homocysteiny, wspiera dzia\u0142anie uk\u0142adu nerwowego i przyczynia si\u0119 do sprawnego metabolizmu t\u0142uszcz\u00f3w;<\/li>\n<li><strong>D-pantotenian wapnia <\/strong>(witamina B5) \u2013 wspomaga utrzymanie prawid\u0142owego metabolizmu energetycznego, wspomaga zachowanie jasno\u015bci umys\u0142u, redukuje efekty zm\u0119czenia, przyczynia si\u0119 do sprawnej syntezy hormon\u00f3w steroidowych i neuroprzeka\u017anik\u00f3w;<\/li>\n<li><strong>Pirydoksal 5-fosforan <\/strong>(witamina B6) \u2013 wspomaga metabolizm bia\u0142ka i glikogenu, sprzyja syntezie kluczowych neuroprzeka\u017anik\u00f3w, poprawia dzia\u0142anie uk\u0142adu odporno\u015bciowego, utrzymuje zdrowie psycho-fizyczne na w\u0142a\u015bciwym poziomie, sprzyja regulacji hormonalnej, pomaga w metabolizmie cysteiny, wp\u0142ywa na prawid\u0142ow\u0105 syntez\u0119 krwinek czerwonych;<\/li>\n<li><strong>D-biotyna <\/strong>(witamina B7) \u2013 poprawia stan wizualny sk\u00f3ry, w\u0142os\u00f3w i paznokci, pomaga w utrzymaniu prawid\u0142owej kondycji uk\u0142adu nerwowego, bierze udzia\u0142 w metabolizmie sk\u0142adnik\u00f3w od\u017cywczych i przyczynia si\u0119 do utrzymania zdrowia psychicznego;<\/li>\n<li><strong>S\u00f3l wapniowa [6S]-5-MTHF-Ca (Ca-L-5-MTHF) <\/strong>(kwas foliowy) \u2013 wp\u0142ywa na proces produkcji krwi, odpowiada za prawid\u0142owe podzia\u0142y kom\u00f3rkowe, przyczynia si\u0119 do prawid\u0142owego przebiegu ci\u0105\u017cy, wzmacnia uk\u0142ad odporno\u015bciowy, sprzyja prawid\u0142owej syntezie aminokwas\u00f3w, wp\u0142ywa na sprawny metabolizm homocysteiny i zmniejsza uczucie znu\u017cenia i zm\u0119czenia;<\/li>\n<li><strong>Metylokobalamina <\/strong>(witamina B12) \u2013 pomaga w produkcji czerwonych krwinek, wp\u0142ywa na dobr\u0105 kondycj\u0119 psychofizyczn\u0105, poprawia dzia\u0142anie uk\u0142adu nerwowego i bierze udzia\u0142 w procesie metylacji. Ponadto przyczynia si\u0119 do wzmocnienia uk\u0142adu odporno\u015bciowego, redukcji zm\u0119czenia oraz sprzyja utrzymaniu w\u0142a\u015bciwego metabolizmu energetycznego.<\/li>\n<\/ul>\n<h3>Witaminy A i E:<\/h3>\n<ul>\n<li><strong>Witamina A <\/strong> (palmitynian retinylu) \u2013 wp\u0142ywaj\u0105ca na popraw\u0119 odporno\u015bci, sprzyjaj\u0105ca prawid\u0142owej przepustowo\u015bci b\u0142on kom\u00f3rkowych, wp\u0142ywaj\u0105ca na popraw\u0119 stanu sk\u00f3ry, poprawiaj\u0105ca ostro\u015b\u0107 widzenia, pomagaj\u0105ca w metabolizmie \u017celaza i specjalizacji poszczeg\u00f3lnych rodzaj\u00f3w kom\u00f3rek;<\/li>\n<li><strong>Witamina E<\/strong> (d-alfa-tokoferol) \u2013 pomaga w usuwaniu nadmiaru wolnych rodnik\u00f3w tlenowych, sprzyja poprawie stanu sk\u00f3ry, w\u0142os\u00f3w i paznokci, dzia\u0142a profilaktycznie wobec ryzyka chor\u00f3b cywilizacyjnych.<\/li>\n<\/ul>\n<h3>Sk\u0142adniki mineralne:<\/h3>\n<ul>\n<li><strong>Cynk <\/strong>&#8211; wp\u0142ywa na redukcj\u0119 stanu zapalnego, pomaga w utrzymaniu p\u0142odno\u015bci, obni\u017ca ryzyko nowotwor\u00f3w, sprzyja regulacji hormonalnej, pomaga w prawid\u0142owym metabolizmie makrosk\u0142adnik\u00f3w, wspiera dzia\u0142anie funkcji poznawczych, utrzymuje prawid\u0142ow\u0105 g\u0119sto\u015b\u0107 mineraln\u0105 ko\u015bci, korzystnie wp\u0142ywa na stan w\u0142os\u00f3w, sk\u00f3ry i paznokci, poprawia dzia\u0142anie uk\u0142adu odporno\u015bciowego;<\/li>\n<li><strong>Mied\u017a <\/strong>&#8211; chroni kom\u00f3rki przed stresem oksydacyjnym, wspomaga dzia\u0142anie uk\u0142adu nerwowego, wspiera kondycj\u0119 sk\u00f3ry, w\u0142os\u00f3w i paznokci, wp\u0142ywa na popraw\u0119 metabolizmu energetycznego, pomaga w utrzymaniu prawid\u0142owej struktury tkanki \u0142\u0105cznej, wspomaga organizm w prawid\u0142owym metabolizmie \u017celaza;<\/li>\n<li><strong>Chrom <\/strong>&#8211; wp\u0142ywa na prawid\u0142owy metabolizm sk\u0142adnik\u00f3w od\u017cywczych, sprzyja kontroli apetytu, pomaga w utrzymaniu prawid\u0142owego poziomu glukozy;<\/li>\n<li><strong>Jod <\/strong>&#8211; pomaga w utrzymaniu zdrowia tarczycy, sprzyja prawid\u0142owej kondycji uk\u0142adu nerwowego, wspomaga sk\u00f3r\u0119 w prawid\u0142owym metabolizmie, pomaga w utrzymaniu jasno\u015bci umys\u0142u i sprawnym dzia\u0142aniu funkcji poznawczych;<\/li>\n<li><strong>Selen <\/strong>&#8211; pomaga w prawid\u0142owym funkcjonowaniu tarczycy, wspiera odporno\u015b\u0107, wp\u0142ywa korzystnie na libido, jest pomocny w utrzymaniu dobrego stanu w\u0142os\u00f3w, sk\u00f3ry i paznokci;<\/li>\n<li><strong>Molibden <\/strong>&#8211; wp\u0142ywa na zachowanie zdrowia psychofizycznego, pomaga w utrzymaniu metabolizmu aminokwas\u00f3w, wspiera metabolizm \u017celaza, sprzyja usuwaniu toksyn i poprawia odporno\u015b\u0107 organizmu.<\/li>\n<\/ul>\n<\/div>\n","protected":false},"featured_media":5590,"template":"","meta":{"ocean_post_layout":"","ocean_both_sidebars_style":"","ocean_both_sidebars_content_width":0,"ocean_both_sidebars_sidebars_width":0,"ocean_sidebar":"0","ocean_second_sidebar":"0","ocean_disable_margins":"enable","ocean_add_body_class":"","ocean_shortcode_before_top_bar":"","ocean_shortcode_after_top_bar":"","ocean_shortcode_before_header":"","ocean_shortcode_after_header":"","ocean_has_shortcode":"","ocean_shortcode_after_title":"","ocean_shortcode_before_footer_widgets":"","ocean_shortcode_after_footer_widgets":"","ocean_shortcode_before_footer_bottom":"","ocean_shortcode_after_footer_bottom":"","ocean_display_top_bar":"default","ocean_display_header":"default","ocean_header_style":"","ocean_center_header_left_menu":"0","ocean_custom_header_template":"0","ocean_custom_logo":0,"ocean_custom_retina_logo":0,"ocean_custom_logo_max_width":0,"ocean_custom_logo_tablet_max_width":0,"ocean_custom_logo_mobile_max_width":0,"ocean_custom_logo_max_height":0,"ocean_custom_logo_tablet_max_height":0,"ocean_custom_logo_mobile_max_height":0,"ocean_header_custom_menu":"0","ocean_menu_typo_font_family":"0","ocean_menu_typo_font_subset":"","ocean_menu_typo_font_size":0,"ocean_menu_typo_font_size_tablet":0,"ocean_menu_typo_font_size_mobile":0,"ocean_menu_typo_font_size_unit":"px","ocean_menu_typo_font_weight":"","ocean_menu_typo_font_weight_tablet":"","ocean_menu_typo_font_weight_mobile":"","ocean_menu_typo_transform":"","ocean_menu_typo_transform_tablet":"","ocean_menu_typo_transform_mobile":"","ocean_menu_typo_line_height":0,"ocean_menu_typo_line_height_tablet":0,"ocean_menu_typo_line_height_mobile":0,"ocean_menu_typo_line_height_unit":"","ocean_menu_typo_spacing":0,"ocean_menu_typo_spacing_tablet":0,"ocean_menu_typo_spacing_mobile":0,"ocean_menu_typo_spacing_unit":"","ocean_menu_link_color":"","ocean_menu_link_color_hover":"","ocean_menu_link_color_active":"","ocean_menu_link_background":"","ocean_menu_link_hover_background":"","ocean_menu_link_active_background":"","ocean_menu_social_links_bg":"","ocean_menu_social_hover_links_bg":"","ocean_menu_social_links_color":"","ocean_menu_social_hover_links_color":"","ocean_disable_title":"default","ocean_disable_heading":"default","ocean_post_title":"","ocean_post_subheading":"","ocean_post_title_style":"","ocean_post_title_background_color":"","ocean_post_title_background":0,"ocean_post_title_bg_image_position":"","ocean_post_title_bg_image_attachment":"","ocean_post_title_bg_image_repeat":"","ocean_post_title_bg_image_size":"","ocean_post_title_height":0,"ocean_post_title_bg_overlay":0.5,"ocean_post_title_bg_overlay_color":"","ocean_disable_breadcrumbs":"default","ocean_breadcrumbs_color":"","ocean_breadcrumbs_separator_color":"","ocean_breadcrumbs_links_color":"","ocean_breadcrumbs_links_hover_color":"","ocean_display_footer_widgets":"default","ocean_display_footer_bottom":"default","ocean_custom_footer_template":"0"},"product_brand":[],"product_cat":[80,22],"product_tag":[],"class_list":{"0":"post-5589","1":"product","2":"type-product","3":"status-publish","4":"has-post-thumbnail","6":"product_cat-best-lab","7":"product_cat-suplementy-i-witaminy","9":"entry","10":"has-media","12":"first","13":"instock","14":"shipping-taxable","15":"purchasable","16":"product-type-simple","17":"has-product-nav","18":"col","19":"span_1_of_3","20":"owp-content-left","21":"owp-thumbs-layout-horizontal","22":"owp-btn-normal","23":"owp-tabs-layout-horizontal","24":"has-no-thumbnails"},"_links":{"self":[{"href":"https:\/\/ecocorner.eu\/en\/wp-json\/wp\/v2\/product\/5589","targetHints":{"allow":["GET"]}}],"collection":[{"href":"https:\/\/ecocorner.eu\/en\/wp-json\/wp\/v2\/product"}],"about":[{"href":"https:\/\/ecocorner.eu\/en\/wp-json\/wp\/v2\/types\/product"}],"version-history":[{"count":1,"href":"https:\/\/ecocorner.eu\/en\/wp-json\/wp\/v2\/product\/5589\/revisions"}],"predecessor-version":[{"id":5591,"href":"https:\/\/ecocorner.eu\/en\/wp-json\/wp\/v2\/product\/5589\/revisions\/5591"}],"wp:featuredmedia":[{"embeddable":true,"href":"https:\/\/ecocorner.eu\/en\/wp-json\/wp\/v2\/media\/5590"}],"wp:attachment":[{"href":"https:\/\/ecocorner.eu\/en\/wp-json\/wp\/v2\/media?parent=5589"}],"wp:term":[{"taxonomy":"product_brand","embeddable":true,"href":"https:\/\/ecocorner.eu\/en\/wp-json\/wp\/v2\/product_brand?post=5589"},{"taxonomy":"product_cat","embeddable":true,"href":"https:\/\/ecocorner.eu\/en\/wp-json\/wp\/v2\/product_cat?post=5589"},{"taxonomy":"product_tag","embeddable":true,"href":"https:\/\/ecocorner.eu\/en\/wp-json\/wp\/v2\/product_tag?post=5589"}],"curies":[{"name":"wp","href":"https:\/\/api.w.org\/{rel}","templated":true}]}}