{"id":5629,"date":"2024-07-08T20:05:59","date_gmt":"2024-07-08T20:05:59","guid":{"rendered":"https:\/\/ecocorner.eu\/?post_type=product&#038;p=5629"},"modified":"2026-01-09T11:16:48","modified_gmt":"2026-01-09T11:16:48","slug":"mir-lek-naturalny-syrop-z-kwiatu-wiazowki-blotnej-200ml","status":"publish","type":"product","link":"https:\/\/ecocorner.eu\/en\/product\/mir-lek-naturalny-syrop-z-kwiatu-wiazowki-blotnej-200ml\/","title":{"rendered":"Mir Lek    Naturalny  Syrop z kwiatu wi\u0105z\u00f3wki b\u0142otnej  200ml"},"content":{"rendered":"<p><strong>Ingredients<\/strong><br \/>\nBrown elm flower macerate (Filopendula ulmaria) (60%), sugar, lemon juice.<\/p>\n<p><strong>METHOD OF APPLICATION<\/strong><br \/>\nDrink a teaspoon (5 ml) of syrup in the morning and evening. It can be added to drinks and desserts. Precipitation is a natural phenomenon. Shake well before use.<\/p>\n<p><strong>note<\/strong><br \/>\nDo not use in pregnant and lactating women and children under 18 years of age. Do not use in people who are allergic to any of the components of the product. A dietary supplement cannot be used as a substitute for a varied and balanced diet and will not replace a healthy lifestyle.. A balanced diet and healthy lifestyle are essential for the proper functioning of the body. The product contains salicylates. Do not use in people who are sensitive to salicylic acid.<\/p>\n<p><strong>keeping<\/strong><br \/>\nStore in a dry place out of the reach of small children. Sun protection. Once opened, store in the refrigerator in a tightly closed bottle.<\/p>","protected":false},"excerpt":{"rendered":"<p><span class=\"wartosc\">Brown elm flower syrup 200 ml food additive-home-made, pasteurized,<\/span><\/p>\n<p>Mud binding contains components with immunostimulating properties that help inhibit the growth of viruses and microbes.<\/p>","protected":false},"featured_media":5630,"template":"","meta":{"ocean_post_layout":"","ocean_both_sidebars_style":"","ocean_both_sidebars_content_width":0,"ocean_both_sidebars_sidebars_width":0,"ocean_sidebar":"0","ocean_second_sidebar":"0","ocean_disable_margins":"enable","ocean_add_body_class":"","ocean_shortcode_before_top_bar":"","ocean_shortcode_after_top_bar":"","ocean_shortcode_before_header":"","ocean_shortcode_after_header":"","ocean_has_shortcode":"","ocean_shortcode_after_title":"","ocean_shortcode_before_footer_widgets":"","ocean_shortcode_after_footer_widgets":"","ocean_shortcode_before_footer_bottom":"","ocean_shortcode_after_footer_bottom":"","ocean_display_top_bar":"default","ocean_display_header":"default","ocean_header_style":"","ocean_center_header_left_menu":"0","ocean_custom_header_template":"0","ocean_custom_logo":0,"ocean_custom_retina_logo":0,"ocean_custom_logo_max_width":0,"ocean_custom_logo_tablet_max_width":0,"ocean_custom_logo_mobile_max_width":0,"ocean_custom_logo_max_height":0,"ocean_custom_logo_tablet_max_height":0,"ocean_custom_logo_mobile_max_height":0,"ocean_header_custom_menu":"0","ocean_menu_typo_font_family":"0","ocean_menu_typo_font_subset":"","ocean_menu_typo_font_size":0,"ocean_menu_typo_font_size_tablet":0,"ocean_menu_typo_font_size_mobile":0,"ocean_menu_typo_font_size_unit":"px","ocean_menu_typo_font_weight":"","ocean_menu_typo_font_weight_tablet":"","ocean_menu_typo_font_weight_mobile":"","ocean_menu_typo_transform":"","ocean_menu_typo_transform_tablet":"","ocean_menu_typo_transform_mobile":"","ocean_menu_typo_line_height":0,"ocean_menu_typo_line_height_tablet":0,"ocean_menu_typo_line_height_mobile":0,"ocean_menu_typo_line_height_unit":"","ocean_menu_typo_spacing":0,"ocean_menu_typo_spacing_tablet":0,"ocean_menu_typo_spacing_mobile":0,"ocean_menu_typo_spacing_unit":"","ocean_menu_link_color":"","ocean_menu_link_color_hover":"","ocean_menu_link_color_active":"","ocean_menu_link_background":"","ocean_menu_link_hover_background":"","ocean_menu_link_active_background":"","ocean_menu_social_links_bg":"","ocean_menu_social_hover_links_bg":"","ocean_menu_social_links_color":"","ocean_menu_social_hover_links_color":"","ocean_disable_title":"default","ocean_disable_heading":"default","ocean_post_title":"","ocean_post_subheading":"","ocean_post_title_style":"","ocean_post_title_background_color":"","ocean_post_title_background":0,"ocean_post_title_bg_image_position":"","ocean_post_title_bg_image_attachment":"","ocean_post_title_bg_image_repeat":"","ocean_post_title_bg_image_size":"","ocean_post_title_height":0,"ocean_post_title_bg_overlay":0.5,"ocean_post_title_bg_overlay_color":"","ocean_disable_breadcrumbs":"default","ocean_breadcrumbs_color":"","ocean_breadcrumbs_separator_color":"","ocean_breadcrumbs_links_color":"","ocean_breadcrumbs_links_hover_color":"","ocean_display_footer_widgets":"default","ocean_display_footer_bottom":"default","ocean_custom_footer_template":"0"},"product_brand":[],"product_cat":[86,20],"product_tag":[],"class_list":{"0":"post-5629","1":"product","2":"type-product","3":"status-publish","4":"has-post-thumbnail","6":"product_cat-syropy","7":"product_cat-dzieci","9":"entry","10":"has-media","12":"first","13":"outofstock","14":"shipping-taxable","15":"purchasable","16":"product-type-simple","17":"has-product-nav","18":"col","19":"span_1_of_3","20":"owp-content-left","21":"owp-thumbs-layout-horizontal","22":"owp-btn-normal","23":"owp-tabs-layout-horizontal","24":"has-no-thumbnails"},"_links":{"self":[{"href":"https:\/\/ecocorner.eu\/en\/wp-json\/wp\/v2\/product\/5629","targetHints":{"allow":["GET"]}}],"collection":[{"href":"https:\/\/ecocorner.eu\/en\/wp-json\/wp\/v2\/product"}],"about":[{"href":"https:\/\/ecocorner.eu\/en\/wp-json\/wp\/v2\/types\/product"}],"version-history":[{"count":2,"href":"https:\/\/ecocorner.eu\/en\/wp-json\/wp\/v2\/product\/5629\/revisions"}],"predecessor-version":[{"id":5721,"href":"https:\/\/ecocorner.eu\/en\/wp-json\/wp\/v2\/product\/5629\/revisions\/5721"}],"wp:featuredmedia":[{"embeddable":true,"href":"https:\/\/ecocorner.eu\/en\/wp-json\/wp\/v2\/media\/5630"}],"wp:attachment":[{"href":"https:\/\/ecocorner.eu\/en\/wp-json\/wp\/v2\/media?parent=5629"}],"wp:term":[{"taxonomy":"product_brand","embeddable":true,"href":"https:\/\/ecocorner.eu\/en\/wp-json\/wp\/v2\/product_brand?post=5629"},{"taxonomy":"product_cat","embeddable":true,"href":"https:\/\/ecocorner.eu\/en\/wp-json\/wp\/v2\/product_cat?post=5629"},{"taxonomy":"product_tag","embeddable":true,"href":"https:\/\/ecocorner.eu\/en\/wp-json\/wp\/v2\/product_tag?post=5629"}],"curies":[{"name":"wp","href":"https:\/\/api.w.org\/{rel}","templated":true}]}}