{"id":5647,"date":"2024-07-08T20:34:30","date_gmt":"2024-07-08T20:34:30","guid":{"rendered":"https:\/\/ecocorner.eu\/?post_type=product&#038;p=5647"},"modified":"2025-06-06T13:46:38","modified_gmt":"2025-06-06T13:46:38","slug":"biowen-elektrolity-vital-charge-malinowe-250-g","status":"publish","type":"product","link":"https:\/\/ecocorner.eu\/en\/product\/biowen-elektrolity-vital-charge-malinowe-250-g\/","title":{"rendered":"Biowen   Elektrolity Vital Charge+ Malinowe &#8211; 250 g"},"content":{"rendered":"<p class=\"font-weight-bold mb-1\">Ingredients<\/p>\n<h2><b>Elektrolity \u2013 co zawieraj\u0105?<\/b><\/h2>\n<p>Sk\u0142adniki: Monohydrat kreatyny (kreatyna), d-ryboza, cytrynian potasu (potas), cytrynian magnezu (magnez), taurynian magnezu (magnez), acetylo l-karnityna, l-arginina, naturalny aromat malinowy.<\/p>\n<div id=\"tab-work_tab\" class=\"tab-content resp-tab-content resp-tab-content-active\" aria-labelledby=\"tab_item-3\">\n<h2><b>Elektrolity Vital Charge+ Biowen \u2013 jak stosowa\u0107?<\/b><\/h2>\n<p>Zalecana porcja to 1 miarka (7,5 g) rozpuszczona w 200 ml wody, raz dziennie. Nie przekraczaj zalecanej dziennej porcji!<\/p>\n<p>Elektrolity Biowen s\u0105 pe\u0142ne cennych substancji i nie rozpuszczaj\u0105 si\u0119 w 100% w wodzie. Mo\u017ce utworzy\u0107 si\u0119 osad na dnie, kt\u00f3ry najlepiej rozmiesza\u0107 ponownie i wypi\u0107, by wykorzysta\u0107 pe\u0142ni\u0119 substancji zawartych w produkcie.<\/p>\n<p>&nbsp;<\/p>\n<\/div>\n<p>&nbsp;<\/p>\n<p class=\"font-weight-bold mb-1\">Country of origin<\/p>\n<p>Poland<\/p>","protected":false},"excerpt":{"rendered":"<div id=\"tab-action_tab\" class=\"tab-content resp-tab-content resp-tab-content-active\" aria-labelledby=\"tab_item-2\">\n<h2><b>Elektrolity \u2013 co daj\u0105? W\u0142a\u015bciwo\u015bci elektrolit\u00f3w<\/b><\/h2>\n<p>Elektrolity s\u0105 kluczowe podczas zwi\u0119kszonego zapotrzebowania, np. intensywnych \u0107wicze\u0144, upa\u0142\u00f3w, biegunki lub wymiot\u00f3w. G\u0142\u00f3wne sk\u0142adniki Vital Charge+ Biowen oferuj\u0105:<\/p>\n<p><strong>Potas:<\/strong><\/p>\n<ul>\n<li>Wspiera prawid\u0142owe funkcjonowanie mi\u0119\u015bni.<\/li>\n<li>Pomaga utrzyma\u0107 ci\u015bnienie t\u0119tnicze.<\/li>\n<li>Wspiera uk\u0142ad nerwowy.<\/li>\n<\/ul>\n<p><strong>Magnesium:<\/strong><\/p>\n<ul>\n<li>Utrzymuje r\u00f3wnowag\u0119 elektrolitow\u0105.<\/li>\n<li>Wspiera zdrowie z\u0119b\u00f3w i ko\u015bci.<\/li>\n<li>Poprawia metabolizm energetyczny.<\/li>\n<li>Wspiera funkcje mi\u0119\u015bni i uk\u0142adu nerwowego.<\/li>\n<li>Zmniejsza zm\u0119czenie.<\/li>\n<li>Wspiera zdrowie psychiczne.<\/li>\n<\/ul>\n<\/div>\n<p>&nbsp;<\/p>\n<p>Elektrolity do picia od Biowen to suplement diety w proszku, kt\u00f3ry mo\u017cna \u0142atwo rozpu\u015bci\u0107 w wodzie. Bez dodatku cukru i sztucznych aromat\u00f3w, Vital Charge+ oferuje<strong> naturalny smak malinowy<\/strong>. Zawiera kreatyn\u0119, d-ryboz\u0119, cytrynian potasu, cytrynian magnezu, taurynian magnezu, acetylo-l-karnityn\u0119 i l-arganin\u0119, uzupe\u0142niony naturalnym aromatem malinowym.<\/p>\n<p><strong>Czym r\u00f3\u017cni\u0105 si\u0119 od wersji cytrynowej?<\/strong> Nieco innym sk\u0142adem, kt\u00f3ry zawiera arganin\u0119, a nie chlorek sodu oraz taurynian magnezu, zamiast jab\u0142czanu!<\/p>\n<p>Elektrolity to minera\u0142y obecne w naszym ciele jako jony, niezb\u0119dne do wielu proces\u00f3w biologicznych. Suplementacja elektrolit\u00f3w jest szczeg\u00f3lnie korzystna podczas biegunki, wymiot\u00f3w, intensywnego pocenia si\u0119 oraz podczas upa\u0142\u00f3w lub \u0107wicze\u0144. Magnez w sk\u0142adzie pomaga utrzyma\u0107 r\u00f3wnowag\u0119 elektrolitow\u0105, zmniejsza zm\u0119czenie oraz wspiera uk\u0142ad nerwowy. Potas wspomaga funkcje uk\u0142adu nerwowego i mi\u0119\u015bni.<\/p>\n<p><strong>Wybieraj\u0105c Vital Charge+, decydujesz si\u0119 na produkt bez sztucznych dodatk\u00f3w, odpowiedni dla os\u00f3b na dietach ro\u015blinnych.<\/strong><\/p>\n<p>&nbsp;<\/p>\n<div class=\"description woocommerce-product-details__short-description\">\n<h2>Malinowe elektrolity w proszku:<\/h2>\n<ul>\n<li>zawieraj\u0105 kreatyn\u0119, potas, magnez w dw\u00f3ch formach, d-ryboz\u0119, l-arganin\u0119 i acetylo-l-karnityn\u0119,<\/li>\n<li>nie zawiera chlorku sodu,<\/li>\n<li>aromat to naturalny aromat malinowy,<\/li>\n<li>nie zawieraj\u0105 barwnik\u00f3w, wype\u0142niaczy, antyzbrylaczy,<\/li>\n<li>do rozpuszczania w wodzie lub innym napoju,<\/li>\n<li>odpowiednie dla wegan i wegetarian,<\/li>\n<li>nie zawieraj\u0105 cukru i glutenu,<\/li>\n<li>opakowanie zawiera 33 sugerowane porcje,<\/li>\n<li><strong>masa netto: 250 g.<\/strong><\/li>\n<\/ul>\n<\/div>","protected":false},"featured_media":5648,"template":"","meta":{"ocean_post_layout":"","ocean_both_sidebars_style":"","ocean_both_sidebars_content_width":0,"ocean_both_sidebars_sidebars_width":0,"ocean_sidebar":"0","ocean_second_sidebar":"0","ocean_disable_margins":"enable","ocean_add_body_class":"","ocean_shortcode_before_top_bar":"","ocean_shortcode_after_top_bar":"","ocean_shortcode_before_header":"","ocean_shortcode_after_header":"","ocean_has_shortcode":"","ocean_shortcode_after_title":"","ocean_shortcode_before_footer_widgets":"","ocean_shortcode_after_footer_widgets":"","ocean_shortcode_before_footer_bottom":"","ocean_shortcode_after_footer_bottom":"","ocean_display_top_bar":"default","ocean_display_header":"default","ocean_header_style":"","ocean_center_header_left_menu":"0","ocean_custom_header_template":"0","ocean_custom_logo":0,"ocean_custom_retina_logo":0,"ocean_custom_logo_max_width":0,"ocean_custom_logo_tablet_max_width":0,"ocean_custom_logo_mobile_max_width":0,"ocean_custom_logo_max_height":0,"ocean_custom_logo_tablet_max_height":0,"ocean_custom_logo_mobile_max_height":0,"ocean_header_custom_menu":"0","ocean_menu_typo_font_family":"0","ocean_menu_typo_font_subset":"","ocean_menu_typo_font_size":0,"ocean_menu_typo_font_size_tablet":0,"ocean_menu_typo_font_size_mobile":0,"ocean_menu_typo_font_size_unit":"px","ocean_menu_typo_font_weight":"","ocean_menu_typo_font_weight_tablet":"","ocean_menu_typo_font_weight_mobile":"","ocean_menu_typo_transform":"","ocean_menu_typo_transform_tablet":"","ocean_menu_typo_transform_mobile":"","ocean_menu_typo_line_height":0,"ocean_menu_typo_line_height_tablet":0,"ocean_menu_typo_line_height_mobile":0,"ocean_menu_typo_line_height_unit":"","ocean_menu_typo_spacing":0,"ocean_menu_typo_spacing_tablet":0,"ocean_menu_typo_spacing_mobile":0,"ocean_menu_typo_spacing_unit":"","ocean_menu_link_color":"","ocean_menu_link_color_hover":"","ocean_menu_link_color_active":"","ocean_menu_link_background":"","ocean_menu_link_hover_background":"","ocean_menu_link_active_background":"","ocean_menu_social_links_bg":"","ocean_menu_social_hover_links_bg":"","ocean_menu_social_links_color":"","ocean_menu_social_hover_links_color":"","ocean_disable_title":"default","ocean_disable_heading":"default","ocean_post_title":"","ocean_post_subheading":"","ocean_post_title_style":"","ocean_post_title_background_color":"","ocean_post_title_background":0,"ocean_post_title_bg_image_position":"","ocean_post_title_bg_image_attachment":"","ocean_post_title_bg_image_repeat":"","ocean_post_title_bg_image_size":"","ocean_post_title_height":0,"ocean_post_title_bg_overlay":0.5,"ocean_post_title_bg_overlay_color":"","ocean_disable_breadcrumbs":"default","ocean_breadcrumbs_color":"","ocean_breadcrumbs_separator_color":"","ocean_breadcrumbs_links_color":"","ocean_breadcrumbs_links_hover_color":"","ocean_display_footer_widgets":"default","ocean_display_footer_bottom":"default","ocean_custom_footer_template":"0"},"product_brand":[],"product_cat":[79,22,21],"product_tag":[],"class_list":{"0":"post-5647","1":"product","2":"type-product","3":"status-publish","4":"has-post-thumbnail","6":"product_cat-biowen","7":"product_cat-suplementy-i-witaminy","8":"product_cat-zdrowie","10":"entry","11":"has-media","13":"first","14":"outofstock","15":"shipping-taxable","16":"purchasable","17":"product-type-simple","18":"has-product-nav","19":"col","20":"span_1_of_3","21":"owp-content-left","22":"owp-thumbs-layout-horizontal","23":"owp-btn-normal","24":"owp-tabs-layout-horizontal","25":"has-no-thumbnails"},"_links":{"self":[{"href":"https:\/\/ecocorner.eu\/en\/wp-json\/wp\/v2\/product\/5647","targetHints":{"allow":["GET"]}}],"collection":[{"href":"https:\/\/ecocorner.eu\/en\/wp-json\/wp\/v2\/product"}],"about":[{"href":"https:\/\/ecocorner.eu\/en\/wp-json\/wp\/v2\/types\/product"}],"version-history":[{"count":1,"href":"https:\/\/ecocorner.eu\/en\/wp-json\/wp\/v2\/product\/5647\/revisions"}],"predecessor-version":[{"id":5649,"href":"https:\/\/ecocorner.eu\/en\/wp-json\/wp\/v2\/product\/5647\/revisions\/5649"}],"wp:featuredmedia":[{"embeddable":true,"href":"https:\/\/ecocorner.eu\/en\/wp-json\/wp\/v2\/media\/5648"}],"wp:attachment":[{"href":"https:\/\/ecocorner.eu\/en\/wp-json\/wp\/v2\/media?parent=5647"}],"wp:term":[{"taxonomy":"product_brand","embeddable":true,"href":"https:\/\/ecocorner.eu\/en\/wp-json\/wp\/v2\/product_brand?post=5647"},{"taxonomy":"product_cat","embeddable":true,"href":"https:\/\/ecocorner.eu\/en\/wp-json\/wp\/v2\/product_cat?post=5647"},{"taxonomy":"product_tag","embeddable":true,"href":"https:\/\/ecocorner.eu\/en\/wp-json\/wp\/v2\/product_tag?post=5647"}],"curies":[{"name":"wp","href":"https:\/\/api.w.org\/{rel}","templated":true}]}}