{"id":5653,"date":"2024-07-08T20:43:48","date_gmt":"2024-07-08T20:43:48","guid":{"rendered":"https:\/\/ecocorner.eu\/?post_type=product&#038;p=5653"},"modified":"2026-04-10T22:10:57","modified_gmt":"2026-04-10T22:10:57","slug":"biowen-inozytol-complex-myo-inozytol-d-chiro-inozytol-scyllo-inozytol-100-kapsulek","status":"publish","type":"product","link":"https:\/\/ecocorner.eu\/en\/product\/biowen-inozytol-complex-myo-inozytol-d-chiro-inozytol-scyllo-inozytol-100-kapsulek\/","title":{"rendered":"Biowen    Inozytol Complex+  (Myo-inozytol + D-chiro-inozytol + Scyllo-inozytol)  100 kapsu\u0142ek"},"content":{"rendered":"<p>Inozytol Complex+ Biowen jest wyj\u0105tkowym produktem w skali rynku, kt\u00f3ry \u0142\u0105czy w sobie a\u017c trzy formy inozytolu: Myo-, D-chiro- oraz Scyllo-inozytol! Dodatkowo suplement zosta\u0142 wzbogacony cenn\u0105 witamin\u0105 B6! Jedna kapsu\u0142ka zawiera a\u017c 702 mg tych substancji!<\/p>\n<p>Inozytol by\u0142 kiedy\u015b w grupie witamin B, a konkretnie by\u0142 nazywany witamin\u0105 B8. Gdy naukowcy odkryli, \u017ce nasz organizm sam potrafi wytwarza\u0107 inozytol, wypad\u0142 on z grupy witamin. Ale to nie zmienia faktu, \u017ce by\u0142 cenion\u0105 substancj\u0105. Inozytol \u2013 na co dzia\u0142a? Zapewne odpowied\u017a na te pytanie Ci\u0119 interesuje, skoro ju\u017c wiesz, \u017ce Tw\u00f3j organizm go samodzielne wytwarza.<\/p>\n<p>Organizm wytwarza inozytol, poniewa\u017c jest mu potrzebny g\u0142\u00f3wnie w m\u00f3zgu, gdzie wyst\u0119puje w du\u017cych ilo\u015bciach. Zatem jak mo\u017cesz si\u0119 domy\u015bli\u0107, ten produkowany przez Ciebie inozytol, ma g\u0142\u00f3wnie wp\u0142yw na funkcje m\u00f3zgu i uk\u0142ad nerwowy, bierze udzia\u0142 w przebiegu funkcjonowania wielu proces\u00f3w z tym zwi\u0105zanych.<\/p>\n<p>Inozytol Complex+ to po\u0142\u0105czenie a\u017c trzech rodzaj\u00f3w r\u00f3\u017cnych inozytoli, kt\u00f3re cechuje wysoka biodost\u0119pno\u015b\u0107 i przebadana jako\u015b\u0107. W opakowaniu znajdziesz 100 kapsu\u0142ek z wega\u0144sk\u0105 otoczk\u0105.<\/p>\n<p>&nbsp;<\/p>\n<p class=\"font-weight-bold mb-1\">Ingredients<\/p>\n<h2>Inozytol Complex+ Biowen \u2013 sk\u0142adniki<\/h2>\n<p>Sk\u0142adniki: myo-inozytol, D-chiro-inozytol, scyllo-inozytol, witamina B6 (P-5-P pirodoksalo-5-fosforan),\u00a0 otoczka kapsu\u0142ki: hydroksypropylometyloceluloza.<\/p>\n<h2>Inozytol \u2013 jak stosowa\u0107?<\/h2>\n<p>Zaleca si\u0119 stosowanie 1 kapsu\u0142ki Inozytol Complex+ Biowen, raz dziennie, najlepiej w trakcie posi\u0142ku lub tu\u017c po. Pami\u0119taj, \u017ce suplement nie ma na celu zast\u0105pienia zr\u00f3wnowa\u017conej diety i nie powinno przekracza\u0107 si\u0119 zalecanej porcji produktu.<\/p>","protected":false},"excerpt":{"rendered":"<div id=\"tab-action_tab\" class=\"tab-content resp-tab-content resp-tab-content-active\" aria-labelledby=\"tab_item-2\">\n<h2>Inozytol \u2013 w\u0142a\u015bciwo\u015bci<\/h2>\n<p>Czy inozytol ma jakie\u015b w\u0142a\u015bciwo\u015bci? Jakie w\u0142a\u015bciwo\u015bci ma inozytol? Oficjalnie inozytol nie ma \u017cadnych w\u0142a\u015bciwo\u015bci, o kt\u00f3rych producent mo\u017ce napisa\u0107 bez konsekwencji prawnych. Tak jak zosta\u0142o wspomniane w g\u0142\u00f3wnym opisie, inozytol jest naturalnie wytwarzany w naszym organizmie i tam wyst\u0119puje g\u0142\u00f3wnie w m\u00f3zgu, gdzie ma wp\u0142yw na funkcjonowanie uk\u0142adu nerwowego.<\/p>\n<p>W suplemencie Biowen znajdziesz dodatek witaminy B6, kt\u00f3ra <b>it has the following properties:<\/b><\/p>\n<ul>\n<li>pomaga w prawid\u0142owym funkcjonowaniu uk\u0142adu nerwowego,<\/li>\n<li>pomaga w prawid\u0142owym funkcjonowaniu uk\u0142adu odporno\u015bciowego,<\/li>\n<li>przyczynia si\u0119 do regulacji aktywno\u015bci hormonalnej,<\/li>\n<li>pomaga w prawid\u0142owej syntezie cysteiny,<\/li>\n<li>przyczynia si\u0119 zmniejszenia uczucia zm\u0119czenia i znu\u017cenia,<\/li>\n<li>pomaga w utrzymaniu prawid\u0142owych funkcji psychologicznych,<\/li>\n<li>promotes the maintenance of normal energy metabolism,<\/li>\n<li>pomaga w prawid\u0142owej produkcji czerwonych krwinek,<\/li>\n<li>przyczynia si\u0119 do utrzymania prawid\u0142owego metabolizmu bia\u0142ka i glikogenu<\/li>\n<li>pomaga osobom\u00a0 z insulinooporno\u015bci\u0105,policystycznymi jajnikami<\/li>\n<\/ul>\n<div class=\"description woocommerce-product-details__short-description\">\n<h2>Potr\u00f3jny Inozytol od Biowen:<\/h2>\n<ul>\n<li>wyj\u0105tkowa formu\u0142a \u0142\u0105cz\u0105ca trzy formy inozytolu: Myo-, D-chiro- oraz Scyllo-inozytol,<\/li>\n<li>dodatek witaminy B6,<\/li>\n<li>wygodna forma kapsu\u0142ek,<\/li>\n<li>wystarcza na 100 dni suplementacji,<\/li>\n<li>masa netto: 72 g.<\/li>\n<\/ul>\n<p><strong>Pojemno\u015b\u0107: 100 kapsu\u0142ek<\/strong><\/p>\n<\/div>\n<\/div>","protected":false},"featured_media":5654,"template":"","meta":{"ocean_post_layout":"","ocean_both_sidebars_style":"","ocean_both_sidebars_content_width":0,"ocean_both_sidebars_sidebars_width":0,"ocean_sidebar":"0","ocean_second_sidebar":"0","ocean_disable_margins":"enable","ocean_add_body_class":"","ocean_shortcode_before_top_bar":"","ocean_shortcode_after_top_bar":"","ocean_shortcode_before_header":"","ocean_shortcode_after_header":"","ocean_has_shortcode":"","ocean_shortcode_after_title":"","ocean_shortcode_before_footer_widgets":"","ocean_shortcode_after_footer_widgets":"","ocean_shortcode_before_footer_bottom":"","ocean_shortcode_after_footer_bottom":"","ocean_display_top_bar":"default","ocean_display_header":"default","ocean_header_style":"","ocean_center_header_left_menu":"0","ocean_custom_header_template":"0","ocean_custom_logo":0,"ocean_custom_retina_logo":0,"ocean_custom_logo_max_width":0,"ocean_custom_logo_tablet_max_width":0,"ocean_custom_logo_mobile_max_width":0,"ocean_custom_logo_max_height":0,"ocean_custom_logo_tablet_max_height":0,"ocean_custom_logo_mobile_max_height":0,"ocean_header_custom_menu":"0","ocean_menu_typo_font_family":"0","ocean_menu_typo_font_subset":"","ocean_menu_typo_font_size":0,"ocean_menu_typo_font_size_tablet":0,"ocean_menu_typo_font_size_mobile":0,"ocean_menu_typo_font_size_unit":"px","ocean_menu_typo_font_weight":"","ocean_menu_typo_font_weight_tablet":"","ocean_menu_typo_font_weight_mobile":"","ocean_menu_typo_transform":"","ocean_menu_typo_transform_tablet":"","ocean_menu_typo_transform_mobile":"","ocean_menu_typo_line_height":0,"ocean_menu_typo_line_height_tablet":0,"ocean_menu_typo_line_height_mobile":0,"ocean_menu_typo_line_height_unit":"","ocean_menu_typo_spacing":0,"ocean_menu_typo_spacing_tablet":0,"ocean_menu_typo_spacing_mobile":0,"ocean_menu_typo_spacing_unit":"","ocean_menu_link_color":"","ocean_menu_link_color_hover":"","ocean_menu_link_color_active":"","ocean_menu_link_background":"","ocean_menu_link_hover_background":"","ocean_menu_link_active_background":"","ocean_menu_social_links_bg":"","ocean_menu_social_hover_links_bg":"","ocean_menu_social_links_color":"","ocean_menu_social_hover_links_color":"","ocean_disable_title":"default","ocean_disable_heading":"default","ocean_post_title":"","ocean_post_subheading":"","ocean_post_title_style":"","ocean_post_title_background_color":"","ocean_post_title_background":0,"ocean_post_title_bg_image_position":"","ocean_post_title_bg_image_attachment":"","ocean_post_title_bg_image_repeat":"","ocean_post_title_bg_image_size":"","ocean_post_title_height":0,"ocean_post_title_bg_overlay":0.5,"ocean_post_title_bg_overlay_color":"","ocean_disable_breadcrumbs":"default","ocean_breadcrumbs_color":"","ocean_breadcrumbs_separator_color":"","ocean_breadcrumbs_links_color":"","ocean_breadcrumbs_links_hover_color":"","ocean_display_footer_widgets":"default","ocean_display_footer_bottom":"default","ocean_custom_footer_template":"0"},"product_brand":[],"product_cat":[79,22],"product_tag":[],"class_list":{"0":"post-5653","1":"product","2":"type-product","3":"status-publish","4":"has-post-thumbnail","6":"product_cat-biowen","7":"product_cat-suplementy-i-witaminy","9":"entry","10":"has-media","12":"first","13":"instock","14":"shipping-taxable","15":"purchasable","16":"product-type-simple","17":"has-product-nav","18":"col","19":"span_1_of_3","20":"owp-content-left","21":"owp-thumbs-layout-horizontal","22":"owp-btn-normal","23":"owp-tabs-layout-horizontal","24":"has-no-thumbnails"},"_links":{"self":[{"href":"https:\/\/ecocorner.eu\/en\/wp-json\/wp\/v2\/product\/5653","targetHints":{"allow":["GET"]}}],"collection":[{"href":"https:\/\/ecocorner.eu\/en\/wp-json\/wp\/v2\/product"}],"about":[{"href":"https:\/\/ecocorner.eu\/en\/wp-json\/wp\/v2\/types\/product"}],"version-history":[{"count":1,"href":"https:\/\/ecocorner.eu\/en\/wp-json\/wp\/v2\/product\/5653\/revisions"}],"predecessor-version":[{"id":5655,"href":"https:\/\/ecocorner.eu\/en\/wp-json\/wp\/v2\/product\/5653\/revisions\/5655"}],"wp:featuredmedia":[{"embeddable":true,"href":"https:\/\/ecocorner.eu\/en\/wp-json\/wp\/v2\/media\/5654"}],"wp:attachment":[{"href":"https:\/\/ecocorner.eu\/en\/wp-json\/wp\/v2\/media?parent=5653"}],"wp:term":[{"taxonomy":"product_brand","embeddable":true,"href":"https:\/\/ecocorner.eu\/en\/wp-json\/wp\/v2\/product_brand?post=5653"},{"taxonomy":"product_cat","embeddable":true,"href":"https:\/\/ecocorner.eu\/en\/wp-json\/wp\/v2\/product_cat?post=5653"},{"taxonomy":"product_tag","embeddable":true,"href":"https:\/\/ecocorner.eu\/en\/wp-json\/wp\/v2\/product_tag?post=5653"}],"curies":[{"name":"wp","href":"https:\/\/api.w.org\/{rel}","templated":true}]}}