{"id":5665,"date":"2024-07-08T21:17:14","date_gmt":"2024-07-08T21:17:14","guid":{"rendered":"https:\/\/ecocorner.eu\/?post_type=product&#038;p=5665"},"modified":"2025-12-11T21:41:30","modified_gmt":"2025-12-11T21:41:30","slug":"mokosh-olej-arganowy-do-paznokci-12-ml","status":"publish","type":"product","link":"https:\/\/ecocorner.eu\/en\/product\/mokosh-olej-arganowy-do-paznokci-12-ml\/","title":{"rendered":"MOKOSH  Olej arganowy do paznokci 12 ml"},"content":{"rendered":"<p><strong>Application:<\/strong><\/p>\n<ul>\n<li>Niewielk\u0105 ilo\u015b\u0107 oleju arganowego aplikuj p\u0119dzelkiem na paznokcie i sk\u00f3rki. Pozostaw do wch\u0142oni\u0119cia lub wmasuj. Stosuj kilka razy dziennie.<\/li>\n<\/ul>\n<p>Olej jest kosmetykiem <strong>wega\u0144skim<\/strong>.<br \/>\nOlej nie zawiera sk\u0142adnik\u00f3w z przeciwwskazaniami dla kobiet w ci\u0105\u017cy.<\/p>\n<p>Ingredients (INCI): Argania Spinosa Kernel Oil\u2022<\/p>\n<p>\u2022 Certyfikowany surowiec organiczny<\/p>\n<p><img decoding=\"async\" src=\"https:\/\/mokosh.pl\/userdata\/public\/assets\/\/6m.jpg\" alt=\"\" width=\"400\" height=\"100\" \/><\/p>","protected":false},"excerpt":{"rendered":"<p>100 % Olej arganowy uzyskiwany jest ze \u015bwie\u017cych nasion arganii. Olej ten, nazywany \u201ep\u0142ynnym z\u0142otem\u201d, sk\u0142ada si\u0119 z nienasyconych kwas\u00f3w t\u0142uszczowych, g\u0142\u00f3wnie z kwasu oleinowego i linolowego. Posiada niespotykanie wysok\u0105 liczb\u0119 naturalnych antyoksydant\u00f3w, chroni\u0105cych nasz organizm przed wolnymi rodnikami. Zawiera tak\u017ce liczne zwi\u0105zki o dzia\u0142aniu regeneracyjnym i ochronnym. Z powodzeniem jest stosowany przy \u0142amliwo\u015bci paznokci i sucho\u015bci sk\u00f3rek.<\/p>\n<p>&nbsp;<\/p>\n<p>Active Ingredients:<\/p>\n<ul>\n<li>Karotenoidy<\/li>\n<li>Polyphenols<\/li>\n<li>Skwalen<\/li>\n<li>Fitosterole<\/li>\n<li>Vitamin E<\/li>\n<\/ul>\n<p><strong>Action:<\/strong><\/p>\n<ul>\n<li>Wzmacnia paznokcie<\/li>\n<li>Uszczelnia barier\u0119 lipidow\u0105 sk\u00f3ry<\/li>\n<li>Nawil\u017ca i poprawia elastyczno\u015b\u0107 sk\u00f3ry<\/li>\n<li>Chroni przed szkodliwym dzia\u0142aniem wolnych rodnik\u00f3w<\/li>\n<\/ul>","protected":false},"featured_media":5666,"template":"","meta":{"ocean_post_layout":"","ocean_both_sidebars_style":"","ocean_both_sidebars_content_width":0,"ocean_both_sidebars_sidebars_width":0,"ocean_sidebar":"0","ocean_second_sidebar":"0","ocean_disable_margins":"enable","ocean_add_body_class":"","ocean_shortcode_before_top_bar":"","ocean_shortcode_after_top_bar":"","ocean_shortcode_before_header":"","ocean_shortcode_after_header":"","ocean_has_shortcode":"","ocean_shortcode_after_title":"","ocean_shortcode_before_footer_widgets":"","ocean_shortcode_after_footer_widgets":"","ocean_shortcode_before_footer_bottom":"","ocean_shortcode_after_footer_bottom":"","ocean_display_top_bar":"default","ocean_display_header":"default","ocean_header_style":"","ocean_center_header_left_menu":"0","ocean_custom_header_template":"0","ocean_custom_logo":0,"ocean_custom_retina_logo":0,"ocean_custom_logo_max_width":0,"ocean_custom_logo_tablet_max_width":0,"ocean_custom_logo_mobile_max_width":0,"ocean_custom_logo_max_height":0,"ocean_custom_logo_tablet_max_height":0,"ocean_custom_logo_mobile_max_height":0,"ocean_header_custom_menu":"0","ocean_menu_typo_font_family":"0","ocean_menu_typo_font_subset":"","ocean_menu_typo_font_size":0,"ocean_menu_typo_font_size_tablet":0,"ocean_menu_typo_font_size_mobile":0,"ocean_menu_typo_font_size_unit":"px","ocean_menu_typo_font_weight":"","ocean_menu_typo_font_weight_tablet":"","ocean_menu_typo_font_weight_mobile":"","ocean_menu_typo_transform":"","ocean_menu_typo_transform_tablet":"","ocean_menu_typo_transform_mobile":"","ocean_menu_typo_line_height":0,"ocean_menu_typo_line_height_tablet":0,"ocean_menu_typo_line_height_mobile":0,"ocean_menu_typo_line_height_unit":"","ocean_menu_typo_spacing":0,"ocean_menu_typo_spacing_tablet":0,"ocean_menu_typo_spacing_mobile":0,"ocean_menu_typo_spacing_unit":"","ocean_menu_link_color":"","ocean_menu_link_color_hover":"","ocean_menu_link_color_active":"","ocean_menu_link_background":"","ocean_menu_link_hover_background":"","ocean_menu_link_active_background":"","ocean_menu_social_links_bg":"","ocean_menu_social_hover_links_bg":"","ocean_menu_social_links_color":"","ocean_menu_social_hover_links_color":"","ocean_disable_title":"default","ocean_disable_heading":"default","ocean_post_title":"","ocean_post_subheading":"","ocean_post_title_style":"","ocean_post_title_background_color":"","ocean_post_title_background":0,"ocean_post_title_bg_image_position":"","ocean_post_title_bg_image_attachment":"","ocean_post_title_bg_image_repeat":"","ocean_post_title_bg_image_size":"","ocean_post_title_height":0,"ocean_post_title_bg_overlay":0.5,"ocean_post_title_bg_overlay_color":"","ocean_disable_breadcrumbs":"default","ocean_breadcrumbs_color":"","ocean_breadcrumbs_separator_color":"","ocean_breadcrumbs_links_color":"","ocean_breadcrumbs_links_hover_color":"","ocean_display_footer_widgets":"default","ocean_display_footer_bottom":"default","ocean_custom_footer_template":"0"},"product_brand":[],"product_cat":[32,81],"product_tag":[],"class_list":{"0":"post-5665","1":"product","2":"type-product","3":"status-publish","4":"has-post-thumbnail","6":"product_cat-dlonie-i-stopy","7":"product_cat-mokosh","9":"entry","10":"has-media","12":"first","13":"outofstock","14":"shipping-taxable","15":"purchasable","16":"product-type-simple","17":"has-product-nav","18":"col","19":"span_1_of_3","20":"owp-content-left","21":"owp-thumbs-layout-horizontal","22":"owp-btn-normal","23":"owp-tabs-layout-horizontal","24":"has-no-thumbnails"},"_links":{"self":[{"href":"https:\/\/ecocorner.eu\/en\/wp-json\/wp\/v2\/product\/5665","targetHints":{"allow":["GET"]}}],"collection":[{"href":"https:\/\/ecocorner.eu\/en\/wp-json\/wp\/v2\/product"}],"about":[{"href":"https:\/\/ecocorner.eu\/en\/wp-json\/wp\/v2\/types\/product"}],"version-history":[{"count":4,"href":"https:\/\/ecocorner.eu\/en\/wp-json\/wp\/v2\/product\/5665\/revisions"}],"predecessor-version":[{"id":8169,"href":"https:\/\/ecocorner.eu\/en\/wp-json\/wp\/v2\/product\/5665\/revisions\/8169"}],"wp:featuredmedia":[{"embeddable":true,"href":"https:\/\/ecocorner.eu\/en\/wp-json\/wp\/v2\/media\/5666"}],"wp:attachment":[{"href":"https:\/\/ecocorner.eu\/en\/wp-json\/wp\/v2\/media?parent=5665"}],"wp:term":[{"taxonomy":"product_brand","embeddable":true,"href":"https:\/\/ecocorner.eu\/en\/wp-json\/wp\/v2\/product_brand?post=5665"},{"taxonomy":"product_cat","embeddable":true,"href":"https:\/\/ecocorner.eu\/en\/wp-json\/wp\/v2\/product_cat?post=5665"},{"taxonomy":"product_tag","embeddable":true,"href":"https:\/\/ecocorner.eu\/en\/wp-json\/wp\/v2\/product_tag?post=5665"}],"curies":[{"name":"wp","href":"https:\/\/api.w.org\/{rel}","templated":true}]}}