{"id":5672,"date":"2024-07-08T21:21:53","date_gmt":"2024-07-08T21:21:53","guid":{"rendered":"https:\/\/ecocorner.eu\/?post_type=product&#038;p=5672"},"modified":"2025-08-28T10:00:42","modified_gmt":"2025-08-28T10:00:42","slug":"mokosh-liposomowe-serum-pod-oczy-ogorek-12-ml","status":"publish","type":"product","link":"https:\/\/ecocorner.eu\/en\/product\/mokosh-liposomowe-serum-pod-oczy-ogorek-12-ml\/","title":{"rendered":"MOKOSH    Liposomowe serum do twarzy i  pod oczy   Og\u00f3rek   12 ml"},"content":{"rendered":"<p>Ingredients (INCI): Argania Spinosa Kernel Oil, Cucumis Sativus (Cucumber) Seed Oil, Squalane\u2022, Caprylic\/Capric Trigliceride, Glycerin\u2022, Sodium Hyaluronate, Glucosyl Ceramide, Opuntia Ficus-Indica Fruit Extract, Tocopherol, Simmondsia Chinensis (Jojoba) Seed Oil, Carthamus Tinctorius (Safflower) Seed Oil, Helianthus Annuus (Sunflower) Seed Oil, Pentylene Glycol\u2022\u2022, Parfum<\/p>\n<ul>\n<li>Surowiec pochodzenia ro\u015blinnego<\/li>\n<li>\u2022 Zatwierdzony przez organizacje certyfikuj\u0105ce naturalne kosmetyki<\/li>\n<\/ul>\n<figure><img decoding=\"async\" src=\"https:\/\/mokosh.pl\/userdata\/public\/upload\/etycza-6.jpg\" alt=\"\" data-image=\"9a13605e-ae27-446c-993a-6680fb7001b6\" \/><img decoding=\"async\" src=\"https:\/\/mokosh.pl\/userdata\/public\/assets\/\/1498.jpg\" alt=\"\" width=\"87\" height=\"93\" \/><\/figure>","protected":false},"excerpt":{"rendered":"<p>Serum stworzone z niskocz\u0105steczkowego kwasu hialuronowego, ceramid\u00f3w i skwalanu zamkni\u0119tych w strukturach liposom\u00f3w podobnych do budowy membran kom\u00f3rkowych umo\u017cliwia skuteczn\u0105 penetracj\u0119 delikatnej sk\u00f3ry wok\u00f3\u0142 oczu. Liposomy w sk\u00f3rze ulegaj\u0105 rozpadowi i stopniowo uwalniaj\u0105 kwas hialuronowy, kt\u00f3ry p\u0119cznieje i wypycha zmarszczki sk\u00f3ry. Ceramidy i skwalan skutecznie uzupe\u0142niaj\u0105 niedobory lipid\u00f3w w warstwie rogowej nask\u00f3rka. Naturalne oleje ro\u015blinne \u2013 arganowy, jojoba, z krokosza \u2013 silnie nawil\u017caj\u0105 i regeneruj\u0105 sk\u00f3r\u0119. Olej z pestek og\u00f3rka ma dzia\u0142anie przeciwzapalne i wyg\u0142adzaj\u0105ce, a macerat z opuncji figowej rewitalizuje sk\u00f3r\u0119, \u0142agodzi podra\u017cnienia i poprawia struktur\u0119 p\u0142aszcza hydrolipidowego. Serum charakteryzuje si\u0119 \u015bwie\u017cym zapachem og\u00f3rka.<\/p>\n<h2>Liposomowe serum pod oczy Og\u00f3rek \u2013 zastosowanie<\/h2>\n<p>Zaleca si\u0119 stosowanie serum minimum raz dziennie wieczorem, po umyciu sk\u00f3ry. Nale\u017cy wmasowa\u0107 serum okr\u0119\u017cnymi ruchami w sk\u00f3r\u0119 wok\u00f3\u0142 oczu, wykonuj\u0105c przy tym delikatny masa\u017c.<\/p>\n<p>Uwaga: Przed pierwszym u\u017cyciem serum nale\u017cy wykona\u0107 test na sk\u00f3rze, aby wykluczy\u0107 alergi\u0119 na jakikolwiek jego sk\u0142adnik.<\/p>\n<h2>Jak dzia\u0142a nasze serum pod oczy na zmarszczki?<\/h2>\n<p>Je\u015bli szukasz produktu, kt\u00f3ry \u015bwietnie wyg\u0142adzi Twoj\u0105 cer\u0119 w czasie, gdy Ty b\u0119dziesz spa\u0107, dobrze trafi\u0142a\u015b! Nasze <strong>liposomowe serum pod oczy <\/strong>to kosmetyk o silniejszym dzia\u0142aniu ni\u017c standardowe kremy na noc. Jego regularne stosowanie sprawi, \u017ce nie b\u0119dziesz d\u0142ugo czeka\u0107 na efekty.<\/p>\n<p><strong>Serum pod oczy<\/strong> Mokosh polecamy mi\u0119dzy innymi klientkom zmagaj\u0105cym si\u0119 z pierwszymi oznakami starzenia si\u0119 sk\u00f3ry lub kt\u00f3rych cera wymagaj\u0105c\u0105 gruntownego od\u017cywienia i nawil\u017cenia. Bogactwo olej\u00f3w ro\u015blinnych i kwasu hialuronowego sprawi, \u017ce Twoja twarz b\u0119dzie g\u0142adka w dotyku, przyjemnie aksamitna, a kurze \u0142apki czy worki pod oczami stan\u0105 si\u0119 mniej widoczne. Ponadto Twoje spojrzenie wyda si\u0119 ja\u015bniejsze <strong>Liposomowe serum pod oczy<\/strong> to doskona\u0142y wyb\u00f3r na ka\u017cd\u0105 por\u0119 roku, jednak szczeg\u00f3lnie przyda si\u0119 w okresie jesienno-zimowym. Dzi\u0119ki niemu zapobiegniesz przesuszeniu wynikaj\u0105cemu z kontaktu z suchym i mro\u017anym powietrzem.<\/p>","protected":false},"featured_media":5673,"template":"","meta":{"ocean_post_layout":"","ocean_both_sidebars_style":"","ocean_both_sidebars_content_width":0,"ocean_both_sidebars_sidebars_width":0,"ocean_sidebar":"0","ocean_second_sidebar":"0","ocean_disable_margins":"enable","ocean_add_body_class":"","ocean_shortcode_before_top_bar":"","ocean_shortcode_after_top_bar":"","ocean_shortcode_before_header":"","ocean_shortcode_after_header":"","ocean_has_shortcode":"","ocean_shortcode_after_title":"","ocean_shortcode_before_footer_widgets":"","ocean_shortcode_after_footer_widgets":"","ocean_shortcode_before_footer_bottom":"","ocean_shortcode_after_footer_bottom":"","ocean_display_top_bar":"default","ocean_display_header":"default","ocean_header_style":"","ocean_center_header_left_menu":"0","ocean_custom_header_template":"0","ocean_custom_logo":0,"ocean_custom_retina_logo":0,"ocean_custom_logo_max_width":0,"ocean_custom_logo_tablet_max_width":0,"ocean_custom_logo_mobile_max_width":0,"ocean_custom_logo_max_height":0,"ocean_custom_logo_tablet_max_height":0,"ocean_custom_logo_mobile_max_height":0,"ocean_header_custom_menu":"0","ocean_menu_typo_font_family":"0","ocean_menu_typo_font_subset":"","ocean_menu_typo_font_size":0,"ocean_menu_typo_font_size_tablet":0,"ocean_menu_typo_font_size_mobile":0,"ocean_menu_typo_font_size_unit":"px","ocean_menu_typo_font_weight":"","ocean_menu_typo_font_weight_tablet":"","ocean_menu_typo_font_weight_mobile":"","ocean_menu_typo_transform":"","ocean_menu_typo_transform_tablet":"","ocean_menu_typo_transform_mobile":"","ocean_menu_typo_line_height":0,"ocean_menu_typo_line_height_tablet":0,"ocean_menu_typo_line_height_mobile":0,"ocean_menu_typo_line_height_unit":"","ocean_menu_typo_spacing":0,"ocean_menu_typo_spacing_tablet":0,"ocean_menu_typo_spacing_mobile":0,"ocean_menu_typo_spacing_unit":"","ocean_menu_link_color":"","ocean_menu_link_color_hover":"","ocean_menu_link_color_active":"","ocean_menu_link_background":"","ocean_menu_link_hover_background":"","ocean_menu_link_active_background":"","ocean_menu_social_links_bg":"","ocean_menu_social_hover_links_bg":"","ocean_menu_social_links_color":"","ocean_menu_social_hover_links_color":"","ocean_disable_title":"default","ocean_disable_heading":"default","ocean_post_title":"","ocean_post_subheading":"","ocean_post_title_style":"","ocean_post_title_background_color":"","ocean_post_title_background":0,"ocean_post_title_bg_image_position":"","ocean_post_title_bg_image_attachment":"","ocean_post_title_bg_image_repeat":"","ocean_post_title_bg_image_size":"","ocean_post_title_height":0,"ocean_post_title_bg_overlay":0.5,"ocean_post_title_bg_overlay_color":"","ocean_disable_breadcrumbs":"default","ocean_breadcrumbs_color":"","ocean_breadcrumbs_separator_color":"","ocean_breadcrumbs_links_color":"","ocean_breadcrumbs_links_hover_color":"","ocean_display_footer_widgets":"default","ocean_display_footer_bottom":"default","ocean_custom_footer_template":"0"},"product_brand":[],"product_cat":[81,29],"product_tag":[],"class_list":{"0":"post-5672","1":"product","2":"type-product","3":"status-publish","4":"has-post-thumbnail","6":"product_cat-mokosh","7":"product_cat-oczy","9":"entry","10":"has-media","12":"first","13":"outofstock","14":"shipping-taxable","15":"purchasable","16":"product-type-simple","17":"has-product-nav","18":"col","19":"span_1_of_3","20":"owp-content-left","21":"owp-thumbs-layout-horizontal","22":"owp-btn-normal","23":"owp-tabs-layout-horizontal"},"_links":{"self":[{"href":"https:\/\/ecocorner.eu\/en\/wp-json\/wp\/v2\/product\/5672","targetHints":{"allow":["GET"]}}],"collection":[{"href":"https:\/\/ecocorner.eu\/en\/wp-json\/wp\/v2\/product"}],"about":[{"href":"https:\/\/ecocorner.eu\/en\/wp-json\/wp\/v2\/types\/product"}],"version-history":[{"count":2,"href":"https:\/\/ecocorner.eu\/en\/wp-json\/wp\/v2\/product\/5672\/revisions"}],"predecessor-version":[{"id":6521,"href":"https:\/\/ecocorner.eu\/en\/wp-json\/wp\/v2\/product\/5672\/revisions\/6521"}],"wp:featuredmedia":[{"embeddable":true,"href":"https:\/\/ecocorner.eu\/en\/wp-json\/wp\/v2\/media\/5673"}],"wp:attachment":[{"href":"https:\/\/ecocorner.eu\/en\/wp-json\/wp\/v2\/media?parent=5672"}],"wp:term":[{"taxonomy":"product_brand","embeddable":true,"href":"https:\/\/ecocorner.eu\/en\/wp-json\/wp\/v2\/product_brand?post=5672"},{"taxonomy":"product_cat","embeddable":true,"href":"https:\/\/ecocorner.eu\/en\/wp-json\/wp\/v2\/product_cat?post=5672"},{"taxonomy":"product_tag","embeddable":true,"href":"https:\/\/ecocorner.eu\/en\/wp-json\/wp\/v2\/product_tag?post=5672"}],"curies":[{"name":"wp","href":"https:\/\/api.w.org\/{rel}","templated":true}]}}