{"id":5676,"date":"2024-07-08T21:37:38","date_gmt":"2024-07-08T21:37:38","guid":{"rendered":"https:\/\/ecocorner.eu\/?post_type=product&#038;p=5676"},"modified":"2026-03-13T21:44:51","modified_gmt":"2026-03-13T21:44:51","slug":"best-lab-best-collagen-msm-30-saszetek","status":"publish","type":"product","link":"https:\/\/ecocorner.eu\/en\/product\/best-lab-best-collagen-msm-30-saszetek\/","title":{"rendered":"Best Lab   Best Collagen Kolagen   + MSM   30 saszetek"},"content":{"rendered":"<div class=\"row mt-3\">\n<div class=\"cel all-full\">\n<h2>Poznaj sk\u0142adniki aktywne suplementu BestCollagen:<\/h2>\n<\/div>\n<div class=\"cel all-full\">\n<div class=\"row mt-1 mb-2\">\n<div class=\"cel sm-4 md-2 lg-4\"><\/div>\n<div class=\"cel sm-4 md-4 lg-8\">\n<h3>Peptydy kolagenowe ze sk\u00f3r dziko po\u0142awianych dorszy<\/h3>\n<p>Kolagen jest naturalnym sk\u0142adnikiem organizmu, kt\u00f3ry pomaga utrzymuje swoj\u0105 si\u0142\u0119 i elastyczno\u015b\u0107 tkanki \u0142\u0105cznej. Poziom w\u0142asnego kolagenu w organizmie zaczyna stopniowo spada\u0107 po przekroczeniu 25 roku \u017cycia, co skutkuje mniejsz\u0105 elastyczno\u015bci\u0105 sk\u00f3ry oraz wi\u0119ksz\u0105 podatno\u015bci\u0105 na kontuzje. W BestCollagen zawarto peptydy kolagenowe od dziko po\u0142awianych dorszy z krystalicznie czystych w\u00f3d p\u00f3\u0142nocnego Atlantyku, w zgodzie z polityk\u0105 zr\u00f3wnowa\u017conego rybo\u0142\u00f3wstwa.<\/p>\n<\/div>\n<\/div>\n<div class=\"row mt-1 mb-2\">\n<div class=\"cel sm-4 md-2 lg-4\"><\/div>\n<div class=\"cel sm-4 md-4 lg-8\">\n<h3>Ekstrakt z owoc\u00f3w rokitnika zwyczajnego<\/h3>\n<p>Rokitnik zwyczajny jest ro\u015blin\u0105, kt\u00f3r\u0105 wyr\u00f3\u017cnia bogactwo sk\u0142adnik\u00f3w biologicznie aktywnych zgromadzonych w owocach, korze, korzeniach, li\u015bciach i kwiatach. Wszystkie wymienione cz\u0119\u015bci morfologiczne wykorzystywane s\u0105 przez przemys\u0142 farmaceutyczny, spo\u017cywczy i kosmetyczny. Najwi\u0119ksze zastosowanie i uznanie znajduj\u0105 owoce. Ocenia si\u0119, \u017ce w tej niewielkiej jagodzie znajduje si\u0119 ponad 190 r\u00f3\u017cnorodnych zwi\u0105zk\u00f3w biologicznie aktywnych, wspomagaj\u0105cych leczenie wielu chor\u00f3b, np. zwi\u0105zanych z uk\u0142adem kr\u0105\u017cenia, uk\u0142adem moczowym, cukrzyc\u0105. Substancje obecne w owocach rokitnika bior\u0105 udzia\u0142 w uszczelnieniu b\u0142on kom\u00f3rkowych, a tak\u017ce w regulacji poziomu cukru we krwi.<\/p>\n<\/div>\n<\/div>\n<div class=\"row mt-1 mb-2\">\n<div class=\"cel sm-4 md-2 lg-4\"><\/div>\n<div class=\"cel sm-4 md-4 lg-8\">\n<h3>Ekstrakt z owoc\u00f3w dzikiej r\u00f3\u017cy<\/h3>\n<p>Dzika r\u00f3\u017ca to krzew lub niskie drzewo, kt\u00f3re mo\u017cna znale\u017a\u0107 w Europie, Azji i Ameryce P\u00f3\u0142nocnej. Jego li\u015bcie s\u0105 szerokie i mi\u0119siste, a kwiaty s\u0105 \u017c\u00f3\u0142te, r\u00f3\u017cowe lub bia\u0142e, zazwyczaj ze wspania\u0142ymi, czerwonymi szypu\u0142kami. Kwiaty te kwitn\u0105 od czerwca do sierpnia, a owoce, zwane owocami dzikiej r\u00f3\u017cy, s\u0105 jadalne. Dzika r\u00f3\u017ca jest cz\u0119sto wykorzystywana w zielarstwie, a jej li\u015bcie, kwiaty i owoce s\u0105 stosowane w leczeniu wielu chor\u00f3b.<\/p>\n<\/div>\n<\/div>\n<div class=\"row mt-1 mb-2\">\n<div class=\"cel sm-4 md-2 lg-4\"><\/div>\n<div class=\"cel sm-4 md-4 lg-8\">\n<h3>MSM (metylosulfonylometan)<\/h3>\n<p>MSM to inaczej metylosulfonylometan, siarka organiczna. Jest to zwi\u0105zek aktywny biologicznie o wysokim stopniu wch\u0142aniania. Siarka organiczna jest dobrze rozpuszczalna w wodzie i wykazuje wiele w\u0142a\u015bciwo\u015bci zdrowotnych. Jej dzia\u0142anie przyniesie efekt r\u00f3wne dobry u os\u00f3b podejmuj\u0105cych trudy codziennej pracy i obowi\u0105zk\u00f3w rodzinnych oraz entuzja\u015bci sport\u00f3w i r\u00f3\u017cnego rodzaju aktywno\u015bci fizycznej. Siarka w tej formie jest dosy\u0107 powszechnie wyst\u0119puj\u0105cym zwi\u0105zkiem w \u017cywno\u015bci, jednak\u017ce ci, kt\u00f3rzy cierpi\u0105 na r\u00f3\u017cnego rodzaju przypad\u0142o\u015bci, mog\u0105 wspom\u00f3c sw\u00f3j organizm postaci\u0105 suplementacyjn\u0105 MSM.<\/p>\n<\/div>\n<\/div>\n<div class=\"row mt-1 mb-2\">\n<div class=\"cel sm-4 md-2 lg-4\"><\/div>\n<div class=\"cel sm-4 md-4 lg-8\">\n<h3>Koncentrat soku buraczanego<\/h3>\n<p>Sok z buraka pozyskuje si\u0119 z surowego lub kiszonego warzywa. Dzi\u0119ki wysokiej zawarto\u015bci azotan\u00f3w cz\u0119sto jest polecany jako nap\u00f3j poprawiaj\u0105cy wydolno\u015b\u0107 sportowc\u00f3w, a tak\u017ce nadaje pi\u0119kn\u0105, intensywn\u0105 barw\u0119.<\/p>\n<\/div>\n<\/div>\n<div class=\"row mt-1 mb-2\">\n<div class=\"cel sm-4 md-2 lg-4\"><\/div>\n<div class=\"cel sm-4 md-4 lg-8\">\n<h3>Vitamin E<\/h3>\n<p>Witamina E nale\u017cy do silnych antyoksydant\u00f3w. Hamuje utlenianie t\u0142uszcz\u00f3w, obecnych zar\u00f3wno w b\u0142onach kom\u00f3rkowych, jak i we krwi. W rezultacie obni\u017ca poziom lipoproteiny LDL i zapobiega powstawaniu blaszki mia\u017cd\u017cycowej. Jest ona tak\u017ce cenna dla zdrowia naszej tkanki \u0142\u0105cznej, a zatem sk\u00f3ry, w\u0142os\u00f3w i paznokci.<\/p>\n<\/div>\n<\/div>\n<div class=\"row mt-1 mb-2\">\n<div class=\"cel sm-4 md-2 lg-4\"><\/div>\n<div class=\"cel sm-4 md-4 lg-8\">\n<h3>Witamina\u00a0A<\/h3>\n<p>Witamina A jest jedn\u0105 z substancji niezb\u0119dnych dla odpowiedniego funkcjonowania organizmu cz\u0142owieka \u2013 wp\u0142ywa na proces widzenia, wzmacnia uk\u0142ad immunologiczny, mo\u017ce zapobiega\u0107 rozwojowi nowotwor\u00f3w, bierze udzia\u0142 w procesie produkcji czerwonych krwinek, a przy tym utrzymuje prawid\u0142owy stan sk\u00f3ry, w\u0142os\u00f3w i paznokci.<\/p>\n<\/div>\n<p>Application:<\/p>\n<div id=\"user_dawkowanie\" class=\"tabcontent\">\n<p><strong>Recommended consumption:<\/strong>\u00a08,4 g (jedna saszetka) rozpu\u015bci\u0107 w min. 200 ml wody i wypi\u0107. Stosowa\u0107 po posi\u0142ku.<\/p>\n<p><strong>Keeping:<\/strong> w temperaturze pokojowej, w suchym miejscu, w spos\u00f3b niedost\u0119pny dla ma\u0142ych dzieci. Chroni\u0107 od wilgoci i \u015bwiat\u0142a.<\/p>\n<p><strong>Security measures:<\/strong> nie nale\u017cy przekracza\u0107 zalecanej porcji do spo\u017cycia w ci\u0105gu dnia. Zr\u00f3wnowa\u017cony spos\u00f3b \u017cywienia i prawid\u0142owy tryb \u017cycia jest wa\u017cny dla funkcjonowania organizmu cz\u0142owieka. Suplement diety nie mo\u017ce by\u0107 stosowany jako substytut (zamiennik) zr\u00f3\u017cnicowanej diety. Nie stosowa\u0107 w przypadku nadwra\u017cliwo\u015bci na kt\u00f3rykolwiek ze sk\u0142adnik\u00f3w. Kobiety w ci\u0105\u017cy oraz matki karmi\u0105ce przed zastosowaniem produktu powinny skonsultowa\u0107 si\u0119 z lekarzem.<\/p>\n<table>\n<tbody>\n<tr>\n<td>Active Ingredients:<\/td>\n<td>Zawarto\u015b\u0107 w zalecanej dziennej porcji (8,4 g):<\/td>\n<\/tr>\n<tr>\n<td>Peptydy kolagenowe ze sk\u00f3r dziko \u0142owionych dorszy<\/td>\n<td>5000 mg<\/td>\n<\/tr>\n<tr>\n<td>Ekstrakt z owoc\u00f3w rokitnika zwyczajnego 10:1, w tym:<br \/>\nVitamin C<\/td>\n<td>1000 mg<br \/>\n70 mg (88%)*<\/td>\n<\/tr>\n<tr>\n<td>Ekstrakt z owoc\u00f3w dzikiej r\u00f3\u017cy 20:1, w tym:<br \/>\nVitamin C<\/td>\n<td>500 mg<br \/>\n250 mg (313%)*<\/td>\n<\/tr>\n<tr>\n<td>MSM<\/td>\n<td>500 mg<\/td>\n<\/tr>\n<tr>\n<td>Koncentrat soku buraczanego<\/td>\n<td>300 mg<\/td>\n<\/tr>\n<tr>\n<td>Vitamin E<\/td>\n<td>40 mg (333%)*<\/td>\n<\/tr>\n<tr>\n<td>Vitamin A<\/td>\n<td>400 \u03bcg (50%)*<\/td>\n<\/tr>\n<\/tbody>\n<\/table>\n<div dir=\"ltr\">\u00a0* Referencyjna Warto\u015b\u0107 Spo\u017cycia<\/div>\n<div dir=\"ltr\">\n<p><em><strong>Zawarto\u015b\u0107 opakowania: <\/strong>30 Saszetek \u00d7 8,4 g<\/em><\/p>\n<\/div>\n<p><em><strong>Ingredients:<\/strong>\u00a0Hydrolizowane peptydy kolagenowe ze sk\u00f3r dziko \u0142owionych dorszy, Ekstrakt z owoc\u00f3w rokitnika zwyczajnego standaryzowany na 7% Witaminy C, Ekstrakt z owoc\u00f3w dzikiej r\u00f3\u017cy standaryzowany na 50% Witaminy C, Metylosulfonylometan (MSM), aromaty naturalne, Koncentrat soku buraczanego, Mieszanina tokoferoli (Witamina E), Palmitynian retinylu (Witamina A). <\/em><\/p>\n<\/div>\n<\/div>\n<\/div>\n<\/div>","protected":false},"excerpt":{"rendered":"<div class=\"row bg-lightgray mt-3 all-justify-center\">\n<div class=\"cel sm-4 md-5 lg-10 pt-5 pb-5 pl-3 pr-3\">\n<h2 class=\"textjustify\">BestCollagen to suplement diety,\u00a0kt\u00f3ry \u0142\u0105czy\u00a0pi\u0119\u0107 sk\u0142adnik\u00f3w wspieraj\u0105cych zdrowie i odbudow\u0119 tkanki \u0142\u0105cznej: peptydy kolagenowe ze sk\u00f3r dziko po\u0142awianych dorszy, witamin\u0119 C, metylosulfonylometan (MSM), oraz witamin\u0119 A i E. Dzi\u0119ki nim mo\u017cemy zapewni\u0107 optymaln\u0105 prac\u0119 tkanki \u0142\u0105cznej, czyli struktur takich jak sk\u00f3ra, w\u0142osy, paznokcie, chrz\u0105stka, a tak\u017ce naczynia krwiono\u015bne i narz\u0105dy wewn\u0119trzne.<\/h2>\n<h2 class=\"textjustify\">BestCollagen to preparat zawieraj\u0105cy unikalne po\u0142\u0105czenie substancji aktywnych biologicznie. Po\u0142\u0105czenie naturalnych, certyfikowanych ekstrakt\u00f3w o wysokich wska\u017anikach standaryzacji to gwarancja skuteczno\u015bci.<\/h2>\n<div class=\"cel-contained sm-4 sm-last md-3 lg-6 bg-lightgray\">\n<div>\n<h2>BestCollagen to suplement diety, kt\u00f3rego sk\u0142adniki dedykowane s\u0105 wsparciu zdrowia tkanki \u0142\u0105cznej.<\/h2>\n<p class=\"textjustify\">Zawiera wysok\u0105 dawk\u0119 peptyd\u00f3w kolagenu ze sk\u00f3r dziko \u0142owionych dorszy, witamin\u0119 C pozyskan\u0105 z owoc\u00f3w rokitnika i dzikiej r\u00f3\u017cy, MSM (metylosulfonylometan jako \u017ar\u00f3d\u0142o siarki organicznej) oraz witamin\u0119 A, E i koncentrat soku buraczanego. \u015awietne samopoczucie i dba\u0142o\u015b\u0107 o zdrowy wygl\u0105d w zasi\u0119gu Twojej r\u0119ki!<\/p>\n<ul>\n<li>pomaga w utrzymaniu zdrowych ko\u015bci (bia\u0142ko)<\/li>\n<li>przyczynia si\u0119 do wzrostu i utrzymania masy mi\u0119\u015bniowej (bia\u0142ko)<\/li>\n<li>pomaga w prawid\u0142owej produkcji kolagenu (witamina C)<\/li>\n<li>pomaga w ochronie kom\u00f3rek przed stresem oksydacyjnym (witamina E)<\/li>\n<li>pomaga zachowa\u0107 zdrow\u0105 sk\u00f3r\u0119 (witamina A)<\/li>\n<\/ul>\n<\/div>\n<\/div>\n<\/div>\n<\/div>\n<div class=\"row mt-3 all-justify-center\">\n<div class=\"cel sm-4 md-5 lg-12\">\n<h2>For whom:<\/h2>\n<p class=\"textjustify\">BestCollagen to suplement diety stworzony z my\u015bl\u0105 o osobach, kt\u00f3re poszukuj\u0105 sposob\u00f3w na spowolnienie proces\u00f3w starzenia tkanki \u0142\u0105cznej, dzi\u0119ki czemu mo\u017cemy zachowa\u0107 m\u0142ody wygl\u0105d i sprawno\u015b\u0107 na d\u0142u\u017cej. Kolagen jest jednym z g\u0142\u00f3wnych bia\u0142ek budulcowych organizmu. W ko\u0144cu 1\/3 bia\u0142ek naszego organizmu stanowi w\u0142a\u015bnie kolagen. Sk\u00f3ra sk\u0142ada si\u0119 z kolagenu a\u017c w 75%! Jest on najwa\u017cniejszym sk\u0142adnikiem tkanki \u0142\u0105cznej, co oznacza, \u017ce wchodzi w sk\u0142ad chrz\u0105stek, ale tak\u017ce ko\u015bci, z\u0119b\u00f3w, \u015bci\u0119gien, wi\u0119zade\u0142, sk\u00f3ry i mi\u0119\u015bni.<\/p>\n<\/div>\n<\/div>","protected":false},"featured_media":5677,"template":"","meta":{"ocean_post_layout":"","ocean_both_sidebars_style":"","ocean_both_sidebars_content_width":0,"ocean_both_sidebars_sidebars_width":0,"ocean_sidebar":"0","ocean_second_sidebar":"0","ocean_disable_margins":"enable","ocean_add_body_class":"","ocean_shortcode_before_top_bar":"","ocean_shortcode_after_top_bar":"","ocean_shortcode_before_header":"","ocean_shortcode_after_header":"","ocean_has_shortcode":"","ocean_shortcode_after_title":"","ocean_shortcode_before_footer_widgets":"","ocean_shortcode_after_footer_widgets":"","ocean_shortcode_before_footer_bottom":"","ocean_shortcode_after_footer_bottom":"","ocean_display_top_bar":"default","ocean_display_header":"default","ocean_header_style":"","ocean_center_header_left_menu":"0","ocean_custom_header_template":"0","ocean_custom_logo":0,"ocean_custom_retina_logo":0,"ocean_custom_logo_max_width":0,"ocean_custom_logo_tablet_max_width":0,"ocean_custom_logo_mobile_max_width":0,"ocean_custom_logo_max_height":0,"ocean_custom_logo_tablet_max_height":0,"ocean_custom_logo_mobile_max_height":0,"ocean_header_custom_menu":"0","ocean_menu_typo_font_family":"0","ocean_menu_typo_font_subset":"","ocean_menu_typo_font_size":0,"ocean_menu_typo_font_size_tablet":0,"ocean_menu_typo_font_size_mobile":0,"ocean_menu_typo_font_size_unit":"px","ocean_menu_typo_font_weight":"","ocean_menu_typo_font_weight_tablet":"","ocean_menu_typo_font_weight_mobile":"","ocean_menu_typo_transform":"","ocean_menu_typo_transform_tablet":"","ocean_menu_typo_transform_mobile":"","ocean_menu_typo_line_height":0,"ocean_menu_typo_line_height_tablet":0,"ocean_menu_typo_line_height_mobile":0,"ocean_menu_typo_line_height_unit":"","ocean_menu_typo_spacing":0,"ocean_menu_typo_spacing_tablet":0,"ocean_menu_typo_spacing_mobile":0,"ocean_menu_typo_spacing_unit":"","ocean_menu_link_color":"","ocean_menu_link_color_hover":"","ocean_menu_link_color_active":"","ocean_menu_link_background":"","ocean_menu_link_hover_background":"","ocean_menu_link_active_background":"","ocean_menu_social_links_bg":"","ocean_menu_social_hover_links_bg":"","ocean_menu_social_links_color":"","ocean_menu_social_hover_links_color":"","ocean_disable_title":"default","ocean_disable_heading":"default","ocean_post_title":"","ocean_post_subheading":"","ocean_post_title_style":"","ocean_post_title_background_color":"","ocean_post_title_background":0,"ocean_post_title_bg_image_position":"","ocean_post_title_bg_image_attachment":"","ocean_post_title_bg_image_repeat":"","ocean_post_title_bg_image_size":"","ocean_post_title_height":0,"ocean_post_title_bg_overlay":0.5,"ocean_post_title_bg_overlay_color":"","ocean_disable_breadcrumbs":"default","ocean_breadcrumbs_color":"","ocean_breadcrumbs_separator_color":"","ocean_breadcrumbs_links_color":"","ocean_breadcrumbs_links_hover_color":"","ocean_display_footer_widgets":"default","ocean_display_footer_bottom":"default","ocean_custom_footer_template":"0"},"product_brand":[],"product_cat":[80,62,22],"product_tag":[],"class_list":{"0":"post-5676","1":"product","2":"type-product","3":"status-publish","4":"has-post-thumbnail","6":"product_cat-best-lab","7":"product_cat-odpornosc","8":"product_cat-suplementy-i-witaminy","10":"entry","11":"has-media","13":"first","14":"instock","15":"shipping-taxable","16":"purchasable","17":"product-type-simple","18":"has-product-nav","19":"col","20":"span_1_of_3","21":"owp-content-left","22":"owp-thumbs-layout-horizontal","23":"owp-btn-normal","24":"owp-tabs-layout-horizontal","25":"has-no-thumbnails"},"_links":{"self":[{"href":"https:\/\/ecocorner.eu\/en\/wp-json\/wp\/v2\/product\/5676","targetHints":{"allow":["GET"]}}],"collection":[{"href":"https:\/\/ecocorner.eu\/en\/wp-json\/wp\/v2\/product"}],"about":[{"href":"https:\/\/ecocorner.eu\/en\/wp-json\/wp\/v2\/types\/product"}],"version-history":[{"count":2,"href":"https:\/\/ecocorner.eu\/en\/wp-json\/wp\/v2\/product\/5676\/revisions"}],"predecessor-version":[{"id":7436,"href":"https:\/\/ecocorner.eu\/en\/wp-json\/wp\/v2\/product\/5676\/revisions\/7436"}],"wp:featuredmedia":[{"embeddable":true,"href":"https:\/\/ecocorner.eu\/en\/wp-json\/wp\/v2\/media\/5677"}],"wp:attachment":[{"href":"https:\/\/ecocorner.eu\/en\/wp-json\/wp\/v2\/media?parent=5676"}],"wp:term":[{"taxonomy":"product_brand","embeddable":true,"href":"https:\/\/ecocorner.eu\/en\/wp-json\/wp\/v2\/product_brand?post=5676"},{"taxonomy":"product_cat","embeddable":true,"href":"https:\/\/ecocorner.eu\/en\/wp-json\/wp\/v2\/product_cat?post=5676"},{"taxonomy":"product_tag","embeddable":true,"href":"https:\/\/ecocorner.eu\/en\/wp-json\/wp\/v2\/product_tag?post=5676"}],"curies":[{"name":"wp","href":"https:\/\/api.w.org\/{rel}","templated":true}]}}