{"id":5682,"date":"2024-07-08T22:01:55","date_gmt":"2024-07-08T22:01:55","guid":{"rendered":"https:\/\/ecocorner.eu\/?post_type=product&#038;p=5682"},"modified":"2026-01-15T21:33:28","modified_gmt":"2026-01-15T21:33:28","slug":"wet-brush-szczotka-do-wlosow-detangler-zielona-go-green","status":"publish","type":"product","link":"https:\/\/ecocorner.eu\/en\/product\/wet-brush-szczotka-do-wlosow-detangler-zielona-go-green\/","title":{"rendered":"WET BRUSH   Szczotka do w\u0142os\u00f3w  Detangler  &#8211; Zielona   Go Green"},"content":{"rendered":"<p><span class=\"wartosc test\">Go Green Original Detangler\u00ae od Wet Brush\u00ae to kultowe szczotki do rozczesywania w\u0142os\u00f3w w nowej ods\u0142onie. Wykonane z plastiku pochodzenia ro\u015blinnego, maj\u0105 to samo ultrami\u0119kkie w\u0142osie IntelliFlex\u00ae, kt\u00f3re wygina si\u0119 podczas szczotkowania, u\u0142atwiaj\u0105c rozczesywanie uporczywych spl\u0105ta\u0144. Unikalny wz\u00f3r li\u015bci monstery przebiega przez w\u0142osy niczym palce, zapewniaj\u0105c delikatno\u015b\u0107 i komfort sk\u00f3ry g\u0142owy. Szczotki rozczesuj\u0105 wszystkie typy w\u0142os\u00f3w, zar\u00f3wno mokre, jak i suche. Zapewniaj\u0105 do 45 % mniej uszkodze\u0144 i 55 % \u0142atwiejsz\u0105 piel\u0119gnacj\u0119.<br \/>\nWet Brush Detangler posiadaj\u0105 elastyczne, specjalnie zaprojektowane kolce zako\u0144czone kuleczkami. Szczotki doskonale radz\u0105 sobie z rozczesywaniem spl\u0105tanych w\u0142os\u00f3w. Zapewniaj\u0105 szybkie i niezwykle skuteczne dzia\u0142anie. Szczotki s\u0105 idealne dla ka\u017cdego rodzaju w\u0142os\u00f3w, minimalizuj\u0105c b\u00f3l i chroni\u0105c przed rozdwajaniem si\u0119 ko\u0144c\u00f3wek i \u0142amaniem. Efekt to w\u0142osy jedwabi\u015bcie g\u0142adkie i \u0142atwe w uk\u0142adaniu.<\/span><\/p>","protected":false},"excerpt":{"rendered":"<p><span class=\"wartosc test\">Wet Brush Go Green Detangler to nowoczesna szczotka do w\u0142os\u00f3w i doskona\u0142e rozwi\u0105zanie dla tych, kt\u00f3rzy pragn\u0105 unikalnego komfortu podczas codziennego czesania. Dzi\u0119ki jej innowacyjnemu designowi i wyj\u0105tkowej strukturze inspirowanej li\u015bciem monstery, sprawi, \u017ce idealnie dopasuj\u0119 si\u0119 do Twojej g\u0142owy. Zaprojektowana specjalnie tak, aby minimalizowa\u0107 szarpanie i \u0142amanie w\u0142os\u00f3w.<\/p>\n<p><\/span><\/p>","protected":false},"featured_media":5683,"template":"","meta":{"ocean_post_layout":"","ocean_both_sidebars_style":"","ocean_both_sidebars_content_width":0,"ocean_both_sidebars_sidebars_width":0,"ocean_sidebar":"0","ocean_second_sidebar":"0","ocean_disable_margins":"enable","ocean_add_body_class":"","ocean_shortcode_before_top_bar":"","ocean_shortcode_after_top_bar":"","ocean_shortcode_before_header":"","ocean_shortcode_after_header":"","ocean_has_shortcode":"","ocean_shortcode_after_title":"","ocean_shortcode_before_footer_widgets":"","ocean_shortcode_after_footer_widgets":"","ocean_shortcode_before_footer_bottom":"","ocean_shortcode_after_footer_bottom":"","ocean_display_top_bar":"default","ocean_display_header":"default","ocean_header_style":"","ocean_center_header_left_menu":"0","ocean_custom_header_template":"0","ocean_custom_logo":0,"ocean_custom_retina_logo":0,"ocean_custom_logo_max_width":0,"ocean_custom_logo_tablet_max_width":0,"ocean_custom_logo_mobile_max_width":0,"ocean_custom_logo_max_height":0,"ocean_custom_logo_tablet_max_height":0,"ocean_custom_logo_mobile_max_height":0,"ocean_header_custom_menu":"0","ocean_menu_typo_font_family":"0","ocean_menu_typo_font_subset":"","ocean_menu_typo_font_size":0,"ocean_menu_typo_font_size_tablet":0,"ocean_menu_typo_font_size_mobile":0,"ocean_menu_typo_font_size_unit":"px","ocean_menu_typo_font_weight":"","ocean_menu_typo_font_weight_tablet":"","ocean_menu_typo_font_weight_mobile":"","ocean_menu_typo_transform":"","ocean_menu_typo_transform_tablet":"","ocean_menu_typo_transform_mobile":"","ocean_menu_typo_line_height":0,"ocean_menu_typo_line_height_tablet":0,"ocean_menu_typo_line_height_mobile":0,"ocean_menu_typo_line_height_unit":"","ocean_menu_typo_spacing":0,"ocean_menu_typo_spacing_tablet":0,"ocean_menu_typo_spacing_mobile":0,"ocean_menu_typo_spacing_unit":"","ocean_menu_link_color":"","ocean_menu_link_color_hover":"","ocean_menu_link_color_active":"","ocean_menu_link_background":"","ocean_menu_link_hover_background":"","ocean_menu_link_active_background":"","ocean_menu_social_links_bg":"","ocean_menu_social_hover_links_bg":"","ocean_menu_social_links_color":"","ocean_menu_social_hover_links_color":"","ocean_disable_title":"default","ocean_disable_heading":"default","ocean_post_title":"","ocean_post_subheading":"","ocean_post_title_style":"","ocean_post_title_background_color":"","ocean_post_title_background":0,"ocean_post_title_bg_image_position":"","ocean_post_title_bg_image_attachment":"","ocean_post_title_bg_image_repeat":"","ocean_post_title_bg_image_size":"","ocean_post_title_height":0,"ocean_post_title_bg_overlay":0.5,"ocean_post_title_bg_overlay_color":"","ocean_disable_breadcrumbs":"default","ocean_breadcrumbs_color":"","ocean_breadcrumbs_separator_color":"","ocean_breadcrumbs_links_color":"","ocean_breadcrumbs_links_hover_color":"","ocean_display_footer_widgets":"default","ocean_display_footer_bottom":"default","ocean_custom_footer_template":"0"},"product_brand":[],"product_cat":[24,64,36],"product_tag":[],"class_list":{"0":"post-5682","1":"product","2":"type-product","3":"status-publish","4":"has-post-thumbnail","6":"product_cat-akcesoria","7":"product_cat-oferta-tygodnia","8":"product_cat-promocje-wyprzedaze","10":"entry","11":"has-media","13":"first","14":"instock","15":"sale","16":"shipping-taxable","17":"purchasable","18":"product-type-simple","19":"has-product-nav","20":"col","21":"span_1_of_3","22":"owp-content-left","23":"owp-thumbs-layout-horizontal","24":"owp-btn-normal","25":"owp-tabs-layout-horizontal","26":"has-no-thumbnails"},"_links":{"self":[{"href":"https:\/\/ecocorner.eu\/en\/wp-json\/wp\/v2\/product\/5682","targetHints":{"allow":["GET"]}}],"collection":[{"href":"https:\/\/ecocorner.eu\/en\/wp-json\/wp\/v2\/product"}],"about":[{"href":"https:\/\/ecocorner.eu\/en\/wp-json\/wp\/v2\/types\/product"}],"version-history":[{"count":1,"href":"https:\/\/ecocorner.eu\/en\/wp-json\/wp\/v2\/product\/5682\/revisions"}],"predecessor-version":[{"id":5684,"href":"https:\/\/ecocorner.eu\/en\/wp-json\/wp\/v2\/product\/5682\/revisions\/5684"}],"wp:featuredmedia":[{"embeddable":true,"href":"https:\/\/ecocorner.eu\/en\/wp-json\/wp\/v2\/media\/5683"}],"wp:attachment":[{"href":"https:\/\/ecocorner.eu\/en\/wp-json\/wp\/v2\/media?parent=5682"}],"wp:term":[{"taxonomy":"product_brand","embeddable":true,"href":"https:\/\/ecocorner.eu\/en\/wp-json\/wp\/v2\/product_brand?post=5682"},{"taxonomy":"product_cat","embeddable":true,"href":"https:\/\/ecocorner.eu\/en\/wp-json\/wp\/v2\/product_cat?post=5682"},{"taxonomy":"product_tag","embeddable":true,"href":"https:\/\/ecocorner.eu\/en\/wp-json\/wp\/v2\/product_tag?post=5682"}],"curies":[{"name":"wp","href":"https:\/\/api.w.org\/{rel}","templated":true}]}}