{"id":5850,"date":"2024-08-26T14:26:41","date_gmt":"2024-08-26T14:26:41","guid":{"rendered":"https:\/\/ecocorner.eu\/?post_type=product&#038;p=5850"},"modified":"2025-11-01T18:51:07","modified_gmt":"2025-11-01T18:51:07","slug":"mokosh-wygladzajacy-krem-do-twarzy-figa-15-ml","status":"publish","type":"product","link":"https:\/\/ecocorner.eu\/en\/product\/mokosh-wygladzajacy-krem-do-twarzy-figa-15-ml\/","title":{"rendered":"MOKOSH   Wyg\u0142adzaj\u0105cy krem do twarzy    Figa   15 ml"},"content":{"rendered":"<p>Spos\u00f3b u\u017cycia: Wmasuj krem opuszkami palc\u00f3w w <strong>oczyszczon\u0105 sk\u00f3r\u0119 twarzy<\/strong>, szyi i dekoltu wykonuj\u0105c masa\u017c. Stosuj krem rano i wieczorem.<\/p>\n<p>Krem nie zawiera sk\u0142adnik\u00f3w z przeciwwskazaniami dla kobiet w ci\u0105\u017cy.<\/p>\n<p>Ingredients (INCI): Aqua, Coco-Caprylate\/Caprate\u2022\u2022, Macadamia Ternifolia Oil, Polyglyceryl-3 Dicitrate\/Stearate\u2022\u2022, Simmondsia Chinensis (Jojoba) Seed Oil, Isostearyl Isostearate\u2022\u2022, Prunus Amygdalus Dulcis (Sweet Almond) Oil, Glycerin\u2022\u2022, Glyceryl Stearate\u2022\u2022, Argania Spinosa Kernel Oil, Adansonia Digitata Seed Oil, Stearyl Alcohol, Cellulose, Xylitylglucoside\u2022\u2022, Xanthan Gum\u2022\u2022, Anhydroxylitol\u2022\u2022, Xylitol\u2022\u2022, Ficus Carica (Fig) Fruit Extract, Gossypium Herbaceum (Cotton) Seed Extract, Linum Usitatissimum (Linseed) Seed Extract, Glucose, Tocopherol, Benzoic Acid, Tetrasodium Glutamate Diacetate, Benzyl Alcohol\u2022\u2022, Dehydroacetic Acid\u2022\u2022, Helianthus Annuus (Sunflower) Seed Oil, Parfum, Coumarin\u2022, Linalool\u2022<\/p>\n<p>\u2022 Sk\u0142adnik kompozycji zapachowej<br \/>\n\u2022\u2022 Surowiec pochodzenia ro\u015blinnego<br \/>\n\u2022\u2022\u2022Zatwierdzony przez organizacje certyfikuj\u0105ce naturalne kosmetyki<\/p>\n<p><img decoding=\"async\" src=\"https:\/\/mokosh.pl\/userdata\/public\/upload\/viva-3-4.jpg\" alt=\"\" data-image=\"d1b78c9c-1e47-4d5e-8913-1647cdd08c02\" \/><\/p>","protected":false},"excerpt":{"rendered":"<p>Innowacyjny, a zarazem naturalny krem o apetycznym zapachu figi do regularnej piel\u0119gnacji ka\u017cdego typu sk\u00f3ry. Stworzony na bazie naturalnych olei i ekstrakt\u00f3w wykazuje silne w\u0142a\u015bciwo\u015bci nawil\u017caj\u0105ce, regeneruj\u0105ce i od\u017cywcze. W swoim sk\u0142adzie zawiera m.in.: egzotyczny olej z baobabu, kt\u00f3ry dzia\u0142a \u0142agodz\u0105co i regeneruj\u0105co, olej arganowy o silnym dzia\u0142aniu nawil\u017caj\u0105cym i odm\u0142adzaj\u0105cym, olej jojoba, kt\u00f3ry zmi\u0119kcza sk\u00f3r\u0119 i odbudowuje jej p\u0142aszcz hydrolipidowy. Dodatkowo aktywnie dzia\u0142aj\u0105ce naturalne ekstrakty z figi, lnu i bawe\u0142ny oraz kompleks AQUAXYL\u2122 z naturalnym ksylitolem nawil\u017caj\u0105, roz\u015bwietlaj\u0105, od\u017cywiaj\u0105 sk\u00f3r\u0119 oraz chroni\u0105 przed szkodliwym dzia\u0142aniem czynnik\u00f3w zewn\u0119trznych i wolnych rodnik\u00f3w.<\/p>\n<p>&nbsp;<\/p>\n<p><strong>Active Ingredients:<\/strong><\/p>\n<ul>\n<li>ekstrakt z figi<\/li>\n<li>ekstrakt z lnu<\/li>\n<li>ekstrakt z bawe\u0142ny<\/li>\n<li>kompleks AQUAXYL\u2122<\/li>\n<li>argan oil<\/li>\n<li>olej z baobabu<\/li>\n<li>jojoba oil<\/li>\n<li>olej macadamia<\/li>\n<li>olej ze s\u0142odkich migda\u0142\u00f3w<\/li>\n<\/ul>\n<p><strong>Krem idealnie piel\u0119gnuje twarz, szyj\u0119 i dekolt, a regularnie stosowany:<\/strong><\/p>\n<ul>\n<li>poprawia nawil\u017cenie sk\u00f3ry;<\/li>\n<li>\u0142agodzi podra\u017cnienia i dzia\u0142a koj\u0105co;<\/li>\n<li>wyg\u0142adza i uj\u0119drnia sk\u00f3r\u0119;<\/li>\n<li>redukuje drobne zmarszczki, odm\u0142adza, poprawia owal twarzy;<\/li>\n<li>poprawia koloryt sk\u00f3ry;<\/li>\n<li>stymuluje sk\u00f3r\u0119 do odnowy, od\u017cywia i regeneruje.<\/li>\n<\/ul>","protected":false},"featured_media":5852,"template":"","meta":{"ocean_post_layout":"","ocean_both_sidebars_style":"","ocean_both_sidebars_content_width":0,"ocean_both_sidebars_sidebars_width":0,"ocean_sidebar":"0","ocean_second_sidebar":"0","ocean_disable_margins":"enable","ocean_add_body_class":"","ocean_shortcode_before_top_bar":"","ocean_shortcode_after_top_bar":"","ocean_shortcode_before_header":"","ocean_shortcode_after_header":"","ocean_has_shortcode":"","ocean_shortcode_after_title":"","ocean_shortcode_before_footer_widgets":"","ocean_shortcode_after_footer_widgets":"","ocean_shortcode_before_footer_bottom":"","ocean_shortcode_after_footer_bottom":"","ocean_display_top_bar":"default","ocean_display_header":"default","ocean_header_style":"","ocean_center_header_left_menu":"0","ocean_custom_header_template":"0","ocean_custom_logo":0,"ocean_custom_retina_logo":0,"ocean_custom_logo_max_width":0,"ocean_custom_logo_tablet_max_width":0,"ocean_custom_logo_mobile_max_width":0,"ocean_custom_logo_max_height":0,"ocean_custom_logo_tablet_max_height":0,"ocean_custom_logo_mobile_max_height":0,"ocean_header_custom_menu":"0","ocean_menu_typo_font_family":"0","ocean_menu_typo_font_subset":"","ocean_menu_typo_font_size":0,"ocean_menu_typo_font_size_tablet":0,"ocean_menu_typo_font_size_mobile":0,"ocean_menu_typo_font_size_unit":"px","ocean_menu_typo_font_weight":"","ocean_menu_typo_font_weight_tablet":"","ocean_menu_typo_font_weight_mobile":"","ocean_menu_typo_transform":"","ocean_menu_typo_transform_tablet":"","ocean_menu_typo_transform_mobile":"","ocean_menu_typo_line_height":0,"ocean_menu_typo_line_height_tablet":0,"ocean_menu_typo_line_height_mobile":0,"ocean_menu_typo_line_height_unit":"","ocean_menu_typo_spacing":0,"ocean_menu_typo_spacing_tablet":0,"ocean_menu_typo_spacing_mobile":0,"ocean_menu_typo_spacing_unit":"","ocean_menu_link_color":"","ocean_menu_link_color_hover":"","ocean_menu_link_color_active":"","ocean_menu_link_background":"","ocean_menu_link_hover_background":"","ocean_menu_link_active_background":"","ocean_menu_social_links_bg":"","ocean_menu_social_hover_links_bg":"","ocean_menu_social_links_color":"","ocean_menu_social_hover_links_color":"","ocean_disable_title":"default","ocean_disable_heading":"default","ocean_post_title":"","ocean_post_subheading":"","ocean_post_title_style":"","ocean_post_title_background_color":"","ocean_post_title_background":0,"ocean_post_title_bg_image_position":"","ocean_post_title_bg_image_attachment":"","ocean_post_title_bg_image_repeat":"","ocean_post_title_bg_image_size":"","ocean_post_title_height":0,"ocean_post_title_bg_overlay":0.5,"ocean_post_title_bg_overlay_color":"","ocean_disable_breadcrumbs":"default","ocean_breadcrumbs_color":"","ocean_breadcrumbs_separator_color":"","ocean_breadcrumbs_links_color":"","ocean_breadcrumbs_links_hover_color":"","ocean_display_footer_widgets":"default","ocean_display_footer_bottom":"default","ocean_custom_footer_template":"0"},"product_brand":[],"product_cat":[45,81],"product_tag":[],"class_list":{"0":"post-5850","1":"product","2":"type-product","3":"status-publish","4":"has-post-thumbnail","6":"product_cat-kremy-do-twarzy","7":"product_cat-mokosh","9":"entry","10":"has-media","12":"first","13":"instock","14":"shipping-taxable","15":"purchasable","16":"product-type-simple","17":"has-product-nav","18":"col","19":"span_1_of_3","20":"owp-content-left","21":"owp-thumbs-layout-horizontal","22":"owp-btn-normal","23":"owp-tabs-layout-horizontal"},"_links":{"self":[{"href":"https:\/\/ecocorner.eu\/en\/wp-json\/wp\/v2\/product\/5850","targetHints":{"allow":["GET"]}}],"collection":[{"href":"https:\/\/ecocorner.eu\/en\/wp-json\/wp\/v2\/product"}],"about":[{"href":"https:\/\/ecocorner.eu\/en\/wp-json\/wp\/v2\/types\/product"}],"version-history":[{"count":1,"href":"https:\/\/ecocorner.eu\/en\/wp-json\/wp\/v2\/product\/5850\/revisions"}],"predecessor-version":[{"id":5854,"href":"https:\/\/ecocorner.eu\/en\/wp-json\/wp\/v2\/product\/5850\/revisions\/5854"}],"wp:featuredmedia":[{"embeddable":true,"href":"https:\/\/ecocorner.eu\/en\/wp-json\/wp\/v2\/media\/5852"}],"wp:attachment":[{"href":"https:\/\/ecocorner.eu\/en\/wp-json\/wp\/v2\/media?parent=5850"}],"wp:term":[{"taxonomy":"product_brand","embeddable":true,"href":"https:\/\/ecocorner.eu\/en\/wp-json\/wp\/v2\/product_brand?post=5850"},{"taxonomy":"product_cat","embeddable":true,"href":"https:\/\/ecocorner.eu\/en\/wp-json\/wp\/v2\/product_cat?post=5850"},{"taxonomy":"product_tag","embeddable":true,"href":"https:\/\/ecocorner.eu\/en\/wp-json\/wp\/v2\/product_tag?post=5850"}],"curies":[{"name":"wp","href":"https:\/\/api.w.org\/{rel}","templated":true}]}}