{"id":5907,"date":"2024-09-06T15:38:29","date_gmt":"2024-09-06T15:38:29","guid":{"rendered":"https:\/\/ecocorner.eu\/?post_type=product&#038;p=5907"},"modified":"2025-01-09T15:25:42","modified_gmt":"2025-01-09T15:25:42","slug":"physalis-olejek-eteryczny-eukaliptus-cytrynowy-bio-suplement-diety-10-ml","status":"publish","type":"product","link":"https:\/\/ecocorner.eu\/en\/product\/physalis-olejek-eteryczny-eukaliptus-cytrynowy-bio-suplement-diety-10-ml\/","title":{"rendered":"PHYSALIS    Olejek eteryczny  EUKALIPTUS CYTRYNOWY   BIO   Suplement diety  10 ml"},"content":{"rendered":"<p><span data-containter=\"modal\"><span class=\"wartosc\">Ingredients<br \/>\neukaliptus cytrynowy* (Eucalyptus citriodora) (*sk\u0142adnik ekologiczny)<\/p>\n<p>ZASTOSOWANIE<br \/>\nDoustnie: dwa razy dziennie, od 1 do 2 kropli. Nale\u017cy przyjmowa\u0107 rozcie\u0144czony w \u0142y\u017cce miodu lub w naparze zio\u0142owym.<br \/>\nSk\u00f3ra (masa\u017c, k\u0105piel): 2 do 5 kropli na 10 ml oleju ro\u015blinnego.<br \/>\nAromatyzowanie powietrza: 5 do 10 kropli wed\u0142ug osobistych preferencji i wielko\u015bci pokoju.<\/p>\n<p>Notes<br \/>\nNie przekracza\u0107 zalecanej porcji do spo\u017cycia w ci\u0105gu dnia. Suplement diety nie mo\u017ce by\u0107 stosowany jako substytut zr\u00f3\u017cnicowanej diety.<\/p>\n<p>RECOMMENDED STORAGE CONDITIONS<br \/>\nPrzechowywa\u0107 w ch\u0142odnym i zaciemnionym miejscu, w spos\u00f3b niedost\u0119pny dla ma\u0142ych dzieci.<\/span><\/span><\/p>","protected":false},"excerpt":{"rendered":"<p>Suplement diety .<\/p>\n<p>&nbsp;<\/p>\n<h2 id=\"section-wlasciwosci-prozdrowotne-olejku-eukaliptusowego\" class=\"subtitle\">W\u0142a\u015bciwo\u015bci prozdrowotne olejku eukaliptusowego<\/h2>\n<div id=\"oa-360-1725636938740_m566k9pb3\" data-dest=\"placeholder\">\n<div id=\"oa-360-1725636938728_ou14h0mdh\" class=\"container-for-on-network\">\n<div id=\"gpt-passback17256369439251725636940303\" data-google-query-id=\"CInUlMjSrogDFfBvFQgdurUDgA\">\n<div id=\"google_ads_iframe_\/121764058,5797183\/ekologia.pl\/ekologia.pl_o3b_display_adi_o3b_passback_0__container__\"><span id=\"oa-360-1725636938740_f2bxrcoxr\" class=\"adTitle\">\u00a0<\/span><\/div>\n<\/div>\n<\/div>\n<\/div>\n<ul>\n<li>Piel\u0119gnuje sk\u00f3r\u0119 \u2013 regeneruje i przyspiesza odnow\u0119 nask\u00f3rka, dzi\u0119ki czemu znakomicie nadaje si\u0119 do piel\u0119gnacji ca\u0142ego cia\u0142a. Ponadto, jego zadaniem jest ochrona naszej sk\u00f3ry przed wszelkimi infekcjami oraz gwarantuje jej zdrowy, promienny i \u015bwie\u017cy wygl\u0105d. Poza tym \u015bwietnie wspomaga leczenie sk\u00f3ry tr\u0105dzikowej.<\/li>\n<li>Dba o <a id=\"mo_slownik_8253\" class=\"mergeObject\" href=\"https:\/\/www.ekologia.pl\/wiedza\/slowniki\/leksykon-ekologii-i-ochrony-srodowiska\/zeby\" data-wpel-link=\"internal\">z\u0119by<\/a> i jam\u0119 ustn\u0105 \u2013 to jeden z najlepszych naturalnych \u015brodk\u00f3w piel\u0119gnuj\u0105cych z\u0119by i jam\u0119 ustn\u0105. Znakomicie usuwa kamie\u0144 naz\u0119bny oraz wspomaga leczenie stan\u00f3w zapalnych dzi\u0105se\u0142. Z racji tego, \u017ce wykazuje silne dzia\u0142anie przeciwbakteryjne, jest jednym z podstawowych sk\u0142adnik\u00f3w past do z\u0119b\u00f3w oraz p\u0142yn\u00f3w do p\u0142ukania jamy ustnej.<\/li>\n<li>Wspomaga uk\u0142ad oddechowy \u2013 olejek ten wykazuje silne dzia\u0142anie antywirusowe, przeciwgrzybiczne oraz przeciwzapalne, dlatego te\u017c skutecznie niweluje wszelkie objawy przezi\u0119bienia, takie jak kaszel, b\u00f3l gard\u0142a czy katar. Mo\u017cna si\u0119 nim wspomaga\u0107 tak\u017ce w przypadku wyst\u0119powania powa\u017cniejszych chor\u00f3b takich jak astma, katar sienny czy zapalenie oskrzeli.<\/li>\n<li>Reguluje poziom cukru i wspomaga uk\u0142ad kr\u0105\u017cenia \u2013 regularne spo\u017cywanie oleju eukaliptusowego obni\u017ca poziom cukru we krwi. Co wi\u0119cej, jego stosowanie doustne przyczynia si\u0119 do rozszerzania naczy\u0144 krwiono\u015bnych, a tym samym poprawy kr\u0105\u017cenia w naszym organizmie.<\/li>\n<li>Niweluje b\u00f3l mi\u0119\u015bni i staw\u00f3w \u2013 regularne wcieranie olejku przynosi ogromn\u0105 ulg\u0119 i poprawia kondycj\u0119 mi\u0119\u015bni i staw\u00f3w oraz przynosi ulg\u0119 po intensywnym treningu fizycznym. Szczeg\u00f3lnie polecany jest osobom borykaj\u0105cym si\u0119 z ze sztywno\u015bci\u0105 mi\u0119\u015bni, posiadaj\u0105cym sk\u0142onno\u015b\u0107 do nerwob\u00f3li czy cierpi\u0105cym na reumatyzm.<\/li>\n<li>Leczy sk\u00f3r\u0119 \u2013 regularne stosowanie tego olejku eterycznego wspomaga wytwarzanie pewnego rodzaju bariery ochronnej naszej sk\u00f3ry. Dlatego te\u017c stosowany jest jako antidotum w przypadku wyst\u0119powania oparze\u0144, skalecze\u0144, otar\u0107 czy u\u017c\u0105dle\u0144.<\/li>\n<li>Wspomaga leczenie zapalenia zatok \u2013 olejek eukaliptusowy \u0142agodzi przekrwion\u0105 i nadwyr\u0119\u017con\u0105 \u015bluz\u00f3wk\u0119 nosa, ale tak\u017ce zapobiega rozwojowi bakterii i wirus\u00f3w. Stosowanie inhalacji z jego udzia\u0142em przynosi ulg\u0119 ju\u017c po kilku zabiegach.<\/li>\n<li>Polepsza samopoczucie \u2013 olejek eukaliptusowy ma zbawienny wp\u0142yw nie tylko na nasze zdrowie fizyczne. Jego wdychanie skutecznie polepsza nasze samopoczucie. Powinno stosowa\u0107 si\u0119 go w stanach przewlek\u0142ego zm\u0119czenia. Dzia\u0142a pobudzaj\u0105co, dodaje energii, eliminuje uczucie wyczerpania, redukuje stres i pomaga w zwalczaniu napi\u0119ciowych b\u00f3li g\u0142owy. Co wi\u0119cej, rozszerzaj\u0105c naczynia krwiono\u015bne, sprawia, \u017ce do naszego cia\u0142a dostaje si\u0119 wi\u0119cej tlenu, co poprawia koncentracj\u0119 i zwi\u0119ksza\u00a0 sprawno\u015b\u0107 intelektualn\u0105.<\/li>\n<li>Odstrasza komary \u2013 intensywny zapach olejku eukaliptusowego skutecznie odstrasza natarczywe owady. Wystarczy kilka kropli olejku zmiesza\u0107 z wod\u0105 i posmarowa\u0107 sk\u00f3r\u0119. Mo\u017cna zrobi\u0107 tak\u017ce domowy aerozol do spryskania ubra\u0144 i w\u0142os\u00f3w, ale trzeba by\u0107 ostro\u017cnym, \u017ceby olejek nie dosta\u0142 si\u0119 do oka.<\/li>\n<\/ul>","protected":false},"featured_media":5908,"template":"","meta":{"ocean_post_layout":"","ocean_both_sidebars_style":"","ocean_both_sidebars_content_width":0,"ocean_both_sidebars_sidebars_width":0,"ocean_sidebar":"0","ocean_second_sidebar":"0","ocean_disable_margins":"enable","ocean_add_body_class":"","ocean_shortcode_before_top_bar":"","ocean_shortcode_after_top_bar":"","ocean_shortcode_before_header":"","ocean_shortcode_after_header":"","ocean_has_shortcode":"","ocean_shortcode_after_title":"","ocean_shortcode_before_footer_widgets":"","ocean_shortcode_after_footer_widgets":"","ocean_shortcode_before_footer_bottom":"","ocean_shortcode_after_footer_bottom":"","ocean_display_top_bar":"default","ocean_display_header":"default","ocean_header_style":"","ocean_center_header_left_menu":"0","ocean_custom_header_template":"0","ocean_custom_logo":0,"ocean_custom_retina_logo":0,"ocean_custom_logo_max_width":0,"ocean_custom_logo_tablet_max_width":0,"ocean_custom_logo_mobile_max_width":0,"ocean_custom_logo_max_height":0,"ocean_custom_logo_tablet_max_height":0,"ocean_custom_logo_mobile_max_height":0,"ocean_header_custom_menu":"0","ocean_menu_typo_font_family":"0","ocean_menu_typo_font_subset":"","ocean_menu_typo_font_size":0,"ocean_menu_typo_font_size_tablet":0,"ocean_menu_typo_font_size_mobile":0,"ocean_menu_typo_font_size_unit":"px","ocean_menu_typo_font_weight":"","ocean_menu_typo_font_weight_tablet":"","ocean_menu_typo_font_weight_mobile":"","ocean_menu_typo_transform":"","ocean_menu_typo_transform_tablet":"","ocean_menu_typo_transform_mobile":"","ocean_menu_typo_line_height":0,"ocean_menu_typo_line_height_tablet":0,"ocean_menu_typo_line_height_mobile":0,"ocean_menu_typo_line_height_unit":"","ocean_menu_typo_spacing":0,"ocean_menu_typo_spacing_tablet":0,"ocean_menu_typo_spacing_mobile":0,"ocean_menu_typo_spacing_unit":"","ocean_menu_link_color":"","ocean_menu_link_color_hover":"","ocean_menu_link_color_active":"","ocean_menu_link_background":"","ocean_menu_link_hover_background":"","ocean_menu_link_active_background":"","ocean_menu_social_links_bg":"","ocean_menu_social_hover_links_bg":"","ocean_menu_social_links_color":"","ocean_menu_social_hover_links_color":"","ocean_disable_title":"default","ocean_disable_heading":"default","ocean_post_title":"","ocean_post_subheading":"","ocean_post_title_style":"","ocean_post_title_background_color":"","ocean_post_title_background":0,"ocean_post_title_bg_image_position":"","ocean_post_title_bg_image_attachment":"","ocean_post_title_bg_image_repeat":"","ocean_post_title_bg_image_size":"","ocean_post_title_height":0,"ocean_post_title_bg_overlay":0.5,"ocean_post_title_bg_overlay_color":"","ocean_disable_breadcrumbs":"default","ocean_breadcrumbs_color":"","ocean_breadcrumbs_separator_color":"","ocean_breadcrumbs_links_color":"","ocean_breadcrumbs_links_hover_color":"","ocean_display_footer_widgets":"default","ocean_display_footer_bottom":"default","ocean_custom_footer_template":"0"},"product_brand":[],"product_cat":[21],"product_tag":[],"class_list":{"0":"post-5907","1":"product","2":"type-product","3":"status-publish","4":"has-post-thumbnail","6":"product_cat-zdrowie","8":"entry","9":"has-media","11":"first","12":"instock","13":"shipping-taxable","14":"purchasable","15":"product-type-simple","16":"has-product-nav","17":"col","18":"span_1_of_3","19":"owp-content-left","20":"owp-thumbs-layout-horizontal","21":"owp-btn-normal","22":"owp-tabs-layout-horizontal","23":"has-no-thumbnails"},"_links":{"self":[{"href":"https:\/\/ecocorner.eu\/en\/wp-json\/wp\/v2\/product\/5907","targetHints":{"allow":["GET"]}}],"collection":[{"href":"https:\/\/ecocorner.eu\/en\/wp-json\/wp\/v2\/product"}],"about":[{"href":"https:\/\/ecocorner.eu\/en\/wp-json\/wp\/v2\/types\/product"}],"version-history":[{"count":1,"href":"https:\/\/ecocorner.eu\/en\/wp-json\/wp\/v2\/product\/5907\/revisions"}],"predecessor-version":[{"id":5909,"href":"https:\/\/ecocorner.eu\/en\/wp-json\/wp\/v2\/product\/5907\/revisions\/5909"}],"wp:featuredmedia":[{"embeddable":true,"href":"https:\/\/ecocorner.eu\/en\/wp-json\/wp\/v2\/media\/5908"}],"wp:attachment":[{"href":"https:\/\/ecocorner.eu\/en\/wp-json\/wp\/v2\/media?parent=5907"}],"wp:term":[{"taxonomy":"product_brand","embeddable":true,"href":"https:\/\/ecocorner.eu\/en\/wp-json\/wp\/v2\/product_brand?post=5907"},{"taxonomy":"product_cat","embeddable":true,"href":"https:\/\/ecocorner.eu\/en\/wp-json\/wp\/v2\/product_cat?post=5907"},{"taxonomy":"product_tag","embeddable":true,"href":"https:\/\/ecocorner.eu\/en\/wp-json\/wp\/v2\/product_tag?post=5907"}],"curies":[{"name":"wp","href":"https:\/\/api.w.org\/{rel}","templated":true}]}}