{"id":5919,"date":"2024-09-06T16:09:07","date_gmt":"2024-09-06T16:09:07","guid":{"rendered":"https:\/\/ecocorner.eu\/?post_type=product&#038;p=5919"},"modified":"2025-11-20T19:00:09","modified_gmt":"2025-11-20T19:00:09","slug":"etja-olej-z-nasion-gorczycy-50-ml","status":"publish","type":"product","link":"https:\/\/ecocorner.eu\/en\/product\/etja-olej-z-nasion-gorczycy-50-ml\/","title":{"rendered":"ETJA  Olej z nasion gorczycy  50 ml"},"content":{"rendered":"<p><strong>METHOD OF APPLICATION<\/strong><\/p>\n<p>-stosowa\u0107 bezpo\u015brednio na sk\u00f3r\u0119 cia\u0142a,<br \/>\n-masa\u017c we w\u0142asnym zakresie \u2013 silnie regeneruj\u0119, nawil\u017ca i daje po\u015blizg w celu \u0142atwiejszego masowania sk\u00f3ry,<br \/>\n-jako dodatek do od\u017cywek, balsam\u00f3w i kondycjoner\u00f3w do piel\u0119gnacji w\u0142os\u00f3w,<br \/>\n-k\u0105piel o silnym regeneruj\u0105co-nawil\u017caj\u0105cym dzia\u0142aniu \u2013 dodaj ok. 5 ml (5-6 naci\u015bni\u0119\u0107 pompk\u0105 dozuj\u0105c\u0105) do wanny wype\u0142nionej 1\/3 ciep\u0142ej wody. Czas k\u0105pieli do 20 minut. Mo\u017cna \u0142\u0105czy\u0107 z ulubionymi olejkami eterycznymi np. ze 100% naturalny olejkiem lawendowy i pomara\u0144czowym,<br \/>\n-jako sk\u0142adnik maseczek z glink\u0105 \u2013 dzia\u0142anie regeneracyjne,<br \/>\n-bezpo\u015brednie stosowanie na suche lub wilgotne w\u0142osy. Nak\u0142ada\u0107 30 minut przez sp\u0142ukiwaniem,<br \/>\n-piel\u0119gnacja i zabezpieczenie ko\u0144c\u00f3wek w\u0142os\u00f3w \u2013 bardzo ma\u0142\u0105 ilo\u015b\u0107 (1-2 krople) wciera\u0107 w suche ko\u0144c\u00f3wki w\u0142os\u00f3w,<br \/>\n-piel\u0119gnacja suchej sk\u00f3ry n\u00f3g \u2013 warto \u0142\u0105czy\u0107 z olejem z krokosza BIO 1:1 i wciera\u0107 jako oliwk\u0119 do sk\u00f3ry. Mieszanka silnie regeneruje i uj\u0119drnia sk\u00f3r\u0119 n\u00f3g oraz zawarto\u015b\u0107 oleju krokoszowego dzia\u0142a jak naturalny depilator, wolniej odrasta ow\u0142osienie.<\/p>\n<p>&nbsp;<\/p>\n<p><strong>Ingredients<\/strong><br \/>\nSinapis Alba (Mustard) Seed Oil<\/p>\n<p><strong>keeping<\/strong><br \/>\nAlways cover the metering pump with a protective cover after use and try to store the oil in a cool and dark place.<\/p>","protected":false},"excerpt":{"rendered":"<p>OLEJ Z NASION GORCZYCY BIO<\/p>\n<p>100% naturalny, nierafinowany, t\u0142oczony na zimno olej z ekologicznych nasion gorczycy bia\u0142ej BIO. Zawiera NNKT, witaminy A, B,C, E i K oraz selen, cynk, \u017celazo i wap\u0144. Doskonale nawil\u017ca, wyg\u0142adza, regeneruj\u0119 i od\u017cywia sk\u00f3r\u0119 cia\u0142a, sk\u00f3r\u0119 g\u0142owy oraz w\u0142osy. Olej stymuluje porost w\u0142os\u00f3w, pobudza mikrokr\u0105\u017cenie, od\u017cywia cebulki i zapobiega wypadaniu w\u0142os\u00f3w. Odbudowuje ubytki w ich strukturze, wzmacnia, wyg\u0142adza i nadaje pi\u0119kny blask. Sprawia, \u017ce staj\u0105 si\u0119 mocniejsze, grubsze i zdrowsze. Pomaga w walce z \u0142upie\u017cem. Pobudza kr\u0105\u017cenie krwi i polepsza wch\u0142anianie sk\u0142adnik\u00f3w od\u017cywczych i witamin. Redukuje celullit i nadmierne przesuszenie sk\u00f3ry. Odpowiedni do ka\u017cdego typu cery, szczeg\u00f3lnie suchej, wymagaj\u0105cej regeneracji.<\/p>\n<p>Olej z nasion gorczycy BIO firmy ETJA jest w 100% naturalny, nierafinowany i t\u0142oczony na zimno z surowc\u00f3w ekologicznych. Posiada certyfikat jako\u015bci, kart\u0119 bezpiecze\u0144stwa i\u00a0 rejestracj\u0119 w bazie CPNP. Produkt przebadany dermatologicznie.<\/p>\n<p>NIE ZAWIERA PARABEN\u00d3W, KONSERWANT\u00d3W I BARWNIK\u00d3W !<\/p>","protected":false},"featured_media":5920,"template":"","meta":{"ocean_post_layout":"","ocean_both_sidebars_style":"","ocean_both_sidebars_content_width":0,"ocean_both_sidebars_sidebars_width":0,"ocean_sidebar":"0","ocean_second_sidebar":"0","ocean_disable_margins":"enable","ocean_add_body_class":"","ocean_shortcode_before_top_bar":"","ocean_shortcode_after_top_bar":"","ocean_shortcode_before_header":"","ocean_shortcode_after_header":"","ocean_has_shortcode":"","ocean_shortcode_after_title":"","ocean_shortcode_before_footer_widgets":"","ocean_shortcode_after_footer_widgets":"","ocean_shortcode_before_footer_bottom":"","ocean_shortcode_after_footer_bottom":"","ocean_display_top_bar":"default","ocean_display_header":"default","ocean_header_style":"","ocean_center_header_left_menu":"0","ocean_custom_header_template":"0","ocean_custom_logo":0,"ocean_custom_retina_logo":0,"ocean_custom_logo_max_width":0,"ocean_custom_logo_tablet_max_width":0,"ocean_custom_logo_mobile_max_width":0,"ocean_custom_logo_max_height":0,"ocean_custom_logo_tablet_max_height":0,"ocean_custom_logo_mobile_max_height":0,"ocean_header_custom_menu":"0","ocean_menu_typo_font_family":"0","ocean_menu_typo_font_subset":"","ocean_menu_typo_font_size":0,"ocean_menu_typo_font_size_tablet":0,"ocean_menu_typo_font_size_mobile":0,"ocean_menu_typo_font_size_unit":"px","ocean_menu_typo_font_weight":"","ocean_menu_typo_font_weight_tablet":"","ocean_menu_typo_font_weight_mobile":"","ocean_menu_typo_transform":"","ocean_menu_typo_transform_tablet":"","ocean_menu_typo_transform_mobile":"","ocean_menu_typo_line_height":0,"ocean_menu_typo_line_height_tablet":0,"ocean_menu_typo_line_height_mobile":0,"ocean_menu_typo_line_height_unit":"","ocean_menu_typo_spacing":0,"ocean_menu_typo_spacing_tablet":0,"ocean_menu_typo_spacing_mobile":0,"ocean_menu_typo_spacing_unit":"","ocean_menu_link_color":"","ocean_menu_link_color_hover":"","ocean_menu_link_color_active":"","ocean_menu_link_background":"","ocean_menu_link_hover_background":"","ocean_menu_link_active_background":"","ocean_menu_social_links_bg":"","ocean_menu_social_hover_links_bg":"","ocean_menu_social_links_color":"","ocean_menu_social_hover_links_color":"","ocean_disable_title":"default","ocean_disable_heading":"default","ocean_post_title":"","ocean_post_subheading":"","ocean_post_title_style":"","ocean_post_title_background_color":"","ocean_post_title_background":0,"ocean_post_title_bg_image_position":"","ocean_post_title_bg_image_attachment":"","ocean_post_title_bg_image_repeat":"","ocean_post_title_bg_image_size":"","ocean_post_title_height":0,"ocean_post_title_bg_overlay":0.5,"ocean_post_title_bg_overlay_color":"","ocean_disable_breadcrumbs":"default","ocean_breadcrumbs_color":"","ocean_breadcrumbs_separator_color":"","ocean_breadcrumbs_links_color":"","ocean_breadcrumbs_links_hover_color":"","ocean_display_footer_widgets":"default","ocean_display_footer_bottom":"default","ocean_custom_footer_template":"0"},"product_brand":[],"product_cat":[34],"product_tag":[],"class_list":{"0":"post-5919","1":"product","2":"type-product","3":"status-publish","4":"has-post-thumbnail","6":"product_cat-naturalne-oleje-do-ciala-etja","8":"entry","9":"has-media","11":"first","12":"outofstock","13":"shipping-taxable","14":"purchasable","15":"product-type-simple","16":"has-product-nav","17":"col","18":"span_1_of_3","19":"owp-content-left","20":"owp-thumbs-layout-horizontal","21":"owp-btn-normal","22":"owp-tabs-layout-horizontal","23":"has-no-thumbnails"},"_links":{"self":[{"href":"https:\/\/ecocorner.eu\/en\/wp-json\/wp\/v2\/product\/5919","targetHints":{"allow":["GET"]}}],"collection":[{"href":"https:\/\/ecocorner.eu\/en\/wp-json\/wp\/v2\/product"}],"about":[{"href":"https:\/\/ecocorner.eu\/en\/wp-json\/wp\/v2\/types\/product"}],"version-history":[{"count":1,"href":"https:\/\/ecocorner.eu\/en\/wp-json\/wp\/v2\/product\/5919\/revisions"}],"predecessor-version":[{"id":5921,"href":"https:\/\/ecocorner.eu\/en\/wp-json\/wp\/v2\/product\/5919\/revisions\/5921"}],"wp:featuredmedia":[{"embeddable":true,"href":"https:\/\/ecocorner.eu\/en\/wp-json\/wp\/v2\/media\/5920"}],"wp:attachment":[{"href":"https:\/\/ecocorner.eu\/en\/wp-json\/wp\/v2\/media?parent=5919"}],"wp:term":[{"taxonomy":"product_brand","embeddable":true,"href":"https:\/\/ecocorner.eu\/en\/wp-json\/wp\/v2\/product_brand?post=5919"},{"taxonomy":"product_cat","embeddable":true,"href":"https:\/\/ecocorner.eu\/en\/wp-json\/wp\/v2\/product_cat?post=5919"},{"taxonomy":"product_tag","embeddable":true,"href":"https:\/\/ecocorner.eu\/en\/wp-json\/wp\/v2\/product_tag?post=5919"}],"curies":[{"name":"wp","href":"https:\/\/api.w.org\/{rel}","templated":true}]}}