{"id":5922,"date":"2024-09-06T16:11:48","date_gmt":"2024-09-06T16:11:48","guid":{"rendered":"https:\/\/ecocorner.eu\/?post_type=product&#038;p=5922"},"modified":"2026-01-19T21:30:45","modified_gmt":"2026-01-19T21:30:45","slug":"etja-bio-olej-z-pestek-dyni-50-ml","status":"publish","type":"product","link":"https:\/\/ecocorner.eu\/en\/product\/etja-bio-olej-z-pestek-dyni-50-ml\/","title":{"rendered":"ETJA  BIO  Olej  z pestek  dyni  50 ml"},"content":{"rendered":"<p><strong>METHOD OF APPLICATION<\/strong><\/p>\n<p><strong><br \/>\n<\/strong>\u00a0\u00a0\u00a0 -doskona\u0142y dodatek (10-20%) do produkt\u00f3w kosmetycznych (kremy, balsamy).<br \/>\n-jako wzbogacaj\u0105cy dodatek uelastyczniaj\u0105co-roz\u015bwietlaj\u0105cy do innych olej\u00f3w no\u015bnikowych (20%)<br \/>\n-masa\u017c uelastyczniaj\u0105cy &#8211; dodatek do oliwek lub innych olej\u00f3w no\u015bnikowych w proporcji 1:2<br \/>\n-k\u0105piel regeneruj\u0105co-wyg\u0142adzaj\u0105ca.<br \/>\n-baza do peeling\u00f3w<br \/>\n-stosowa\u0107 bezpo\u015brednio na miejsca mocno sp\u0119kane (\u0142okcie, kolana, pi\u0119ty)<\/p>\n<p><strong>keeping<\/strong><br \/>\nZawsze po u\u017cyciu zakr\u0119caj buteleczk\u0119 i przechowuj w ch\u0142odnym i ciemnym miejscu.<\/p>\n<p><strong>origin<\/strong><br \/>\nPa\u0144stwa Europy<\/p>","protected":false},"excerpt":{"rendered":"<p>OLEJ Z PESTEK DYNI BIO \/Cucurbita Pepo (Pumpkin) Seed Oil\/<\/p>\n<p>Olej zimno t\u0142oczony, otrzymywany z wy\u0142uskanych pestek dyni i oczyszczony w procesie sedymentacji. Zawiera oko\u0142o 80% nienasyconych kwas\u00f3w t\u0142uszczowych, witaminy A, C, E i K, B1, B2, B6 oraz beta-karoten. Wykazuj\u0119 dzia\u0142anie nawil\u017caj\u0105ce, nat\u0142uszczaj\u0105ce, uelastyczniaj\u0105ce sk\u00f3r\u0119 oraz zapobiega powstawaniu rozst\u0119p\u00f3w. Dzi\u0119ki du\u017cej zawarto\u015bci potasu ma dzia\u0142anie rozja\u015bniaj\u0105ce blizny i przebarwienia. Doskona\u0142y do ka\u017cdego rodzaju sk\u00f3ry.<\/p>\n<p>Olej z pestek dyni BIO firmy Etja, jest wytwarzany z surowc\u00f3w ekologicznych i w 100% naturalny. Posiada certyfikat BCS DE-\u04e6KO.<\/p>","protected":false},"featured_media":5923,"template":"","meta":{"ocean_post_layout":"","ocean_both_sidebars_style":"","ocean_both_sidebars_content_width":0,"ocean_both_sidebars_sidebars_width":0,"ocean_sidebar":"0","ocean_second_sidebar":"0","ocean_disable_margins":"enable","ocean_add_body_class":"","ocean_shortcode_before_top_bar":"","ocean_shortcode_after_top_bar":"","ocean_shortcode_before_header":"","ocean_shortcode_after_header":"","ocean_has_shortcode":"","ocean_shortcode_after_title":"","ocean_shortcode_before_footer_widgets":"","ocean_shortcode_after_footer_widgets":"","ocean_shortcode_before_footer_bottom":"","ocean_shortcode_after_footer_bottom":"","ocean_display_top_bar":"default","ocean_display_header":"default","ocean_header_style":"","ocean_center_header_left_menu":"0","ocean_custom_header_template":"0","ocean_custom_logo":0,"ocean_custom_retina_logo":0,"ocean_custom_logo_max_width":0,"ocean_custom_logo_tablet_max_width":0,"ocean_custom_logo_mobile_max_width":0,"ocean_custom_logo_max_height":0,"ocean_custom_logo_tablet_max_height":0,"ocean_custom_logo_mobile_max_height":0,"ocean_header_custom_menu":"0","ocean_menu_typo_font_family":"0","ocean_menu_typo_font_subset":"","ocean_menu_typo_font_size":0,"ocean_menu_typo_font_size_tablet":0,"ocean_menu_typo_font_size_mobile":0,"ocean_menu_typo_font_size_unit":"px","ocean_menu_typo_font_weight":"","ocean_menu_typo_font_weight_tablet":"","ocean_menu_typo_font_weight_mobile":"","ocean_menu_typo_transform":"","ocean_menu_typo_transform_tablet":"","ocean_menu_typo_transform_mobile":"","ocean_menu_typo_line_height":0,"ocean_menu_typo_line_height_tablet":0,"ocean_menu_typo_line_height_mobile":0,"ocean_menu_typo_line_height_unit":"","ocean_menu_typo_spacing":0,"ocean_menu_typo_spacing_tablet":0,"ocean_menu_typo_spacing_mobile":0,"ocean_menu_typo_spacing_unit":"","ocean_menu_link_color":"","ocean_menu_link_color_hover":"","ocean_menu_link_color_active":"","ocean_menu_link_background":"","ocean_menu_link_hover_background":"","ocean_menu_link_active_background":"","ocean_menu_social_links_bg":"","ocean_menu_social_hover_links_bg":"","ocean_menu_social_links_color":"","ocean_menu_social_hover_links_color":"","ocean_disable_title":"default","ocean_disable_heading":"default","ocean_post_title":"","ocean_post_subheading":"","ocean_post_title_style":"","ocean_post_title_background_color":"","ocean_post_title_background":0,"ocean_post_title_bg_image_position":"","ocean_post_title_bg_image_attachment":"","ocean_post_title_bg_image_repeat":"","ocean_post_title_bg_image_size":"","ocean_post_title_height":0,"ocean_post_title_bg_overlay":0.5,"ocean_post_title_bg_overlay_color":"","ocean_disable_breadcrumbs":"default","ocean_breadcrumbs_color":"","ocean_breadcrumbs_separator_color":"","ocean_breadcrumbs_links_color":"","ocean_breadcrumbs_links_hover_color":"","ocean_display_footer_widgets":"default","ocean_display_footer_bottom":"default","ocean_custom_footer_template":"0"},"product_brand":[],"product_cat":[34],"product_tag":[],"class_list":{"0":"post-5922","1":"product","2":"type-product","3":"status-publish","4":"has-post-thumbnail","6":"product_cat-naturalne-oleje-do-ciala-etja","8":"entry","9":"has-media","11":"first","12":"instock","13":"shipping-taxable","14":"purchasable","15":"product-type-simple","16":"has-product-nav","17":"col","18":"span_1_of_3","19":"owp-content-left","20":"owp-thumbs-layout-horizontal","21":"owp-btn-normal","22":"owp-tabs-layout-horizontal","23":"has-no-thumbnails"},"_links":{"self":[{"href":"https:\/\/ecocorner.eu\/en\/wp-json\/wp\/v2\/product\/5922","targetHints":{"allow":["GET"]}}],"collection":[{"href":"https:\/\/ecocorner.eu\/en\/wp-json\/wp\/v2\/product"}],"about":[{"href":"https:\/\/ecocorner.eu\/en\/wp-json\/wp\/v2\/types\/product"}],"version-history":[{"count":1,"href":"https:\/\/ecocorner.eu\/en\/wp-json\/wp\/v2\/product\/5922\/revisions"}],"predecessor-version":[{"id":5924,"href":"https:\/\/ecocorner.eu\/en\/wp-json\/wp\/v2\/product\/5922\/revisions\/5924"}],"wp:featuredmedia":[{"embeddable":true,"href":"https:\/\/ecocorner.eu\/en\/wp-json\/wp\/v2\/media\/5923"}],"wp:attachment":[{"href":"https:\/\/ecocorner.eu\/en\/wp-json\/wp\/v2\/media?parent=5922"}],"wp:term":[{"taxonomy":"product_brand","embeddable":true,"href":"https:\/\/ecocorner.eu\/en\/wp-json\/wp\/v2\/product_brand?post=5922"},{"taxonomy":"product_cat","embeddable":true,"href":"https:\/\/ecocorner.eu\/en\/wp-json\/wp\/v2\/product_cat?post=5922"},{"taxonomy":"product_tag","embeddable":true,"href":"https:\/\/ecocorner.eu\/en\/wp-json\/wp\/v2\/product_tag?post=5922"}],"curies":[{"name":"wp","href":"https:\/\/api.w.org\/{rel}","templated":true}]}}