{"id":5934,"date":"2024-09-23T09:54:15","date_gmt":"2024-09-23T09:54:15","guid":{"rendered":"https:\/\/ecocorner.eu\/?post_type=product&#038;p=5934"},"modified":"2025-11-01T19:52:32","modified_gmt":"2025-11-01T19:52:32","slug":"etja-olejek-eteryczny-naturalny-lawendowy-10ml","status":"publish","type":"product","link":"https:\/\/ecocorner.eu\/en\/product\/etja-olejek-eteryczny-naturalny-lawendowy-10ml\/","title":{"rendered":"ETJA   Olejek eteryczny naturalny &#8211; Lawendowy 10ml"},"content":{"rendered":"<p><span class=\"wartosc\"><u>Method of application:<br \/>\n<\/u>\u00a0\u00a0\u00a0 - massage yourself<br \/>\n-k\u0105piel aromaterapeutyczna &#8211; jego delikatny kwiatowy zapach od\u015bwie\u017ca i o\u017cywia. K\u0105piel z udzia\u0142em olejku lawendowego dzia\u0142a odpr\u0119\u017caj\u0105co.<br \/>\n-delikatny masa\u017c g\u0142owy w okolicach skro\u0144<br \/>\n-zimny kompres (czo\u0142o lub kark)<br \/>\n-inhalacja<br \/>\n-moczenie st\u00f3p<br \/>\n-naturalne aromatyzowanie powietrza<br \/>\n-dodatek do olej\u00f3w bazowych<br \/>\n-w\u0142osy &#8211; zwalcza walk\u0119 z \u0142upie\u017cem<br \/>\n-cz\u0119sto wykorzystywany w przemy\u015ble perfumeryjnym<br \/>\n-bezpo\u015brednie w walce z stanem zapalnym sk\u00f3ry, egzemami<\/p>\n<p><u>Note<\/u>: \u015arednia<br \/>\n<u>Smell<\/u>: S\u0142odki, lekki, kwiatowy zapach<br \/>\n<u>Colour<\/u>: Lekko \u017c\u00f3\u0142tawy lub bezbarwny<br \/>\n<u>Good composition with oil<\/u>: Cytrynowym , cedrowym, cyprysowym, eukaliptusowym, grejpfrutowym, z drzew herbacianego, kminkowym, rozmarynowym, kminkowym, mi\u0119towym.<\/p>\n<p><strong>Contraindications<\/strong><br \/>\nW\u0142a\u015bciwie olejek nie ma \u017cadnych przeciwwskaza\u0144, nawet nie rozcie\u0144czony nie powoduje wi\u0119kszych\u00a0 podra\u017cnie\u0144.<\/p>\n<p><strong>keeping<\/strong><br \/>\nPrzechowywa\u0107 w szczelnie zamkni\u0119tej butelce z ciemnego szk\u0142a, w temperaturze pokojowej, w miejscu niedost\u0119pnym dla dzieci.<\/p>\n<p><strong>COUNTRY OF ORIGIN<\/strong><br \/>\nFrancja, Bu\u0142garia.<\/span><\/p>","protected":false},"excerpt":{"rendered":"<p>OLEJEK LAWNENDOWY\/Lavandula Angustifolia Oil\/<\/p>\n<p>Naturalny olejek uzyskiwany z \u015bwie\u017cych g\u0142\u00f3wek kwiat\u00f3w lawendy lekarskiej. Posiada zdolno\u015b\u0107 przywracania r\u00f3wnowagi wszystkim uk\u0142adom organizmu. Przyspiesza gojenie si\u0119 ran, podra\u017cnie\u0144 sk\u00f3ry i oparze\u0144, tak\u017ce tych s\u0142onecznych. Ma w\u0142a\u015bciwo\u015bci uspokajaj\u0105ce, przeciwdepresyjne, zmniejsza bezsenno\u015b\u0107 i napi\u0119cie nerwowe. Dzia\u0142a przeciwb\u00f3lowo przy reumatyzmie, zapaleniu ucha i migrenie. Ma dzia\u0142anie bakteriob\u00f3jcze, grzybob\u00f3jcze i owadob\u00f3jcze (odstrasza mole, owady i \u0142agodzi skutki uk\u0105sze\u0144). Zabija bakterie, kt\u00f3re powoduj\u0105 infekcj\u0119 sk\u00f3ry, r\u00f3wnocze\u015bnie wyg\u0142adza j\u0105, zmniejsza zmarszczki i obni\u017ca nadprodukcj\u0119 \u0142oju. Wdychanie olejku lawendowego posiada cudowne w\u0142a\u015bciwo\u015bci relaksuj\u0105ce zar\u00f3wno cia\u0142o jak i umys\u0142. Olejek lawendowy jest uwa\u017cany jako \u015brodek balansuj\u0105cy emocje, podnosz\u0105cy na duchu, \u0142agodz\u0105cy depresje oraz balansuj\u0105cy wewn\u0119trzn\u0105 dysharmoni\u0119.<\/p>\n<p>All essential oils offered by ETJA are 100% natural.<\/p>\n<p><u>Action<\/u>: Przeciwskurczowe, bakteriob\u00f3jcze, przeciwzaka\u017ane, przeciwb\u00f3lowe, antydepresyjne, przeciwreumatyczne, antytoksyczne, antyseptyczne, odtruwaj\u0105ce, stymuluj\u0105ce, pomaga w zaburzeniach snu i \u0142agodzi b\u00f3le g\u0142owy, przyspiesza gojenie oparze\u0144 i ran, dzia\u0142a uspokajaj\u0105co.<\/p>","protected":false},"featured_media":5935,"template":"","meta":{"ocean_post_layout":"","ocean_both_sidebars_style":"","ocean_both_sidebars_content_width":0,"ocean_both_sidebars_sidebars_width":0,"ocean_sidebar":"0","ocean_second_sidebar":"0","ocean_disable_margins":"enable","ocean_add_body_class":"","ocean_shortcode_before_top_bar":"","ocean_shortcode_after_top_bar":"","ocean_shortcode_before_header":"","ocean_shortcode_after_header":"","ocean_has_shortcode":"","ocean_shortcode_after_title":"","ocean_shortcode_before_footer_widgets":"","ocean_shortcode_after_footer_widgets":"","ocean_shortcode_before_footer_bottom":"","ocean_shortcode_after_footer_bottom":"","ocean_display_top_bar":"default","ocean_display_header":"default","ocean_header_style":"","ocean_center_header_left_menu":"0","ocean_custom_header_template":"0","ocean_custom_logo":0,"ocean_custom_retina_logo":0,"ocean_custom_logo_max_width":0,"ocean_custom_logo_tablet_max_width":0,"ocean_custom_logo_mobile_max_width":0,"ocean_custom_logo_max_height":0,"ocean_custom_logo_tablet_max_height":0,"ocean_custom_logo_mobile_max_height":0,"ocean_header_custom_menu":"0","ocean_menu_typo_font_family":"0","ocean_menu_typo_font_subset":"","ocean_menu_typo_font_size":0,"ocean_menu_typo_font_size_tablet":0,"ocean_menu_typo_font_size_mobile":0,"ocean_menu_typo_font_size_unit":"px","ocean_menu_typo_font_weight":"","ocean_menu_typo_font_weight_tablet":"","ocean_menu_typo_font_weight_mobile":"","ocean_menu_typo_transform":"","ocean_menu_typo_transform_tablet":"","ocean_menu_typo_transform_mobile":"","ocean_menu_typo_line_height":0,"ocean_menu_typo_line_height_tablet":0,"ocean_menu_typo_line_height_mobile":0,"ocean_menu_typo_line_height_unit":"","ocean_menu_typo_spacing":0,"ocean_menu_typo_spacing_tablet":0,"ocean_menu_typo_spacing_mobile":0,"ocean_menu_typo_spacing_unit":"","ocean_menu_link_color":"","ocean_menu_link_color_hover":"","ocean_menu_link_color_active":"","ocean_menu_link_background":"","ocean_menu_link_hover_background":"","ocean_menu_link_active_background":"","ocean_menu_social_links_bg":"","ocean_menu_social_hover_links_bg":"","ocean_menu_social_links_color":"","ocean_menu_social_hover_links_color":"","ocean_disable_title":"default","ocean_disable_heading":"default","ocean_post_title":"","ocean_post_subheading":"","ocean_post_title_style":"","ocean_post_title_background_color":"","ocean_post_title_background":0,"ocean_post_title_bg_image_position":"","ocean_post_title_bg_image_attachment":"","ocean_post_title_bg_image_repeat":"","ocean_post_title_bg_image_size":"","ocean_post_title_height":0,"ocean_post_title_bg_overlay":0.5,"ocean_post_title_bg_overlay_color":"","ocean_disable_breadcrumbs":"default","ocean_breadcrumbs_color":"","ocean_breadcrumbs_separator_color":"","ocean_breadcrumbs_links_color":"","ocean_breadcrumbs_links_hover_color":"","ocean_display_footer_widgets":"default","ocean_display_footer_bottom":"default","ocean_custom_footer_template":"0"},"product_brand":[],"product_cat":[66,34],"product_tag":[],"class_list":{"0":"post-5934","1":"product","2":"type-product","3":"status-publish","4":"has-post-thumbnail","6":"product_cat-aromaterapia-inhalacje","7":"product_cat-naturalne-oleje-do-ciala-etja","9":"entry","10":"has-media","12":"first","13":"instock","14":"shipping-taxable","15":"purchasable","16":"product-type-simple","17":"has-product-nav","18":"col","19":"span_1_of_3","20":"owp-content-left","21":"owp-thumbs-layout-horizontal","22":"owp-btn-normal","23":"owp-tabs-layout-horizontal","24":"has-no-thumbnails"},"_links":{"self":[{"href":"https:\/\/ecocorner.eu\/en\/wp-json\/wp\/v2\/product\/5934","targetHints":{"allow":["GET"]}}],"collection":[{"href":"https:\/\/ecocorner.eu\/en\/wp-json\/wp\/v2\/product"}],"about":[{"href":"https:\/\/ecocorner.eu\/en\/wp-json\/wp\/v2\/types\/product"}],"version-history":[{"count":2,"href":"https:\/\/ecocorner.eu\/en\/wp-json\/wp\/v2\/product\/5934\/revisions"}],"predecessor-version":[{"id":5937,"href":"https:\/\/ecocorner.eu\/en\/wp-json\/wp\/v2\/product\/5934\/revisions\/5937"}],"wp:featuredmedia":[{"embeddable":true,"href":"https:\/\/ecocorner.eu\/en\/wp-json\/wp\/v2\/media\/5935"}],"wp:attachment":[{"href":"https:\/\/ecocorner.eu\/en\/wp-json\/wp\/v2\/media?parent=5934"}],"wp:term":[{"taxonomy":"product_brand","embeddable":true,"href":"https:\/\/ecocorner.eu\/en\/wp-json\/wp\/v2\/product_brand?post=5934"},{"taxonomy":"product_cat","embeddable":true,"href":"https:\/\/ecocorner.eu\/en\/wp-json\/wp\/v2\/product_cat?post=5934"},{"taxonomy":"product_tag","embeddable":true,"href":"https:\/\/ecocorner.eu\/en\/wp-json\/wp\/v2\/product_tag?post=5934"}],"curies":[{"name":"wp","href":"https:\/\/api.w.org\/{rel}","templated":true}]}}