{"id":5941,"date":"2024-09-23T10:07:31","date_gmt":"2024-09-23T10:07:31","guid":{"rendered":"https:\/\/ecocorner.eu\/?post_type=product&#038;p=5941"},"modified":"2025-11-28T22:57:23","modified_gmt":"2025-11-28T22:57:23","slug":"narum-acidofilna-witamina-d3-k2mk7-4-000-iu-wit-d-60-kaps","status":"publish","type":"product","link":"https:\/\/ecocorner.eu\/en\/product\/narum-acidofilna-witamina-d3-k2mk7-4-000-iu-wit-d-60-kaps\/","title":{"rendered":"NARUM   Acidofilna witamina D3 + K2Mk7  (4 000 IU wit. D) 60 kaps."},"content":{"rendered":"<div class=\"mpof_ki myre_zn myre_8v_l m389_6m_l\">\n<div class=\"mp4t_16_s mryx_16_s mr3m_1 mli2_1 mh85_56 mh85_0_l\">\n<div class=\"mgn2_16 _0d3bd_am0a-\">\n<p>W jednej kapsu\u0142ce znajduje si\u0119 nie mniej ni\u017c<b> 11 x10^9 CFU*<\/b> \u017cywych bakterii.<\/p>\n<p>* RWS-reference cost of consumption<\/p>\n<p>**CFU \u2013 Colony Forming Unit \u2013 jednostka tworz\u0105ca koloni\u0119 bakterii<\/p>\n<p><b>Reception time:<\/b><\/p>\n<p>dla optymalnego efektu zaleca si\u0119 przyjmowa\u0107 przez minimum 5-6 tygodni.<\/p>\n<p><b>Method of application:<\/b><\/p>\n<p>kapsu\u0142ki nale\u017cy przyjmowa\u0107 15-20 minut przed posi\u0142kami z \u00bd szklanki napoju o temperaturze pokojowej. Mo\u017cna otworzy\u0107 kapsu\u0142k\u0119 i rozpu\u015bci\u0107 jej zawarto\u015b\u0107 w napoju.<\/p>\n<p>Nie nale\u017cy przekracza\u0107 zalecanej porcji do spo\u017cycia w ci\u0105gu dnia. Suplement diety nie mo\u017ce by\u0107 stosowany jako substytut (zamiennik) zr\u00f3\u017cnicowanej diety. Nie spo\u017cywa\u0107 przy nadwra\u017cliwo\u015bci na sk\u0142adniki produktu. Przed zastosowaniem wskazane jest wykonanie badania 25-(OH)D we krwi oraz konsultacja wyniku badania z lekarzem lub farmaceut\u0105. Produkt nie powinien by\u0107 spo\u017cywany przez osoby przyjmuj\u0105ce \u015brodki przeciwzakrzepowe zawieraj\u0105ce antagonist\u00f3w witaminy K (np. warfaryna i acenokumarol). Suplement diety przeznaczony wy\u0142\u0105cznie dla os\u00f3b zdrowych powy\u017cej 75 roku \u017cycia.<\/p>\n<p><b>Storage conditions:<\/b> Przechowywa\u0107 w ch\u0142odnym miejscu w temperaturze nie wy\u017cszej ni\u017c + 10 \u00b0C w spos\u00f3b niedost\u0119pny dla ma\u0142ych dzieci. Tylko na czas transportu mo\u017ce by\u0107 przechowywany w temperaturze pokojowej.<\/p>\n<p><b>It is best to consume until the end:<\/b> date on the packaging side. Do not use after the expiration date indicated on the package!<\/p>\n<p><b>Net weight:<\/b> 18 g<\/p>\n<\/div>\n<\/div>\n<\/div>","protected":false},"excerpt":{"rendered":"<p><b>Acidofilna witamina D3 + K2MK7<\/b> to kompozycja sk\u0142adaj\u0105ca si\u0119 z Lactobacterium mazuni \u201eKarine\u201d Str.2 (naturalny bukiet 19 bakterii), witaminy D i witaminy K.<\/p>\n<p><b>Vitamin D<\/b> pomaga w prawid\u0142owym wch\u0142anianiu\/wykorzystywaniu wapnia i fosforu, w utrzymaniu zdrowych ko\u015bci i z\u0119b\u00f3w, a tak\u017ce w prawid\u0142owym funkcjonowaniu mi\u0119\u015bni. Wspiera prawid\u0142owe funkcjonowanie uk\u0142adu odporno\u015bciowego, uczestniczy r\u00f3wnie\u017c w procesie podzia\u0142u kom\u00f3rek. Witamina K pomaga w utrzymaniu zdrowych ko\u015bci, a ponadto przyczynia si\u0119 do prawid\u0142owego krzepni\u0119cia krwi.<\/p>\n<p><b>Ingredients:<\/b><\/p>\n<ul>\n<li>menachinon-7 (witamina K),<\/li>\n<li>cholekalcyferol (witamina D),<\/li>\n<li>Lactobacillus helveticus,<\/li>\n<li>Lactobacillus rhamnosus,<\/li>\n<li>Lactobacillus delbrueckii,<\/li>\n<li>Lactococcus lactis ssp. Lactis,<\/li>\n<li>Streptococcus salivarius ssp. Thermophilus,<\/li>\n<li>Lactobacillus salivarius,<\/li>\n<li>Lactobacillus delbrueckii ssp. Lactis,Streptococcus thermophilus,<\/li>\n<li>Lactococcus lactis, Lactococcus lactis ssp. Cremoris,<\/li>\n<li>Lactobacillus reuteri,<\/li>\n<li>Streptococcus salivarius,<\/li>\n<li>Lactobacillus bulgaricus,<\/li>\n<li>Lactobacillus acidophilus,<\/li>\n<li>Lactobacillus plantarum,<\/li>\n<li>Lactobacillus casei,<\/li>\n<li>Lactobacillus delbrueckii ssp. Bulgarikus,<\/li>\n<li>Bifidobacterium bifidum,<\/li>\n<li>Bifidobacterium longum,<\/li>\n<li>kapsu\u0142ka &#8211; substancja \u017celuj\u0105ca: guma gellan,<\/li>\n<li>glazing: hydroxypropylmethylcellulose.<\/li>\n<\/ul>\n<p><b>Recommended daily serving:<\/b> 1 kapsu\u0142ka<\/p>","protected":false},"featured_media":5942,"template":"","meta":{"ocean_post_layout":"","ocean_both_sidebars_style":"","ocean_both_sidebars_content_width":0,"ocean_both_sidebars_sidebars_width":0,"ocean_sidebar":"0","ocean_second_sidebar":"0","ocean_disable_margins":"enable","ocean_add_body_class":"","ocean_shortcode_before_top_bar":"","ocean_shortcode_after_top_bar":"","ocean_shortcode_before_header":"","ocean_shortcode_after_header":"","ocean_has_shortcode":"","ocean_shortcode_after_title":"","ocean_shortcode_before_footer_widgets":"","ocean_shortcode_after_footer_widgets":"","ocean_shortcode_before_footer_bottom":"","ocean_shortcode_after_footer_bottom":"","ocean_display_top_bar":"default","ocean_display_header":"default","ocean_header_style":"","ocean_center_header_left_menu":"0","ocean_custom_header_template":"0","ocean_custom_logo":0,"ocean_custom_retina_logo":0,"ocean_custom_logo_max_width":0,"ocean_custom_logo_tablet_max_width":0,"ocean_custom_logo_mobile_max_width":0,"ocean_custom_logo_max_height":0,"ocean_custom_logo_tablet_max_height":0,"ocean_custom_logo_mobile_max_height":0,"ocean_header_custom_menu":"0","ocean_menu_typo_font_family":"0","ocean_menu_typo_font_subset":"","ocean_menu_typo_font_size":0,"ocean_menu_typo_font_size_tablet":0,"ocean_menu_typo_font_size_mobile":0,"ocean_menu_typo_font_size_unit":"px","ocean_menu_typo_font_weight":"","ocean_menu_typo_font_weight_tablet":"","ocean_menu_typo_font_weight_mobile":"","ocean_menu_typo_transform":"","ocean_menu_typo_transform_tablet":"","ocean_menu_typo_transform_mobile":"","ocean_menu_typo_line_height":0,"ocean_menu_typo_line_height_tablet":0,"ocean_menu_typo_line_height_mobile":0,"ocean_menu_typo_line_height_unit":"","ocean_menu_typo_spacing":0,"ocean_menu_typo_spacing_tablet":0,"ocean_menu_typo_spacing_mobile":0,"ocean_menu_typo_spacing_unit":"","ocean_menu_link_color":"","ocean_menu_link_color_hover":"","ocean_menu_link_color_active":"","ocean_menu_link_background":"","ocean_menu_link_hover_background":"","ocean_menu_link_active_background":"","ocean_menu_social_links_bg":"","ocean_menu_social_hover_links_bg":"","ocean_menu_social_links_color":"","ocean_menu_social_hover_links_color":"","ocean_disable_title":"default","ocean_disable_heading":"default","ocean_post_title":"","ocean_post_subheading":"","ocean_post_title_style":"","ocean_post_title_background_color":"","ocean_post_title_background":0,"ocean_post_title_bg_image_position":"","ocean_post_title_bg_image_attachment":"","ocean_post_title_bg_image_repeat":"","ocean_post_title_bg_image_size":"","ocean_post_title_height":0,"ocean_post_title_bg_overlay":0.5,"ocean_post_title_bg_overlay_color":"","ocean_disable_breadcrumbs":"default","ocean_breadcrumbs_color":"","ocean_breadcrumbs_separator_color":"","ocean_breadcrumbs_links_color":"","ocean_breadcrumbs_links_hover_color":"","ocean_display_footer_widgets":"default","ocean_display_footer_bottom":"default","ocean_custom_footer_template":"0"},"product_brand":[],"product_cat":[70,62,22],"product_tag":[],"class_list":{"0":"post-5941","1":"product","2":"type-product","3":"status-publish","4":"has-post-thumbnail","6":"product_cat-probiotyki","7":"product_cat-odpornosc","8":"product_cat-suplementy-i-witaminy","10":"entry","11":"has-media","13":"first","14":"outofstock","15":"shipping-taxable","16":"purchasable","17":"product-type-simple","18":"has-product-nav","19":"col","20":"span_1_of_3","21":"owp-content-left","22":"owp-thumbs-layout-horizontal","23":"owp-btn-normal","24":"owp-tabs-layout-horizontal","25":"has-no-thumbnails"},"_links":{"self":[{"href":"https:\/\/ecocorner.eu\/en\/wp-json\/wp\/v2\/product\/5941","targetHints":{"allow":["GET"]}}],"collection":[{"href":"https:\/\/ecocorner.eu\/en\/wp-json\/wp\/v2\/product"}],"about":[{"href":"https:\/\/ecocorner.eu\/en\/wp-json\/wp\/v2\/types\/product"}],"version-history":[{"count":1,"href":"https:\/\/ecocorner.eu\/en\/wp-json\/wp\/v2\/product\/5941\/revisions"}],"predecessor-version":[{"id":5943,"href":"https:\/\/ecocorner.eu\/en\/wp-json\/wp\/v2\/product\/5941\/revisions\/5943"}],"wp:featuredmedia":[{"embeddable":true,"href":"https:\/\/ecocorner.eu\/en\/wp-json\/wp\/v2\/media\/5942"}],"wp:attachment":[{"href":"https:\/\/ecocorner.eu\/en\/wp-json\/wp\/v2\/media?parent=5941"}],"wp:term":[{"taxonomy":"product_brand","embeddable":true,"href":"https:\/\/ecocorner.eu\/en\/wp-json\/wp\/v2\/product_brand?post=5941"},{"taxonomy":"product_cat","embeddable":true,"href":"https:\/\/ecocorner.eu\/en\/wp-json\/wp\/v2\/product_cat?post=5941"},{"taxonomy":"product_tag","embeddable":true,"href":"https:\/\/ecocorner.eu\/en\/wp-json\/wp\/v2\/product_tag?post=5941"}],"curies":[{"name":"wp","href":"https:\/\/api.w.org\/{rel}","templated":true}]}}