{"id":5947,"date":"2024-09-23T10:42:06","date_gmt":"2024-09-23T10:42:06","guid":{"rendered":"https:\/\/ecocorner.eu\/?post_type=product&#038;p=5947"},"modified":"2025-12-12T21:52:11","modified_gmt":"2025-12-12T21:52:11","slug":"natura-receptura-macerat-z-kwiatow-opuncji-figowej-w-oleju-arganowym-50ml","status":"publish","type":"product","link":"https:\/\/ecocorner.eu\/en\/product\/natura-receptura-macerat-z-kwiatow-opuncji-figowej-w-oleju-arganowym-50ml\/","title":{"rendered":"NATURA RECEPTURA     Macerat z kwiat\u00f3w opuncji figowej w oleju arganowym  50ml"},"content":{"rendered":"<p><strong>Ingredients<\/strong><br \/>\nINCI: BIO Argania spinosa kernel oil,\u00a0 Opuntia Ficus-Indica Flower Extract<\/p>\n<p>Popchodzenie: Maroko<\/p>","protected":false},"excerpt":{"rendered":"<p>ZIMNOT\u0141OCZONY, NIERAFINOWANY MACERAT Z KWIATU OPUNCJI FIGOWEJ W 100% NATURALNYM OLEJU ARGANOWYM BIO to doskona\u0142e po\u0142\u0105cznie tworz\u0105ce produkt o wysokiej zawarto\u015bci witamin oraz wielonienasyconych kwas\u00f3w t\u0142uszczowych (omegra-3,6,9).<\/p>\n<p>Olej wykazuje w\u0142a\u015bciwo\u015bci nawil\u017caj\u0105ce, wyg\u0142adzaj\u0105ce i od\u017cywiaj\u0105ce. Zawarto\u015b\u0107 wysokiego st\u0119\u017cenia witaminy m\u0142odo\u015bci \u2013 witaminy E powoduje znaczn\u0105 popraw\u0119 kondycji sk\u00f3ry \u2013 pojawia si\u0119 mniej zmarszczek, a te ju\u017c istniej\u0105ce ulegaj\u0105 sp\u0142yceniu. Macerat z kwiat\u00f3w opuncji odpowiedni jest do ka\u017cdego typu cery, szczeg\u00f3lnie suchej, dojrza\u0142ej, sk\u0142onnej do podra\u017cnie\u0144 i alergii. Dzi\u0119ki zawarto\u015bci butyrospermolu ochrania sk\u00f3r\u0119 przed i po opalaniu. Przyspiesza proces gojenia si\u0119 ran i blizn, a tak\u017ce wspomaga leczenie rozst\u0119p\u00f3w. Wzmacnia w\u0142osy, nadaje im spr\u0119\u017cysto\u015bci i blasku, a problem \u0142upie\u017cu czy rozdwojonych ko\u0144c\u00f3wek niweluje raz na zawsze!<\/p>\n<p>application:<br \/>\n&#8211; bezpo\u015brednio na sk\u00f3r\u0119 twarzy i cia\u0142a,<br \/>\n&#8211; jako sk\u0142adnik olejowych serum, krem\u00f3w, balsam\u00f3w,<br \/>\n- as a component of clay masks,<br \/>\n&#8211; do piel\u0119gnacji brzucha u kobiet w ci\u0105\u017cy, jak i po porodzie (w celu zniwelowania i zapobiegania pojawianiu si\u0119 rozst\u0119p\u00f3w),<br \/>\n&#8211; jako &#8222;ochraniacz&#8221; przed z\u0142ym wp\u0142ywem czynnik\u00f3w zewn\u0119trznych (s\u0142o\u0144ce, mr\u00f3z, silny wiatr),<br \/>\n&#8211; jako sk\u0142adnik szampon\u00f3w i od\u017cywek do w\u0142os\u00f3w (efekt nawil\u017cenia w\u0142os\u00f3w i sk\u00f3ry g\u0142owy),<br \/>\n&#8211; jako olejek do paznokci, a tak\u017ce po depilacji i goleniu,<br \/>\n&#8211; do masa\u017cu i k\u0105pieli.<\/p>\n<p>&nbsp;<\/p>","protected":false},"featured_media":5948,"template":"","meta":{"ocean_post_layout":"","ocean_both_sidebars_style":"","ocean_both_sidebars_content_width":0,"ocean_both_sidebars_sidebars_width":0,"ocean_sidebar":"0","ocean_second_sidebar":"0","ocean_disable_margins":"enable","ocean_add_body_class":"","ocean_shortcode_before_top_bar":"","ocean_shortcode_after_top_bar":"","ocean_shortcode_before_header":"","ocean_shortcode_after_header":"","ocean_has_shortcode":"","ocean_shortcode_after_title":"","ocean_shortcode_before_footer_widgets":"","ocean_shortcode_after_footer_widgets":"","ocean_shortcode_before_footer_bottom":"","ocean_shortcode_after_footer_bottom":"","ocean_display_top_bar":"default","ocean_display_header":"default","ocean_header_style":"","ocean_center_header_left_menu":"0","ocean_custom_header_template":"0","ocean_custom_logo":0,"ocean_custom_retina_logo":0,"ocean_custom_logo_max_width":0,"ocean_custom_logo_tablet_max_width":0,"ocean_custom_logo_mobile_max_width":0,"ocean_custom_logo_max_height":0,"ocean_custom_logo_tablet_max_height":0,"ocean_custom_logo_mobile_max_height":0,"ocean_header_custom_menu":"0","ocean_menu_typo_font_family":"0","ocean_menu_typo_font_subset":"","ocean_menu_typo_font_size":0,"ocean_menu_typo_font_size_tablet":0,"ocean_menu_typo_font_size_mobile":0,"ocean_menu_typo_font_size_unit":"px","ocean_menu_typo_font_weight":"","ocean_menu_typo_font_weight_tablet":"","ocean_menu_typo_font_weight_mobile":"","ocean_menu_typo_transform":"","ocean_menu_typo_transform_tablet":"","ocean_menu_typo_transform_mobile":"","ocean_menu_typo_line_height":0,"ocean_menu_typo_line_height_tablet":0,"ocean_menu_typo_line_height_mobile":0,"ocean_menu_typo_line_height_unit":"","ocean_menu_typo_spacing":0,"ocean_menu_typo_spacing_tablet":0,"ocean_menu_typo_spacing_mobile":0,"ocean_menu_typo_spacing_unit":"","ocean_menu_link_color":"","ocean_menu_link_color_hover":"","ocean_menu_link_color_active":"","ocean_menu_link_background":"","ocean_menu_link_hover_background":"","ocean_menu_link_active_background":"","ocean_menu_social_links_bg":"","ocean_menu_social_hover_links_bg":"","ocean_menu_social_links_color":"","ocean_menu_social_hover_links_color":"","ocean_disable_title":"default","ocean_disable_heading":"default","ocean_post_title":"","ocean_post_subheading":"","ocean_post_title_style":"","ocean_post_title_background_color":"","ocean_post_title_background":0,"ocean_post_title_bg_image_position":"","ocean_post_title_bg_image_attachment":"","ocean_post_title_bg_image_repeat":"","ocean_post_title_bg_image_size":"","ocean_post_title_height":0,"ocean_post_title_bg_overlay":0.5,"ocean_post_title_bg_overlay_color":"","ocean_disable_breadcrumbs":"default","ocean_breadcrumbs_color":"","ocean_breadcrumbs_separator_color":"","ocean_breadcrumbs_links_color":"","ocean_breadcrumbs_links_hover_color":"","ocean_display_footer_widgets":"default","ocean_display_footer_bottom":"default","ocean_custom_footer_template":"0"},"product_brand":[],"product_cat":[53,51],"product_tag":[],"class_list":{"0":"post-5947","1":"product","2":"type-product","3":"status-publish","4":"has-post-thumbnail","6":"product_cat-balsamy-musy-olejki-do-ciala","7":"product_cat-serum-mgielki-hydrolaty","9":"entry","10":"has-media","12":"first","13":"outofstock","14":"shipping-taxable","15":"purchasable","16":"product-type-simple","17":"has-product-nav","18":"col","19":"span_1_of_3","20":"owp-content-left","21":"owp-thumbs-layout-horizontal","22":"owp-btn-normal","23":"owp-tabs-layout-horizontal","24":"has-no-thumbnails"},"_links":{"self":[{"href":"https:\/\/ecocorner.eu\/en\/wp-json\/wp\/v2\/product\/5947","targetHints":{"allow":["GET"]}}],"collection":[{"href":"https:\/\/ecocorner.eu\/en\/wp-json\/wp\/v2\/product"}],"about":[{"href":"https:\/\/ecocorner.eu\/en\/wp-json\/wp\/v2\/types\/product"}],"version-history":[{"count":3,"href":"https:\/\/ecocorner.eu\/en\/wp-json\/wp\/v2\/product\/5947\/revisions"}],"predecessor-version":[{"id":8221,"href":"https:\/\/ecocorner.eu\/en\/wp-json\/wp\/v2\/product\/5947\/revisions\/8221"}],"wp:featuredmedia":[{"embeddable":true,"href":"https:\/\/ecocorner.eu\/en\/wp-json\/wp\/v2\/media\/5948"}],"wp:attachment":[{"href":"https:\/\/ecocorner.eu\/en\/wp-json\/wp\/v2\/media?parent=5947"}],"wp:term":[{"taxonomy":"product_brand","embeddable":true,"href":"https:\/\/ecocorner.eu\/en\/wp-json\/wp\/v2\/product_brand?post=5947"},{"taxonomy":"product_cat","embeddable":true,"href":"https:\/\/ecocorner.eu\/en\/wp-json\/wp\/v2\/product_cat?post=5947"},{"taxonomy":"product_tag","embeddable":true,"href":"https:\/\/ecocorner.eu\/en\/wp-json\/wp\/v2\/product_tag?post=5947"}],"curies":[{"name":"wp","href":"https:\/\/api.w.org\/{rel}","templated":true}]}}