{"id":5954,"date":"2024-09-23T10:47:18","date_gmt":"2024-09-23T10:47:18","guid":{"rendered":"https:\/\/ecocorner.eu\/?post_type=product&#038;p=5954"},"modified":"2026-01-15T21:16:38","modified_gmt":"2026-01-15T21:16:38","slug":"invent-farm-pluca-ziolowy-preparat-na-infekcje-drog-oddechowych-100-ml","status":"publish","type":"product","link":"https:\/\/ecocorner.eu\/en\/product\/invent-farm-pluca-ziolowy-preparat-na-infekcje-drog-oddechowych-100-ml\/","title":{"rendered":"INVENT FARM   P\u0142uca   Zio\u0142owy preparat na infekcje dr\u00f3g oddechowych  100 ml"},"content":{"rendered":"<p><strong>METHOD OF APPLICATION<\/strong><br \/>\nAdults: 2 times a day, 40 drops (2 times 2 ml) 30 minutes before meals.<\/p>\n<p>Children over 3 years of age: 2 times a day, 20 drops( 2 times 1 ml) 30 minutes before meals.<\/p>\n<p>The maximum daily dose is 4 ml (80 drops) for adults and 2 ml (40 drops) for children over 3 years of age.<\/p>\n<p>Do not exceed the recommended daily intake.<\/p>\n<p>Shake thoroughly before use.<\/p>\n<p><strong>note<\/strong><br \/>\nA dietary supplement cannot be used as a substitute for a varied diet. To maintain a good shape and ensure proper functioning of the body, it is necessary to lead a healthy lifestyle and adhere to a varied diet.<br \/>\nThe drug is not indicated for pregnant women and nursing mothers.<br \/>\nThe product should not be used by people who are allergic to any of the ingredients.<\/p>\n<p><strong>keeping<\/strong><br \/>\nThe drug should be stored at room temperature out of the reach of small children and protected from moisture and direct sunlight.<\/p>","protected":false},"excerpt":{"rendered":"<p>The ingredients contained in the preparation: eucalyptus, Plantain and peppermint are responsible for the health of the respiratory system. Ginger supports a healthy immune system.<\/p>\n<p>Maximum daily serving: 4 ml (80 drops) contains glycerin extract and herbal water:<br \/>\nEucalyptus leaf (Eucaliptus L. folium) 175 mg<br \/>\nPlantain leaf (Plantago lanceolata L. folium) 125 mg<br \/>\nPeppermint leaf (menthae piperitae folium) 100 mg<br \/>\nRhizome of medicinal ginger (Zingiber officinale rhizoma) 75 mg<br \/>\nCayenne pepper (Capsicum annuum L. fructus) 25 mg<\/p>\n<p><strong>Ingredients<\/strong><br \/>\nEucalyptus leaf, plantain leaf, peppermint leaf, medicinal ginger rhizome, cayenne pepper fruit, preservative: potassium sorbate, solvent: glycerin, water.<\/p>","protected":false},"featured_media":5955,"template":"","meta":{"ocean_post_layout":"","ocean_both_sidebars_style":"","ocean_both_sidebars_content_width":0,"ocean_both_sidebars_sidebars_width":0,"ocean_sidebar":"0","ocean_second_sidebar":"0","ocean_disable_margins":"enable","ocean_add_body_class":"","ocean_shortcode_before_top_bar":"","ocean_shortcode_after_top_bar":"","ocean_shortcode_before_header":"","ocean_shortcode_after_header":"","ocean_has_shortcode":"","ocean_shortcode_after_title":"","ocean_shortcode_before_footer_widgets":"","ocean_shortcode_after_footer_widgets":"","ocean_shortcode_before_footer_bottom":"","ocean_shortcode_after_footer_bottom":"","ocean_display_top_bar":"default","ocean_display_header":"default","ocean_header_style":"","ocean_center_header_left_menu":"0","ocean_custom_header_template":"0","ocean_custom_logo":0,"ocean_custom_retina_logo":0,"ocean_custom_logo_max_width":0,"ocean_custom_logo_tablet_max_width":0,"ocean_custom_logo_mobile_max_width":0,"ocean_custom_logo_max_height":0,"ocean_custom_logo_tablet_max_height":0,"ocean_custom_logo_mobile_max_height":0,"ocean_header_custom_menu":"0","ocean_menu_typo_font_family":"0","ocean_menu_typo_font_subset":"","ocean_menu_typo_font_size":0,"ocean_menu_typo_font_size_tablet":0,"ocean_menu_typo_font_size_mobile":0,"ocean_menu_typo_font_size_unit":"px","ocean_menu_typo_font_weight":"","ocean_menu_typo_font_weight_tablet":"","ocean_menu_typo_font_weight_mobile":"","ocean_menu_typo_transform":"","ocean_menu_typo_transform_tablet":"","ocean_menu_typo_transform_mobile":"","ocean_menu_typo_line_height":0,"ocean_menu_typo_line_height_tablet":0,"ocean_menu_typo_line_height_mobile":0,"ocean_menu_typo_line_height_unit":"","ocean_menu_typo_spacing":0,"ocean_menu_typo_spacing_tablet":0,"ocean_menu_typo_spacing_mobile":0,"ocean_menu_typo_spacing_unit":"","ocean_menu_link_color":"","ocean_menu_link_color_hover":"","ocean_menu_link_color_active":"","ocean_menu_link_background":"","ocean_menu_link_hover_background":"","ocean_menu_link_active_background":"","ocean_menu_social_links_bg":"","ocean_menu_social_hover_links_bg":"","ocean_menu_social_links_color":"","ocean_menu_social_hover_links_color":"","ocean_disable_title":"default","ocean_disable_heading":"default","ocean_post_title":"","ocean_post_subheading":"","ocean_post_title_style":"","ocean_post_title_background_color":"","ocean_post_title_background":0,"ocean_post_title_bg_image_position":"","ocean_post_title_bg_image_attachment":"","ocean_post_title_bg_image_repeat":"","ocean_post_title_bg_image_size":"","ocean_post_title_height":0,"ocean_post_title_bg_overlay":0.5,"ocean_post_title_bg_overlay_color":"","ocean_disable_breadcrumbs":"default","ocean_breadcrumbs_color":"","ocean_breadcrumbs_separator_color":"","ocean_breadcrumbs_links_color":"","ocean_breadcrumbs_links_hover_color":"","ocean_display_footer_widgets":"default","ocean_display_footer_bottom":"default","ocean_custom_footer_template":"0"},"product_brand":[],"product_cat":[21,20],"product_tag":[],"class_list":{"0":"post-5954","1":"product","2":"type-product","3":"status-publish","4":"has-post-thumbnail","6":"product_cat-zdrowie","7":"product_cat-dzieci","9":"entry","10":"has-media","12":"first","13":"outofstock","14":"shipping-taxable","15":"purchasable","16":"product-type-simple","17":"has-product-nav","18":"col","19":"span_1_of_3","20":"owp-content-left","21":"owp-thumbs-layout-horizontal","22":"owp-btn-normal","23":"owp-tabs-layout-horizontal","24":"has-no-thumbnails"},"_links":{"self":[{"href":"https:\/\/ecocorner.eu\/en\/wp-json\/wp\/v2\/product\/5954","targetHints":{"allow":["GET"]}}],"collection":[{"href":"https:\/\/ecocorner.eu\/en\/wp-json\/wp\/v2\/product"}],"about":[{"href":"https:\/\/ecocorner.eu\/en\/wp-json\/wp\/v2\/types\/product"}],"version-history":[{"count":2,"href":"https:\/\/ecocorner.eu\/en\/wp-json\/wp\/v2\/product\/5954\/revisions"}],"predecessor-version":[{"id":5957,"href":"https:\/\/ecocorner.eu\/en\/wp-json\/wp\/v2\/product\/5954\/revisions\/5957"}],"wp:featuredmedia":[{"embeddable":true,"href":"https:\/\/ecocorner.eu\/en\/wp-json\/wp\/v2\/media\/5955"}],"wp:attachment":[{"href":"https:\/\/ecocorner.eu\/en\/wp-json\/wp\/v2\/media?parent=5954"}],"wp:term":[{"taxonomy":"product_brand","embeddable":true,"href":"https:\/\/ecocorner.eu\/en\/wp-json\/wp\/v2\/product_brand?post=5954"},{"taxonomy":"product_cat","embeddable":true,"href":"https:\/\/ecocorner.eu\/en\/wp-json\/wp\/v2\/product_cat?post=5954"},{"taxonomy":"product_tag","embeddable":true,"href":"https:\/\/ecocorner.eu\/en\/wp-json\/wp\/v2\/product_tag?post=5954"}],"curies":[{"name":"wp","href":"https:\/\/api.w.org\/{rel}","templated":true}]}}