{"id":5961,"date":"2024-09-23T11:02:53","date_gmt":"2024-09-23T11:02:53","guid":{"rendered":"https:\/\/ecocorner.eu\/?post_type=product&#038;p=5961"},"modified":"2026-03-31T20:31:35","modified_gmt":"2026-03-31T20:31:35","slug":"pharmovit-kompleks-witamin-i-mineralow-dla-dzieci-i-mlodziezy-multicontrol-bezglutenowy-30-saszetek","status":"publish","type":"product","link":"https:\/\/ecocorner.eu\/en\/product\/pharmovit-kompleks-witamin-i-mineralow-dla-dzieci-i-mlodziezy-multicontrol-bezglutenowy-30-saszetek\/","title":{"rendered":"PHARMOVIT  Kompleks witamin i minera\u0142ow dla dzieci i m\u0142odzie\u017cy  Multicontrol  Bezglutenowy  30 saszetek"},"content":{"rendered":"<p><span data-containter=\"modal\"><span class=\"wartosc\">Ingredients<br \/>\nsproszkowany sok z owoc\u00f3w tropikalnych; substancja s\u0142odz\u0105ca: erytrytol; magnez (sole magnezowe kwasu cytrynowego); py\u0142ek pszczeli; colostrum wo\u0142owe bez laktozy (MLEKO), ekstrakt z owoc\u00f3w bzu czarnego standaryzowany na 10 % flawonoid\u00f3w; witamina C (kwas L-askorbinowy); cynk (glukonian cynku); naturalny aromat bananowy z innymi naturalnymi aromatami; naturalny aromat brzoskwiniowy z innymi naturalnymi aromatami; \u017celazo (fumaran \u017celaza (II)); witamina E (octan DL-alfa-tokoferylu); ekstrakt z ziela je\u017c\u00f3wki purpurowej standaryzowany na 4 % polifenoli; substancja s\u0142odz\u0105ca: glikozydy stewiolowe ze stewii; niacyna (amid kwasu nikotynowego); Selenium SeLECT\u00ae selen (L-selenometionina); ekstrakt z k\u0142\u0105czy imbiru standaryzowany na 5 % gingeroli; witamina A (octan retinylu); kwas pantotenowy (D-pantotenian wapnia); witamina D (cholekalcyferol); witamina K (menachinon-7); witamina B1 (chlorowodorek tiaminy); witamina B6 (pirydoksalo-5-fosforan); witamina B2 (ryboflawina); kwas foliowy (L-metylofolian wapnia); witamina B12 (metylokobalamina); chrom (chlorek chromu (III)).<br \/>\nSelenium SeLECT\u00ae jest zastrze\u017conym znakiem towarowym firmy SABINSA.<\/p>\n<p>Sk\u0142adniki w porcji dziennej:\u00a01 saszetka \/ 2 saszetki<br \/>\nWitamina C\u00a0&#8211; 40 mg (50 %)*\u00a0\/ 80 mg (100 %)*<br \/>\nColostrum wo\u0142owe\u00a0&#8211; 100 mg\u00a0\/ 200 mg<br \/>\nPy\u0142ek pszczeli\u00a0&#8211; 234,73 mg\u00a0\/ 469,46 mg<br \/>\nWitamina A\u00a0&#8211; 400 \u00b5g (50 %)*\u00a0\/ 800 \u00b5g (100 %)*<br \/>\nNiacyna\u00a0&#8211; 7 mg (44 %)*\u00a0\/ 14 mg (88 %)*<br \/>\nWitamina E\u00a0&#8211; 5 mg (42 %)* \/ 10 mg (83 %)*<br \/>\nKwas pantotenowy\u00a0&#8211; 3 mg (50 %)*\u00a0\/ 6 mg (100 %)*<br \/>\nWitamina B6\u00a0&#8211; 0,6 mg (43 %)*\u00a0\/ 1,2 mg (86 %)*<br \/>\nWitamina B2\u00a0&#8211; 0,6 mg (43 %)*\u00a0\/ 1,2 mg (86 %)*<br \/>\nWitamina B1\u00a0&#8211; 0,55 mg (50 %)*\u00a0\/ 1,1 mg (100 %)*<br \/>\nKwas foliowy\u00a0&#8211; 100 \u00b5g (50 %)*\u00a0\/ 200 \u00b5g (100 %)*<br \/>\nWitamina K2\u00a0&#8211; 15 \u00b5g (20 %)*\u00a0\/ 30 \u00b5g (40 %)*<br \/>\nWitamina D\u00a0&#8211; 5 \u00b5g\/200 IU (100 %)*\u00a0\/ 10 \u00b5g\/400 IU (200 %)*<br \/>\nWitamina B12\u00a0&#8211; 1,2 \u00b5g (48 %)*\u00a0\/ 2,4 \u00b5g (96 %)*<br \/>\nMagnez\u00a0&#8211; 56 mg (15 %)*\u00a0\/ 112 mg (30 %)*<br \/>\n\u017belazo\u00a0&#8211; 5 mg (36 %)*\u00a0\/ 10 mg (71 %)*<br \/>\nCynk\u00a0&#8211; 4 mg\u00a0(40 %)* \/ 8 mg\u00a0(80 %)*<br \/>\nSelen\u00a0&#8211; 25 \u00b5g (45 %)*\u00a0\/ 50 \u00b5g (91 %)*<br \/>\nChrom\u00a0&#8211; 10 \u00b5g (25 %)*\u00a0\/ 20 \u00b5g (50 %)*<br \/>\nEkstrakt z owoc\u00f3w bzu czarnego (Sambucus nigra) &#8211; 50 mg \/ 100 mg<br \/>\nw tym flawonoidy\u00a0&#8211; 5 mg\u00a0\/ 10 mg<br \/>\nEkstrakt z ziela je\u017c\u00f3wki purpurowej (Echinacea purpurea) &#8211; 10 mg \/ 20 mg<br \/>\nw tym polifenole &#8211; 0,4 mg\u00a0\/ 0,8 mg<br \/>\nEkstrakt z k\u0142\u0105czy imbiru lekarskiego (Zingiber officinale) &#8211; 5 mg \/ 10 mg<br \/>\nw tym gingerole\u00a0&#8211; 0,25 mg \/ 0,5 mg<br \/>\n*dzienna referencyjna warto\u015b\u0107 spo\u017cycia<\/p>\n<p>cooking method<br \/>\nZawarto\u015b\u0107 saszetki energicznie wymiesza\u0107 w 50 ml letniej wody. Spo\u017cy\u0107 bezpo\u015brednio po przygotowaniu.<\/p>\n<p>RECOMMENDED INTAKE AND OTHER CONSIDERATIONS<br \/>\nZalecana porcja produktu do spo\u017cycia w ci\u0105gu dnia niezb\u0119dna do uzyskania korzystnego dzia\u0142ania produktu: Spo\u017cywa\u0107 1 saszetk\u0119 (dzieci od 4 do 10 roku \u017cycia) lub 2 saszetki (m\u0142odzie\u017c od 11 do 18 roku \u017cycia) dziennie w trakcie lub po posi\u0142ku.<br \/>\nNie nale\u017cy przekracza\u0107 zalecanej porcji do spo\u017cycia w ci\u0105gu dnia. Nie stosowa\u0107 w przypadku uczulenia na kt\u00f3rykolwiek ze sk\u0142adnik\u00f3w.<br \/>\nSpo\u017cywania produktu nie zaleca si\u0119 kobietom w ci\u0105\u017cy i karmi\u0105cym piersi\u0105.<br \/>\nProdukt nie powinien by\u0107 spo\u017cywany przez osoby przyjmuj\u0105ce \u015brodki przeciwzakrzepowe zawieraj\u0105ce antagonist\u00f3w witaminy K (np. warfaryna i acenokumarol).<br \/>\nPrzed zastosowaniem wskazane jest wykonanie badania 25-(OH)D we krwi oraz konsultacja wyniku badania z lekarzem lub farmaceut\u0105.<br \/>\nProdukt nie mo\u017ce by\u0107 stosowany jako substytut zr\u00f3\u017cnicowanej diety. Wa\u017cne jest prowadzenie zdrowego trybu \u017cycia i zr\u00f3wnowa\u017conego sposobu \u017cywienia.<\/p>\n<p>RECOMMENDED STORAGE CONDITIONS<br \/>\nChroni\u0107 przed \u015bwiat\u0142em. Przechowywa\u0107 w temperaturze pokojowej, w suchym miejscu, w spos\u00f3b niedost\u0119pny dla ma\u0142ych dzieci <\/span><\/span><\/p>","protected":false},"excerpt":{"rendered":"<p><span data-containter=\"modal\"><span class=\"wartosc\">MultiControl\u2122to suplement diety dla dzieci i m\u0142odzie\u017cy, zawieraj\u0105cy kompleks witamin i minera\u0142\u00f3w. Sk\u0142ad wzbogacony zosta\u0142 colostrum wo\u0142owym bez laktozy, py\u0142kiem pszczelim oraz ekstraktami ro\u015blinnymi. <\/span><\/span><\/p>\n<p><span data-containter=\"modal\"><span class=\"wartosc\"><br \/>\nWitaminy C, A oraz cynk i echinacea pomagaj\u0105 w prawid\u0142owym funkcjonowaniu uk\u0142adu odporno\u015bciowego.<br \/>\nSelen, witamina E pomagaj\u0105 w ochronie kom\u00f3rek przed stresem oksydacyjnym.<br \/>\nNiacyna, witaminy B6 i B12 przyczyniaj\u0105 si\u0119 do zmniejszenia uczucia znu\u017cenia i zm\u0119czenia. Pomagaj\u0105 w prawid\u0142owym funkcjonowaniu uk\u0142adu nerwowego oraz w utrzymaniu prawid\u0142owych funkcji psychologicznych. Foliany pomagaj\u0105 w prawid\u0142owej produkcji krwi, a witamina B2 w utrzymaniu prawid\u0142owego stanu czerwonych krwinek.<br \/>\nWitamina K pomaga w utrzymaniu zdrowych ko\u015bci, a magnez i witamina D zdrowych ko\u015bci i z\u0119b\u00f3w.<br \/>\n\u017belazo pomaga w prawid\u0142owej produkcji czerwonych krwinek i hemoglobiny.<br \/>\nWitamina C pomaga w prawid\u0142owej produkcji kolagenu w celu zapewnienia prawid\u0142owego funkcjonowania sk\u00f3ry, ko\u015bci, chrz\u0105stki, dzi\u0105se\u0142 oraz z\u0119b\u00f3w.<br \/>\nChrom pomaga w utrzymaniu prawid\u0142owego poziomu glukozy we krwi, a kwas pantotenowy w utrzymaniu sprawno\u015bci umys\u0142owej na prawid\u0142owym poziomie. <\/span><\/span><\/p>\n<p><span data-containter=\"modal\"><span class=\"wartosc\"><br \/>\nProdukt zawiera substancje s\u0142odz\u0105ce. Owocowy smak (banan &#8211; brzoskwinia)<\/span><\/span><\/p>\n<p><span data-containter=\"modal\"><span class=\"wartosc\"><br \/>\nOpakowanie zawiera 15 &#8211; 30 porcji = 15 &#8211; 30 dni suplementacji. <\/span><\/span><\/p>\n<p><span data-containter=\"modal\"><span class=\"wartosc\"><br \/>\nProdukt nie zawiera substancji wype\u0142niaj\u0105cych, przeciwzbrylaj\u0105cych, barwnik\u00f3w.<\/span><\/span><\/p>","protected":false},"featured_media":5962,"template":"","meta":{"ocean_post_layout":"","ocean_both_sidebars_style":"","ocean_both_sidebars_content_width":0,"ocean_both_sidebars_sidebars_width":0,"ocean_sidebar":"0","ocean_second_sidebar":"0","ocean_disable_margins":"enable","ocean_add_body_class":"","ocean_shortcode_before_top_bar":"","ocean_shortcode_after_top_bar":"","ocean_shortcode_before_header":"","ocean_shortcode_after_header":"","ocean_has_shortcode":"","ocean_shortcode_after_title":"","ocean_shortcode_before_footer_widgets":"","ocean_shortcode_after_footer_widgets":"","ocean_shortcode_before_footer_bottom":"","ocean_shortcode_after_footer_bottom":"","ocean_display_top_bar":"default","ocean_display_header":"default","ocean_header_style":"","ocean_center_header_left_menu":"0","ocean_custom_header_template":"0","ocean_custom_logo":0,"ocean_custom_retina_logo":0,"ocean_custom_logo_max_width":0,"ocean_custom_logo_tablet_max_width":0,"ocean_custom_logo_mobile_max_width":0,"ocean_custom_logo_max_height":0,"ocean_custom_logo_tablet_max_height":0,"ocean_custom_logo_mobile_max_height":0,"ocean_header_custom_menu":"0","ocean_menu_typo_font_family":"0","ocean_menu_typo_font_subset":"","ocean_menu_typo_font_size":0,"ocean_menu_typo_font_size_tablet":0,"ocean_menu_typo_font_size_mobile":0,"ocean_menu_typo_font_size_unit":"px","ocean_menu_typo_font_weight":"","ocean_menu_typo_font_weight_tablet":"","ocean_menu_typo_font_weight_mobile":"","ocean_menu_typo_transform":"","ocean_menu_typo_transform_tablet":"","ocean_menu_typo_transform_mobile":"","ocean_menu_typo_line_height":0,"ocean_menu_typo_line_height_tablet":0,"ocean_menu_typo_line_height_mobile":0,"ocean_menu_typo_line_height_unit":"","ocean_menu_typo_spacing":0,"ocean_menu_typo_spacing_tablet":0,"ocean_menu_typo_spacing_mobile":0,"ocean_menu_typo_spacing_unit":"","ocean_menu_link_color":"","ocean_menu_link_color_hover":"","ocean_menu_link_color_active":"","ocean_menu_link_background":"","ocean_menu_link_hover_background":"","ocean_menu_link_active_background":"","ocean_menu_social_links_bg":"","ocean_menu_social_hover_links_bg":"","ocean_menu_social_links_color":"","ocean_menu_social_hover_links_color":"","ocean_disable_title":"default","ocean_disable_heading":"default","ocean_post_title":"","ocean_post_subheading":"","ocean_post_title_style":"","ocean_post_title_background_color":"","ocean_post_title_background":0,"ocean_post_title_bg_image_position":"","ocean_post_title_bg_image_attachment":"","ocean_post_title_bg_image_repeat":"","ocean_post_title_bg_image_size":"","ocean_post_title_height":0,"ocean_post_title_bg_overlay":0.5,"ocean_post_title_bg_overlay_color":"","ocean_disable_breadcrumbs":"default","ocean_breadcrumbs_color":"","ocean_breadcrumbs_separator_color":"","ocean_breadcrumbs_links_color":"","ocean_breadcrumbs_links_hover_color":"","ocean_display_footer_widgets":"default","ocean_display_footer_bottom":"default","ocean_custom_footer_template":"0"},"product_brand":[],"product_cat":[22,20],"product_tag":[],"class_list":{"0":"post-5961","1":"product","2":"type-product","3":"status-publish","4":"has-post-thumbnail","6":"product_cat-suplementy-i-witaminy","7":"product_cat-dzieci","9":"entry","10":"has-media","12":"first","13":"outofstock","14":"shipping-taxable","15":"purchasable","16":"product-type-simple","17":"has-product-nav","18":"col","19":"span_1_of_3","20":"owp-content-left","21":"owp-thumbs-layout-horizontal","22":"owp-btn-normal","23":"owp-tabs-layout-horizontal","24":"has-no-thumbnails"},"_links":{"self":[{"href":"https:\/\/ecocorner.eu\/en\/wp-json\/wp\/v2\/product\/5961","targetHints":{"allow":["GET"]}}],"collection":[{"href":"https:\/\/ecocorner.eu\/en\/wp-json\/wp\/v2\/product"}],"about":[{"href":"https:\/\/ecocorner.eu\/en\/wp-json\/wp\/v2\/types\/product"}],"version-history":[{"count":1,"href":"https:\/\/ecocorner.eu\/en\/wp-json\/wp\/v2\/product\/5961\/revisions"}],"predecessor-version":[{"id":5963,"href":"https:\/\/ecocorner.eu\/en\/wp-json\/wp\/v2\/product\/5961\/revisions\/5963"}],"wp:featuredmedia":[{"embeddable":true,"href":"https:\/\/ecocorner.eu\/en\/wp-json\/wp\/v2\/media\/5962"}],"wp:attachment":[{"href":"https:\/\/ecocorner.eu\/en\/wp-json\/wp\/v2\/media?parent=5961"}],"wp:term":[{"taxonomy":"product_brand","embeddable":true,"href":"https:\/\/ecocorner.eu\/en\/wp-json\/wp\/v2\/product_brand?post=5961"},{"taxonomy":"product_cat","embeddable":true,"href":"https:\/\/ecocorner.eu\/en\/wp-json\/wp\/v2\/product_cat?post=5961"},{"taxonomy":"product_tag","embeddable":true,"href":"https:\/\/ecocorner.eu\/en\/wp-json\/wp\/v2\/product_tag?post=5961"}],"curies":[{"name":"wp","href":"https:\/\/api.w.org\/{rel}","templated":true}]}}