{"id":5970,"date":"2024-09-23T11:42:44","date_gmt":"2024-09-23T11:42:44","guid":{"rendered":"https:\/\/ecocorner.eu\/?post_type=product&#038;p=5970"},"modified":"2026-04-16T21:06:56","modified_gmt":"2026-04-16T21:06:56","slug":"mokosh-kojaco-nawilzajacy-krem-do-twarzy-pokrzywa-z-mieta-60-ml","status":"publish","type":"product","link":"https:\/\/ecocorner.eu\/en\/product\/mokosh-kojaco-nawilzajacy-krem-do-twarzy-pokrzywa-z-mieta-60-ml\/","title":{"rendered":"MOKOSH   Koj\u0105co-nawil\u017caj\u0105cy krem do twarzy  Pokrzywa z mi\u0119t\u0105 60 ml      12.25"},"content":{"rendered":"<p><strong>Active Ingredients:<\/strong><\/p>\n<p>Naturalne woski (candelia, z bor\u00f3wki) &#8211; nat\u0142uszczaj\u0105 i tworz\u0105 na powierzchni sk\u00f3ry warstw\u0119 ochronn\u0105 zapobiegaj\u0105c\u0105 utracie wilgoci.<\/p>\n<p>Hydrolat z mi\u0119ty pieprzowej \u2013 dzia\u0142a tonizuj\u0105co daj\u0105c uczucie oczyszczenia oraz orze\u017awienia.<\/p>\n<p>Kompleks aktywnych olej\u00f3w (ze s\u0142odkich migda\u0142\u00f3w, z wiesio\u0142ka, jojoba) oraz skwalan dzia\u0142aj\u0105 regeneruj\u0105co i wyg\u0142adzaj\u0105co.<\/p>\n<p>Trehaloza &#8211; chroni kom\u00f3rki sk\u00f3ry przed uszkodzeniami powodowanymi przez promieniowanie UV. Zwalcza wolne rodniki, dzi\u0119ki czemu zapobiega starzeniu si\u0119 sk\u00f3ry.<\/p>\n<p>Inulina &#8211; naturalny prebiotyk, nawil\u017ca i \u0142agodzi podra\u017cnienia.<\/p>\n<p>Bisabolol &#8211; wspomaga procesy regeneracji, poprawia koloryt sk\u00f3ry, chroni przed stresem oksydacyjnym, zmniejsza wydzielanie sebum i \u0142agodzi podra\u017cnienia.<\/p>\n<p>Mleczan sodu &#8211; intensywnie nawil\u017ca i \u0142agodzi sk\u00f3r\u0119. Dzia\u0142a przeciwbakteryjne, zmniejsza stany zapalne i podra\u017cnienia.<\/p>\n<p>Witamina E &#8211; jest silnym przeciwutleniaczem, zapewnia ochron\u0119 przed szkodliwym wp\u0142ywem wolnych rodnik\u00f3w. Poprawia funkcje barierowe nask\u00f3rka. Wspomaga zachowanie prawid\u0142owego poziomu nawil\u017cenia.<\/p>\n<p>Ekstrakt z pokrzywy \u2013 dzia\u0142a antybakteryjnie, \u0142agodzi podra\u017cnienia i redukuje nadprodukcj\u0119 sebum.<\/p>\n<p>Ekstrakt z lukrecji &#8211; dzia\u0142a silnie nawil\u017caj\u0105co i wyg\u0142adzaj\u0105co, neutralizuje dzia\u0142anie wolnych rodnik\u00f3w, przeciwdzia\u0142a fotostarzeniu sk\u00f3ry, a tak\u017ce rozja\u015bnia przebarwienia.<\/p>\n<p>Kompleks ceramidowy (pochodz\u0105cy z organicznej oliwy z oliwek) skutecznie poprawia poziom nawil\u017cenia sk\u00f3ry w warstwie rogowej nask\u00f3rka.<\/p>\n<p><strong>Ingredients (INCI):<\/strong><\/p>\n<p>Aqua, Prunus Amygdalus Dulcis (Sweet Almond) Oil, Coco Caprylate\/Caprate, Cetearyl Alcohol, Glyceryl Stearate SE, Glyceryl Stearate Citrate, Cetearyl Olivate, Sorbitan Olivate, Inulin, Euphorbia Cerifera (Candelilla) Cera, Propanediol, Rhus Verniciflua Peel Cera, Urtica Dioica (Nettle) Extract, Ceramide NP, Glycyrrhiza Glabra (Licorice) Root Extract, Squalane, Simmondsia Chinensis (Jojoba) Seed Oil, Tocopherol, Bisabolol, Oenothera Biennis (Evening Primrose) Oil, Trehalose, Helianthus Annuus (Sunflower) Seed Oil, Glycerin, Xanthan Gum, Cellulose, Sodium Lactate, Parfum, Benzyl Alcohol, Dehydroacetic Acid, Potassium Sorbate, Sodium Benzoate, Citric Acid, Limonene, Linalool<\/p>","protected":false},"excerpt":{"rendered":"<p><strong>Koj\u0105co-nawil\u017caj\u0105cy krem do twarzy Pokrzywa z mi\u0119t\u0105:<\/strong><\/p>\n<ul>\n<li>regeneruje i \u0142agodzi such\u0105 i podra\u017cnion\u0105 sk\u00f3r\u0119, a tak\u017ce poprawia jej koloryt,<\/li>\n<li>intensywnie nawil\u017ca sk\u00f3r\u0119 tworz\u0105c na jej powierzchni warstw\u0119 ochronn\u0105,<\/li>\n<li>daje efekt zmatowienia<\/li>\n<\/ul>\n<p><strong>Method of application:<\/strong><\/p>\n<p>Wmasuj krem opuszkami palc\u00f3w w oczyszczon\u0105 sk\u00f3r\u0119 twarzy, szyi i dekoltu omijaj\u0105c okolice oczu. Stosuj rano i wieczorem.<\/p>","protected":false},"featured_media":5974,"template":"","meta":{"ocean_post_layout":"","ocean_both_sidebars_style":"","ocean_both_sidebars_content_width":0,"ocean_both_sidebars_sidebars_width":0,"ocean_sidebar":"0","ocean_second_sidebar":"0","ocean_disable_margins":"enable","ocean_add_body_class":"","ocean_shortcode_before_top_bar":"","ocean_shortcode_after_top_bar":"","ocean_shortcode_before_header":"","ocean_shortcode_after_header":"","ocean_has_shortcode":"","ocean_shortcode_after_title":"","ocean_shortcode_before_footer_widgets":"","ocean_shortcode_after_footer_widgets":"","ocean_shortcode_before_footer_bottom":"","ocean_shortcode_after_footer_bottom":"","ocean_display_top_bar":"default","ocean_display_header":"default","ocean_header_style":"","ocean_center_header_left_menu":"0","ocean_custom_header_template":"0","ocean_custom_logo":0,"ocean_custom_retina_logo":0,"ocean_custom_logo_max_width":0,"ocean_custom_logo_tablet_max_width":0,"ocean_custom_logo_mobile_max_width":0,"ocean_custom_logo_max_height":0,"ocean_custom_logo_tablet_max_height":0,"ocean_custom_logo_mobile_max_height":0,"ocean_header_custom_menu":"0","ocean_menu_typo_font_family":"0","ocean_menu_typo_font_subset":"","ocean_menu_typo_font_size":0,"ocean_menu_typo_font_size_tablet":0,"ocean_menu_typo_font_size_mobile":0,"ocean_menu_typo_font_size_unit":"px","ocean_menu_typo_font_weight":"","ocean_menu_typo_font_weight_tablet":"","ocean_menu_typo_font_weight_mobile":"","ocean_menu_typo_transform":"","ocean_menu_typo_transform_tablet":"","ocean_menu_typo_transform_mobile":"","ocean_menu_typo_line_height":0,"ocean_menu_typo_line_height_tablet":0,"ocean_menu_typo_line_height_mobile":0,"ocean_menu_typo_line_height_unit":"","ocean_menu_typo_spacing":0,"ocean_menu_typo_spacing_tablet":0,"ocean_menu_typo_spacing_mobile":0,"ocean_menu_typo_spacing_unit":"","ocean_menu_link_color":"","ocean_menu_link_color_hover":"","ocean_menu_link_color_active":"","ocean_menu_link_background":"","ocean_menu_link_hover_background":"","ocean_menu_link_active_background":"","ocean_menu_social_links_bg":"","ocean_menu_social_hover_links_bg":"","ocean_menu_social_links_color":"","ocean_menu_social_hover_links_color":"","ocean_disable_title":"default","ocean_disable_heading":"default","ocean_post_title":"","ocean_post_subheading":"","ocean_post_title_style":"","ocean_post_title_background_color":"","ocean_post_title_background":0,"ocean_post_title_bg_image_position":"","ocean_post_title_bg_image_attachment":"","ocean_post_title_bg_image_repeat":"","ocean_post_title_bg_image_size":"","ocean_post_title_height":0,"ocean_post_title_bg_overlay":0.5,"ocean_post_title_bg_overlay_color":"","ocean_disable_breadcrumbs":"default","ocean_breadcrumbs_color":"","ocean_breadcrumbs_separator_color":"","ocean_breadcrumbs_links_color":"","ocean_breadcrumbs_links_hover_color":"","ocean_display_footer_widgets":"default","ocean_display_footer_bottom":"default","ocean_custom_footer_template":"0"},"product_brand":[],"product_cat":[45,81,64,36],"product_tag":[],"class_list":{"0":"post-5970","1":"product","2":"type-product","3":"status-publish","4":"has-post-thumbnail","6":"product_cat-kremy-do-twarzy","7":"product_cat-mokosh","8":"product_cat-oferta-tygodnia","9":"product_cat-promocje-wyprzedaze","11":"entry","12":"has-media","14":"first","15":"instock","16":"sale","17":"shipping-taxable","18":"purchasable","19":"product-type-simple","20":"has-product-nav","21":"col","22":"span_1_of_3","23":"owp-content-left","24":"owp-thumbs-layout-horizontal","25":"owp-btn-normal","26":"owp-tabs-layout-horizontal"},"_links":{"self":[{"href":"https:\/\/ecocorner.eu\/en\/wp-json\/wp\/v2\/product\/5970","targetHints":{"allow":["GET"]}}],"collection":[{"href":"https:\/\/ecocorner.eu\/en\/wp-json\/wp\/v2\/product"}],"about":[{"href":"https:\/\/ecocorner.eu\/en\/wp-json\/wp\/v2\/types\/product"}],"version-history":[{"count":2,"href":"https:\/\/ecocorner.eu\/en\/wp-json\/wp\/v2\/product\/5970\/revisions"}],"predecessor-version":[{"id":8256,"href":"https:\/\/ecocorner.eu\/en\/wp-json\/wp\/v2\/product\/5970\/revisions\/8256"}],"wp:featuredmedia":[{"embeddable":true,"href":"https:\/\/ecocorner.eu\/en\/wp-json\/wp\/v2\/media\/5974"}],"wp:attachment":[{"href":"https:\/\/ecocorner.eu\/en\/wp-json\/wp\/v2\/media?parent=5970"}],"wp:term":[{"taxonomy":"product_brand","embeddable":true,"href":"https:\/\/ecocorner.eu\/en\/wp-json\/wp\/v2\/product_brand?post=5970"},{"taxonomy":"product_cat","embeddable":true,"href":"https:\/\/ecocorner.eu\/en\/wp-json\/wp\/v2\/product_cat?post=5970"},{"taxonomy":"product_tag","embeddable":true,"href":"https:\/\/ecocorner.eu\/en\/wp-json\/wp\/v2\/product_tag?post=5970"}],"curies":[{"name":"wp","href":"https:\/\/api.w.org\/{rel}","templated":true}]}}