{"id":6005,"date":"2024-09-23T12:12:59","date_gmt":"2024-09-23T12:12:59","guid":{"rendered":"https:\/\/ecocorner.eu\/?post_type=product&#038;p=6005"},"modified":"2025-12-17T18:25:18","modified_gmt":"2025-12-17T18:25:18","slug":"mokosh-wygladzajaco-oczyszczajaca-maska-do-twarzy-figa-z-weglem-60-ml","status":"publish","type":"product","link":"https:\/\/ecocorner.eu\/en\/product\/mokosh-wygladzajaco-oczyszczajaca-maska-do-twarzy-figa-z-weglem-60-ml\/","title":{"rendered":"MOKOSH   Wyg\u0142adzaj\u0105co-oczyszczaj\u0105ca maska do twarzy    Figa z w\u0119glem   60 ml"},"content":{"rendered":"<p>Uwaga: produkt naturalny o aktywnym dzia\u0142aniu, mo\u017ce powodowa\u0107 reakcj\u0119 zaczerwienienia i pieczenia. Jest to naturalny proces spowodowany aktywnym dzia\u0142aniem sk\u0142adnik\u00f3w maski. Partie mog\u0105 r\u00f3\u017cni\u0107 si\u0119 intensywno\u015bci\u0105 zapachu, barw\u0105 oraz konsystencj\u0105. Jest to zjawisko naturalne, kt\u00f3re nie wp\u0142ywa na jako\u015b\u0107 produktu i mo\u017ce post\u0119powa\u0107 z up\u0142ywem czasu. Przechowywa\u0107 w zacienionym miejscu w temperaturze pokojowej.<\/p>\n<p>&nbsp;<\/p>\n<p>Ingredients (INCI): Aqua, Prunus Amygdalus Dulcis (Sweet Almond) Oil, Isoamyl Laurate\u2022\u2022, Glyceryl Stearate Citrate\u2022\u2022, Charcoal Powder\u2022\u2022, Glycerin\u2022\u2022, Cetearyl Olivate\u2022\u2022, Aloe Barbadensis Leaf Juice, Lactobacillus\/Pumpkin Fruit Ferment Filtrate, Sorbitan Olivate\u2022\u2022, Glyceryl Stearate\u2022\u2022, Polyglyceryl-3 Distearate\u2022\u2022, Sodium Lactate\u2022\u2022, Cetearyl Glucoside\u2022\u2022, Cetearyl Alcohol\u2022\u2022, Simmondsia Chinensis (Jojoba) Seed Oil, C13-15 Alkane\u2022\u2022, Bisabolol, Glycyrrhiza Glabra Root Extract, Lactobacillus\/Salix Purpurea Bark Ferment Extract, Leuconostoc\/Radish Root Ferment Filtrate, Ficus Carica Fruit Extract, Lactic Acid\u2022\u2022, Helianthus Annuus Seed Oil, Tocopherol, Xanthan Gum\u2022\u2022, Benzyl Alcohol\u2022\u2022\u2022, Dehydroacetic Acid\u2022\u2022\u2022, Potassium Sorbate\u2022\u2022\u2022, Sodium Benzoate\u2022\u2022\u2022, Parfum, Coumarin\u2022, Linalool\u2022<\/p>\n<p>\u2022Sk\u0142adnik kompozycji zapachowej<br \/>\n\u2022\u2022Surowiec pochodzenia naturalnego<br \/>\n\u2022\u2022\u2022Zatwierdzony przez organizacje certyfikuj\u0105ce naturalne kosmetyki<\/p>","protected":false},"excerpt":{"rendered":"<p>Wyg\u0142adzaj\u0105co-oczyszczaj\u0105ca maska do twarzy Figa z w\u0119glem zosta\u0142a stworzona po to, aby silnie oczyszcza\u0107 sk\u00f3r\u0119, delikatnie z\u0142uszcza\u0107 i nadawa\u0107 jej promienny wygl\u0105d.<strong>\u00a0Aktywny w\u0119giel<\/strong> pozyskany z recyklingu zgodnie z zasadami zr\u00f3wnowa\u017conego rozwoju oczyszcza sk\u00f3r\u0119 z toksyn, wyg\u0142adza jej powierzchni\u0119 i absorbuje nadmiar sebum co nadaje sk\u00f3rze blask i zdrowy wygl\u0105d. <strong>Kwas mlekowy i sfermentowany ekstrakt z dyni<\/strong> przyspieszaj\u0105 odnow\u0119 kom\u00f3rkow\u0105 i rewitalizuj\u0105 sk\u00f3r\u0119. Dodatkowo <strong>bioferment z rzodkwi<\/strong> odbudowuje barier\u0119 ochronn\u0105 sk\u00f3ry, a <strong>ekstrakt z kory wierzby<\/strong> wspomaga dzia\u0142anie z\u0142uszczaj\u0105ce. <strong>Bisabolol i sok z aloesu<\/strong> \u0142agodz\u0105 podra\u017cnienia i dzia\u0142aj\u0105 koj\u0105co. <strong>Ekstrakt z korzenia lukrecji<\/strong> wspomaga piel\u0119gnacj\u0119 cer wymagaj\u0105cych.<strong> Oleje ze s\u0142odkich migda\u0142\u00f3w, jojoba <\/strong>and <strong>hemiskwalan<\/strong> odbudowuj\u0105 naturalny p\u0142aszcz hydrolipidowy a <strong>mleczan sodu<\/strong> silnie nawil\u017ca sk\u00f3r\u0119 oraz ogranicza transepidermaln\u0105 ucieczk\u0119 wody.<\/p>\n<p>Method of application:<br \/>\n\u2022 Sk\u00f3ra wra\u017cliwa, naczynkowa: na\u0142\u00f3\u017c mask\u0119 na oczyszczon\u0105 sk\u00f3r\u0119 twarzy. Pozostaw na sk\u00f3rze przez 5 minut, zmyj wykonuj\u0105c delikatny masa\u017c, co wzmocni dzia\u0142anie oczyszczaj\u0105ce maski.<\/p>\n<p>\u2022 Sk\u00f3ra normalna: na\u0142\u00f3\u017c mask\u0119 na oczyszczon\u0105, wilgotn\u0105 sk\u00f3r\u0119 twarzy,<br \/>\nwykonaj masa\u017c po czym pozostaw mask\u0119 na sk\u00f3rze przez 10-15 minut i zmyj.<br \/>\n\u2022 Sk\u00f3ra t\u0142usta, mieszana: na\u0142\u00f3\u017c mask\u0119 na oczyszczon\u0105 sk\u00f3r\u0119 twarzy, wykonaj masa\u017c, pozostaw na 20-25 minut.<\/p>\n<p>Maska jest kosmetykiem<strong> wega\u0144skim<\/strong>.<\/p>","protected":false},"featured_media":6007,"template":"","meta":{"ocean_post_layout":"","ocean_both_sidebars_style":"","ocean_both_sidebars_content_width":0,"ocean_both_sidebars_sidebars_width":0,"ocean_sidebar":"0","ocean_second_sidebar":"0","ocean_disable_margins":"enable","ocean_add_body_class":"","ocean_shortcode_before_top_bar":"","ocean_shortcode_after_top_bar":"","ocean_shortcode_before_header":"","ocean_shortcode_after_header":"","ocean_has_shortcode":"","ocean_shortcode_after_title":"","ocean_shortcode_before_footer_widgets":"","ocean_shortcode_after_footer_widgets":"","ocean_shortcode_before_footer_bottom":"","ocean_shortcode_after_footer_bottom":"","ocean_display_top_bar":"default","ocean_display_header":"default","ocean_header_style":"","ocean_center_header_left_menu":"0","ocean_custom_header_template":"0","ocean_custom_logo":0,"ocean_custom_retina_logo":0,"ocean_custom_logo_max_width":0,"ocean_custom_logo_tablet_max_width":0,"ocean_custom_logo_mobile_max_width":0,"ocean_custom_logo_max_height":0,"ocean_custom_logo_tablet_max_height":0,"ocean_custom_logo_mobile_max_height":0,"ocean_header_custom_menu":"0","ocean_menu_typo_font_family":"0","ocean_menu_typo_font_subset":"","ocean_menu_typo_font_size":0,"ocean_menu_typo_font_size_tablet":0,"ocean_menu_typo_font_size_mobile":0,"ocean_menu_typo_font_size_unit":"px","ocean_menu_typo_font_weight":"","ocean_menu_typo_font_weight_tablet":"","ocean_menu_typo_font_weight_mobile":"","ocean_menu_typo_transform":"","ocean_menu_typo_transform_tablet":"","ocean_menu_typo_transform_mobile":"","ocean_menu_typo_line_height":0,"ocean_menu_typo_line_height_tablet":0,"ocean_menu_typo_line_height_mobile":0,"ocean_menu_typo_line_height_unit":"","ocean_menu_typo_spacing":0,"ocean_menu_typo_spacing_tablet":0,"ocean_menu_typo_spacing_mobile":0,"ocean_menu_typo_spacing_unit":"","ocean_menu_link_color":"","ocean_menu_link_color_hover":"","ocean_menu_link_color_active":"","ocean_menu_link_background":"","ocean_menu_link_hover_background":"","ocean_menu_link_active_background":"","ocean_menu_social_links_bg":"","ocean_menu_social_hover_links_bg":"","ocean_menu_social_links_color":"","ocean_menu_social_hover_links_color":"","ocean_disable_title":"default","ocean_disable_heading":"default","ocean_post_title":"","ocean_post_subheading":"","ocean_post_title_style":"","ocean_post_title_background_color":"","ocean_post_title_background":0,"ocean_post_title_bg_image_position":"","ocean_post_title_bg_image_attachment":"","ocean_post_title_bg_image_repeat":"","ocean_post_title_bg_image_size":"","ocean_post_title_height":0,"ocean_post_title_bg_overlay":0.5,"ocean_post_title_bg_overlay_color":"","ocean_disable_breadcrumbs":"default","ocean_breadcrumbs_color":"","ocean_breadcrumbs_separator_color":"","ocean_breadcrumbs_links_color":"","ocean_breadcrumbs_links_hover_color":"","ocean_display_footer_widgets":"default","ocean_display_footer_bottom":"default","ocean_custom_footer_template":"0"},"product_brand":[],"product_cat":[49,81],"product_tag":[],"class_list":{"0":"post-6005","1":"product","2":"type-product","3":"status-publish","4":"has-post-thumbnail","6":"product_cat-maski-do-twarzy","7":"product_cat-mokosh","9":"entry","10":"has-media","12":"first","13":"outofstock","14":"shipping-taxable","15":"purchasable","16":"product-type-simple","17":"has-product-nav","18":"col","19":"span_1_of_3","20":"owp-content-left","21":"owp-thumbs-layout-horizontal","22":"owp-btn-normal","23":"owp-tabs-layout-horizontal","24":"has-no-thumbnails"},"_links":{"self":[{"href":"https:\/\/ecocorner.eu\/en\/wp-json\/wp\/v2\/product\/6005","targetHints":{"allow":["GET"]}}],"collection":[{"href":"https:\/\/ecocorner.eu\/en\/wp-json\/wp\/v2\/product"}],"about":[{"href":"https:\/\/ecocorner.eu\/en\/wp-json\/wp\/v2\/types\/product"}],"version-history":[{"count":1,"href":"https:\/\/ecocorner.eu\/en\/wp-json\/wp\/v2\/product\/6005\/revisions"}],"predecessor-version":[{"id":6008,"href":"https:\/\/ecocorner.eu\/en\/wp-json\/wp\/v2\/product\/6005\/revisions\/6008"}],"wp:featuredmedia":[{"embeddable":true,"href":"https:\/\/ecocorner.eu\/en\/wp-json\/wp\/v2\/media\/6007"}],"wp:attachment":[{"href":"https:\/\/ecocorner.eu\/en\/wp-json\/wp\/v2\/media?parent=6005"}],"wp:term":[{"taxonomy":"product_brand","embeddable":true,"href":"https:\/\/ecocorner.eu\/en\/wp-json\/wp\/v2\/product_brand?post=6005"},{"taxonomy":"product_cat","embeddable":true,"href":"https:\/\/ecocorner.eu\/en\/wp-json\/wp\/v2\/product_cat?post=6005"},{"taxonomy":"product_tag","embeddable":true,"href":"https:\/\/ecocorner.eu\/en\/wp-json\/wp\/v2\/product_tag?post=6005"}],"curies":[{"name":"wp","href":"https:\/\/api.w.org\/{rel}","templated":true}]}}