{"id":6009,"date":"2024-09-23T12:16:14","date_gmt":"2024-09-23T12:16:14","guid":{"rendered":"https:\/\/ecocorner.eu\/?post_type=product&#038;p=6009"},"modified":"2025-12-17T18:25:04","modified_gmt":"2025-12-17T18:25:04","slug":"mokosh-wygladzajaco-napinajace-serum-do-twarzy-figa-30-ml","status":"publish","type":"product","link":"https:\/\/ecocorner.eu\/en\/product\/mokosh-wygladzajaco-napinajace-serum-do-twarzy-figa-30-ml\/","title":{"rendered":"MOKOSH    Wyg\u0142adzaj\u0105co-napinaj\u0105ce serum do twarzy   Figa   30 ml"},"content":{"rendered":"<p>Method of application:<\/p>\n<p>Nanie\u015b niewielk\u0105 ilo\u015b\u0107 serum na sk\u00f3r\u0119 twarzy, szyi i dekoltu. Delikatnie wmasuj, a\u017c do ca\u0142kowitego wch\u0142oni\u0119cia.<\/p>\n<p>Stosuj rano i wieczorem.<\/p>\n<p><strong>Active Ingredients:<\/strong><\/p>\n<p><strong>Fermentowana woda z bambusa:<\/strong> zapewnia odpowiedni poziom nawil\u017cenia oraz jest naturalnym \u017ar\u00f3d\u0142em krzemionki.<\/p>\n<p><strong>Kompleks lekkich, naturalnych emolient\u00f3w:<\/strong> ma wyj\u0105tkowe w\u0142a\u015bciwo\u015bci sensoryczne, zapewnia uczucie sucho\u015bci, \u0142atwe wch\u0142anianie i jest naturaln\u0105 alternatyw\u0105 dla silikon\u00f3w. Pomaga chroni\u0107 sk\u00f3r\u0119, wzmacniaj\u0105c naturaln\u0105 barier\u0119 lipidow\u0105 sk\u00f3ry. Bazuje na synergistycznym po\u0142\u0105czeniu estr\u00f3w, alkan\u00f3w ro\u015blinnych i kopolimeru pozyskiwanego z oliwy z oliwek.<\/p>\n<p><strong>Macerat z figi<\/strong>: zmniejsza zaczerwienienie sk\u00f3ry ze wzgl\u0119du na bogactwo w cukr\u00f3w, flawonoid\u00f3w oraz minera\u0142\u00f3w.<\/p>\n<p><strong>Aquaxyl TM:<\/strong> cukrowy kompleks, kt\u00f3ry zwi\u0119ksza syntez\u0119 kwasu hialuronowego w sk\u00f3rze w\u0142a\u015bciwej i wp\u0142ywa na jej nawodnienie. Chroni sk\u00f3r\u0119 przed nadmiern\u0105 utrat\u0105 wody.<\/p>\n<p><strong>Argireline Amplified Peptide TM:<\/strong> heksapeptyd nale\u017c\u0105cy do grupy peptyd\u00f3w biomimetycznych, kt\u00f3ry zapewnia naturalny efekt botoksu \u2013 bardzo skutecznie wyg\u0142adza zmarszczki mimiczne i zapobiega powstawaniu nowych. Dzia\u0142a poprzez unikalny mechanizm, kt\u00f3ry sprawia, \u017ce sk\u00f3ra wygl\u0105da na j\u0119drn\u0105 i napi\u0119t\u0105.<\/p>\n<p><strong>Linefill TM:<\/strong> ro\u015blinna substancja aktywna oparta na sezaminie wyizolowanej z nasion sezamu. Pobudza naturaln\u0105 syntez\u0119 podsk\u00f3rnej tkanki t\u0142uszczowej wywo\u0142uj\u0105c efekt tzw. lipo\ufb01llingu zmarszczek &#8211; redukuje ich ilo\u015b\u0107 i g\u0142\u0119boko\u015b\u0107, poprawia mikrorze\u017ab\u0119 i nawil\u017cenie sk\u00f3ry oraz niweluje jej zaczerwienienie.<\/p>\n<p><strong>Hydrolizowane proteiny z j\u0119czmienia z\u0142otego:<\/strong> bogate w przeciwutleniacz- prolin\u0119, witaminy i minera\u0142y.<\/p>\n<p><strong>Fermentowany ekstrakt z rzodkwi:<\/strong> poza w\u0142a\u015bciwo\u015bciami konserwuj\u0105cymi jest te\u017c sk\u0142adnikiem aktywnym o w\u0142a\u015bciwo\u015bciach nawil\u017caj\u0105cych.<\/p>\n<p><strong>Sensoryczny, naturalny kompleks:<\/strong> kt\u00f3ry pozostawia na sk\u00f3rze jedwabist\u0105 g\u0142adko\u015b\u0107 i mi\u0119kko\u015b\u0107 por\u00f3wnywaln\u0105 z efektem jaki tworz\u0105 silikony. Jest to opatentowana, zoptymalizowana kombinacja fosfolipid\u00f3w i polisacharyd\u00f3w, kt\u00f3ra dzia\u0142a ochronnie na nask\u00f3rek- ograniczaj\u0105c TEWL, co skutkuje zwi\u0119kszeniem elastyczno\u015bci i mi\u0119kko\u015bci sk\u00f3ry. Dodatkowo u\u0142atwia wnikanie substancji czynnych w g\u0142\u0105b sk\u00f3ry.<\/p>\n<p>Ingredients (INCI): Aqua, Lactobacillus\/Arundinaria Gigantea Ferment Filtrate, Coco-Caprylate\/Caprate, Propanediol, Polyglyceryl-6 Stearate, C13-15 Alkane, Leuconostoc\/Radish Root Ferment Filtrate, Glycerin, Xylitylglucoside, Caprylic\/Capric Triglyceride, Anhydroxylitol, Helianthus Annuus Seed Oil, Ficus Carica Fruit Extract, Acetyl Hexapeptide-8, Hydrolyzed Barley Protein, Xylitol, Pullulan, Sesamum Indicum Seed Extract, Tocopherol, Lecithin, Xanthan Gum, Sclerotium Gum, Polyglyceryl-6 Oleate, Polyglyceryl-6 Behenate, Citric Acid, Tetrasodium Glutamate Diacetate, Dimethyl Isosorbide, Silica, Parfum, Sodium Benzoate, Potassium Sorbate, Benzyl Alcohol, Linalool, Coumarin<\/p>","protected":false},"excerpt":{"rendered":"<p>Wyg\u0142adzaj\u0105co-napinaj\u0105ce serum do twarzy Figa:<\/p>\n<ul>\n<li>zmniejsza widoczno\u015b\u0107 zmarszczek, napina sk\u00f3r\u0119 i nadaje jej jedwabist\u0105 g\u0142adko\u015b\u0107,<\/li>\n<li>intensywnie nawil\u017ca, wyg\u0142adza, daje uczucie od\u015bwie\u017cenia i zmniejsza zaczerwienienia,<\/li>\n<li>lekka konsystencja, daj\u0105ca satynowe wyko\u0144czenie sprawdzi si\u0119 jako baza pod makija\u017c.<\/li>\n<\/ul>","protected":false},"featured_media":6011,"template":"","meta":{"ocean_post_layout":"","ocean_both_sidebars_style":"","ocean_both_sidebars_content_width":0,"ocean_both_sidebars_sidebars_width":0,"ocean_sidebar":"0","ocean_second_sidebar":"0","ocean_disable_margins":"enable","ocean_add_body_class":"","ocean_shortcode_before_top_bar":"","ocean_shortcode_after_top_bar":"","ocean_shortcode_before_header":"","ocean_shortcode_after_header":"","ocean_has_shortcode":"","ocean_shortcode_after_title":"","ocean_shortcode_before_footer_widgets":"","ocean_shortcode_after_footer_widgets":"","ocean_shortcode_before_footer_bottom":"","ocean_shortcode_after_footer_bottom":"","ocean_display_top_bar":"default","ocean_display_header":"default","ocean_header_style":"","ocean_center_header_left_menu":"0","ocean_custom_header_template":"0","ocean_custom_logo":0,"ocean_custom_retina_logo":0,"ocean_custom_logo_max_width":0,"ocean_custom_logo_tablet_max_width":0,"ocean_custom_logo_mobile_max_width":0,"ocean_custom_logo_max_height":0,"ocean_custom_logo_tablet_max_height":0,"ocean_custom_logo_mobile_max_height":0,"ocean_header_custom_menu":"0","ocean_menu_typo_font_family":"0","ocean_menu_typo_font_subset":"","ocean_menu_typo_font_size":0,"ocean_menu_typo_font_size_tablet":0,"ocean_menu_typo_font_size_mobile":0,"ocean_menu_typo_font_size_unit":"px","ocean_menu_typo_font_weight":"","ocean_menu_typo_font_weight_tablet":"","ocean_menu_typo_font_weight_mobile":"","ocean_menu_typo_transform":"","ocean_menu_typo_transform_tablet":"","ocean_menu_typo_transform_mobile":"","ocean_menu_typo_line_height":0,"ocean_menu_typo_line_height_tablet":0,"ocean_menu_typo_line_height_mobile":0,"ocean_menu_typo_line_height_unit":"","ocean_menu_typo_spacing":0,"ocean_menu_typo_spacing_tablet":0,"ocean_menu_typo_spacing_mobile":0,"ocean_menu_typo_spacing_unit":"","ocean_menu_link_color":"","ocean_menu_link_color_hover":"","ocean_menu_link_color_active":"","ocean_menu_link_background":"","ocean_menu_link_hover_background":"","ocean_menu_link_active_background":"","ocean_menu_social_links_bg":"","ocean_menu_social_hover_links_bg":"","ocean_menu_social_links_color":"","ocean_menu_social_hover_links_color":"","ocean_disable_title":"default","ocean_disable_heading":"default","ocean_post_title":"","ocean_post_subheading":"","ocean_post_title_style":"","ocean_post_title_background_color":"","ocean_post_title_background":0,"ocean_post_title_bg_image_position":"","ocean_post_title_bg_image_attachment":"","ocean_post_title_bg_image_repeat":"","ocean_post_title_bg_image_size":"","ocean_post_title_height":0,"ocean_post_title_bg_overlay":0.5,"ocean_post_title_bg_overlay_color":"","ocean_disable_breadcrumbs":"default","ocean_breadcrumbs_color":"","ocean_breadcrumbs_separator_color":"","ocean_breadcrumbs_links_color":"","ocean_breadcrumbs_links_hover_color":"","ocean_display_footer_widgets":"default","ocean_display_footer_bottom":"default","ocean_custom_footer_template":"0"},"product_brand":[],"product_cat":[81,51],"product_tag":[],"class_list":{"0":"post-6009","1":"product","2":"type-product","3":"status-publish","4":"has-post-thumbnail","6":"product_cat-mokosh","7":"product_cat-serum-mgielki-hydrolaty","9":"entry","10":"has-media","12":"first","13":"outofstock","14":"shipping-taxable","15":"purchasable","16":"product-type-simple","17":"has-product-nav","18":"col","19":"span_1_of_3","20":"owp-content-left","21":"owp-thumbs-layout-horizontal","22":"owp-btn-normal","23":"owp-tabs-layout-horizontal"},"_links":{"self":[{"href":"https:\/\/ecocorner.eu\/en\/wp-json\/wp\/v2\/product\/6009","targetHints":{"allow":["GET"]}}],"collection":[{"href":"https:\/\/ecocorner.eu\/en\/wp-json\/wp\/v2\/product"}],"about":[{"href":"https:\/\/ecocorner.eu\/en\/wp-json\/wp\/v2\/types\/product"}],"version-history":[{"count":3,"href":"https:\/\/ecocorner.eu\/en\/wp-json\/wp\/v2\/product\/6009\/revisions"}],"predecessor-version":[{"id":8255,"href":"https:\/\/ecocorner.eu\/en\/wp-json\/wp\/v2\/product\/6009\/revisions\/8255"}],"wp:featuredmedia":[{"embeddable":true,"href":"https:\/\/ecocorner.eu\/en\/wp-json\/wp\/v2\/media\/6011"}],"wp:attachment":[{"href":"https:\/\/ecocorner.eu\/en\/wp-json\/wp\/v2\/media?parent=6009"}],"wp:term":[{"taxonomy":"product_brand","embeddable":true,"href":"https:\/\/ecocorner.eu\/en\/wp-json\/wp\/v2\/product_brand?post=6009"},{"taxonomy":"product_cat","embeddable":true,"href":"https:\/\/ecocorner.eu\/en\/wp-json\/wp\/v2\/product_cat?post=6009"},{"taxonomy":"product_tag","embeddable":true,"href":"https:\/\/ecocorner.eu\/en\/wp-json\/wp\/v2\/product_tag?post=6009"}],"curies":[{"name":"wp","href":"https:\/\/api.w.org\/{rel}","templated":true}]}}