{"id":6017,"date":"2024-09-23T12:20:45","date_gmt":"2024-09-23T12:20:45","guid":{"rendered":"https:\/\/ecocorner.eu\/?post_type=product&#038;p=6017"},"modified":"2026-04-10T21:43:04","modified_gmt":"2026-04-10T21:43:04","slug":"mokosh-liftingujaca-maska-do-twarzy-owies-i-bambus-60-ml","status":"publish","type":"product","link":"https:\/\/ecocorner.eu\/en\/product\/mokosh-liftingujaca-maska-do-twarzy-owies-i-bambus-60-ml\/","title":{"rendered":"MOKOSH      Liftinguj\u0105ca maska do twarzy Owies i bambus    60 ml     04.2026"},"content":{"rendered":"<h2>Jakie zalety maj\u0105 nasze maski do twarzy?<\/h2>\n<p>Dzi\u0119ki organicznym sk\u0142adnikom zawartym w preparacie mo\u017cesz go bezpiecznie pozostawi\u0107 na sk\u00f3rze na d\u0142u\u017cej, aby zintensyfikowa\u0107 jego dzia\u0142anie. <strong>Liftinguj\u0105ca maska do twarzy<\/strong> Owies i bambus jest delikatna dla sk\u00f3ry, a zarazem wyra\u017anie poprawia wygl\u0105d sk\u00f3ry. Kiedy postanowisz wygodnie si\u0119 rozsi\u0105\u015b\u0107 w fotelu podczas wieczornego rytua\u0142u, rano zaskoczy Ci\u0119 g\u0142adka i jedwabista w dotyku cera \u2013 od razu poczujesz si\u0119 m\u0142odziej. <strong>Liftinguj\u0105ca maska do twarzy<\/strong> sprawi r\u00f3wnie\u017c, \u017ce sk\u00f3ra b\u0119dzie bardziej napi\u0119ta i elastyczna. Nie b\u0119dziesz ju\u017c czu\u0142a nieprzyjemnego \u015bci\u0105gni\u0119cia i wysuszenia. Twoja cera stanie si\u0119 dobrze nawil\u017cona i od\u017cywiona, a to prze\u0142o\u017cy si\u0119 na jej zdrowy i \u015bwie\u017cy wygl\u0105d.<\/p>\n<h2>Maseczki do twarzy inne ni\u017c wszystkie<\/h2>\n<p>Maski to twarzy Mokosh to innowacyjne produkty, kt\u00f3re piel\u0119gnuj\u0105, a przy tym koj\u0105 zmys\u0142y. Maj\u0105 subtelny zapach i g\u0142adk\u0105 konsystencj\u0119, dzi\u0119ki czemu \u0142atwo je zaaplikowa\u0107. Wiemy, jak wa\u017cne jest, aby <strong>maski do twarzy<\/strong> dobrze si\u0119 rozprowadza\u0142y. Tylko wtedy jeste\u015b w stanie po\u0142o\u017cy\u0107 na sk\u00f3rze tak\u0105 ilo\u015b\u0107 produktu, jak\u0105 chcesz. Czasami mo\u017ce by\u0107 to cienka warstwa pozostawiona na noc \u2013 niczym od\u017cywczy krem. Innym razem mo\u017cesz pozwoli\u0107 sobie na intensywne p\u00f3\u0142 godziny z wi\u0119ksz\u0105 ilo\u015bci\u0105 kosmetyku. Zadbali\u015bmy, aby <strong>maski do twarzy <\/strong>by\u0142y idealne do stosowania przez kobiety \u017cyj\u0105ce intensywnie, kt\u00f3re na co dzie\u0144 cz\u0119sto maj\u0105 niewiele czasu na d\u0142ugie zabiegi piel\u0119gnacyjne. Mo\u017cesz wi\u0119c u\u017cywa\u0107 tych produkt\u00f3w na jeden z dw\u00f3ch sposob\u00f3w, kt\u00f3re opisali\u015bmy poni\u017cej.<\/p>\n<p><strong>Active Ingredients:<\/strong><\/p>\n<p>bioferment z bambusa, ekstrakt z drzewa Tara i czerwonej algi, m\u0105czka owsiana, olej jojoba, mas\u0142o shea, bisabolol, witamina E.<\/p>\n<p><strong>Maska idealnie piel\u0119gnuje sk\u00f3r\u0119 twarzy, szyi i dekoltu, a regularnie stosowana:<\/strong><\/p>\n<ul>\n<li>Zauwa\u017calnie liftinguje sk\u00f3r\u0119 ju\u017c po pierwszym u\u017cyciu<\/li>\n<li>Nadaje sk\u00f3rze zdrowy wygl\u0105d<\/li>\n<li>Poprawia nawil\u017cenie sk\u00f3ry<\/li>\n<li>Nadaje jedwabist\u0105 g\u0142adko\u015b\u0107<\/li>\n<li>Op\u00f3\u017ania procesy starzenia si\u0119 sk\u00f3ry<\/li>\n<li>Dzia\u0142a \u0142agodz\u0105co<\/li>\n<li>Stymuluje regeneracj\u0119, od\u017cywia i uelastycznia sk\u00f3r\u0119<\/li>\n<li>Chroni sk\u00f3r\u0119 przed niekorzystnym dzia\u0142aniem wolnych rodnik\u00f3w<\/li>\n<\/ul>\n<p><strong>Application:<\/strong><\/p>\n<p>Na\u0142\u00f3\u017c mask\u0119 na sk\u00f3r\u0119 twarzy, szyi i dekoltu z pomini\u0119ciem okolic oczu. Grub\u0105 warstw\u0119 maski pozostaw na sk\u00f3rze przez 30 minut. W celu intensyfikacji efekt\u00f3w dzia\u0142ania<\/p>\n<p>&#8211; pozostaw j\u0105 na noc, rano zmyj letni\u0105 wod\u0105. Stosuj 1-2 razy w tygodniu. Przed pierwszym u\u017cyciem maski nale\u017cy wykona\u0107 test na sk\u00f3rze, aby wykluczy\u0107 alergi\u0119 na jakikolwiek sk\u0142adnik.<\/p>\n<p>Maska jest kosmetykiem <strong>wega\u0144skim. <\/strong>Nie posiada sk\u0142adnik\u00f3w z przeciwwskazaniami dla kobiet w ci\u0105\u017cy.<\/p>\n<p>Aqua, Avena Sativa Kernel Flour, Cetearyl Alcohol\u2022\u2022, Lactobacillus\/Arundinaria Gigantea Ferment Filtrate, Isostearyl Isostearate\u2022\u2022,<\/p>\n<p>Glycerin\u2022\u2022, Simmondsia Chinensis (Jojoba) Seed Oil, Butyrospermum Parkii (Shea) Butter,<\/p>\n<p>Glyceryl Behenate\u2022\u2022, Caesalpinia Spinosa Fruit Extract, Kappaphycus Alvarezii Extract, Leuconostoc\/Radish Root Ferment Filtrate, Bisabolol, Squalene, Beta-Sitosterol, Tocopherol, Maltooligosyl Glucoside\u2022\u2022, Sodium Stearoyl Glutamate\u2022\u2022, Hydrogenated Starch Hydrolysate\u2022\u2022, Glucose\u2022\u2022, Tetrasodium Glutamate Diacetate\u2022\u2022\u2022, Cetearyl Glucoside\u2022\u2022, Benzyl Alcohol\u2022\u2022\u2022, Dehydroacetic Acid\u2022\u2022\u2022, Benzoic Acid\u2022\u2022\u2022, Sodium Hydroxide, Parfum<\/p>\n<ul>\n<li>\u2022 Surowiec pochodzenia ro\u015blinnego<\/li>\n<li>\u2022\u2022 Zatwierdzony przez organizacje certyfikuj\u0105ce naturalne kosmetyki<\/li>\n<\/ul>\n<figure><img decoding=\"async\" src=\"https:\/\/mokosh.pl\/userdata\/public\/upload\/blank-400-x-100-1-2.jpg\" alt=\"\" data-image=\"eb7eb22c-4647-45da-b974-e019eeeb0b2a\" \/><\/figure>","protected":false},"excerpt":{"rendered":"<p>Przedstawiamy Liftinguj\u0105c\u0105 mask\u0119 do twarzy, zawieraj\u0105c\u0105 <strong>m\u0105czk\u0119 owsian\u0105<\/strong> and <strong>wod\u0119 bambusow\u0105<\/strong>. To co\u015b wi\u0119cej ni\u017c tylko maska! Dopracowali\u015bmy formu\u0142\u0119 tak, aby Owies i bambus sta\u0142 si\u0119 Twoim niezb\u0119dnikiem jako:<\/p>\n<ol>\n<li>Poranny \u201eshot&#8221; ratunkowy, kt\u00f3ry postawi Twoj\u0105 sk\u00f3r\u0119 na nogi.<\/li>\n<li>Nocny rytua\u0142 odm\u0142adzaj\u0105cy, czyli ukojenie i intensywna regeneracja.<\/li>\n<\/ol>\n<h2>Liftinguj\u0105ca maska do twarzy Owies i bambus \u2013 naturalna maseczka do twarzy<\/h2>\n<p>Zawarte w masce wyci\u0105gi z <strong>drzewa Tara<\/strong> and <strong>czerwonych alg<\/strong> dzi\u0119ki obecno\u015bci <strong>glukopolimer\u00f3w<\/strong> i <strong>galaktoman\u00f3w<\/strong> tworz\u0105 na sk\u00f3rze cienki, wyg\u0142adzaj\u0105cy film. Oferuj\u0105 zauwa\u017calnie liftinguj\u0105ce dzia\u0142anie ju\u017c po pierwszym u\u017cyciu, a tak\u017ce op\u00f3\u017aniaj\u0105 procesy starzenia si\u0119 sk\u00f3ry. <strong>M\u0105czka owsiana<\/strong> zawiera ceramidy i lipidy, kt\u00f3re pomagaj\u0105 utrzyma\u0107 zdrowy wygl\u0105d sk\u00f3ry. Bogata w krzemionk\u0119 <strong>woda bambusowa<\/strong> dzi\u0119ki procesowi fermentacji staje si\u0119 doskonale biodost\u0119pna dla sk\u00f3ry, wspomagaj\u0105c jej prawid\u0142owe nawil\u017cenie. <strong>Biofermenty<\/strong> wspieraj\u0105 r\u00f3wnie\u017c odbudow\u0119 naturalnej mikroflory sk\u00f3ry. Naturalny <strong>bisabolol<\/strong> dzia\u0142a \u0142agodz\u0105co oraz pe\u0142ni funkcj\u0119 promotora wch\u0142aniania \u2013 co wspiera dzia\u0142anie surowc\u00f3w aktywnych. Organiczne sk\u0142adniki: <strong>mas\u0142o shea<\/strong> i <strong>jojoba oil<\/strong> maj\u0105 w\u0142a\u015bciwo\u015bci od\u017cywcze, regeneruj\u0105ce i uelastyczniaj\u0105ce sk\u00f3r\u0119. Kompleks zawieraj\u0105cy <strong>vitamin E\u00a0<\/strong>and <strong>beta-sitosterol<\/strong> pochodzenia naturalnego pomaga zwalcza\u0107 wolne rodniki odpowiedzialne za starzenie si\u0119 sk\u00f3ry.<\/p>","protected":false},"featured_media":6020,"template":"","meta":{"ocean_post_layout":"","ocean_both_sidebars_style":"","ocean_both_sidebars_content_width":0,"ocean_both_sidebars_sidebars_width":0,"ocean_sidebar":"0","ocean_second_sidebar":"0","ocean_disable_margins":"enable","ocean_add_body_class":"","ocean_shortcode_before_top_bar":"","ocean_shortcode_after_top_bar":"","ocean_shortcode_before_header":"","ocean_shortcode_after_header":"","ocean_has_shortcode":"","ocean_shortcode_after_title":"","ocean_shortcode_before_footer_widgets":"","ocean_shortcode_after_footer_widgets":"","ocean_shortcode_before_footer_bottom":"","ocean_shortcode_after_footer_bottom":"","ocean_display_top_bar":"default","ocean_display_header":"default","ocean_header_style":"","ocean_center_header_left_menu":"0","ocean_custom_header_template":"0","ocean_custom_logo":0,"ocean_custom_retina_logo":0,"ocean_custom_logo_max_width":0,"ocean_custom_logo_tablet_max_width":0,"ocean_custom_logo_mobile_max_width":0,"ocean_custom_logo_max_height":0,"ocean_custom_logo_tablet_max_height":0,"ocean_custom_logo_mobile_max_height":0,"ocean_header_custom_menu":"0","ocean_menu_typo_font_family":"0","ocean_menu_typo_font_subset":"","ocean_menu_typo_font_size":0,"ocean_menu_typo_font_size_tablet":0,"ocean_menu_typo_font_size_mobile":0,"ocean_menu_typo_font_size_unit":"px","ocean_menu_typo_font_weight":"","ocean_menu_typo_font_weight_tablet":"","ocean_menu_typo_font_weight_mobile":"","ocean_menu_typo_transform":"","ocean_menu_typo_transform_tablet":"","ocean_menu_typo_transform_mobile":"","ocean_menu_typo_line_height":0,"ocean_menu_typo_line_height_tablet":0,"ocean_menu_typo_line_height_mobile":0,"ocean_menu_typo_line_height_unit":"","ocean_menu_typo_spacing":0,"ocean_menu_typo_spacing_tablet":0,"ocean_menu_typo_spacing_mobile":0,"ocean_menu_typo_spacing_unit":"","ocean_menu_link_color":"","ocean_menu_link_color_hover":"","ocean_menu_link_color_active":"","ocean_menu_link_background":"","ocean_menu_link_hover_background":"","ocean_menu_link_active_background":"","ocean_menu_social_links_bg":"","ocean_menu_social_hover_links_bg":"","ocean_menu_social_links_color":"","ocean_menu_social_hover_links_color":"","ocean_disable_title":"default","ocean_disable_heading":"default","ocean_post_title":"","ocean_post_subheading":"","ocean_post_title_style":"","ocean_post_title_background_color":"","ocean_post_title_background":0,"ocean_post_title_bg_image_position":"","ocean_post_title_bg_image_attachment":"","ocean_post_title_bg_image_repeat":"","ocean_post_title_bg_image_size":"","ocean_post_title_height":0,"ocean_post_title_bg_overlay":0.5,"ocean_post_title_bg_overlay_color":"","ocean_disable_breadcrumbs":"default","ocean_breadcrumbs_color":"","ocean_breadcrumbs_separator_color":"","ocean_breadcrumbs_links_color":"","ocean_breadcrumbs_links_hover_color":"","ocean_display_footer_widgets":"default","ocean_display_footer_bottom":"default","ocean_custom_footer_template":"0"},"product_brand":[],"product_cat":[49,81,64,36],"product_tag":[],"class_list":{"0":"post-6017","1":"product","2":"type-product","3":"status-publish","4":"has-post-thumbnail","6":"product_cat-maski-do-twarzy","7":"product_cat-mokosh","8":"product_cat-oferta-tygodnia","9":"product_cat-promocje-wyprzedaze","11":"entry","12":"has-media","14":"first","15":"instock","16":"sale","17":"shipping-taxable","18":"purchasable","19":"product-type-simple","20":"has-product-nav","21":"col","22":"span_1_of_3","23":"owp-content-left","24":"owp-thumbs-layout-horizontal","25":"owp-btn-normal","26":"owp-tabs-layout-horizontal"},"_links":{"self":[{"href":"https:\/\/ecocorner.eu\/en\/wp-json\/wp\/v2\/product\/6017","targetHints":{"allow":["GET"]}}],"collection":[{"href":"https:\/\/ecocorner.eu\/en\/wp-json\/wp\/v2\/product"}],"about":[{"href":"https:\/\/ecocorner.eu\/en\/wp-json\/wp\/v2\/types\/product"}],"version-history":[{"count":2,"href":"https:\/\/ecocorner.eu\/en\/wp-json\/wp\/v2\/product\/6017\/revisions"}],"predecessor-version":[{"id":8745,"href":"https:\/\/ecocorner.eu\/en\/wp-json\/wp\/v2\/product\/6017\/revisions\/8745"}],"wp:featuredmedia":[{"embeddable":true,"href":"https:\/\/ecocorner.eu\/en\/wp-json\/wp\/v2\/media\/6020"}],"wp:attachment":[{"href":"https:\/\/ecocorner.eu\/en\/wp-json\/wp\/v2\/media?parent=6017"}],"wp:term":[{"taxonomy":"product_brand","embeddable":true,"href":"https:\/\/ecocorner.eu\/en\/wp-json\/wp\/v2\/product_brand?post=6017"},{"taxonomy":"product_cat","embeddable":true,"href":"https:\/\/ecocorner.eu\/en\/wp-json\/wp\/v2\/product_cat?post=6017"},{"taxonomy":"product_tag","embeddable":true,"href":"https:\/\/ecocorner.eu\/en\/wp-json\/wp\/v2\/product_tag?post=6017"}],"curies":[{"name":"wp","href":"https:\/\/api.w.org\/{rel}","templated":true}]}}