{"id":6036,"date":"2024-09-23T12:46:32","date_gmt":"2024-09-23T12:46:32","guid":{"rendered":"https:\/\/ecocorner.eu\/?post_type=product&#038;p=6036"},"modified":"2025-12-17T18:26:42","modified_gmt":"2025-12-17T18:26:42","slug":"mokosh-odzywka-maska-do-wlosow-cienkich-przetluszczajacych-sie-i-pozbawionych-objetosci-figa-wlosy-niskoporowate-180ml","status":"publish","type":"product","link":"https:\/\/ecocorner.eu\/en\/product\/mokosh-odzywka-maska-do-wlosow-cienkich-przetluszczajacych-sie-i-pozbawionych-objetosci-figa-wlosy-niskoporowate-180ml\/","title":{"rendered":"MOKOSH    Od\u017cywka\/maska do w\u0142os\u00f3w cienkich, przet\u0142uszczaj\u0105cych si\u0119 i pozbawionych obj\u0119to\u015bci &#8211; Figa   W\u0142osy  Niskoporowate  180ml"},"content":{"rendered":"<p><strong>Active Ingredients:<\/strong><\/p>\n<p><strong>Inulina <\/strong>jest ekstrahowana z korzenia cykorii. Sprawia, \u017ce w\u0142osy staj\u0105 si\u0119 wyg\u0142adzone, jedwabiste i dodaje im blasku, nie obci\u0105\u017caj\u0105c ich. Dzia\u0142a korzystnie na mikrobiom sk\u00f3ry g\u0142owy i niweluje podra\u017cnienia. Jako naturalny humektant doskonale wspiera nawil\u017cenie w\u0142os\u00f3w.<\/p>\n<p><strong>Propanediol<\/strong> dzia\u0142a nawil\u017caj\u0105co, jego higroskopijne w\u0142a\u015bciwo\u015bci sprawiaj\u0105, \u017ce nie\u00a0dopuszcza do\u00a0utraty wilgoci z w\u0142os\u00f3w.<\/p>\n<p><strong>Macerat z figi <\/strong>od\u017cywia i nadaje w\u0142osom blask.<\/p>\n<p><strong>Hydrolizowane proteiny j\u0119czmienia<\/strong>, bogate w aminokwasy i witaminy, wyg\u0142adzaj\u0105, wzmacniaj\u0105 i piel\u0119gnuj\u0105 rozdwojone ko\u0144ce.<\/p>\n<p><strong>Ekstrakt z lipy <\/strong>dzia\u0142a jako naturalny \u015brodek zwi\u0119kszaj\u0105cy obj\u0119to\u015b\u0107 w\u0142os\u00f3w, dodatkowo nawil\u017ca i dodaje spr\u0119\u017cysto\u015bci.<\/p>\n<p><strong>Ekstrakt z \u0142opianu<\/strong> przyspiesza wzrost w\u0142os\u00f3w, stosowany jest jako \u015brodek \u0142agodz\u0105cy przy \u0142upie\u017cu i zaburzeniach czynno\u015bci sk\u00f3ry g\u0142owy.<\/p>\n<p><strong>Polimer pochodzenia naturalnego<\/strong>, <strong>wytworzony z celulozy<\/strong>, kondycjonuje w\u0142osy, u\u0142atwia rozczesywanie, nadaje po\u0142ysk, zapobiega utracie wilgoci, zapobiega elektryzowaniu si\u0119.<\/p>\n<p><strong>Hydrolizowany jedwab &#8211; <\/strong>idealny \u015brodek poch\u0142aniaj\u0105cy wilgo\u0107 i nawil\u017caj\u0105cy. Na powierzchni w\u0142osa tworzy film ochronny, zapobiegaj\u0105cy utracie wilgoci oraz zmniejsza puszenie si\u0119.<\/p>\n<p><strong>Method of application:<\/strong><\/p>\n<p>Jako od\u017cywka do w\u0142os\u00f3w przet\u0142uszczaj\u0105cych si\u0119: nanie\u015b produkt od po\u0142owy d\u0142ugo\u015bci w\u0142os\u00f3w po ko\u0144c\u00f3wki, nast\u0119pnie sp\u0142ucz dok\u0142adnie. Stosuj po ka\u017cdym myciu w\u0142os\u00f3w.<\/p>\n<p>Jako od\u017cywka do w\u0142os\u00f3w normalnych: rozprowad\u017a produkt na ca\u0142ej d\u0142ugo\u015bci w\u0142os\u00f3w a\u017c po ko\u0144ce. Pozostaw na kilkana\u015bcie sekund, a nast\u0119pnie sp\u0142ucz. Stosuj po ka\u017cdym myciu w\u0142os\u00f3w.<\/p>\n<p>Jako maska: zastosuj produkt na ca\u0142ej d\u0142ugo\u015bci w\u0142os\u00f3w od nasady po ko\u0144ce i pozostaw na kilka do kilkunastu minut, a nast\u0119pnie sp\u0142ucz. Mo\u017cesz dodatkowo owin\u0105\u0107 g\u0142ow\u0119 ciep\u0142ym r\u0119cznikiem, dzi\u0119ki czemu zwi\u0119kszysz wch\u0142anianie sk\u0142adnik\u00f3w aktywnych w struktur\u0119 w\u0142osa. Stosuj t\u0119 metod\u0119 aplikacji w zale\u017cno\u015bci od potrzeb, kilka razy w miesi\u0105cu.<\/p>\n<p>Uwaga, sk\u0142adniki pochodzenia naturalnego. Partie mog\u0105 r\u00f3\u017cni\u0107 si\u0119 intensywno\u015bci\u0105 zapachu, barw\u0105 oraz konsystencj\u0105. Jest to proces naturalny, kt\u00f3ry nie wp\u0142ywa na jako\u015b\u0107 produktu i mo\u017ce post\u0119powa\u0107 z up\u0142ywem czasu. Przechowywa\u0107 w zacienionym miejscu w temperaturze pokojowej.<\/p>\n<p><strong>INCI:<\/strong> Aqua, C13-15 Alkane, Cetearyl Alcohol, Behenamidopropyl Dimethylamine, Inulin, Propanediol, Hydrogenated Palm Oil , Hydrogenated Rapeseed Oil, Glycerin, Hydrolyzed Silk, Hydrolyzed Barley Protein, Ficus Carica Fruit Extract, Tilia Tomentosa Bud Extract, Arctium Lappa Root Extract, Helianthus Annuus Seed Oil, Tocopherol , Polyquaternium &#8211; 10, Polyglyceryl-6 Oleate, Lactic Acid, Citric Acid, Benzyl Alcohol, Dehydroacetic Acid, Sodium Benzoate, Potassium Sorbate, Parfum, Linalool.<\/p>","protected":false},"excerpt":{"rendered":"<p>MOKOSH to skuteczna piel\u0119gnacja w\u0142os\u00f3w i sk\u00f3ry. Kosmetyki bogate w najwy\u017cszej jako\u015bci naturalne i aktywne sk\u0142adniki. Skuteczne, przebadane formu\u0142y doskonale od\u017cywiaj\u0105, nawil\u017caj\u0105, odm\u0142adzaj\u0105 i kondycjonuj\u0105.<\/p>\n<p>Humektantowa (nawil\u017caj\u0105ca) od\u017cywka\/maska z obni\u017con\u0105 ilo\u015bci\u0105 emolient\u00f3w do w\u0142os\u00f3w cienkich, przet\u0142uszczaj\u0105cych si\u0119 i pozbawionych obj\u0119to\u015bci Figa<\/p>\n<ul>\n<li>Nawil\u017ca i od\u017cywia w\u0142osy nie obci\u0105\u017caj\u0105c ich<\/li>\n<li>Wzmacnia w\u0142osy, zmniejsza ich \u0142amliwo\u015b\u0107 i nadaje obj\u0119to\u015bci<\/li>\n<li>Niweluje elektryzowanie si\u0119 i puszenie<\/li>\n<li>Dodaje w\u0142osom blasku i u\u0142atwia ich rozczesywanie<\/li>\n<li>Nadaje w\u0142osom lekko\u015b\u0107 i mi\u0119kko\u015b\u0107<\/li>\n<\/ul>\n<p>W\u0142osy niskoporowate \u2013 czym si\u0119 charakteryzuj\u0105?<\/p>\n<p>Zamkni\u0119ciem lub ma\u0142ym odchyleniem \u0142usek w\u0142osa. S\u0105 g\u0142adkie, l\u015bni\u0105ce i mi\u0119kkie, ale tak\u017ce oklapni\u0119te i pozbawione obj\u0119to\u015bci. Cz\u0119sto s\u0105 naturalnie proste i trudne w stylizacji. Maj\u0105 tendencj\u0119 do przet\u0142uszczania si\u0119.<\/p>","protected":false},"featured_media":6037,"template":"","meta":{"ocean_post_layout":"","ocean_both_sidebars_style":"","ocean_both_sidebars_content_width":0,"ocean_both_sidebars_sidebars_width":0,"ocean_sidebar":"0","ocean_second_sidebar":"0","ocean_disable_margins":"enable","ocean_add_body_class":"","ocean_shortcode_before_top_bar":"","ocean_shortcode_after_top_bar":"","ocean_shortcode_before_header":"","ocean_shortcode_after_header":"","ocean_has_shortcode":"","ocean_shortcode_after_title":"","ocean_shortcode_before_footer_widgets":"","ocean_shortcode_after_footer_widgets":"","ocean_shortcode_before_footer_bottom":"","ocean_shortcode_after_footer_bottom":"","ocean_display_top_bar":"default","ocean_display_header":"default","ocean_header_style":"","ocean_center_header_left_menu":"0","ocean_custom_header_template":"0","ocean_custom_logo":0,"ocean_custom_retina_logo":0,"ocean_custom_logo_max_width":0,"ocean_custom_logo_tablet_max_width":0,"ocean_custom_logo_mobile_max_width":0,"ocean_custom_logo_max_height":0,"ocean_custom_logo_tablet_max_height":0,"ocean_custom_logo_mobile_max_height":0,"ocean_header_custom_menu":"0","ocean_menu_typo_font_family":"0","ocean_menu_typo_font_subset":"","ocean_menu_typo_font_size":0,"ocean_menu_typo_font_size_tablet":0,"ocean_menu_typo_font_size_mobile":0,"ocean_menu_typo_font_size_unit":"px","ocean_menu_typo_font_weight":"","ocean_menu_typo_font_weight_tablet":"","ocean_menu_typo_font_weight_mobile":"","ocean_menu_typo_transform":"","ocean_menu_typo_transform_tablet":"","ocean_menu_typo_transform_mobile":"","ocean_menu_typo_line_height":0,"ocean_menu_typo_line_height_tablet":0,"ocean_menu_typo_line_height_mobile":0,"ocean_menu_typo_line_height_unit":"","ocean_menu_typo_spacing":0,"ocean_menu_typo_spacing_tablet":0,"ocean_menu_typo_spacing_mobile":0,"ocean_menu_typo_spacing_unit":"","ocean_menu_link_color":"","ocean_menu_link_color_hover":"","ocean_menu_link_color_active":"","ocean_menu_link_background":"","ocean_menu_link_hover_background":"","ocean_menu_link_active_background":"","ocean_menu_social_links_bg":"","ocean_menu_social_hover_links_bg":"","ocean_menu_social_links_color":"","ocean_menu_social_hover_links_color":"","ocean_disable_title":"default","ocean_disable_heading":"default","ocean_post_title":"","ocean_post_subheading":"","ocean_post_title_style":"","ocean_post_title_background_color":"","ocean_post_title_background":0,"ocean_post_title_bg_image_position":"","ocean_post_title_bg_image_attachment":"","ocean_post_title_bg_image_repeat":"","ocean_post_title_bg_image_size":"","ocean_post_title_height":0,"ocean_post_title_bg_overlay":0.5,"ocean_post_title_bg_overlay_color":"","ocean_disable_breadcrumbs":"default","ocean_breadcrumbs_color":"","ocean_breadcrumbs_separator_color":"","ocean_breadcrumbs_links_color":"","ocean_breadcrumbs_links_hover_color":"","ocean_display_footer_widgets":"default","ocean_display_footer_bottom":"default","ocean_custom_footer_template":"0"},"product_brand":[],"product_cat":[81,41],"product_tag":[],"class_list":{"0":"post-6036","1":"product","2":"type-product","3":"status-publish","4":"has-post-thumbnail","6":"product_cat-mokosh","7":"product_cat-odzywki-i-maski-do-wlosow","9":"entry","10":"has-media","12":"first","13":"outofstock","14":"shipping-taxable","15":"purchasable","16":"product-type-simple","17":"has-product-nav","18":"col","19":"span_1_of_3","20":"owp-content-left","21":"owp-thumbs-layout-horizontal","22":"owp-btn-normal","23":"owp-tabs-layout-horizontal","24":"has-no-thumbnails"},"_links":{"self":[{"href":"https:\/\/ecocorner.eu\/en\/wp-json\/wp\/v2\/product\/6036","targetHints":{"allow":["GET"]}}],"collection":[{"href":"https:\/\/ecocorner.eu\/en\/wp-json\/wp\/v2\/product"}],"about":[{"href":"https:\/\/ecocorner.eu\/en\/wp-json\/wp\/v2\/types\/product"}],"version-history":[{"count":1,"href":"https:\/\/ecocorner.eu\/en\/wp-json\/wp\/v2\/product\/6036\/revisions"}],"predecessor-version":[{"id":6038,"href":"https:\/\/ecocorner.eu\/en\/wp-json\/wp\/v2\/product\/6036\/revisions\/6038"}],"wp:featuredmedia":[{"embeddable":true,"href":"https:\/\/ecocorner.eu\/en\/wp-json\/wp\/v2\/media\/6037"}],"wp:attachment":[{"href":"https:\/\/ecocorner.eu\/en\/wp-json\/wp\/v2\/media?parent=6036"}],"wp:term":[{"taxonomy":"product_brand","embeddable":true,"href":"https:\/\/ecocorner.eu\/en\/wp-json\/wp\/v2\/product_brand?post=6036"},{"taxonomy":"product_cat","embeddable":true,"href":"https:\/\/ecocorner.eu\/en\/wp-json\/wp\/v2\/product_cat?post=6036"},{"taxonomy":"product_tag","embeddable":true,"href":"https:\/\/ecocorner.eu\/en\/wp-json\/wp\/v2\/product_tag?post=6036"}],"curies":[{"name":"wp","href":"https:\/\/api.w.org\/{rel}","templated":true}]}}