{"id":6048,"date":"2024-09-23T13:11:48","date_gmt":"2024-09-23T13:11:48","guid":{"rendered":"https:\/\/ecocorner.eu\/?post_type=product&#038;p=6048"},"modified":"2025-08-30T12:15:57","modified_gmt":"2025-08-30T12:15:57","slug":"skoczylas-na-oczy-suplement-diety-wspierajacy-wzrok-60-kaps","status":"publish","type":"product","link":"https:\/\/ecocorner.eu\/en\/product\/skoczylas-na-oczy-suplement-diety-wspierajacy-wzrok-60-kaps\/","title":{"rendered":"Skoczylas   Na Oczy  Suplement diety wspieraj\u0105cy wzrok   60 kaps."},"content":{"rendered":"<p>Ingredients:<br \/>\nEkstrakt z kwiat\u00f3w aksamitki wzniesionej <em>(Tagetes erecta L.)<\/em>, ekstrakt z owoc\u00f3w bor\u00f3wki czarnej <em>(Vaccinium myrtillus L.)<\/em>,\u00a0substancja wype\u0142niaj\u0105ca (celuloza mikrokrystaliczna),\u00a0kapsu\u0142ka (substancja glazuruj\u0105ca-hydroksypropylometyloceluloza), ekstrakt z wysuszonych li\u015bci mi\u0142orz\u0119bu dwuklapowego <em>(Ginkgo biloba L.)<\/em>.<\/p>\n<table class=\"table\" border=\"1\">\n<tbody>\n<tr>\n<td><strong>Ingredients<\/strong><\/td>\n<td><strong>Quantity in 2 capsules<br \/>\nRecommended daily intake\/<\/strong><\/td>\n<\/tr>\n<tr>\n<td><strong>ekstrakt z kwiat\u00f3w aksamitki wzniesionej,<\/strong><br \/>\nincluding:<br \/>\nluteina<br \/>\nzeaksantyna<\/td>\n<td><strong>250 mg<\/strong><\/p>\n<p>50 mg<br \/>\n10 mg<\/td>\n<\/tr>\n<tr>\n<td><strong>ekstrakt z owoc\u00f3w bor\u00f3wki czarnej<\/strong><\/td>\n<td><strong>200 mg<\/strong><\/td>\n<\/tr>\n<tr>\n<td><strong>*ekstrakt z wysuszonych li\u015bci mi\u0142orz\u0119bu dwuklapowego <\/strong><br \/>\nw tym:\u00a0glikozydy flawonowe<\/td>\n<td><strong>120 mg<\/strong><br \/>\n28,8 mg<\/td>\n<\/tr>\n<\/tbody>\n<\/table>\n<p>*Z uwagi na zawarto\u015b\u0107 standaryzowanego ekstraktu z wysuszonych li\u015bci mi\u0142orz\u0119bu dwuklapowego <em>(Ginkgo biloba L.)<\/em> przyjmuj\u0105c stymulanty, leki przeciwzakrzepowe skonsultuj spo\u017cycie z lekarzem. Suplementu diety z uwagi na zawarto\u015b\u0107 mi\u0142orz\u0119bu dwuklapowego nie u\u017cywa\u0107 w czasie ci\u0105\u017cy i karmienia piersi\u0105.<\/p>\n<p>RECOMMENDED CONSUMPTION:<br \/>\nDoro\u015bli 1 kapsu\u0142ka\u00a0dwa razy dziennie, najlepiej po posi\u0142ku.\u00a0Nie nale\u017cy przekracza\u0107 zalecanej porcji do spo\u017cycia w ci\u0105gu dnia.<\/p>\n<p>STORAGE METHOD:<br \/>\nPrzetrzymywa\u0107 w temperaturze pokojowej w spos\u00f3b niedost\u0119pny dla ma\u0142ych dzieci.<\/p>\n<p>IMPORTANT NOTES:<br \/>\nA dietary supplement cannot be used as a substitute for a varied diet. Maintaining a healthy lifestyle and following a balanced diet is essential for maintaining good health. It is not recommended for use by pregnant and lactating women. Do not use if you are allergic to any of the components of the drug.<\/p>\n<p>quantity:<br \/>\n60 vegetarian capsules is enough for 30 days.<\/p>","protected":false},"excerpt":{"rendered":"<p><strong>Na oczy marki SKOCZYLAS<\/strong><\/p>\n<p>purpose:<br \/>\n<strong>Aksamitka<\/strong> wzniesiona przyczynia si\u0119 do <u>poprawy ostro\u015bci wzroku<\/u>.\u00a0<strong>Bor\u00f3wka czarna<\/strong> zawiera antyoksydacyjne antocyjanozydy, kt\u00f3re pomagaj\u0105 w utrzymaniu <u>prawid\u0142owego funkcjonowania siatk\u00f3wki<\/u>. Antocyjanozydy z bor\u00f3wki czarnej mog\u0105 pom\u00f3c w stabilizacji zdrowego poziomu <u>kolagenu w oku<\/u>.\u00a0<strong>Ginkgo biloba<\/strong> wspomaga kr\u0105\u017cenie obwodowe, co jest szczeg\u00f3lnie przydatne dla oczu i uszu. Przyczynia si\u0119 do<u> dobrego s\u0142uchu i wzroku<\/u>.<\/p>\n<p>PERFECTION:<br \/>\n- carefully selected source of raw materials,<br \/>\n- without preservatives,<br \/>\n- without tracking,<br \/>\n- free of artificial colors (transparent capsule),<br \/>\n&#8211; czarne opakowanie\u00a0chroni zawarto\u015b\u0107 przed niepo\u017c\u0105danym dzia\u0142aniem promieni\u00a0UV,<br \/>\n- colorless capsule of vegetable origin,<br \/>\n- directly from the Polish manufacturer.<\/p>","protected":false},"featured_media":6049,"template":"","meta":{"ocean_post_layout":"","ocean_both_sidebars_style":"","ocean_both_sidebars_content_width":0,"ocean_both_sidebars_sidebars_width":0,"ocean_sidebar":"0","ocean_second_sidebar":"0","ocean_disable_margins":"enable","ocean_add_body_class":"","ocean_shortcode_before_top_bar":"","ocean_shortcode_after_top_bar":"","ocean_shortcode_before_header":"","ocean_shortcode_after_header":"","ocean_has_shortcode":"","ocean_shortcode_after_title":"","ocean_shortcode_before_footer_widgets":"","ocean_shortcode_after_footer_widgets":"","ocean_shortcode_before_footer_bottom":"","ocean_shortcode_after_footer_bottom":"","ocean_display_top_bar":"default","ocean_display_header":"default","ocean_header_style":"","ocean_center_header_left_menu":"0","ocean_custom_header_template":"0","ocean_custom_logo":0,"ocean_custom_retina_logo":0,"ocean_custom_logo_max_width":0,"ocean_custom_logo_tablet_max_width":0,"ocean_custom_logo_mobile_max_width":0,"ocean_custom_logo_max_height":0,"ocean_custom_logo_tablet_max_height":0,"ocean_custom_logo_mobile_max_height":0,"ocean_header_custom_menu":"0","ocean_menu_typo_font_family":"0","ocean_menu_typo_font_subset":"","ocean_menu_typo_font_size":0,"ocean_menu_typo_font_size_tablet":0,"ocean_menu_typo_font_size_mobile":0,"ocean_menu_typo_font_size_unit":"px","ocean_menu_typo_font_weight":"","ocean_menu_typo_font_weight_tablet":"","ocean_menu_typo_font_weight_mobile":"","ocean_menu_typo_transform":"","ocean_menu_typo_transform_tablet":"","ocean_menu_typo_transform_mobile":"","ocean_menu_typo_line_height":0,"ocean_menu_typo_line_height_tablet":0,"ocean_menu_typo_line_height_mobile":0,"ocean_menu_typo_line_height_unit":"","ocean_menu_typo_spacing":0,"ocean_menu_typo_spacing_tablet":0,"ocean_menu_typo_spacing_mobile":0,"ocean_menu_typo_spacing_unit":"","ocean_menu_link_color":"","ocean_menu_link_color_hover":"","ocean_menu_link_color_active":"","ocean_menu_link_background":"","ocean_menu_link_hover_background":"","ocean_menu_link_active_background":"","ocean_menu_social_links_bg":"","ocean_menu_social_hover_links_bg":"","ocean_menu_social_links_color":"","ocean_menu_social_hover_links_color":"","ocean_disable_title":"default","ocean_disable_heading":"default","ocean_post_title":"","ocean_post_subheading":"","ocean_post_title_style":"","ocean_post_title_background_color":"","ocean_post_title_background":0,"ocean_post_title_bg_image_position":"","ocean_post_title_bg_image_attachment":"","ocean_post_title_bg_image_repeat":"","ocean_post_title_bg_image_size":"","ocean_post_title_height":0,"ocean_post_title_bg_overlay":0.5,"ocean_post_title_bg_overlay_color":"","ocean_disable_breadcrumbs":"default","ocean_breadcrumbs_color":"","ocean_breadcrumbs_separator_color":"","ocean_breadcrumbs_links_color":"","ocean_breadcrumbs_links_hover_color":"","ocean_display_footer_widgets":"default","ocean_display_footer_bottom":"default","ocean_custom_footer_template":"0"},"product_brand":[],"product_cat":[29,72],"product_tag":[],"class_list":{"0":"post-6048","1":"product","2":"type-product","3":"status-publish","4":"has-post-thumbnail","6":"product_cat-oczy","7":"product_cat-skoczylas","9":"entry","10":"has-media","12":"first","13":"outofstock","14":"shipping-taxable","15":"purchasable","16":"product-type-simple","17":"has-product-nav","18":"col","19":"span_1_of_3","20":"owp-content-left","21":"owp-thumbs-layout-horizontal","22":"owp-btn-normal","23":"owp-tabs-layout-horizontal","24":"has-no-thumbnails"},"_links":{"self":[{"href":"https:\/\/ecocorner.eu\/en\/wp-json\/wp\/v2\/product\/6048","targetHints":{"allow":["GET"]}}],"collection":[{"href":"https:\/\/ecocorner.eu\/en\/wp-json\/wp\/v2\/product"}],"about":[{"href":"https:\/\/ecocorner.eu\/en\/wp-json\/wp\/v2\/types\/product"}],"version-history":[{"count":1,"href":"https:\/\/ecocorner.eu\/en\/wp-json\/wp\/v2\/product\/6048\/revisions"}],"predecessor-version":[{"id":6050,"href":"https:\/\/ecocorner.eu\/en\/wp-json\/wp\/v2\/product\/6048\/revisions\/6050"}],"wp:featuredmedia":[{"embeddable":true,"href":"https:\/\/ecocorner.eu\/en\/wp-json\/wp\/v2\/media\/6049"}],"wp:attachment":[{"href":"https:\/\/ecocorner.eu\/en\/wp-json\/wp\/v2\/media?parent=6048"}],"wp:term":[{"taxonomy":"product_brand","embeddable":true,"href":"https:\/\/ecocorner.eu\/en\/wp-json\/wp\/v2\/product_brand?post=6048"},{"taxonomy":"product_cat","embeddable":true,"href":"https:\/\/ecocorner.eu\/en\/wp-json\/wp\/v2\/product_cat?post=6048"},{"taxonomy":"product_tag","embeddable":true,"href":"https:\/\/ecocorner.eu\/en\/wp-json\/wp\/v2\/product_tag?post=6048"}],"curies":[{"name":"wp","href":"https:\/\/api.w.org\/{rel}","templated":true}]}}