{"id":6079,"date":"2024-10-21T10:53:15","date_gmt":"2024-10-21T10:53:15","guid":{"rendered":"https:\/\/ecocorner.eu\/?post_type=product&#038;p=6079"},"modified":"2026-04-10T21:42:26","modified_gmt":"2026-04-10T21:42:26","slug":"mokosh-young-krok-1-lagodzacy-zel-do-mycia-twarzy-przeciw-niedoskonalosciom-100ml","status":"publish","type":"product","link":"https:\/\/ecocorner.eu\/en\/product\/mokosh-young-krok-1-lagodzacy-zel-do-mycia-twarzy-przeciw-niedoskonalosciom-100ml\/","title":{"rendered":"Mokosh Young   KROK 1 | \u0141agodz\u0105cy \u017cel do mycia twarzy przeciw niedoskona\u0142o\u015bciom 100ml"},"content":{"rendered":"<div class=\"active_INCI\">\n<h2>Krok 1 \u0141agodz\u0105cy \u017cel do mycia twarzy przeciw niedoskona\u0142o\u015bciom<\/h2>\n<p><strong>Inulina<\/strong> | Naturalny prebiotyk pozyskiwany z korzenia cykorii, ma dzia\u0142anie nawil\u017caj\u0105ce i zapobiega przeznask\u00f3rkowej utracie wody, przez co zapewnia sk\u00f3rze odpowiedni poziom nawil\u017cenia. Jest jednym z naturalnych antyoksydant\u00f3w, przez co neutralizuje dzia\u0142anie wolnych rodnik\u00f3w. Inulina dzia\u0142a r\u00f3wnie\u017c przeciwzapalnie i \u0142agodz\u0105co<\/p>\n<p><strong>Bioferment z bambusa <\/strong>| Nawil\u017ca, regeneruje i wyg\u0142adza sk\u00f3r\u0119<\/p>\n<p><strong>Bioferment z rzodkwi<\/strong> | Naturalny konserwant powstaj\u0105cy w procesie fermentacji rzodkwi. Jego w\u0142a\u015bciwo\u015bci przeciwdrobnoustrojowe oparte s\u0105 na antybakteryjnych peptydach, kt\u00f3re powstaj\u0105 w procesie fermentacji. Wykazuje r\u00f3wnie\u017c dzia\u0142anie nawil\u017caj\u0105ce<\/p>\n<p><strong>Propanediol<\/strong> | wzmacniaj\u0105 nawil\u017caj\u0105ce w\u0142a\u015bciwo\u015bci \u017celu, wa\u017cne dla odpowiedniego funkcjonowania sk\u00f3ry<\/p>\n<p><strong>Ekstrakt z w\u0105krotki azjatyckiej<\/strong> | Dzia\u0142a wyg\u0142adzaj\u0105co i oczyszczaj\u0105co. \u0141agodzi stany zapalne i nawil\u017ca<\/p>\n<p><strong>Panthenol<\/strong> | Dzia\u0142a przeciwzapalnie, przyspiesza procesy regeneracji nask\u00f3rka, \u0142agodzi podra\u017cnienia<\/p>\n<div class=\"przerywnik\">_____________________________________________________________________________________________<\/div>\n<\/div>\n<div class=\"use\">\n<h2>Klucz do codziennej piel\u0119gnacji &#8211; porady dotycz\u0105ce stosowania<\/h2>\n<p><strong>Method of application: <\/strong><\/div>\n<div class=\"table_use\">\n<div class=\"container_use\">\n<div class=\"use_1\">\n<p>krok 1<\/p>\n<p>Wydozuj niewielk\u0105 ilo\u015b\u0107 \u017celu<\/p>\n<\/div>\n<div class=\"use_2\">\n<p>krok 2<\/p>\n<p>rozprowad\u017a na wilgotnej sk\u00f3rze twarzy<\/p>\n<\/div>\n<div class=\"use_3\">\n<p>krok 3<\/p>\n<p>gdy produkt si\u0119 spieni, wykonaj delikatny masa\u017c z zamkni\u0119tymi oczami,<\/p>\n<\/div>\n<div class=\"use_3\">\n<p>krok 4<\/p>\n<p>sp\u0142ucz letni\u0105 wod\u0105<\/p>\n<\/div>\n<\/div>\n<\/div>\n<div class=\"przerywnik\">_____________________________________________________________________________________________<\/div>\n<div class=\"INCI\">\n<h3>Sk\u0142ad &#8211; \u0141agodz\u0105cy \u017cel do mycia twarzy przeciw niedoskona\u0142o\u015bciom<\/h3>\n<p>Ingredients (INCI): Aqua, Decyl Glucoside, Inulin, Propanediol, Lactobacillus\/Arundinaria Gigantea Ferment Filtrate, Glycerin, Cellulose Gum, Mentha Piperita Leaf Water, Leuconostoc\/Radish Root Ferment Filtrate, Urtica Dioica Extract, Centella Asiatica Root Extract, Panthenol, Lactic Acid, Cellulose, Fructose, Glucose, Xanthan Gum, Citric Acid, Pantolactone, Tetrasodium Glutamate Diacetate, Sodium Benzoate, Potassium Sorbate, Parfum, Geraniol, Tetramethyl Acetyloctahydronaphthalenes, Limonene.<\/p><\/div>","protected":false},"excerpt":{"rendered":"<div class=\"short_ description\">\n<h2>Krok 1 \u0141agodz\u0105cy \u017cel do mycia twarzy przeciw niedoskona\u0142o\u015bciom<\/h2>\n<p>\u0141agodz\u0105cy \u017cel do mycia twarzy z prebiotykiem i sk\u0142adnikami koj\u0105cymi i regeneruj\u0105cymi to pierwszy etap piel\u0119gnacji sk\u00f3ry m\u0142odej i problematycznej w wieku 15-25 lat<\/p><\/div>\n<div>\n<div class=\"properties;\">\n<h2>ka\u017cdy typ cery<\/h2>\n<\/div>\n<p><strong>To pierwszy etap piel\u0119gnacji sk\u00f3ry m\u0142odej i problematycznej. Wyj\u0105tkowo przyjazny dla sk\u00f3ry \u017cel do mycia twarzy z nawil\u017caj\u0105cym propanediolem, prebiotykiem oraz sk\u0142adnikami koj\u0105cymi i regeneruj\u0105cymi.<\/strong><\/div>\n<div class=\"przerywnik\"><\/div>\n<div class=\"properties;\">\n<h2>Kluczowe Korzy\u015bci dla Ciebie<\/h2>\n<ul>\n<li>skutecznie oczyszcza sk\u00f3r\u0119 twarzy, nie naruszaj\u0105c jej naturalnej bariery ochronnej<\/li>\n<li>nawil\u017ca sk\u00f3r\u0119 i \u0142agodzi podra\u017cnienia<\/li>\n<li>redukuje nadmierne wydzielanie sebum, jednocze\u015bnie nie wysuszaj\u0105c sk\u00f3ry<\/li>\n<\/ul>\n<\/div>","protected":false},"featured_media":6083,"template":"","meta":{"ocean_post_layout":"","ocean_both_sidebars_style":"","ocean_both_sidebars_content_width":0,"ocean_both_sidebars_sidebars_width":0,"ocean_sidebar":"0","ocean_second_sidebar":"0","ocean_disable_margins":"enable","ocean_add_body_class":"","ocean_shortcode_before_top_bar":"","ocean_shortcode_after_top_bar":"","ocean_shortcode_before_header":"","ocean_shortcode_after_header":"","ocean_has_shortcode":"","ocean_shortcode_after_title":"","ocean_shortcode_before_footer_widgets":"","ocean_shortcode_after_footer_widgets":"","ocean_shortcode_before_footer_bottom":"","ocean_shortcode_after_footer_bottom":"","ocean_display_top_bar":"default","ocean_display_header":"default","ocean_header_style":"","ocean_center_header_left_menu":"0","ocean_custom_header_template":"0","ocean_custom_logo":0,"ocean_custom_retina_logo":0,"ocean_custom_logo_max_width":0,"ocean_custom_logo_tablet_max_width":0,"ocean_custom_logo_mobile_max_width":0,"ocean_custom_logo_max_height":0,"ocean_custom_logo_tablet_max_height":0,"ocean_custom_logo_mobile_max_height":0,"ocean_header_custom_menu":"0","ocean_menu_typo_font_family":"0","ocean_menu_typo_font_subset":"","ocean_menu_typo_font_size":0,"ocean_menu_typo_font_size_tablet":0,"ocean_menu_typo_font_size_mobile":0,"ocean_menu_typo_font_size_unit":"px","ocean_menu_typo_font_weight":"","ocean_menu_typo_font_weight_tablet":"","ocean_menu_typo_font_weight_mobile":"","ocean_menu_typo_transform":"","ocean_menu_typo_transform_tablet":"","ocean_menu_typo_transform_mobile":"","ocean_menu_typo_line_height":0,"ocean_menu_typo_line_height_tablet":0,"ocean_menu_typo_line_height_mobile":0,"ocean_menu_typo_line_height_unit":"","ocean_menu_typo_spacing":0,"ocean_menu_typo_spacing_tablet":0,"ocean_menu_typo_spacing_mobile":0,"ocean_menu_typo_spacing_unit":"","ocean_menu_link_color":"","ocean_menu_link_color_hover":"","ocean_menu_link_color_active":"","ocean_menu_link_background":"","ocean_menu_link_hover_background":"","ocean_menu_link_active_background":"","ocean_menu_social_links_bg":"","ocean_menu_social_hover_links_bg":"","ocean_menu_social_links_color":"","ocean_menu_social_hover_links_color":"","ocean_disable_title":"default","ocean_disable_heading":"default","ocean_post_title":"","ocean_post_subheading":"","ocean_post_title_style":"","ocean_post_title_background_color":"","ocean_post_title_background":0,"ocean_post_title_bg_image_position":"","ocean_post_title_bg_image_attachment":"","ocean_post_title_bg_image_repeat":"","ocean_post_title_bg_image_size":"","ocean_post_title_height":0,"ocean_post_title_bg_overlay":0.5,"ocean_post_title_bg_overlay_color":"","ocean_disable_breadcrumbs":"default","ocean_breadcrumbs_color":"","ocean_breadcrumbs_separator_color":"","ocean_breadcrumbs_links_color":"","ocean_breadcrumbs_links_hover_color":"","ocean_display_footer_widgets":"default","ocean_display_footer_bottom":"default","ocean_custom_footer_template":"0"},"product_brand":[],"product_cat":[46,81,64,75,36],"product_tag":[],"class_list":{"0":"post-6079","1":"product","2":"type-product","3":"status-publish","4":"has-post-thumbnail","6":"product_cat-demakijaz","7":"product_cat-mokosh","8":"product_cat-oferta-tygodnia","9":"product_cat-pielegnacja-dla-nastolatkow","10":"product_cat-promocje-wyprzedaze","12":"entry","13":"has-media","15":"first","16":"instock","17":"sale","18":"shipping-taxable","19":"purchasable","20":"product-type-simple","21":"has-product-nav","22":"col","23":"span_1_of_3","24":"owp-content-left","25":"owp-thumbs-layout-horizontal","26":"owp-btn-normal","27":"owp-tabs-layout-horizontal"},"_links":{"self":[{"href":"https:\/\/ecocorner.eu\/en\/wp-json\/wp\/v2\/product\/6079","targetHints":{"allow":["GET"]}}],"collection":[{"href":"https:\/\/ecocorner.eu\/en\/wp-json\/wp\/v2\/product"}],"about":[{"href":"https:\/\/ecocorner.eu\/en\/wp-json\/wp\/v2\/types\/product"}],"version-history":[{"count":1,"href":"https:\/\/ecocorner.eu\/en\/wp-json\/wp\/v2\/product\/6079\/revisions"}],"predecessor-version":[{"id":6084,"href":"https:\/\/ecocorner.eu\/en\/wp-json\/wp\/v2\/product\/6079\/revisions\/6084"}],"wp:featuredmedia":[{"embeddable":true,"href":"https:\/\/ecocorner.eu\/en\/wp-json\/wp\/v2\/media\/6083"}],"wp:attachment":[{"href":"https:\/\/ecocorner.eu\/en\/wp-json\/wp\/v2\/media?parent=6079"}],"wp:term":[{"taxonomy":"product_brand","embeddable":true,"href":"https:\/\/ecocorner.eu\/en\/wp-json\/wp\/v2\/product_brand?post=6079"},{"taxonomy":"product_cat","embeddable":true,"href":"https:\/\/ecocorner.eu\/en\/wp-json\/wp\/v2\/product_cat?post=6079"},{"taxonomy":"product_tag","embeddable":true,"href":"https:\/\/ecocorner.eu\/en\/wp-json\/wp\/v2\/product_tag?post=6079"}],"curies":[{"name":"wp","href":"https:\/\/api.w.org\/{rel}","templated":true}]}}